{"id":16199,"date":"2023-05-09T17:13:42","date_gmt":"2023-05-09T15:13:42","guid":{"rendered":"https:\/\/librairie7l.com\/?post_type=product&#038;p=16199"},"modified":"2026-04-17T00:23:58","modified_gmt":"2026-04-16T22:23:58","slug":"jardins-dhiver-une-saison-reinventee","status":"publish","type":"product","link":"https:\/\/librairie7l.com\/en\/produit\/jardins-dhiver-une-saison-reinventee\/","title":{"rendered":"JARDINS D&#8217;HIVER : UNE SAISON REINVENT\u00c9E"},"content":{"rendered":"<p>Bien au-del\u00e0 des simples effets de neige et de givre, ce livre se consacre aux jardins qui ont \u00e9t\u00e9 intentionnellement cr\u00e9\u00e9s pour \u00eatre beaux et color\u00e9s en plein coeur de l&#8217;hiver. Une utilisation judicieuse des arbres et des arbustes aux \u00e9corces et aux tiges intens\u00e9ment color\u00e9es, mais aussi des plantes aux feuillages persistants et de celles qui fleurissent au coeur de la mauvaise saison, permettent de transformer le jardin en une f\u00e9erie de couleurs lumineuses et de fragrances subtiles.<br \/>\nDurant 8 ans, C\u00e9dric Pollet a parcouru la France et l&#8217;Angleterre \u00e0 la recherche des plus beaux jardins d&#8217;hiver. Voici 20 jardins d&#8217;exception et les compositions les plus r\u00e9ussies qu&#8217;il a d\u00e9couverts : autant d&#8217;id\u00e9es s\u00e9duisantes qui inciteront les jardiniers \u00e0 \u00ab peindre \u00bb leur jardin et \u00e0 r\u00e9inventer cette saison hivernale si souvent d\u00e9laiss\u00e9e. De nombreuses photos montrent \u00e9galement ces m\u00eames r\u00e9alisations \u00e0 d&#8217;autres saisons, car les jardins d&#8217;hiver les plus r\u00e9ussis sont aussi beaux toute l&#8217;ann\u00e9e. La derni\u00e8re partie du livre est consacr\u00e9e \u00e0 la palette de plantes incontournables pour r\u00e9aliser ce type de jardin, et donne des informations in\u00e9dites et compl\u00e8tes sur les \u00e9corces et les tiges color\u00e9es, qui feront de ce livre la r\u00e9f\u00e9rence sur le sujet.<\/p>\n","protected":false},"excerpt":{"rendered":"<p>Bien au-del\u00e0 des simples effets de neige et de givre, ce livre se consacre aux jardins qui ont \u00e9t\u00e9 intentionnellement cr\u00e9\u00e9s pour \u00eatre beaux et color\u00e9s en plein coeur de l&#8217;hiver. Une utilisation judicieuse des arbres et des arbustes aux \u00e9corces et aux tiges intens\u00e9ment color\u00e9es, mais aussi des plantes aux feuillages persistants et de [&hellip;]<\/p>\n","protected":false},"featured_media":16197,"template":"","meta":[],"product_cat":[55,2948,2956,23],"product_tag":[],"acf":[],"yoast_head":"<!-- This site is optimized with the Yoast SEO plugin v20.11 - https:\/\/yoast.com\/wordpress\/plugins\/seo\/ -->\n<title>JARDINS D&#039;HIVER : UNE SAISON REINVENT\u00c9E - Librairie 7L<\/title>\n<meta name=\"robots\" content=\"index, follow, max-snippet:-1, max-image-preview:large, max-video-preview:-1\" \/>\n<link rel=\"canonical\" href=\"https:\/\/librairie7l.com\/en\/produit\/jardins-dhiver-une-saison-reinventee\/\" \/>\n<meta property=\"og:locale\" content=\"en_US\" \/>\n<meta property=\"og:type\" content=\"article\" \/>\n<meta property=\"og:title\" content=\"JARDINS D&#039;HIVER : UNE SAISON REINVENT\u00c9E - Librairie 7L\" \/>\n<meta property=\"og:description\" content=\"Bien au-del\u00e0 des simples effets de neige et de givre, ce livre se consacre aux jardins qui ont \u00e9t\u00e9 intentionnellement cr\u00e9\u00e9s pour \u00eatre beaux et color\u00e9s en plein coeur de l&#8217;hiver. Une utilisation judicieuse des arbres et des arbustes aux \u00e9corces et aux tiges intens\u00e9ment color\u00e9es, mais aussi des plantes aux feuillages persistants et de [&hellip;]\" \/>\n<meta property=\"og:url\" content=\"https:\/\/librairie7l.com\/en\/produit\/jardins-dhiver-une-saison-reinventee\/\" \/>\n<meta property=\"og:site_name\" content=\"Librairie 7L\" \/>\n<meta property=\"article:modified_time\" content=\"2026-04-16T22:23:58+00:00\" \/>\n<meta property=\"og:image\" content=\"https:\/\/librairie7l.com\/wp-content\/uploads\/2022\/10\/9782379222726_1_75.jpg\" \/>\n\t<meta property=\"og:image:width\" content=\"600\" \/>\n\t<meta property=\"og:image:height\" content=\"781\" \/>\n\t<meta property=\"og:image:type\" content=\"image\/jpeg\" \/>\n<meta name=\"twitter:card\" content=\"summary_large_image\" \/>\n<meta name=\"twitter:label1\" content=\"Est. reading time\" \/>\n\t<meta name=\"twitter:data1\" content=\"1 minute\" \/>\n<script type=\"application\/ld+json\" class=\"yoast-schema-graph\">{\"@context\":\"https:\/\/schema.org\",\"@graph\":[{\"@type\":\"WebPage\",\"@id\":\"https:\/\/librairie7l.com\/en\/produit\/jardins-dhiver-une-saison-reinventee\/\",\"url\":\"https:\/\/librairie7l.com\/en\/produit\/jardins-dhiver-une-saison-reinventee\/\",\"name\":\"JARDINS D'HIVER : UNE SAISON REINVENT\u00c9E - Librairie 7L\",\"isPartOf\":{\"@id\":\"https:\/\/librairie7l.com\/en\/#website\"},\"datePublished\":\"2023-05-09T15:13:42+00:00\",\"dateModified\":\"2026-04-16T22:23:58+00:00\",\"breadcrumb\":{\"@id\":\"https:\/\/librairie7l.com\/en\/produit\/jardins-dhiver-une-saison-reinventee\/#breadcrumb\"},\"inLanguage\":\"en-US\",\"potentialAction\":[{\"@type\":\"ReadAction\",\"target\":[\"https:\/\/librairie7l.com\/en\/produit\/jardins-dhiver-une-saison-reinventee\/\"]}]},{\"@type\":\"BreadcrumbList\",\"@id\":\"https:\/\/librairie7l.com\/en\/produit\/jardins-dhiver-une-saison-reinventee\/#breadcrumb\",\"itemListElement\":[{\"@type\":\"ListItem\",\"position\":1,\"name\":\"Accueil\",\"item\":\"https:\/\/librairie7l.com\/en\/\"},{\"@type\":\"ListItem\",\"position\":2,\"name\":\"Shop\",\"item\":\"https:\/\/librairie7l.com\/en\/shop\/\"},{\"@type\":\"ListItem\",\"position\":3,\"name\":\"JARDINS D&#8217;HIVER : UNE SAISON REINVENT\u00c9E\"}]},{\"@type\":\"WebSite\",\"@id\":\"https:\/\/librairie7l.com\/en\/#website\",\"url\":\"https:\/\/librairie7l.com\/en\/\",\"name\":\"Librairie 7L\",\"description\":\"Librairie fond\u00e9e en 1999 par Karl Lagerfeld \u00e0 Paris\",\"publisher\":{\"@id\":\"https:\/\/librairie7l.com\/en\/#organization\"},\"potentialAction\":[{\"@type\":\"SearchAction\",\"target\":{\"@type\":\"EntryPoint\",\"urlTemplate\":\"https:\/\/librairie7l.com\/en\/?s={search_term_string}\"},\"query-input\":\"required name=search_term_string\"}],\"inLanguage\":\"en-US\"},{\"@type\":\"Organization\",\"@id\":\"https:\/\/librairie7l.com\/en\/#organization\",\"name\":\"Librairie 7L\",\"url\":\"https:\/\/librairie7l.com\/en\/\",\"logo\":{\"@type\":\"ImageObject\",\"inLanguage\":\"en-US\",\"@id\":\"https:\/\/librairie7l.com\/en\/#\/schema\/logo\/image\/\",\"url\":\"https:\/\/librairie7l.com\/wp-content\/uploads\/2022\/08\/logo-1.png\",\"contentUrl\":\"https:\/\/librairie7l.com\/wp-content\/uploads\/2022\/08\/logo-1.png\",\"width\":227,\"height\":301,\"caption\":\"Librairie 7L\"},\"image\":{\"@id\":\"https:\/\/librairie7l.com\/en\/#\/schema\/logo\/image\/\"}}]}<\/script>\n<!-- \/ Yoast SEO plugin. -->","yoast_head_json":{"title":"JARDINS D'HIVER : UNE SAISON REINVENT\u00c9E - Librairie 7L","robots":{"index":"index","follow":"follow","max-snippet":"max-snippet:-1","max-image-preview":"max-image-preview:large","max-video-preview":"max-video-preview:-1"},"canonical":"https:\/\/librairie7l.com\/en\/produit\/jardins-dhiver-une-saison-reinventee\/","og_locale":"en_US","og_type":"article","og_title":"JARDINS D'HIVER : UNE SAISON REINVENT\u00c9E - Librairie 7L","og_description":"Bien au-del\u00e0 des simples effets de neige et de givre, ce livre se consacre aux jardins qui ont \u00e9t\u00e9 intentionnellement cr\u00e9\u00e9s pour \u00eatre beaux et color\u00e9s en plein coeur de l&#8217;hiver. Une utilisation judicieuse des arbres et des arbustes aux \u00e9corces et aux tiges intens\u00e9ment color\u00e9es, mais aussi des plantes aux feuillages persistants et de [&hellip;]","og_url":"https:\/\/librairie7l.com\/en\/produit\/jardins-dhiver-une-saison-reinventee\/","og_site_name":"Librairie 7L","article_modified_time":"2026-04-16T22:23:58+00:00","og_image":[{"width":600,"height":781,"url":"https:\/\/librairie7l.com\/wp-content\/uploads\/2022\/10\/9782379222726_1_75.jpg","type":"image\/jpeg"}],"twitter_card":"summary_large_image","twitter_misc":{"Est. reading time":"1 minute"},"schema":{"@context":"https:\/\/schema.org","@graph":[{"@type":"WebPage","@id":"https:\/\/librairie7l.com\/en\/produit\/jardins-dhiver-une-saison-reinventee\/","url":"https:\/\/librairie7l.com\/en\/produit\/jardins-dhiver-une-saison-reinventee\/","name":"JARDINS D'HIVER : UNE SAISON REINVENT\u00c9E - Librairie 7L","isPartOf":{"@id":"https:\/\/librairie7l.com\/en\/#website"},"datePublished":"2023-05-09T15:13:42+00:00","dateModified":"2026-04-16T22:23:58+00:00","breadcrumb":{"@id":"https:\/\/librairie7l.com\/en\/produit\/jardins-dhiver-une-saison-reinventee\/#breadcrumb"},"inLanguage":"en-US","potentialAction":[{"@type":"ReadAction","target":["https:\/\/librairie7l.com\/en\/produit\/jardins-dhiver-une-saison-reinventee\/"]}]},{"@type":"BreadcrumbList","@id":"https:\/\/librairie7l.com\/en\/produit\/jardins-dhiver-une-saison-reinventee\/#breadcrumb","itemListElement":[{"@type":"ListItem","position":1,"name":"Accueil","item":"https:\/\/librairie7l.com\/en\/"},{"@type":"ListItem","position":2,"name":"Shop","item":"https:\/\/librairie7l.com\/en\/shop\/"},{"@type":"ListItem","position":3,"name":"JARDINS D&#8217;HIVER : UNE SAISON REINVENT\u00c9E"}]},{"@type":"WebSite","@id":"https:\/\/librairie7l.com\/en\/#website","url":"https:\/\/librairie7l.com\/en\/","name":"Librairie 7L","description":"Librairie fond\u00e9e en 1999 par Karl Lagerfeld \u00e0 Paris","publisher":{"@id":"https:\/\/librairie7l.com\/en\/#organization"},"potentialAction":[{"@type":"SearchAction","target":{"@type":"EntryPoint","urlTemplate":"https:\/\/librairie7l.com\/en\/?s={search_term_string}"},"query-input":"required name=search_term_string"}],"inLanguage":"en-US"},{"@type":"Organization","@id":"https:\/\/librairie7l.com\/en\/#organization","name":"Librairie 7L","url":"https:\/\/librairie7l.com\/en\/","logo":{"@type":"ImageObject","inLanguage":"en-US","@id":"https:\/\/librairie7l.com\/en\/#\/schema\/logo\/image\/","url":"https:\/\/librairie7l.com\/wp-content\/uploads\/2022\/08\/logo-1.png","contentUrl":"https:\/\/librairie7l.com\/wp-content\/uploads\/2022\/08\/logo-1.png","width":227,"height":301,"caption":"Librairie 7L"},"image":{"@id":"https:\/\/librairie7l.com\/en\/#\/schema\/logo\/image\/"}}]}},"_links":{"self":[{"href":"https:\/\/librairie7l.com\/en\/wp-json\/wp\/v2\/product\/16199"}],"collection":[{"href":"https:\/\/librairie7l.com\/en\/wp-json\/wp\/v2\/product"}],"about":[{"href":"https:\/\/librairie7l.com\/en\/wp-json\/wp\/v2\/types\/product"}],"wp:featuredmedia":[{"embeddable":true,"href":"https:\/\/librairie7l.com\/en\/wp-json\/wp\/v2\/media\/16197"}],"wp:attachment":[{"href":"https:\/\/librairie7l.com\/en\/wp-json\/wp\/v2\/media?parent=16199"}],"wp:term":[{"taxonomy":"product_cat","embeddable":true,"href":"https:\/\/librairie7l.com\/en\/wp-json\/wp\/v2\/product_cat?post=16199"},{"taxonomy":"product_tag","embeddable":true,"href":"https:\/\/librairie7l.com\/en\/wp-json\/wp\/v2\/product_tag?post=16199"}],"curies":[{"name":"wp","href":"https:\/\/api.w.org\/{rel}","templated":true}]}}