{"id":16211,"date":"2023-05-09T17:13:53","date_gmt":"2023-05-09T15:13:53","guid":{"rendered":"https:\/\/librairie7l.com\/?post_type=product&#038;p=16211"},"modified":"2026-04-26T15:56:39","modified_gmt":"2026-04-26T13:56:39","slug":"le-detail-qui-tue-petit-precis-de-style-de-marcel-proust-a-rihanna","status":"publish","type":"product","link":"https:\/\/librairie7l.com\/en\/produit\/le-detail-qui-tue-petit-precis-de-style-de-marcel-proust-a-rihanna\/","title":{"rendered":"LE D\u00c9TAIL QUI TUE : PETIT PR\u00c9CIS DE STYLE, DE MARCEL PROUST \u00c0 RIHANNA"},"content":{"rendered":"<p>SOPHIA LOREN &#8211; PAUL BOWLES &#8211; FRANK SINATRA &#8211; AMELIA EARHART &#8211; MARGUERITE DURAS &#8211; THELONIOUS MONK &#8211; MARIANNE FAITHFULL &#8211; WILLY DeVILLE &#8211; JACKIE ONASSIS &#8211; KAREN BLIXEN &#8211; GRETA GARBO &#8211; MARVIN GAYE &#8211; CAROLE LOMBARD ET CLARK GABLE &#8211; WOODY GUTHRIE &#8211; LAUREN BACALL &#8211; THE KILLS &#8211; C. ISHERWOOD ET W. H. AUDEN &#8211; MILES DAVIS &#8211; BRIAN JONES &#8211; LOUISE BOURGEOIS &#8211; CURZIO MALAPARTE &#8211; AMY WINEHOUSE &#8211; CARY GRANT &#8211; JAMES BROWN &#8211; GRAM PARSONS &#8211; RIHANNA &#8211; MARLENE DIETRICH &#8211; LEONARD COHEN &#8211; MICHAEL CAINE &#8211; THE WHO &#8211; JIMI HENDRIX &#8211; DAVID CROSBY ET GRACE SLICK &#8211; MARTIN ET KINGSLEY AMIS &#8211; JEAN COCTEAU &#8211; BRYAN FERRY &#8211; JOHNNY ROTTEN &#8211; DIANA ROSS &#8211; JULIE CHRISTIE &#8211; JEANNE MOREAU &#8211; BIANCA JAGGER &#8211; DOLLY PARTON &#8211; YAYOI KUSAMA &#8211; GRACE JONES &#8211; STEVE McQUEEN &#8211; BILLIE EILISH &#8211; DANI ET ZOUZOU &#8211; CHLO\u00cb SEVIGNY &#8211; ELVIS PRESLEY &#8211; JANE RUSSELL &#8211; BRUCE SPRINGSTEEN &#8211; CARDI B &#8211; GABRIELE D&#8217;ANNUNZIO &#8211; FRANCIS SCOTT FITZGERALD &#8211; BOB DYLAN &#8211; PATTI SMITH &#8211; GRACE KELLY &#8211; ALAIN DELON &#8211; SIGOURNEY WEAVER &#8211; ANA\u00cfS NIN &#8211; WILLIE NELSON &#8211; FRED ASTAIRE &#8211; CHARLIE PARKER &#8211; JACK LONDON &#8211; CHET BAKER &#8211; SACHA GUITRY &#8211; SIMONE DE BEAUVOIR &#8211; YUKIO MISHIMA &#8211; JOHN UPDIKE &#8211; MEL GIBSON &#8211; JANE FONDA &#8211; MARLON BRANDO &#8211; JAMES DEAN &#8211; PABLO PICASSO &#8211; DEBBIE HARRY &#8211; DENISE HO &#8211; CHRISTOPHE &#8211; ANDY WARHOL &#8211; ALBERT CAMUS &#8211; IRIS APFEL &#8211; PETER FONDA &#8211; ANDR\u00c9 BRETON &#8211; FRIDA KAHLO &#8211; NANCY CUNARD &#8211; MARCEL PROUST &#8211; CARSON McCULLERS &#8211; PETER DOHERTY &#8211; MADONNA &#8211; PHARRELL WILLIAMS &#8211; FRAN\u00c7OISE DORL\u00c9AC &#8211; NENEH CHERRY &#8211; RAYMOND ROUSSEL &#8211; JIM MORRISON &#8211; JANE BIRKIN &#8211; KANYE WEST &#8211; GEORGIA O&#8217;KEEFFE &#8211; AUDREY HEPBURN &#8211; JOAN CRAWFORD &#8211; DAVID BOWIE &#8211; ANNEMARIE SCHWARZENBACH &#8211; JEAN-PAUL GOUDE &#8211; JOANNE WOODWARD ET PAUL NEWMAN &#8211; NEIL YOUNG &#8211; KATE MOSS &#8211; FRAN\u00c7OISE HARDY &#8211; JIM HARRISON &#8211; AVA GARDNER &#8211; FRANCOISE SAGAN ET ANNABEL SCHWOB &#8211; JAMES JOYCE &#8211; BALTHUS &#8211; KIRK DOUGLAS &#8211; ANGELINA JOLIE &#8211; TILDA SWINTON &#8211; RITA HAYWORTH &#8211; PJ HARVEY &#8211; MARILYN MONROE &#8211; JACK KEROUAC &#8211; PRINCE &#8211; ELIZABETH TAYLOR &#8211; URSULA ANDRESS &#8211; CHARLOTTE RAMPLING &#8211; ROMY SCHNEIDER &#8211; FAYE DUNAWAY &#8211; WILLIAM FAULKNER &#8211; THE BEATLES &#8211; TERENCE STAMP &#8211; LEE MARVIN &#8211; CHARLOTTE GAINSBOURG &#8211; SALVADOR DAL\u00cd &#8211; JACQUES PR\u00c9VERT &#8211; FOUJITA &#8211; JAMES TAYLOR &#8211; INGRID BERGMAN &#8211; ANDR\u00c9 GIDE ET JEAN-PAUL SARTRE &#8211; LEONARDO DiCAPRIO &#8211; BRIGITTE BARDOT &#8211; JAYNE MANSFIELD &#8211; KATHARINE HEPBURN &#8211; JACK LEMMON &#8211; ANTHONY PERKINS &#8211; ERROL FLYNN &#8211; WES ANDERSON &#8211; EDWARD NORTON &#8211; G. B. SHAW &#8211; JACQUES DUTRONC &#8211; DAVE DAVIES &#8211; RAM\u00d3N NOVARRO ET ROBERT MONTGOMERY &#8211; DENNIS HOPPER.<\/p>\n","protected":false},"excerpt":{"rendered":"<p>SOPHIA LOREN &#8211; PAUL BOWLES &#8211; FRANK SINATRA &#8211; AMELIA EARHART &#8211; MARGUERITE DURAS &#8211; THELONIOUS MONK &#8211; MARIANNE FAITHFULL &#8211; WILLY DeVILLE &#8211; JACKIE ONASSIS &#8211; KAREN BLIXEN &#8211; GRETA GARBO &#8211; MARVIN GAYE &#8211; CAROLE LOMBARD ET CLARK GABLE &#8211; WOODY GUTHRIE &#8211; LAUREN BACALL &#8211; THE KILLS &#8211; C. ISHERWOOD ET W. [&hellip;]<\/p>\n","protected":false},"featured_media":16209,"template":"","meta":[],"product_cat":[55,2948,2957,19],"product_tag":[],"acf":[],"yoast_head":"<!-- This site is optimized with the Yoast SEO plugin v20.11 - https:\/\/yoast.com\/wordpress\/plugins\/seo\/ -->\n<title>LE D\u00c9TAIL QUI TUE : PETIT PR\u00c9CIS DE STYLE, DE MARCEL PROUST \u00c0 RIHANNA - Librairie 7L<\/title>\n<meta name=\"robots\" content=\"index, follow, max-snippet:-1, max-image-preview:large, max-video-preview:-1\" \/>\n<link rel=\"canonical\" href=\"https:\/\/librairie7l.com\/en\/produit\/le-detail-qui-tue-petit-precis-de-style-de-marcel-proust-a-rihanna\/\" \/>\n<meta property=\"og:locale\" content=\"en_US\" \/>\n<meta property=\"og:type\" content=\"article\" \/>\n<meta property=\"og:title\" content=\"LE D\u00c9TAIL QUI TUE : PETIT PR\u00c9CIS DE STYLE, DE MARCEL PROUST \u00c0 RIHANNA - Librairie 7L\" \/>\n<meta property=\"og:description\" content=\"SOPHIA LOREN &#8211; PAUL BOWLES &#8211; FRANK SINATRA &#8211; AMELIA EARHART &#8211; MARGUERITE DURAS &#8211; THELONIOUS MONK &#8211; MARIANNE FAITHFULL &#8211; WILLY DeVILLE &#8211; JACKIE ONASSIS &#8211; KAREN BLIXEN &#8211; GRETA GARBO &#8211; MARVIN GAYE &#8211; CAROLE LOMBARD ET CLARK GABLE &#8211; WOODY GUTHRIE &#8211; LAUREN BACALL &#8211; THE KILLS &#8211; C. ISHERWOOD ET W. [&hellip;]\" \/>\n<meta property=\"og:url\" content=\"https:\/\/librairie7l.com\/en\/produit\/le-detail-qui-tue-petit-precis-de-style-de-marcel-proust-a-rihanna\/\" \/>\n<meta property=\"og:site_name\" content=\"Librairie 7L\" \/>\n<meta property=\"article:modified_time\" content=\"2026-04-26T13:56:39+00:00\" \/>\n<meta property=\"og:image\" content=\"https:\/\/librairie7l.com\/wp-content\/uploads\/2022\/10\/9782080280916_1_75.jpg\" \/>\n\t<meta property=\"og:image:width\" content=\"600\" \/>\n\t<meta property=\"og:image:height\" content=\"806\" \/>\n\t<meta property=\"og:image:type\" content=\"image\/jpeg\" \/>\n<meta name=\"twitter:card\" content=\"summary_large_image\" \/>\n<meta name=\"twitter:label1\" content=\"Est. reading time\" \/>\n\t<meta name=\"twitter:data1\" content=\"2 minutes\" \/>\n<script type=\"application\/ld+json\" class=\"yoast-schema-graph\">{\"@context\":\"https:\/\/schema.org\",\"@graph\":[{\"@type\":\"WebPage\",\"@id\":\"https:\/\/librairie7l.com\/en\/produit\/le-detail-qui-tue-petit-precis-de-style-de-marcel-proust-a-rihanna\/\",\"url\":\"https:\/\/librairie7l.com\/en\/produit\/le-detail-qui-tue-petit-precis-de-style-de-marcel-proust-a-rihanna\/\",\"name\":\"LE D\u00c9TAIL QUI TUE : PETIT PR\u00c9CIS DE STYLE, DE MARCEL PROUST \u00c0 RIHANNA - Librairie 7L\",\"isPartOf\":{\"@id\":\"https:\/\/librairie7l.com\/en\/#website\"},\"datePublished\":\"2023-05-09T15:13:53+00:00\",\"dateModified\":\"2026-04-26T13:56:39+00:00\",\"breadcrumb\":{\"@id\":\"https:\/\/librairie7l.com\/en\/produit\/le-detail-qui-tue-petit-precis-de-style-de-marcel-proust-a-rihanna\/#breadcrumb\"},\"inLanguage\":\"en-US\",\"potentialAction\":[{\"@type\":\"ReadAction\",\"target\":[\"https:\/\/librairie7l.com\/en\/produit\/le-detail-qui-tue-petit-precis-de-style-de-marcel-proust-a-rihanna\/\"]}]},{\"@type\":\"BreadcrumbList\",\"@id\":\"https:\/\/librairie7l.com\/en\/produit\/le-detail-qui-tue-petit-precis-de-style-de-marcel-proust-a-rihanna\/#breadcrumb\",\"itemListElement\":[{\"@type\":\"ListItem\",\"position\":1,\"name\":\"Accueil\",\"item\":\"https:\/\/librairie7l.com\/en\/\"},{\"@type\":\"ListItem\",\"position\":2,\"name\":\"Shop\",\"item\":\"https:\/\/librairie7l.com\/en\/shop\/\"},{\"@type\":\"ListItem\",\"position\":3,\"name\":\"LE D\u00c9TAIL QUI TUE : PETIT PR\u00c9CIS DE STYLE, DE MARCEL PROUST \u00c0 RIHANNA\"}]},{\"@type\":\"WebSite\",\"@id\":\"https:\/\/librairie7l.com\/en\/#website\",\"url\":\"https:\/\/librairie7l.com\/en\/\",\"name\":\"Librairie 7L\",\"description\":\"Librairie fond\u00e9e en 1999 par Karl Lagerfeld \u00e0 Paris\",\"publisher\":{\"@id\":\"https:\/\/librairie7l.com\/en\/#organization\"},\"potentialAction\":[{\"@type\":\"SearchAction\",\"target\":{\"@type\":\"EntryPoint\",\"urlTemplate\":\"https:\/\/librairie7l.com\/en\/?s={search_term_string}\"},\"query-input\":\"required name=search_term_string\"}],\"inLanguage\":\"en-US\"},{\"@type\":\"Organization\",\"@id\":\"https:\/\/librairie7l.com\/en\/#organization\",\"name\":\"Librairie 7L\",\"url\":\"https:\/\/librairie7l.com\/en\/\",\"logo\":{\"@type\":\"ImageObject\",\"inLanguage\":\"en-US\",\"@id\":\"https:\/\/librairie7l.com\/en\/#\/schema\/logo\/image\/\",\"url\":\"https:\/\/librairie7l.com\/wp-content\/uploads\/2022\/08\/logo-1.png\",\"contentUrl\":\"https:\/\/librairie7l.com\/wp-content\/uploads\/2022\/08\/logo-1.png\",\"width\":227,\"height\":301,\"caption\":\"Librairie 7L\"},\"image\":{\"@id\":\"https:\/\/librairie7l.com\/en\/#\/schema\/logo\/image\/\"}}]}<\/script>\n<!-- \/ Yoast SEO plugin. -->","yoast_head_json":{"title":"LE D\u00c9TAIL QUI TUE : PETIT PR\u00c9CIS DE STYLE, DE MARCEL PROUST \u00c0 RIHANNA - Librairie 7L","robots":{"index":"index","follow":"follow","max-snippet":"max-snippet:-1","max-image-preview":"max-image-preview:large","max-video-preview":"max-video-preview:-1"},"canonical":"https:\/\/librairie7l.com\/en\/produit\/le-detail-qui-tue-petit-precis-de-style-de-marcel-proust-a-rihanna\/","og_locale":"en_US","og_type":"article","og_title":"LE D\u00c9TAIL QUI TUE : PETIT PR\u00c9CIS DE STYLE, DE MARCEL PROUST \u00c0 RIHANNA - Librairie 7L","og_description":"SOPHIA LOREN &#8211; PAUL BOWLES &#8211; FRANK SINATRA &#8211; AMELIA EARHART &#8211; MARGUERITE DURAS &#8211; THELONIOUS MONK &#8211; MARIANNE FAITHFULL &#8211; WILLY DeVILLE &#8211; JACKIE ONASSIS &#8211; KAREN BLIXEN &#8211; GRETA GARBO &#8211; MARVIN GAYE &#8211; CAROLE LOMBARD ET CLARK GABLE &#8211; WOODY GUTHRIE &#8211; LAUREN BACALL &#8211; THE KILLS &#8211; C. ISHERWOOD ET W. [&hellip;]","og_url":"https:\/\/librairie7l.com\/en\/produit\/le-detail-qui-tue-petit-precis-de-style-de-marcel-proust-a-rihanna\/","og_site_name":"Librairie 7L","article_modified_time":"2026-04-26T13:56:39+00:00","og_image":[{"width":600,"height":806,"url":"https:\/\/librairie7l.com\/wp-content\/uploads\/2022\/10\/9782080280916_1_75.jpg","type":"image\/jpeg"}],"twitter_card":"summary_large_image","twitter_misc":{"Est. reading time":"2 minutes"},"schema":{"@context":"https:\/\/schema.org","@graph":[{"@type":"WebPage","@id":"https:\/\/librairie7l.com\/en\/produit\/le-detail-qui-tue-petit-precis-de-style-de-marcel-proust-a-rihanna\/","url":"https:\/\/librairie7l.com\/en\/produit\/le-detail-qui-tue-petit-precis-de-style-de-marcel-proust-a-rihanna\/","name":"LE D\u00c9TAIL QUI TUE : PETIT PR\u00c9CIS DE STYLE, DE MARCEL PROUST \u00c0 RIHANNA - Librairie 7L","isPartOf":{"@id":"https:\/\/librairie7l.com\/en\/#website"},"datePublished":"2023-05-09T15:13:53+00:00","dateModified":"2026-04-26T13:56:39+00:00","breadcrumb":{"@id":"https:\/\/librairie7l.com\/en\/produit\/le-detail-qui-tue-petit-precis-de-style-de-marcel-proust-a-rihanna\/#breadcrumb"},"inLanguage":"en-US","potentialAction":[{"@type":"ReadAction","target":["https:\/\/librairie7l.com\/en\/produit\/le-detail-qui-tue-petit-precis-de-style-de-marcel-proust-a-rihanna\/"]}]},{"@type":"BreadcrumbList","@id":"https:\/\/librairie7l.com\/en\/produit\/le-detail-qui-tue-petit-precis-de-style-de-marcel-proust-a-rihanna\/#breadcrumb","itemListElement":[{"@type":"ListItem","position":1,"name":"Accueil","item":"https:\/\/librairie7l.com\/en\/"},{"@type":"ListItem","position":2,"name":"Shop","item":"https:\/\/librairie7l.com\/en\/shop\/"},{"@type":"ListItem","position":3,"name":"LE D\u00c9TAIL QUI TUE : PETIT PR\u00c9CIS DE STYLE, DE MARCEL PROUST \u00c0 RIHANNA"}]},{"@type":"WebSite","@id":"https:\/\/librairie7l.com\/en\/#website","url":"https:\/\/librairie7l.com\/en\/","name":"Librairie 7L","description":"Librairie fond\u00e9e en 1999 par Karl Lagerfeld \u00e0 Paris","publisher":{"@id":"https:\/\/librairie7l.com\/en\/#organization"},"potentialAction":[{"@type":"SearchAction","target":{"@type":"EntryPoint","urlTemplate":"https:\/\/librairie7l.com\/en\/?s={search_term_string}"},"query-input":"required name=search_term_string"}],"inLanguage":"en-US"},{"@type":"Organization","@id":"https:\/\/librairie7l.com\/en\/#organization","name":"Librairie 7L","url":"https:\/\/librairie7l.com\/en\/","logo":{"@type":"ImageObject","inLanguage":"en-US","@id":"https:\/\/librairie7l.com\/en\/#\/schema\/logo\/image\/","url":"https:\/\/librairie7l.com\/wp-content\/uploads\/2022\/08\/logo-1.png","contentUrl":"https:\/\/librairie7l.com\/wp-content\/uploads\/2022\/08\/logo-1.png","width":227,"height":301,"caption":"Librairie 7L"},"image":{"@id":"https:\/\/librairie7l.com\/en\/#\/schema\/logo\/image\/"}}]}},"_links":{"self":[{"href":"https:\/\/librairie7l.com\/en\/wp-json\/wp\/v2\/product\/16211"}],"collection":[{"href":"https:\/\/librairie7l.com\/en\/wp-json\/wp\/v2\/product"}],"about":[{"href":"https:\/\/librairie7l.com\/en\/wp-json\/wp\/v2\/types\/product"}],"wp:featuredmedia":[{"embeddable":true,"href":"https:\/\/librairie7l.com\/en\/wp-json\/wp\/v2\/media\/16209"}],"wp:attachment":[{"href":"https:\/\/librairie7l.com\/en\/wp-json\/wp\/v2\/media?parent=16211"}],"wp:term":[{"taxonomy":"product_cat","embeddable":true,"href":"https:\/\/librairie7l.com\/en\/wp-json\/wp\/v2\/product_cat?post=16211"},{"taxonomy":"product_tag","embeddable":true,"href":"https:\/\/librairie7l.com\/en\/wp-json\/wp\/v2\/product_tag?post=16211"}],"curies":[{"name":"wp","href":"https:\/\/api.w.org\/{rel}","templated":true}]}}