{"id":16215,"date":"2023-05-09T17:13:56","date_gmt":"2023-05-09T15:13:56","guid":{"rendered":"https:\/\/librairie7l.com\/?post_type=product&#038;p=16215"},"modified":"2026-04-18T12:04:00","modified_gmt":"2026-04-18T10:04:00","slug":"newton-riviera","status":"publish","type":"product","link":"https:\/\/librairie7l.com\/en\/produit\/newton-riviera\/","title":{"rendered":"NEWTON : RIVIERA"},"content":{"rendered":"<p>\u00ab J&#8217;aime le soleil ; il n&#8217;y en a plus \u00e0 Paris \u00bb, aurait d\u00e9clar\u00e9 Helmut Newton \u00e0 l&#8217;officier mon\u00e9gasque en charge d&#8217;instruire son dossier. Nous sommes en 1981, et c&#8217;est sur un trait d&#8217;humour que le photographe d&#8217;origine allemande arrive \u00e0 Monte-Carlo, apr\u00e8s vingt ans pass\u00e9s \u00e0 Paris.<br \/>\nSon installation \u00e0 Monaco n&#8217;a rien d&#8217;une retraite. Cette p\u00e9riode est m\u00eame une des plus prolifiques et, sans conteste, la plus libre de sa carri\u00e8re. Il s&#8217;essaye ainsi au paysage et d\u00e9veloppe une de ses s\u00e9ries les plus personnelles, \u00ab Yellow Press \u00bb, images \u00e9tranges, d&#8217;un glamour inqui\u00e9tant, inspir\u00e9es de sc\u00e8nes de crimes.<br \/>\nNaturellement, Monaco offre \u00e0 Newton un cadre original \u00e0 ses photographies de mode. C&#8217;est l\u00e0 aussi qu&#8217;il r\u00e9alise de tr\u00e8s nombreux portraits de beautiful people. Ils ont pour noms David Bowie, Michael Cimino, Isabelle Huppert, Paloma Picasso, Robert Evans, etc. Il portraiture \u00e9galement les danseurs des Ballets de Monte-Carlo et la famille princi\u00e8re, notamment la princesse Caroline dont il est proche.<br \/>\nL&#8217;exposition \u00ab Newton, Riviera \u00bb laisse appara\u00eetre, d&#8217;image en image, un Newton solaire portant un regard \u00e0 la fois ironique et fascin\u00e9 sur un mode de vie \u00e9l\u00e9gant et facile, un monde d&#8217;apparences et de faux-semblants, dont il \u00e9tait \u00e0 la fois l&#8217;acteur et le t\u00e9moin privil\u00e9gi\u00e9.<\/p>\n","protected":false},"excerpt":{"rendered":"<p>\u00ab J&#8217;aime le soleil ; il n&#8217;y en a plus \u00e0 Paris \u00bb, aurait d\u00e9clar\u00e9 Helmut Newton \u00e0 l&#8217;officier mon\u00e9gasque en charge d&#8217;instruire son dossier. Nous sommes en 1981, et c&#8217;est sur un trait d&#8217;humour que le photographe d&#8217;origine allemande arrive \u00e0 Monte-Carlo, apr\u00e8s vingt ans pass\u00e9s \u00e0 Paris. Son installation \u00e0 Monaco n&#8217;a rien [&hellip;]<\/p>\n","protected":false},"featured_media":16213,"template":"","meta":[],"product_cat":[55,2948,2958,17],"product_tag":[],"acf":[],"yoast_head":"<!-- This site is optimized with the Yoast SEO plugin v20.11 - https:\/\/yoast.com\/wordpress\/plugins\/seo\/ -->\n<title>NEWTON : RIVIERA - Librairie 7L<\/title>\n<meta name=\"robots\" content=\"index, follow, max-snippet:-1, max-image-preview:large, max-video-preview:-1\" \/>\n<link rel=\"canonical\" href=\"https:\/\/librairie7l.com\/en\/produit\/newton-riviera\/\" \/>\n<meta property=\"og:locale\" content=\"en_US\" \/>\n<meta property=\"og:type\" content=\"article\" \/>\n<meta property=\"og:title\" content=\"NEWTON : RIVIERA - Librairie 7L\" \/>\n<meta property=\"og:description\" content=\"\u00ab J&#8217;aime le soleil ; il n&#8217;y en a plus \u00e0 Paris \u00bb, aurait d\u00e9clar\u00e9 Helmut Newton \u00e0 l&#8217;officier mon\u00e9gasque en charge d&#8217;instruire son dossier. Nous sommes en 1981, et c&#8217;est sur un trait d&#8217;humour que le photographe d&#8217;origine allemande arrive \u00e0 Monte-Carlo, apr\u00e8s vingt ans pass\u00e9s \u00e0 Paris. Son installation \u00e0 Monaco n&#8217;a rien [&hellip;]\" \/>\n<meta property=\"og:url\" content=\"https:\/\/librairie7l.com\/en\/produit\/newton-riviera\/\" \/>\n<meta property=\"og:site_name\" content=\"Librairie 7L\" \/>\n<meta property=\"article:modified_time\" content=\"2026-04-18T10:04:00+00:00\" \/>\n<meta property=\"og:image\" content=\"https:\/\/librairie7l.com\/wp-content\/uploads\/2022\/06\/9782072988264_1_75.jpg\" \/>\n\t<meta property=\"og:image:width\" content=\"600\" \/>\n\t<meta property=\"og:image:height\" content=\"748\" \/>\n\t<meta property=\"og:image:type\" content=\"image\/jpeg\" \/>\n<meta name=\"twitter:card\" content=\"summary_large_image\" \/>\n<meta name=\"twitter:label1\" content=\"Est. reading time\" \/>\n\t<meta name=\"twitter:data1\" content=\"1 minute\" \/>\n<script type=\"application\/ld+json\" class=\"yoast-schema-graph\">{\"@context\":\"https:\/\/schema.org\",\"@graph\":[{\"@type\":\"WebPage\",\"@id\":\"https:\/\/librairie7l.com\/en\/produit\/newton-riviera\/\",\"url\":\"https:\/\/librairie7l.com\/en\/produit\/newton-riviera\/\",\"name\":\"NEWTON : RIVIERA - Librairie 7L\",\"isPartOf\":{\"@id\":\"https:\/\/librairie7l.com\/en\/#website\"},\"datePublished\":\"2023-05-09T15:13:56+00:00\",\"dateModified\":\"2026-04-18T10:04:00+00:00\",\"breadcrumb\":{\"@id\":\"https:\/\/librairie7l.com\/en\/produit\/newton-riviera\/#breadcrumb\"},\"inLanguage\":\"en-US\",\"potentialAction\":[{\"@type\":\"ReadAction\",\"target\":[\"https:\/\/librairie7l.com\/en\/produit\/newton-riviera\/\"]}]},{\"@type\":\"BreadcrumbList\",\"@id\":\"https:\/\/librairie7l.com\/en\/produit\/newton-riviera\/#breadcrumb\",\"itemListElement\":[{\"@type\":\"ListItem\",\"position\":1,\"name\":\"Accueil\",\"item\":\"https:\/\/librairie7l.com\/en\/\"},{\"@type\":\"ListItem\",\"position\":2,\"name\":\"Shop\",\"item\":\"https:\/\/librairie7l.com\/en\/shop\/\"},{\"@type\":\"ListItem\",\"position\":3,\"name\":\"NEWTON : RIVIERA\"}]},{\"@type\":\"WebSite\",\"@id\":\"https:\/\/librairie7l.com\/en\/#website\",\"url\":\"https:\/\/librairie7l.com\/en\/\",\"name\":\"Librairie 7L\",\"description\":\"Librairie fond\u00e9e en 1999 par Karl Lagerfeld \u00e0 Paris\",\"publisher\":{\"@id\":\"https:\/\/librairie7l.com\/en\/#organization\"},\"potentialAction\":[{\"@type\":\"SearchAction\",\"target\":{\"@type\":\"EntryPoint\",\"urlTemplate\":\"https:\/\/librairie7l.com\/en\/?s={search_term_string}\"},\"query-input\":\"required name=search_term_string\"}],\"inLanguage\":\"en-US\"},{\"@type\":\"Organization\",\"@id\":\"https:\/\/librairie7l.com\/en\/#organization\",\"name\":\"Librairie 7L\",\"url\":\"https:\/\/librairie7l.com\/en\/\",\"logo\":{\"@type\":\"ImageObject\",\"inLanguage\":\"en-US\",\"@id\":\"https:\/\/librairie7l.com\/en\/#\/schema\/logo\/image\/\",\"url\":\"https:\/\/librairie7l.com\/wp-content\/uploads\/2022\/08\/logo-1.png\",\"contentUrl\":\"https:\/\/librairie7l.com\/wp-content\/uploads\/2022\/08\/logo-1.png\",\"width\":227,\"height\":301,\"caption\":\"Librairie 7L\"},\"image\":{\"@id\":\"https:\/\/librairie7l.com\/en\/#\/schema\/logo\/image\/\"}}]}<\/script>\n<!-- \/ Yoast SEO plugin. -->","yoast_head_json":{"title":"NEWTON : RIVIERA - Librairie 7L","robots":{"index":"index","follow":"follow","max-snippet":"max-snippet:-1","max-image-preview":"max-image-preview:large","max-video-preview":"max-video-preview:-1"},"canonical":"https:\/\/librairie7l.com\/en\/produit\/newton-riviera\/","og_locale":"en_US","og_type":"article","og_title":"NEWTON : RIVIERA - Librairie 7L","og_description":"\u00ab J&#8217;aime le soleil ; il n&#8217;y en a plus \u00e0 Paris \u00bb, aurait d\u00e9clar\u00e9 Helmut Newton \u00e0 l&#8217;officier mon\u00e9gasque en charge d&#8217;instruire son dossier. Nous sommes en 1981, et c&#8217;est sur un trait d&#8217;humour que le photographe d&#8217;origine allemande arrive \u00e0 Monte-Carlo, apr\u00e8s vingt ans pass\u00e9s \u00e0 Paris. Son installation \u00e0 Monaco n&#8217;a rien [&hellip;]","og_url":"https:\/\/librairie7l.com\/en\/produit\/newton-riviera\/","og_site_name":"Librairie 7L","article_modified_time":"2026-04-18T10:04:00+00:00","og_image":[{"width":600,"height":748,"url":"https:\/\/librairie7l.com\/wp-content\/uploads\/2022\/06\/9782072988264_1_75.jpg","type":"image\/jpeg"}],"twitter_card":"summary_large_image","twitter_misc":{"Est. reading time":"1 minute"},"schema":{"@context":"https:\/\/schema.org","@graph":[{"@type":"WebPage","@id":"https:\/\/librairie7l.com\/en\/produit\/newton-riviera\/","url":"https:\/\/librairie7l.com\/en\/produit\/newton-riviera\/","name":"NEWTON : RIVIERA - Librairie 7L","isPartOf":{"@id":"https:\/\/librairie7l.com\/en\/#website"},"datePublished":"2023-05-09T15:13:56+00:00","dateModified":"2026-04-18T10:04:00+00:00","breadcrumb":{"@id":"https:\/\/librairie7l.com\/en\/produit\/newton-riviera\/#breadcrumb"},"inLanguage":"en-US","potentialAction":[{"@type":"ReadAction","target":["https:\/\/librairie7l.com\/en\/produit\/newton-riviera\/"]}]},{"@type":"BreadcrumbList","@id":"https:\/\/librairie7l.com\/en\/produit\/newton-riviera\/#breadcrumb","itemListElement":[{"@type":"ListItem","position":1,"name":"Accueil","item":"https:\/\/librairie7l.com\/en\/"},{"@type":"ListItem","position":2,"name":"Shop","item":"https:\/\/librairie7l.com\/en\/shop\/"},{"@type":"ListItem","position":3,"name":"NEWTON : RIVIERA"}]},{"@type":"WebSite","@id":"https:\/\/librairie7l.com\/en\/#website","url":"https:\/\/librairie7l.com\/en\/","name":"Librairie 7L","description":"Librairie fond\u00e9e en 1999 par Karl Lagerfeld \u00e0 Paris","publisher":{"@id":"https:\/\/librairie7l.com\/en\/#organization"},"potentialAction":[{"@type":"SearchAction","target":{"@type":"EntryPoint","urlTemplate":"https:\/\/librairie7l.com\/en\/?s={search_term_string}"},"query-input":"required name=search_term_string"}],"inLanguage":"en-US"},{"@type":"Organization","@id":"https:\/\/librairie7l.com\/en\/#organization","name":"Librairie 7L","url":"https:\/\/librairie7l.com\/en\/","logo":{"@type":"ImageObject","inLanguage":"en-US","@id":"https:\/\/librairie7l.com\/en\/#\/schema\/logo\/image\/","url":"https:\/\/librairie7l.com\/wp-content\/uploads\/2022\/08\/logo-1.png","contentUrl":"https:\/\/librairie7l.com\/wp-content\/uploads\/2022\/08\/logo-1.png","width":227,"height":301,"caption":"Librairie 7L"},"image":{"@id":"https:\/\/librairie7l.com\/en\/#\/schema\/logo\/image\/"}}]}},"_links":{"self":[{"href":"https:\/\/librairie7l.com\/en\/wp-json\/wp\/v2\/product\/16215"}],"collection":[{"href":"https:\/\/librairie7l.com\/en\/wp-json\/wp\/v2\/product"}],"about":[{"href":"https:\/\/librairie7l.com\/en\/wp-json\/wp\/v2\/types\/product"}],"wp:featuredmedia":[{"embeddable":true,"href":"https:\/\/librairie7l.com\/en\/wp-json\/wp\/v2\/media\/16213"}],"wp:attachment":[{"href":"https:\/\/librairie7l.com\/en\/wp-json\/wp\/v2\/media?parent=16215"}],"wp:term":[{"taxonomy":"product_cat","embeddable":true,"href":"https:\/\/librairie7l.com\/en\/wp-json\/wp\/v2\/product_cat?post=16215"},{"taxonomy":"product_tag","embeddable":true,"href":"https:\/\/librairie7l.com\/en\/wp-json\/wp\/v2\/product_tag?post=16215"}],"curies":[{"name":"wp","href":"https:\/\/api.w.org\/{rel}","templated":true}]}}