{"id":16227,"date":"2023-05-09T17:14:06","date_gmt":"2023-05-09T15:14:06","guid":{"rendered":"https:\/\/librairie7l.com\/?post_type=product&#038;p=16227"},"modified":"2026-05-12T03:09:42","modified_gmt":"2026-05-12T01:09:42","slug":"icones-de-lart-moderne-la-collection-morozov","status":"publish","type":"product","link":"https:\/\/librairie7l.com\/en\/produit\/icones-de-lart-moderne-la-collection-morozov\/","title":{"rendered":"IC\u00d4NES DE L&#8217;ART MODERNE, LA COLLECTION MOROZOV"},"content":{"rendered":"<p>Apr\u00e8s le grand succ\u00e8s succ\u00e8s de l&#8217;exposition \u00ab\u00a0Ic\u00f4nes de l&#8217;art moderne. La collection Chtchoukine\u00a0\u00bb le Fondation Louis Vuitton pr\u00e9sente du 24 f\u00e9vrier au 25 juillet 2021 \u00ab\u00a0Ic\u00f4nes de l&#8217;art moderne. La collection Morozov\u00a0\u00bb. Les fr\u00e8res Mikha\u00efl et Ivan Morozov, hommes d&#8217;affaire moscovites, ont constitu\u00e9 une collection extraordinaire d&#8217;oeuvres d&#8217;art moderne d&#8217;artistes tels Picasso, Matisse, Gauguin, Van Gogh, C\u00e9zanne, Bonnard, Denis, Degas, ainsi que d&#8217;artistes russes (Vroubel, Chagall, Malevitch, Repine, Larionov, Serov&#8230;) Nationalis\u00e9e lors de la r\u00e9volution de 1917, la collection fut distribu\u00e9e, apr\u00e8s la Seconde Guerre mondiale, entre le mus\u00e9e de l&#8217;Ermitage (\u00e0 Saint-P\u00e9tersbourg), le Mus\u00e9e des beaux- arts Pouchkine et la galerie Tretiakov (\u00e0 Moscou). C&#8217;est gr\u00e2ce \u00e0 la collaboration remarquable de ces mus\u00e9es russes que la Fondation Louis Vuitton pr\u00e9sentera ces oeuvres. Il s&#8217;agit d&#8217;un \u00e9v\u00e9nement artistique exceptionnel puisque jamais cet ensemble d&#8217;oeuvres n&#8217;a \u00e9t\u00e9 pr\u00e9sent\u00e9 hors de Russie. Un dispositif sp\u00e9cial d&#8217;accueil du public sera mis en place dans la stricte application des\u00a0recommandations\u00a0sanitaires du gouvernement a?n de garantir la s\u00e9curit\u00e9 et la meilleure protection des visiteurs.<\/p>\n","protected":false},"excerpt":{"rendered":"<p>Apr\u00e8s le grand succ\u00e8s succ\u00e8s de l&#8217;exposition \u00ab\u00a0Ic\u00f4nes de l&#8217;art moderne. La collection Chtchoukine\u00a0\u00bb le Fondation Louis Vuitton pr\u00e9sente du 24 f\u00e9vrier au 25 juillet 2021 \u00ab\u00a0Ic\u00f4nes de l&#8217;art moderne. La collection Morozov\u00a0\u00bb. Les fr\u00e8res Mikha\u00efl et Ivan Morozov, hommes d&#8217;affaire moscovites, ont constitu\u00e9 une collection extraordinaire d&#8217;oeuvres d&#8217;art moderne d&#8217;artistes tels Picasso, Matisse, Gauguin, [&hellip;]<\/p>\n","protected":false},"featured_media":16225,"template":"","meta":[],"product_cat":[55,2948,47,2953],"product_tag":[],"acf":[],"yoast_head":"<!-- This site is optimized with the Yoast SEO plugin v20.11 - https:\/\/yoast.com\/wordpress\/plugins\/seo\/ -->\n<title>IC\u00d4NES DE L&#039;ART MODERNE, LA COLLECTION MOROZOV - Librairie 7L<\/title>\n<meta name=\"robots\" content=\"index, follow, max-snippet:-1, max-image-preview:large, max-video-preview:-1\" \/>\n<link rel=\"canonical\" href=\"https:\/\/librairie7l.com\/en\/produit\/icones-de-lart-moderne-la-collection-morozov\/\" \/>\n<meta property=\"og:locale\" content=\"en_US\" \/>\n<meta property=\"og:type\" content=\"article\" \/>\n<meta property=\"og:title\" content=\"IC\u00d4NES DE L&#039;ART MODERNE, LA COLLECTION MOROZOV - Librairie 7L\" \/>\n<meta property=\"og:description\" content=\"Apr\u00e8s le grand succ\u00e8s succ\u00e8s de l&#8217;exposition \u00ab\u00a0Ic\u00f4nes de l&#8217;art moderne. La collection Chtchoukine\u00a0\u00bb le Fondation Louis Vuitton pr\u00e9sente du 24 f\u00e9vrier au 25 juillet 2021 \u00ab\u00a0Ic\u00f4nes de l&#8217;art moderne. La collection Morozov\u00a0\u00bb. Les fr\u00e8res Mikha\u00efl et Ivan Morozov, hommes d&#8217;affaire moscovites, ont constitu\u00e9 une collection extraordinaire d&#8217;oeuvres d&#8217;art moderne d&#8217;artistes tels Picasso, Matisse, Gauguin, [&hellip;]\" \/>\n<meta property=\"og:url\" content=\"https:\/\/librairie7l.com\/en\/produit\/icones-de-lart-moderne-la-collection-morozov\/\" \/>\n<meta property=\"og:site_name\" content=\"Librairie 7L\" \/>\n<meta property=\"article:modified_time\" content=\"2026-05-12T01:09:42+00:00\" \/>\n<meta property=\"og:image\" content=\"https:\/\/librairie7l.com\/wp-content\/uploads\/2021\/09\/9782072904585_1_75.jpg\" \/>\n\t<meta property=\"og:image:width\" content=\"632\" \/>\n\t<meta property=\"og:image:height\" content=\"600\" \/>\n\t<meta property=\"og:image:type\" content=\"image\/jpeg\" \/>\n<meta name=\"twitter:card\" content=\"summary_large_image\" \/>\n<meta name=\"twitter:label1\" content=\"Est. reading time\" \/>\n\t<meta name=\"twitter:data1\" content=\"1 minute\" \/>\n<script type=\"application\/ld+json\" class=\"yoast-schema-graph\">{\"@context\":\"https:\/\/schema.org\",\"@graph\":[{\"@type\":\"WebPage\",\"@id\":\"https:\/\/librairie7l.com\/en\/produit\/icones-de-lart-moderne-la-collection-morozov\/\",\"url\":\"https:\/\/librairie7l.com\/en\/produit\/icones-de-lart-moderne-la-collection-morozov\/\",\"name\":\"IC\u00d4NES DE L'ART MODERNE, LA COLLECTION MOROZOV - Librairie 7L\",\"isPartOf\":{\"@id\":\"https:\/\/librairie7l.com\/en\/#website\"},\"datePublished\":\"2023-05-09T15:14:06+00:00\",\"dateModified\":\"2026-05-12T01:09:42+00:00\",\"breadcrumb\":{\"@id\":\"https:\/\/librairie7l.com\/en\/produit\/icones-de-lart-moderne-la-collection-morozov\/#breadcrumb\"},\"inLanguage\":\"en-US\",\"potentialAction\":[{\"@type\":\"ReadAction\",\"target\":[\"https:\/\/librairie7l.com\/en\/produit\/icones-de-lart-moderne-la-collection-morozov\/\"]}]},{\"@type\":\"BreadcrumbList\",\"@id\":\"https:\/\/librairie7l.com\/en\/produit\/icones-de-lart-moderne-la-collection-morozov\/#breadcrumb\",\"itemListElement\":[{\"@type\":\"ListItem\",\"position\":1,\"name\":\"Accueil\",\"item\":\"https:\/\/librairie7l.com\/en\/\"},{\"@type\":\"ListItem\",\"position\":2,\"name\":\"Shop\",\"item\":\"https:\/\/librairie7l.com\/en\/shop\/\"},{\"@type\":\"ListItem\",\"position\":3,\"name\":\"IC\u00d4NES DE L&#8217;ART MODERNE, LA COLLECTION MOROZOV\"}]},{\"@type\":\"WebSite\",\"@id\":\"https:\/\/librairie7l.com\/en\/#website\",\"url\":\"https:\/\/librairie7l.com\/en\/\",\"name\":\"Librairie 7L\",\"description\":\"Librairie fond\u00e9e en 1999 par Karl Lagerfeld \u00e0 Paris\",\"publisher\":{\"@id\":\"https:\/\/librairie7l.com\/en\/#organization\"},\"potentialAction\":[{\"@type\":\"SearchAction\",\"target\":{\"@type\":\"EntryPoint\",\"urlTemplate\":\"https:\/\/librairie7l.com\/en\/?s={search_term_string}\"},\"query-input\":\"required name=search_term_string\"}],\"inLanguage\":\"en-US\"},{\"@type\":\"Organization\",\"@id\":\"https:\/\/librairie7l.com\/en\/#organization\",\"name\":\"Librairie 7L\",\"url\":\"https:\/\/librairie7l.com\/en\/\",\"logo\":{\"@type\":\"ImageObject\",\"inLanguage\":\"en-US\",\"@id\":\"https:\/\/librairie7l.com\/en\/#\/schema\/logo\/image\/\",\"url\":\"https:\/\/librairie7l.com\/wp-content\/uploads\/2022\/08\/logo-1.png\",\"contentUrl\":\"https:\/\/librairie7l.com\/wp-content\/uploads\/2022\/08\/logo-1.png\",\"width\":227,\"height\":301,\"caption\":\"Librairie 7L\"},\"image\":{\"@id\":\"https:\/\/librairie7l.com\/en\/#\/schema\/logo\/image\/\"}}]}<\/script>\n<!-- \/ Yoast SEO plugin. -->","yoast_head_json":{"title":"IC\u00d4NES DE L'ART MODERNE, LA COLLECTION MOROZOV - Librairie 7L","robots":{"index":"index","follow":"follow","max-snippet":"max-snippet:-1","max-image-preview":"max-image-preview:large","max-video-preview":"max-video-preview:-1"},"canonical":"https:\/\/librairie7l.com\/en\/produit\/icones-de-lart-moderne-la-collection-morozov\/","og_locale":"en_US","og_type":"article","og_title":"IC\u00d4NES DE L'ART MODERNE, LA COLLECTION MOROZOV - Librairie 7L","og_description":"Apr\u00e8s le grand succ\u00e8s succ\u00e8s de l&#8217;exposition \u00ab\u00a0Ic\u00f4nes de l&#8217;art moderne. La collection Chtchoukine\u00a0\u00bb le Fondation Louis Vuitton pr\u00e9sente du 24 f\u00e9vrier au 25 juillet 2021 \u00ab\u00a0Ic\u00f4nes de l&#8217;art moderne. La collection Morozov\u00a0\u00bb. Les fr\u00e8res Mikha\u00efl et Ivan Morozov, hommes d&#8217;affaire moscovites, ont constitu\u00e9 une collection extraordinaire d&#8217;oeuvres d&#8217;art moderne d&#8217;artistes tels Picasso, Matisse, Gauguin, [&hellip;]","og_url":"https:\/\/librairie7l.com\/en\/produit\/icones-de-lart-moderne-la-collection-morozov\/","og_site_name":"Librairie 7L","article_modified_time":"2026-05-12T01:09:42+00:00","og_image":[{"width":632,"height":600,"url":"https:\/\/librairie7l.com\/wp-content\/uploads\/2021\/09\/9782072904585_1_75.jpg","type":"image\/jpeg"}],"twitter_card":"summary_large_image","twitter_misc":{"Est. reading time":"1 minute"},"schema":{"@context":"https:\/\/schema.org","@graph":[{"@type":"WebPage","@id":"https:\/\/librairie7l.com\/en\/produit\/icones-de-lart-moderne-la-collection-morozov\/","url":"https:\/\/librairie7l.com\/en\/produit\/icones-de-lart-moderne-la-collection-morozov\/","name":"IC\u00d4NES DE L'ART MODERNE, LA COLLECTION MOROZOV - Librairie 7L","isPartOf":{"@id":"https:\/\/librairie7l.com\/en\/#website"},"datePublished":"2023-05-09T15:14:06+00:00","dateModified":"2026-05-12T01:09:42+00:00","breadcrumb":{"@id":"https:\/\/librairie7l.com\/en\/produit\/icones-de-lart-moderne-la-collection-morozov\/#breadcrumb"},"inLanguage":"en-US","potentialAction":[{"@type":"ReadAction","target":["https:\/\/librairie7l.com\/en\/produit\/icones-de-lart-moderne-la-collection-morozov\/"]}]},{"@type":"BreadcrumbList","@id":"https:\/\/librairie7l.com\/en\/produit\/icones-de-lart-moderne-la-collection-morozov\/#breadcrumb","itemListElement":[{"@type":"ListItem","position":1,"name":"Accueil","item":"https:\/\/librairie7l.com\/en\/"},{"@type":"ListItem","position":2,"name":"Shop","item":"https:\/\/librairie7l.com\/en\/shop\/"},{"@type":"ListItem","position":3,"name":"IC\u00d4NES DE L&#8217;ART MODERNE, LA COLLECTION MOROZOV"}]},{"@type":"WebSite","@id":"https:\/\/librairie7l.com\/en\/#website","url":"https:\/\/librairie7l.com\/en\/","name":"Librairie 7L","description":"Librairie fond\u00e9e en 1999 par Karl Lagerfeld \u00e0 Paris","publisher":{"@id":"https:\/\/librairie7l.com\/en\/#organization"},"potentialAction":[{"@type":"SearchAction","target":{"@type":"EntryPoint","urlTemplate":"https:\/\/librairie7l.com\/en\/?s={search_term_string}"},"query-input":"required name=search_term_string"}],"inLanguage":"en-US"},{"@type":"Organization","@id":"https:\/\/librairie7l.com\/en\/#organization","name":"Librairie 7L","url":"https:\/\/librairie7l.com\/en\/","logo":{"@type":"ImageObject","inLanguage":"en-US","@id":"https:\/\/librairie7l.com\/en\/#\/schema\/logo\/image\/","url":"https:\/\/librairie7l.com\/wp-content\/uploads\/2022\/08\/logo-1.png","contentUrl":"https:\/\/librairie7l.com\/wp-content\/uploads\/2022\/08\/logo-1.png","width":227,"height":301,"caption":"Librairie 7L"},"image":{"@id":"https:\/\/librairie7l.com\/en\/#\/schema\/logo\/image\/"}}]}},"_links":{"self":[{"href":"https:\/\/librairie7l.com\/en\/wp-json\/wp\/v2\/product\/16227"}],"collection":[{"href":"https:\/\/librairie7l.com\/en\/wp-json\/wp\/v2\/product"}],"about":[{"href":"https:\/\/librairie7l.com\/en\/wp-json\/wp\/v2\/types\/product"}],"wp:featuredmedia":[{"embeddable":true,"href":"https:\/\/librairie7l.com\/en\/wp-json\/wp\/v2\/media\/16225"}],"wp:attachment":[{"href":"https:\/\/librairie7l.com\/en\/wp-json\/wp\/v2\/media?parent=16227"}],"wp:term":[{"taxonomy":"product_cat","embeddable":true,"href":"https:\/\/librairie7l.com\/en\/wp-json\/wp\/v2\/product_cat?post=16227"},{"taxonomy":"product_tag","embeddable":true,"href":"https:\/\/librairie7l.com\/en\/wp-json\/wp\/v2\/product_tag?post=16227"}],"curies":[{"name":"wp","href":"https:\/\/api.w.org\/{rel}","templated":true}]}}