{"id":16251,"date":"2023-05-09T17:14:27","date_gmt":"2023-05-09T15:14:27","guid":{"rendered":"https:\/\/librairie7l.com\/?post_type=product&#038;p=16251"},"modified":"2026-04-19T13:11:20","modified_gmt":"2026-04-19T11:11:20","slug":"les-demoiselles-davignon-la-revolution-picasso","status":"publish","type":"product","link":"https:\/\/librairie7l.com\/en\/produit\/les-demoiselles-davignon-la-revolution-picasso\/","title":{"rendered":"LES DEMOISELLES D&#8217;AVIGNON : LA R\u00c9VOLUTION PICASSO"},"content":{"rendered":"<p>&#8211; 2023 ann\u00e9e Picasso, des expositions \u00e0 travers le monde entier.<br \/>\n&#8211; Une analyse de son tableau le plus r\u00e9volutionnaire qui changea le cours de la peinture au XXe si\u00e8cle.<\/p>\n<p>Lorsqu&#8217;il songe aux Demoiselles d&#8217;Avignon, Picasso est d\u00e9j\u00e0 \u00e0 Paris depuis plusieurs ann\u00e9es. Il fr\u00e9quente Max Jacob, Andr\u00e9 Salmon, Guillaume Apollinaire, conna\u00eet une histoire d&#8217;amour avec Fernande Olivier. L&#8217;\u00e9poque est aux fauves et \u00e0 la d\u00e9couverte des arts qu&#8217;on appelait alors \u00ab n\u00e8gres \u00bb. Apr\u00e8s plusieurs mois de recherche, Picasso s&#8217;oriente vers une composition de nus f\u00e9minins de grande dimension. Le tableau est une r\u00e9volution :  \u00ab mon premier tableau d&#8217;exorcisme \u00bb dira plus tard Picasso \u00e0 Andr\u00e9 Malraux. Ses amis sont r\u00e9serv\u00e9s sur son nouveau style qui anticipe le cubisme et cette nouvelle approche de la maison close. Il faudra plusieurs ann\u00e9es avant que le tableau soit accept\u00e9 par un large public. Il est expos\u00e9 en 1916 au Salon d&#8217;Antin. Puis Jacques Doucet l&#8217;acquiert, sur les conseils d&#8217;Andr\u00e9 Breton, avant que le tableau ne traverse l&#8217;Atlantique pour entrer dans les collections du MoMA (1937), qui le conserve depuis. La carri\u00e8re publique du tableau peut commencer et na\u00eetre la l\u00e9gende de Picasso.<\/p>\n<p>Cet essai retrace l&#8217;histoire du plus c\u00e9l\u00e8bre tableau de Picasso, des arcanes de sa conception aux interpr\u00e9tations contemporaines. On admet g\u00e9n\u00e9ralement que Les Demoiselles d&#8217;Avignon ont chang\u00e9 le cours de la peinture au XXe si\u00e8cle.<\/p>\n","protected":false},"excerpt":{"rendered":"<p>&#8211; 2023 ann\u00e9e Picasso, des expositions \u00e0 travers le monde entier. &#8211; Une analyse de son tableau le plus r\u00e9volutionnaire qui changea le cours de la peinture au XXe si\u00e8cle. Lorsqu&#8217;il songe aux Demoiselles d&#8217;Avignon, Picasso est d\u00e9j\u00e0 \u00e0 Paris depuis plusieurs ann\u00e9es. Il fr\u00e9quente Max Jacob, Andr\u00e9 Salmon, Guillaume Apollinaire, conna\u00eet une histoire d&#8217;amour [&hellip;]<\/p>\n","protected":false},"featured_media":16249,"template":"","meta":[],"product_cat":[55,2948,47,2953],"product_tag":[],"acf":[],"yoast_head":"<!-- This site is optimized with the Yoast SEO plugin v20.11 - https:\/\/yoast.com\/wordpress\/plugins\/seo\/ -->\n<title>LES DEMOISELLES D&#039;AVIGNON : LA R\u00c9VOLUTION PICASSO - Librairie 7L<\/title>\n<meta name=\"robots\" content=\"index, follow, max-snippet:-1, max-image-preview:large, max-video-preview:-1\" \/>\n<link rel=\"canonical\" href=\"https:\/\/librairie7l.com\/en\/produit\/les-demoiselles-davignon-la-revolution-picasso\/\" \/>\n<meta property=\"og:locale\" content=\"en_US\" \/>\n<meta property=\"og:type\" content=\"article\" \/>\n<meta property=\"og:title\" content=\"LES DEMOISELLES D&#039;AVIGNON : LA R\u00c9VOLUTION PICASSO - Librairie 7L\" \/>\n<meta property=\"og:description\" content=\"&#8211; 2023 ann\u00e9e Picasso, des expositions \u00e0 travers le monde entier. &#8211; Une analyse de son tableau le plus r\u00e9volutionnaire qui changea le cours de la peinture au XXe si\u00e8cle. Lorsqu&#8217;il songe aux Demoiselles d&#8217;Avignon, Picasso est d\u00e9j\u00e0 \u00e0 Paris depuis plusieurs ann\u00e9es. Il fr\u00e9quente Max Jacob, Andr\u00e9 Salmon, Guillaume Apollinaire, conna\u00eet une histoire d&#8217;amour [&hellip;]\" \/>\n<meta property=\"og:url\" content=\"https:\/\/librairie7l.com\/en\/produit\/les-demoiselles-davignon-la-revolution-picasso\/\" \/>\n<meta property=\"og:site_name\" content=\"Librairie 7L\" \/>\n<meta property=\"article:modified_time\" content=\"2026-04-19T11:11:20+00:00\" \/>\n<meta property=\"og:image\" content=\"https:\/\/librairie7l.com\/wp-content\/uploads\/2023\/03\/9782841007462_1_75.jpg\" \/>\n\t<meta property=\"og:image:width\" content=\"400\" \/>\n\t<meta property=\"og:image:height\" content=\"648\" \/>\n\t<meta property=\"og:image:type\" content=\"image\/jpeg\" \/>\n<meta name=\"twitter:card\" content=\"summary_large_image\" \/>\n<meta name=\"twitter:label1\" content=\"Est. reading time\" \/>\n\t<meta name=\"twitter:data1\" content=\"1 minute\" \/>\n<script type=\"application\/ld+json\" class=\"yoast-schema-graph\">{\"@context\":\"https:\/\/schema.org\",\"@graph\":[{\"@type\":\"WebPage\",\"@id\":\"https:\/\/librairie7l.com\/en\/produit\/les-demoiselles-davignon-la-revolution-picasso\/\",\"url\":\"https:\/\/librairie7l.com\/en\/produit\/les-demoiselles-davignon-la-revolution-picasso\/\",\"name\":\"LES DEMOISELLES D'AVIGNON : LA R\u00c9VOLUTION PICASSO - Librairie 7L\",\"isPartOf\":{\"@id\":\"https:\/\/librairie7l.com\/en\/#website\"},\"datePublished\":\"2023-05-09T15:14:27+00:00\",\"dateModified\":\"2026-04-19T11:11:20+00:00\",\"breadcrumb\":{\"@id\":\"https:\/\/librairie7l.com\/en\/produit\/les-demoiselles-davignon-la-revolution-picasso\/#breadcrumb\"},\"inLanguage\":\"en-US\",\"potentialAction\":[{\"@type\":\"ReadAction\",\"target\":[\"https:\/\/librairie7l.com\/en\/produit\/les-demoiselles-davignon-la-revolution-picasso\/\"]}]},{\"@type\":\"BreadcrumbList\",\"@id\":\"https:\/\/librairie7l.com\/en\/produit\/les-demoiselles-davignon-la-revolution-picasso\/#breadcrumb\",\"itemListElement\":[{\"@type\":\"ListItem\",\"position\":1,\"name\":\"Accueil\",\"item\":\"https:\/\/librairie7l.com\/en\/\"},{\"@type\":\"ListItem\",\"position\":2,\"name\":\"Shop\",\"item\":\"https:\/\/librairie7l.com\/en\/shop\/\"},{\"@type\":\"ListItem\",\"position\":3,\"name\":\"LES DEMOISELLES D&#8217;AVIGNON : LA R\u00c9VOLUTION PICASSO\"}]},{\"@type\":\"WebSite\",\"@id\":\"https:\/\/librairie7l.com\/en\/#website\",\"url\":\"https:\/\/librairie7l.com\/en\/\",\"name\":\"Librairie 7L\",\"description\":\"Librairie fond\u00e9e en 1999 par Karl Lagerfeld \u00e0 Paris\",\"publisher\":{\"@id\":\"https:\/\/librairie7l.com\/en\/#organization\"},\"potentialAction\":[{\"@type\":\"SearchAction\",\"target\":{\"@type\":\"EntryPoint\",\"urlTemplate\":\"https:\/\/librairie7l.com\/en\/?s={search_term_string}\"},\"query-input\":\"required name=search_term_string\"}],\"inLanguage\":\"en-US\"},{\"@type\":\"Organization\",\"@id\":\"https:\/\/librairie7l.com\/en\/#organization\",\"name\":\"Librairie 7L\",\"url\":\"https:\/\/librairie7l.com\/en\/\",\"logo\":{\"@type\":\"ImageObject\",\"inLanguage\":\"en-US\",\"@id\":\"https:\/\/librairie7l.com\/en\/#\/schema\/logo\/image\/\",\"url\":\"https:\/\/librairie7l.com\/wp-content\/uploads\/2022\/08\/logo-1.png\",\"contentUrl\":\"https:\/\/librairie7l.com\/wp-content\/uploads\/2022\/08\/logo-1.png\",\"width\":227,\"height\":301,\"caption\":\"Librairie 7L\"},\"image\":{\"@id\":\"https:\/\/librairie7l.com\/en\/#\/schema\/logo\/image\/\"}}]}<\/script>\n<!-- \/ Yoast SEO plugin. -->","yoast_head_json":{"title":"LES DEMOISELLES D'AVIGNON : LA R\u00c9VOLUTION PICASSO - Librairie 7L","robots":{"index":"index","follow":"follow","max-snippet":"max-snippet:-1","max-image-preview":"max-image-preview:large","max-video-preview":"max-video-preview:-1"},"canonical":"https:\/\/librairie7l.com\/en\/produit\/les-demoiselles-davignon-la-revolution-picasso\/","og_locale":"en_US","og_type":"article","og_title":"LES DEMOISELLES D'AVIGNON : LA R\u00c9VOLUTION PICASSO - Librairie 7L","og_description":"&#8211; 2023 ann\u00e9e Picasso, des expositions \u00e0 travers le monde entier. &#8211; Une analyse de son tableau le plus r\u00e9volutionnaire qui changea le cours de la peinture au XXe si\u00e8cle. Lorsqu&#8217;il songe aux Demoiselles d&#8217;Avignon, Picasso est d\u00e9j\u00e0 \u00e0 Paris depuis plusieurs ann\u00e9es. Il fr\u00e9quente Max Jacob, Andr\u00e9 Salmon, Guillaume Apollinaire, conna\u00eet une histoire d&#8217;amour [&hellip;]","og_url":"https:\/\/librairie7l.com\/en\/produit\/les-demoiselles-davignon-la-revolution-picasso\/","og_site_name":"Librairie 7L","article_modified_time":"2026-04-19T11:11:20+00:00","og_image":[{"width":400,"height":648,"url":"https:\/\/librairie7l.com\/wp-content\/uploads\/2023\/03\/9782841007462_1_75.jpg","type":"image\/jpeg"}],"twitter_card":"summary_large_image","twitter_misc":{"Est. reading time":"1 minute"},"schema":{"@context":"https:\/\/schema.org","@graph":[{"@type":"WebPage","@id":"https:\/\/librairie7l.com\/en\/produit\/les-demoiselles-davignon-la-revolution-picasso\/","url":"https:\/\/librairie7l.com\/en\/produit\/les-demoiselles-davignon-la-revolution-picasso\/","name":"LES DEMOISELLES D'AVIGNON : LA R\u00c9VOLUTION PICASSO - Librairie 7L","isPartOf":{"@id":"https:\/\/librairie7l.com\/en\/#website"},"datePublished":"2023-05-09T15:14:27+00:00","dateModified":"2026-04-19T11:11:20+00:00","breadcrumb":{"@id":"https:\/\/librairie7l.com\/en\/produit\/les-demoiselles-davignon-la-revolution-picasso\/#breadcrumb"},"inLanguage":"en-US","potentialAction":[{"@type":"ReadAction","target":["https:\/\/librairie7l.com\/en\/produit\/les-demoiselles-davignon-la-revolution-picasso\/"]}]},{"@type":"BreadcrumbList","@id":"https:\/\/librairie7l.com\/en\/produit\/les-demoiselles-davignon-la-revolution-picasso\/#breadcrumb","itemListElement":[{"@type":"ListItem","position":1,"name":"Accueil","item":"https:\/\/librairie7l.com\/en\/"},{"@type":"ListItem","position":2,"name":"Shop","item":"https:\/\/librairie7l.com\/en\/shop\/"},{"@type":"ListItem","position":3,"name":"LES DEMOISELLES D&#8217;AVIGNON : LA R\u00c9VOLUTION PICASSO"}]},{"@type":"WebSite","@id":"https:\/\/librairie7l.com\/en\/#website","url":"https:\/\/librairie7l.com\/en\/","name":"Librairie 7L","description":"Librairie fond\u00e9e en 1999 par Karl Lagerfeld \u00e0 Paris","publisher":{"@id":"https:\/\/librairie7l.com\/en\/#organization"},"potentialAction":[{"@type":"SearchAction","target":{"@type":"EntryPoint","urlTemplate":"https:\/\/librairie7l.com\/en\/?s={search_term_string}"},"query-input":"required name=search_term_string"}],"inLanguage":"en-US"},{"@type":"Organization","@id":"https:\/\/librairie7l.com\/en\/#organization","name":"Librairie 7L","url":"https:\/\/librairie7l.com\/en\/","logo":{"@type":"ImageObject","inLanguage":"en-US","@id":"https:\/\/librairie7l.com\/en\/#\/schema\/logo\/image\/","url":"https:\/\/librairie7l.com\/wp-content\/uploads\/2022\/08\/logo-1.png","contentUrl":"https:\/\/librairie7l.com\/wp-content\/uploads\/2022\/08\/logo-1.png","width":227,"height":301,"caption":"Librairie 7L"},"image":{"@id":"https:\/\/librairie7l.com\/en\/#\/schema\/logo\/image\/"}}]}},"_links":{"self":[{"href":"https:\/\/librairie7l.com\/en\/wp-json\/wp\/v2\/product\/16251"}],"collection":[{"href":"https:\/\/librairie7l.com\/en\/wp-json\/wp\/v2\/product"}],"about":[{"href":"https:\/\/librairie7l.com\/en\/wp-json\/wp\/v2\/types\/product"}],"wp:featuredmedia":[{"embeddable":true,"href":"https:\/\/librairie7l.com\/en\/wp-json\/wp\/v2\/media\/16249"}],"wp:attachment":[{"href":"https:\/\/librairie7l.com\/en\/wp-json\/wp\/v2\/media?parent=16251"}],"wp:term":[{"taxonomy":"product_cat","embeddable":true,"href":"https:\/\/librairie7l.com\/en\/wp-json\/wp\/v2\/product_cat?post=16251"},{"taxonomy":"product_tag","embeddable":true,"href":"https:\/\/librairie7l.com\/en\/wp-json\/wp\/v2\/product_tag?post=16251"}],"curies":[{"name":"wp","href":"https:\/\/api.w.org\/{rel}","templated":true}]}}