{"id":16259,"date":"2023-05-09T17:14:34","date_gmt":"2023-05-09T15:14:34","guid":{"rendered":"https:\/\/librairie7l.com\/?post_type=product&#038;p=16259"},"modified":"2026-04-09T12:52:15","modified_gmt":"2026-04-09T10:52:15","slug":"annees-80-mode-design-graphisme-en-france","status":"publish","type":"product","link":"https:\/\/librairie7l.com\/en\/produit\/annees-80-mode-design-graphisme-en-france\/","title":{"rendered":"ANNEES 80 &#8211; MODE, DESIGN, GRAPHISME EN FRANCE"},"content":{"rendered":"<p>Catalogue de l&#8217;exposition pr\u00e9sent\u00e9e au mus\u00e9e des Arts d\u00e9coratifs \u00e0 Paris du 12 octobre 2022 au 16 avril 2023.<br \/>\nDans le domaine de la mode, du design et du design graphique, les ann\u00e9es 80 sont en France une d\u00e9cennie \u00e0 la cr\u00e9ativit\u00e9 explosive. L&#8217;\u00e9lection de Fran\u00e7ois Mitterrand \u00e0 la pr\u00e9sidence de la R\u00e9publique en 1981 donne le coup d&#8217;envoi d&#8217;un nouvel engagement de l&#8217;\u00c9tat dans le secteur culturel, avec de grands travaux pr\u00e9sidentiels et une politique d&#8217;aide \u00e0 la cr\u00e9ation in\u00e9dite par son ampleur. Ce catalogue retrace \u00e0 la fois le contexte de cette politique culturelle port\u00e9e par Jack Lang et la diversit\u00e9 de la cr\u00e9ation durant cette d\u00e9cennie.<\/p>\n","protected":false},"excerpt":{"rendered":"<p>Catalogue de l&#8217;exposition pr\u00e9sent\u00e9e au mus\u00e9e des Arts d\u00e9coratifs \u00e0 Paris du 12 octobre 2022 au 16 avril 2023. Dans le domaine de la mode, du design et du design graphique, les ann\u00e9es 80 sont en France une d\u00e9cennie \u00e0 la cr\u00e9ativit\u00e9 explosive. L&#8217;\u00e9lection de Fran\u00e7ois Mitterrand \u00e0 la pr\u00e9sidence de la R\u00e9publique en 1981 [&hellip;]<\/p>\n","protected":false},"featured_media":16257,"template":"","meta":[],"product_cat":[55,2948,18,2952],"product_tag":[],"acf":[],"yoast_head":"<!-- This site is optimized with the Yoast SEO plugin v20.11 - https:\/\/yoast.com\/wordpress\/plugins\/seo\/ -->\n<title>ANNEES 80 - MODE, DESIGN, GRAPHISME EN FRANCE - Librairie 7L<\/title>\n<meta name=\"robots\" content=\"index, follow, max-snippet:-1, max-image-preview:large, max-video-preview:-1\" \/>\n<link rel=\"canonical\" href=\"https:\/\/librairie7l.com\/en\/produit\/annees-80-mode-design-graphisme-en-france\/\" \/>\n<meta property=\"og:locale\" content=\"en_US\" \/>\n<meta property=\"og:type\" content=\"article\" \/>\n<meta property=\"og:title\" content=\"ANNEES 80 - MODE, DESIGN, GRAPHISME EN FRANCE - Librairie 7L\" \/>\n<meta property=\"og:description\" content=\"Catalogue de l&#8217;exposition pr\u00e9sent\u00e9e au mus\u00e9e des Arts d\u00e9coratifs \u00e0 Paris du 12 octobre 2022 au 16 avril 2023. Dans le domaine de la mode, du design et du design graphique, les ann\u00e9es 80 sont en France une d\u00e9cennie \u00e0 la cr\u00e9ativit\u00e9 explosive. L&#8217;\u00e9lection de Fran\u00e7ois Mitterrand \u00e0 la pr\u00e9sidence de la R\u00e9publique en 1981 [&hellip;]\" \/>\n<meta property=\"og:url\" content=\"https:\/\/librairie7l.com\/en\/produit\/annees-80-mode-design-graphisme-en-france\/\" \/>\n<meta property=\"og:site_name\" content=\"Librairie 7L\" \/>\n<meta property=\"article:modified_time\" content=\"2026-04-09T10:52:15+00:00\" \/>\n<meta property=\"og:image\" content=\"https:\/\/librairie7l.com\/wp-content\/uploads\/2022\/10\/9782383140030_1_75.jpg\" \/>\n\t<meta property=\"og:image:width\" content=\"400\" \/>\n\t<meta property=\"og:image:height\" content=\"517\" \/>\n\t<meta property=\"og:image:type\" content=\"image\/jpeg\" \/>\n<meta name=\"twitter:card\" content=\"summary_large_image\" \/>\n<meta name=\"twitter:label1\" content=\"Est. reading time\" \/>\n\t<meta name=\"twitter:data1\" content=\"1 minute\" \/>\n<script type=\"application\/ld+json\" class=\"yoast-schema-graph\">{\"@context\":\"https:\/\/schema.org\",\"@graph\":[{\"@type\":\"WebPage\",\"@id\":\"https:\/\/librairie7l.com\/en\/produit\/annees-80-mode-design-graphisme-en-france\/\",\"url\":\"https:\/\/librairie7l.com\/en\/produit\/annees-80-mode-design-graphisme-en-france\/\",\"name\":\"ANNEES 80 - MODE, DESIGN, GRAPHISME EN FRANCE - Librairie 7L\",\"isPartOf\":{\"@id\":\"https:\/\/librairie7l.com\/en\/#website\"},\"datePublished\":\"2023-05-09T15:14:34+00:00\",\"dateModified\":\"2026-04-09T10:52:15+00:00\",\"breadcrumb\":{\"@id\":\"https:\/\/librairie7l.com\/en\/produit\/annees-80-mode-design-graphisme-en-france\/#breadcrumb\"},\"inLanguage\":\"en-US\",\"potentialAction\":[{\"@type\":\"ReadAction\",\"target\":[\"https:\/\/librairie7l.com\/en\/produit\/annees-80-mode-design-graphisme-en-france\/\"]}]},{\"@type\":\"BreadcrumbList\",\"@id\":\"https:\/\/librairie7l.com\/en\/produit\/annees-80-mode-design-graphisme-en-france\/#breadcrumb\",\"itemListElement\":[{\"@type\":\"ListItem\",\"position\":1,\"name\":\"Accueil\",\"item\":\"https:\/\/librairie7l.com\/en\/\"},{\"@type\":\"ListItem\",\"position\":2,\"name\":\"Shop\",\"item\":\"https:\/\/librairie7l.com\/en\/shop\/\"},{\"@type\":\"ListItem\",\"position\":3,\"name\":\"ANNEES 80 &#8211; MODE, DESIGN, GRAPHISME EN FRANCE\"}]},{\"@type\":\"WebSite\",\"@id\":\"https:\/\/librairie7l.com\/en\/#website\",\"url\":\"https:\/\/librairie7l.com\/en\/\",\"name\":\"Librairie 7L\",\"description\":\"Librairie fond\u00e9e en 1999 par Karl Lagerfeld \u00e0 Paris\",\"publisher\":{\"@id\":\"https:\/\/librairie7l.com\/en\/#organization\"},\"potentialAction\":[{\"@type\":\"SearchAction\",\"target\":{\"@type\":\"EntryPoint\",\"urlTemplate\":\"https:\/\/librairie7l.com\/en\/?s={search_term_string}\"},\"query-input\":\"required name=search_term_string\"}],\"inLanguage\":\"en-US\"},{\"@type\":\"Organization\",\"@id\":\"https:\/\/librairie7l.com\/en\/#organization\",\"name\":\"Librairie 7L\",\"url\":\"https:\/\/librairie7l.com\/en\/\",\"logo\":{\"@type\":\"ImageObject\",\"inLanguage\":\"en-US\",\"@id\":\"https:\/\/librairie7l.com\/en\/#\/schema\/logo\/image\/\",\"url\":\"https:\/\/librairie7l.com\/wp-content\/uploads\/2022\/08\/logo-1.png\",\"contentUrl\":\"https:\/\/librairie7l.com\/wp-content\/uploads\/2022\/08\/logo-1.png\",\"width\":227,\"height\":301,\"caption\":\"Librairie 7L\"},\"image\":{\"@id\":\"https:\/\/librairie7l.com\/en\/#\/schema\/logo\/image\/\"}}]}<\/script>\n<!-- \/ Yoast SEO plugin. -->","yoast_head_json":{"title":"ANNEES 80 - MODE, DESIGN, GRAPHISME EN FRANCE - Librairie 7L","robots":{"index":"index","follow":"follow","max-snippet":"max-snippet:-1","max-image-preview":"max-image-preview:large","max-video-preview":"max-video-preview:-1"},"canonical":"https:\/\/librairie7l.com\/en\/produit\/annees-80-mode-design-graphisme-en-france\/","og_locale":"en_US","og_type":"article","og_title":"ANNEES 80 - MODE, DESIGN, GRAPHISME EN FRANCE - Librairie 7L","og_description":"Catalogue de l&#8217;exposition pr\u00e9sent\u00e9e au mus\u00e9e des Arts d\u00e9coratifs \u00e0 Paris du 12 octobre 2022 au 16 avril 2023. Dans le domaine de la mode, du design et du design graphique, les ann\u00e9es 80 sont en France une d\u00e9cennie \u00e0 la cr\u00e9ativit\u00e9 explosive. L&#8217;\u00e9lection de Fran\u00e7ois Mitterrand \u00e0 la pr\u00e9sidence de la R\u00e9publique en 1981 [&hellip;]","og_url":"https:\/\/librairie7l.com\/en\/produit\/annees-80-mode-design-graphisme-en-france\/","og_site_name":"Librairie 7L","article_modified_time":"2026-04-09T10:52:15+00:00","og_image":[{"width":400,"height":517,"url":"https:\/\/librairie7l.com\/wp-content\/uploads\/2022\/10\/9782383140030_1_75.jpg","type":"image\/jpeg"}],"twitter_card":"summary_large_image","twitter_misc":{"Est. reading time":"1 minute"},"schema":{"@context":"https:\/\/schema.org","@graph":[{"@type":"WebPage","@id":"https:\/\/librairie7l.com\/en\/produit\/annees-80-mode-design-graphisme-en-france\/","url":"https:\/\/librairie7l.com\/en\/produit\/annees-80-mode-design-graphisme-en-france\/","name":"ANNEES 80 - MODE, DESIGN, GRAPHISME EN FRANCE - Librairie 7L","isPartOf":{"@id":"https:\/\/librairie7l.com\/en\/#website"},"datePublished":"2023-05-09T15:14:34+00:00","dateModified":"2026-04-09T10:52:15+00:00","breadcrumb":{"@id":"https:\/\/librairie7l.com\/en\/produit\/annees-80-mode-design-graphisme-en-france\/#breadcrumb"},"inLanguage":"en-US","potentialAction":[{"@type":"ReadAction","target":["https:\/\/librairie7l.com\/en\/produit\/annees-80-mode-design-graphisme-en-france\/"]}]},{"@type":"BreadcrumbList","@id":"https:\/\/librairie7l.com\/en\/produit\/annees-80-mode-design-graphisme-en-france\/#breadcrumb","itemListElement":[{"@type":"ListItem","position":1,"name":"Accueil","item":"https:\/\/librairie7l.com\/en\/"},{"@type":"ListItem","position":2,"name":"Shop","item":"https:\/\/librairie7l.com\/en\/shop\/"},{"@type":"ListItem","position":3,"name":"ANNEES 80 &#8211; MODE, DESIGN, GRAPHISME EN FRANCE"}]},{"@type":"WebSite","@id":"https:\/\/librairie7l.com\/en\/#website","url":"https:\/\/librairie7l.com\/en\/","name":"Librairie 7L","description":"Librairie fond\u00e9e en 1999 par Karl Lagerfeld \u00e0 Paris","publisher":{"@id":"https:\/\/librairie7l.com\/en\/#organization"},"potentialAction":[{"@type":"SearchAction","target":{"@type":"EntryPoint","urlTemplate":"https:\/\/librairie7l.com\/en\/?s={search_term_string}"},"query-input":"required name=search_term_string"}],"inLanguage":"en-US"},{"@type":"Organization","@id":"https:\/\/librairie7l.com\/en\/#organization","name":"Librairie 7L","url":"https:\/\/librairie7l.com\/en\/","logo":{"@type":"ImageObject","inLanguage":"en-US","@id":"https:\/\/librairie7l.com\/en\/#\/schema\/logo\/image\/","url":"https:\/\/librairie7l.com\/wp-content\/uploads\/2022\/08\/logo-1.png","contentUrl":"https:\/\/librairie7l.com\/wp-content\/uploads\/2022\/08\/logo-1.png","width":227,"height":301,"caption":"Librairie 7L"},"image":{"@id":"https:\/\/librairie7l.com\/en\/#\/schema\/logo\/image\/"}}]}},"_links":{"self":[{"href":"https:\/\/librairie7l.com\/en\/wp-json\/wp\/v2\/product\/16259"}],"collection":[{"href":"https:\/\/librairie7l.com\/en\/wp-json\/wp\/v2\/product"}],"about":[{"href":"https:\/\/librairie7l.com\/en\/wp-json\/wp\/v2\/types\/product"}],"wp:featuredmedia":[{"embeddable":true,"href":"https:\/\/librairie7l.com\/en\/wp-json\/wp\/v2\/media\/16257"}],"wp:attachment":[{"href":"https:\/\/librairie7l.com\/en\/wp-json\/wp\/v2\/media?parent=16259"}],"wp:term":[{"taxonomy":"product_cat","embeddable":true,"href":"https:\/\/librairie7l.com\/en\/wp-json\/wp\/v2\/product_cat?post=16259"},{"taxonomy":"product_tag","embeddable":true,"href":"https:\/\/librairie7l.com\/en\/wp-json\/wp\/v2\/product_tag?post=16259"}],"curies":[{"name":"wp","href":"https:\/\/api.w.org\/{rel}","templated":true}]}}