{"id":16263,"date":"2023-05-09T17:14:37","date_gmt":"2023-05-09T15:14:37","guid":{"rendered":"https:\/\/librairie7l.com\/?post_type=product&#038;p=16263"},"modified":"2026-04-08T11:13:10","modified_gmt":"2026-04-08T09:13:10","slug":"gaston-chaissac","status":"publish","type":"product","link":"https:\/\/librairie7l.com\/en\/produit\/gaston-chaissac\/","title":{"rendered":"GASTON CHAISSAC"},"content":{"rendered":"<p>Improvisateur de g\u00e9nie, Gaston Chaissac (1910-1964) a cr\u00e9\u00e9 une des oeuvres les plus singuli\u00e8res de son \u00e9poque. Fils de cordonnier, il est initi\u00e9 \u00e0 la peinture par Otto Freundlich et Jeanne Kosnick-Kloss, rencontr\u00e9s par hasard \u00e0 Paris, en 1937. Encourag\u00e9 dans cette voie, il invente tr\u00e8s rapidement un alphabet pictural qu&#8217;il va faire \u00e9voluer tout au long de sa vie. Au cours de ces ann\u00e9es cruciales, dans un Paris en pleine mutation, Chaissac assimile l&#8217;essentiel du contexte artistique d&#8217;alors et se forge une vaste culture. Prolifique, ludique, et polymorphe, sa production visuelle aborde tous les genres. L&#8217;\u00e9tourdissant dessinateur qu&#8217;il est d\u00e8s ses d\u00e9buts exerce sa verve aussi bien dans le domaine de la peinture et du collage, que celui des objets r\u00e9cup\u00e9r\u00e9s, m\u00e9tamorphos\u00e9s avec autant de faconde que de d\u00e9licatesse, composant un monde paradoxal, \u00e0 la fois th\u00e9\u00e2tral et confidentiel.Au plasticien se superpose en m\u00eame temps l&#8217;\u00e9crivain, dans une activit\u00e9 en miroir, qui r\u00e9v\u00e8le un prodigieux \u00e9pistolier et un po\u00e8te hors norme. Des milliers de lettres envoy\u00e9es pendant plus de vingt ans tous azimuts, vont lui permettre aussi de tisser des liens avec grand nombre de ses contemporains (Albert Gleizes, Andr\u00e9 Bloc, Raymond Queneau, Jean Paulhan, Anatole Jakovsky, Andr\u00e9 Lhote, Jean Dubuffet, &#8230;) tout en restant volontairement en marge depuis le bocage vend\u00e9en qu&#8217;il ne quittera jamais. Ce monument \u00e9pistolaire unique en son genre fascine par l&#8217;aisance des jugements, la pertinence des points de vue et la lucidit\u00e9 avec laquelle celui qui se disait &#8220;peintre rustique moderne&#8221;, joue de son besoin paradoxal de distance et de proximit\u00e9.Cette premi\u00e8re monographie, en forme de portrait, met volontairement \u00e0 \u00e9galit\u00e9 le peintre et l&#8217;\u00e9crivain, et dessine l&#8217;aventure de Gaston Chaissac comme l&#8217;une des mutations les plus repr\u00e9sentatives que la modernit\u00e9 a connue au si\u00e8cle dernier.<\/p>\n","protected":false},"excerpt":{"rendered":"<p>Improvisateur de g\u00e9nie, Gaston Chaissac (1910-1964) a cr\u00e9\u00e9 une des oeuvres les plus singuli\u00e8res de son \u00e9poque. Fils de cordonnier, il est initi\u00e9 \u00e0 la peinture par Otto Freundlich et Jeanne Kosnick-Kloss, rencontr\u00e9s par hasard \u00e0 Paris, en 1937. Encourag\u00e9 dans cette voie, il invente tr\u00e8s rapidement un alphabet pictural qu&#8217;il va faire \u00e9voluer tout [&hellip;]<\/p>\n","protected":false},"featured_media":16261,"template":"","meta":[],"product_cat":[55,2948,47,2953],"product_tag":[],"acf":[],"yoast_head":"<!-- This site is optimized with the Yoast SEO plugin v20.11 - https:\/\/yoast.com\/wordpress\/plugins\/seo\/ -->\n<title>GASTON CHAISSAC - Librairie 7L<\/title>\n<meta name=\"robots\" content=\"index, follow, max-snippet:-1, max-image-preview:large, max-video-preview:-1\" \/>\n<link rel=\"canonical\" href=\"https:\/\/librairie7l.com\/en\/produit\/gaston-chaissac\/\" \/>\n<meta property=\"og:locale\" content=\"en_US\" \/>\n<meta property=\"og:type\" content=\"article\" \/>\n<meta property=\"og:title\" content=\"GASTON CHAISSAC - Librairie 7L\" \/>\n<meta property=\"og:description\" content=\"Improvisateur de g\u00e9nie, Gaston Chaissac (1910-1964) a cr\u00e9\u00e9 une des oeuvres les plus singuli\u00e8res de son \u00e9poque. Fils de cordonnier, il est initi\u00e9 \u00e0 la peinture par Otto Freundlich et Jeanne Kosnick-Kloss, rencontr\u00e9s par hasard \u00e0 Paris, en 1937. Encourag\u00e9 dans cette voie, il invente tr\u00e8s rapidement un alphabet pictural qu&#8217;il va faire \u00e9voluer tout [&hellip;]\" \/>\n<meta property=\"og:url\" content=\"https:\/\/librairie7l.com\/en\/produit\/gaston-chaissac\/\" \/>\n<meta property=\"og:site_name\" content=\"Librairie 7L\" \/>\n<meta property=\"article:modified_time\" content=\"2026-04-08T09:13:10+00:00\" \/>\n<meta property=\"og:image\" content=\"https:\/\/librairie7l.com\/wp-content\/uploads\/2022\/11\/9782080280848_1_75.jpg\" \/>\n\t<meta property=\"og:image:width\" content=\"600\" \/>\n\t<meta property=\"og:image:height\" content=\"820\" \/>\n\t<meta property=\"og:image:type\" content=\"image\/jpeg\" \/>\n<meta name=\"twitter:card\" content=\"summary_large_image\" \/>\n<meta name=\"twitter:label1\" content=\"Est. reading time\" \/>\n\t<meta name=\"twitter:data1\" content=\"2 minutes\" \/>\n<script type=\"application\/ld+json\" class=\"yoast-schema-graph\">{\"@context\":\"https:\/\/schema.org\",\"@graph\":[{\"@type\":\"WebPage\",\"@id\":\"https:\/\/librairie7l.com\/en\/produit\/gaston-chaissac\/\",\"url\":\"https:\/\/librairie7l.com\/en\/produit\/gaston-chaissac\/\",\"name\":\"GASTON CHAISSAC - Librairie 7L\",\"isPartOf\":{\"@id\":\"https:\/\/librairie7l.com\/en\/#website\"},\"datePublished\":\"2023-05-09T15:14:37+00:00\",\"dateModified\":\"2026-04-08T09:13:10+00:00\",\"breadcrumb\":{\"@id\":\"https:\/\/librairie7l.com\/en\/produit\/gaston-chaissac\/#breadcrumb\"},\"inLanguage\":\"en-US\",\"potentialAction\":[{\"@type\":\"ReadAction\",\"target\":[\"https:\/\/librairie7l.com\/en\/produit\/gaston-chaissac\/\"]}]},{\"@type\":\"BreadcrumbList\",\"@id\":\"https:\/\/librairie7l.com\/en\/produit\/gaston-chaissac\/#breadcrumb\",\"itemListElement\":[{\"@type\":\"ListItem\",\"position\":1,\"name\":\"Accueil\",\"item\":\"https:\/\/librairie7l.com\/en\/\"},{\"@type\":\"ListItem\",\"position\":2,\"name\":\"Shop\",\"item\":\"https:\/\/librairie7l.com\/en\/shop\/\"},{\"@type\":\"ListItem\",\"position\":3,\"name\":\"GASTON CHAISSAC\"}]},{\"@type\":\"WebSite\",\"@id\":\"https:\/\/librairie7l.com\/en\/#website\",\"url\":\"https:\/\/librairie7l.com\/en\/\",\"name\":\"Librairie 7L\",\"description\":\"Librairie fond\u00e9e en 1999 par Karl Lagerfeld \u00e0 Paris\",\"publisher\":{\"@id\":\"https:\/\/librairie7l.com\/en\/#organization\"},\"potentialAction\":[{\"@type\":\"SearchAction\",\"target\":{\"@type\":\"EntryPoint\",\"urlTemplate\":\"https:\/\/librairie7l.com\/en\/?s={search_term_string}\"},\"query-input\":\"required name=search_term_string\"}],\"inLanguage\":\"en-US\"},{\"@type\":\"Organization\",\"@id\":\"https:\/\/librairie7l.com\/en\/#organization\",\"name\":\"Librairie 7L\",\"url\":\"https:\/\/librairie7l.com\/en\/\",\"logo\":{\"@type\":\"ImageObject\",\"inLanguage\":\"en-US\",\"@id\":\"https:\/\/librairie7l.com\/en\/#\/schema\/logo\/image\/\",\"url\":\"https:\/\/librairie7l.com\/wp-content\/uploads\/2022\/08\/logo-1.png\",\"contentUrl\":\"https:\/\/librairie7l.com\/wp-content\/uploads\/2022\/08\/logo-1.png\",\"width\":227,\"height\":301,\"caption\":\"Librairie 7L\"},\"image\":{\"@id\":\"https:\/\/librairie7l.com\/en\/#\/schema\/logo\/image\/\"}}]}<\/script>\n<!-- \/ Yoast SEO plugin. -->","yoast_head_json":{"title":"GASTON CHAISSAC - Librairie 7L","robots":{"index":"index","follow":"follow","max-snippet":"max-snippet:-1","max-image-preview":"max-image-preview:large","max-video-preview":"max-video-preview:-1"},"canonical":"https:\/\/librairie7l.com\/en\/produit\/gaston-chaissac\/","og_locale":"en_US","og_type":"article","og_title":"GASTON CHAISSAC - Librairie 7L","og_description":"Improvisateur de g\u00e9nie, Gaston Chaissac (1910-1964) a cr\u00e9\u00e9 une des oeuvres les plus singuli\u00e8res de son \u00e9poque. Fils de cordonnier, il est initi\u00e9 \u00e0 la peinture par Otto Freundlich et Jeanne Kosnick-Kloss, rencontr\u00e9s par hasard \u00e0 Paris, en 1937. Encourag\u00e9 dans cette voie, il invente tr\u00e8s rapidement un alphabet pictural qu&#8217;il va faire \u00e9voluer tout [&hellip;]","og_url":"https:\/\/librairie7l.com\/en\/produit\/gaston-chaissac\/","og_site_name":"Librairie 7L","article_modified_time":"2026-04-08T09:13:10+00:00","og_image":[{"width":600,"height":820,"url":"https:\/\/librairie7l.com\/wp-content\/uploads\/2022\/11\/9782080280848_1_75.jpg","type":"image\/jpeg"}],"twitter_card":"summary_large_image","twitter_misc":{"Est. reading time":"2 minutes"},"schema":{"@context":"https:\/\/schema.org","@graph":[{"@type":"WebPage","@id":"https:\/\/librairie7l.com\/en\/produit\/gaston-chaissac\/","url":"https:\/\/librairie7l.com\/en\/produit\/gaston-chaissac\/","name":"GASTON CHAISSAC - Librairie 7L","isPartOf":{"@id":"https:\/\/librairie7l.com\/en\/#website"},"datePublished":"2023-05-09T15:14:37+00:00","dateModified":"2026-04-08T09:13:10+00:00","breadcrumb":{"@id":"https:\/\/librairie7l.com\/en\/produit\/gaston-chaissac\/#breadcrumb"},"inLanguage":"en-US","potentialAction":[{"@type":"ReadAction","target":["https:\/\/librairie7l.com\/en\/produit\/gaston-chaissac\/"]}]},{"@type":"BreadcrumbList","@id":"https:\/\/librairie7l.com\/en\/produit\/gaston-chaissac\/#breadcrumb","itemListElement":[{"@type":"ListItem","position":1,"name":"Accueil","item":"https:\/\/librairie7l.com\/en\/"},{"@type":"ListItem","position":2,"name":"Shop","item":"https:\/\/librairie7l.com\/en\/shop\/"},{"@type":"ListItem","position":3,"name":"GASTON CHAISSAC"}]},{"@type":"WebSite","@id":"https:\/\/librairie7l.com\/en\/#website","url":"https:\/\/librairie7l.com\/en\/","name":"Librairie 7L","description":"Librairie fond\u00e9e en 1999 par Karl Lagerfeld \u00e0 Paris","publisher":{"@id":"https:\/\/librairie7l.com\/en\/#organization"},"potentialAction":[{"@type":"SearchAction","target":{"@type":"EntryPoint","urlTemplate":"https:\/\/librairie7l.com\/en\/?s={search_term_string}"},"query-input":"required name=search_term_string"}],"inLanguage":"en-US"},{"@type":"Organization","@id":"https:\/\/librairie7l.com\/en\/#organization","name":"Librairie 7L","url":"https:\/\/librairie7l.com\/en\/","logo":{"@type":"ImageObject","inLanguage":"en-US","@id":"https:\/\/librairie7l.com\/en\/#\/schema\/logo\/image\/","url":"https:\/\/librairie7l.com\/wp-content\/uploads\/2022\/08\/logo-1.png","contentUrl":"https:\/\/librairie7l.com\/wp-content\/uploads\/2022\/08\/logo-1.png","width":227,"height":301,"caption":"Librairie 7L"},"image":{"@id":"https:\/\/librairie7l.com\/en\/#\/schema\/logo\/image\/"}}]}},"_links":{"self":[{"href":"https:\/\/librairie7l.com\/en\/wp-json\/wp\/v2\/product\/16263"}],"collection":[{"href":"https:\/\/librairie7l.com\/en\/wp-json\/wp\/v2\/product"}],"about":[{"href":"https:\/\/librairie7l.com\/en\/wp-json\/wp\/v2\/types\/product"}],"wp:featuredmedia":[{"embeddable":true,"href":"https:\/\/librairie7l.com\/en\/wp-json\/wp\/v2\/media\/16261"}],"wp:attachment":[{"href":"https:\/\/librairie7l.com\/en\/wp-json\/wp\/v2\/media?parent=16263"}],"wp:term":[{"taxonomy":"product_cat","embeddable":true,"href":"https:\/\/librairie7l.com\/en\/wp-json\/wp\/v2\/product_cat?post=16263"},{"taxonomy":"product_tag","embeddable":true,"href":"https:\/\/librairie7l.com\/en\/wp-json\/wp\/v2\/product_tag?post=16263"}],"curies":[{"name":"wp","href":"https:\/\/api.w.org\/{rel}","templated":true}]}}