{"id":16287,"date":"2023-05-09T17:15:01","date_gmt":"2023-05-09T15:15:01","guid":{"rendered":"https:\/\/librairie7l.com\/?post_type=product&#038;p=16287"},"modified":"2026-04-17T02:10:20","modified_gmt":"2026-04-17T00:10:20","slug":"repertoire-de-couleurs-pour-aider-a-la-determination-des-couleurs-des-fleurs-des-feuillages-et-des-fruits-1385-nuances-reparties-en-365-planches","status":"publish","type":"product","link":"https:\/\/librairie7l.com\/en\/produit\/repertoire-de-couleurs-pour-aider-a-la-determination-des-couleurs-des-fleurs-des-feuillages-et-des-fruits-1385-nuances-reparties-en-365-planches\/","title":{"rendered":"R\u00c9PERTOIRE DE COULEURS POUR AIDER \u00c0 LA D\u00c9TERMINATION DES COULEURS DES FLEURS, DES FEUILLAGES ET DES FRUITS : 1385 NUANCES R\u00c9PARTIES EN 365 PLANCHES"},"content":{"rendered":"<p>R\u00e9pertoire de couleurs pour aider \u00e0 la d\u00e9termination des couleurs des fleurs, des feuillages et des fruits Nouvelle \u00e9dition du r\u00e9pertoire publi\u00e9 en 1905 par la Soci\u00e9t\u00e9 des chrysanth\u00e9mistes 1385 nuances r\u00e9parties en 365 planches s&#8217;adressant par-del\u00e0 les fronti\u00e8res \u00e0 tous les amateurs de couleurs.<\/p>\n<p>Imaginez, en 1905, les membres de Soci\u00e9t\u00e9 des chrysanth\u00e9mistes en s\u00e9v\u00e8res habits noirs consacrant une \u00e9nergie patiente et m\u00e9ticuleuse \u00e0 la r\u00e9alisation d&#8217;un r\u00e9pertoire complet des teintes que peuvent aborder les p\u00e9tales des fleurs et les feuillages des arbres.<\/p>\n<p>Au-del\u00e0 de la prouesse technique, l&#8217;objet r\u00e9alis\u00e9 est d&#8217;une modernit\u00e9 d\u00e9concertante. Ses 1385 nuances r\u00e9parties en 365 planches s&#8217;adressent, par-del\u00e0 les fronti\u00e8res \u00e0 tous les amateurs de couleurs.<\/p>\n","protected":false},"excerpt":{"rendered":"<p>R\u00e9pertoire de couleurs pour aider \u00e0 la d\u00e9termination des couleurs des fleurs, des feuillages et des fruits Nouvelle \u00e9dition du r\u00e9pertoire publi\u00e9 en 1905 par la Soci\u00e9t\u00e9 des chrysanth\u00e9mistes 1385 nuances r\u00e9parties en 365 planches s&#8217;adressant par-del\u00e0 les fronti\u00e8res \u00e0 tous les amateurs de couleurs. Imaginez, en 1905, les membres de Soci\u00e9t\u00e9 des chrysanth\u00e9mistes en [&hellip;]<\/p>\n","protected":false},"featured_media":16285,"template":"","meta":[],"product_cat":[55,2948,2956,23],"product_tag":[],"acf":[],"yoast_head":"<!-- This site is optimized with the Yoast SEO plugin v20.11 - https:\/\/yoast.com\/wordpress\/plugins\/seo\/ -->\n<title>R\u00c9PERTOIRE DE COULEURS POUR AIDER \u00c0 LA D\u00c9TERMINATION DES COULEURS DES FLEURS, DES FEUILLAGES ET DES FRUITS : 1385 NUANCES R\u00c9PARTIES EN 365 PLANCHES - Librairie 7L<\/title>\n<meta name=\"robots\" content=\"index, follow, max-snippet:-1, max-image-preview:large, max-video-preview:-1\" \/>\n<link rel=\"canonical\" href=\"https:\/\/librairie7l.com\/en\/produit\/repertoire-de-couleurs-pour-aider-a-la-determination-des-couleurs-des-fleurs-des-feuillages-et-des-fruits-1385-nuances-reparties-en-365-planches\/\" \/>\n<meta property=\"og:locale\" content=\"en_US\" \/>\n<meta property=\"og:type\" content=\"article\" \/>\n<meta property=\"og:title\" content=\"R\u00c9PERTOIRE DE COULEURS POUR AIDER \u00c0 LA D\u00c9TERMINATION DES COULEURS DES FLEURS, DES FEUILLAGES ET DES FRUITS : 1385 NUANCES R\u00c9PARTIES EN 365 PLANCHES - Librairie 7L\" \/>\n<meta property=\"og:description\" content=\"R\u00e9pertoire de couleurs pour aider \u00e0 la d\u00e9termination des couleurs des fleurs, des feuillages et des fruits Nouvelle \u00e9dition du r\u00e9pertoire publi\u00e9 en 1905 par la Soci\u00e9t\u00e9 des chrysanth\u00e9mistes 1385 nuances r\u00e9parties en 365 planches s&#8217;adressant par-del\u00e0 les fronti\u00e8res \u00e0 tous les amateurs de couleurs. Imaginez, en 1905, les membres de Soci\u00e9t\u00e9 des chrysanth\u00e9mistes en [&hellip;]\" \/>\n<meta property=\"og:url\" content=\"https:\/\/librairie7l.com\/en\/produit\/repertoire-de-couleurs-pour-aider-a-la-determination-des-couleurs-des-fleurs-des-feuillages-et-des-fruits-1385-nuances-reparties-en-365-planches\/\" \/>\n<meta property=\"og:site_name\" content=\"Librairie 7L\" \/>\n<meta property=\"article:modified_time\" content=\"2026-04-17T00:10:20+00:00\" \/>\n<meta property=\"og:image\" content=\"https:\/\/librairie7l.com\/wp-content\/uploads\/2022\/05\/9782812321115_1_75.jpg\" \/>\n\t<meta property=\"og:image:width\" content=\"600\" \/>\n\t<meta property=\"og:image:height\" content=\"819\" \/>\n\t<meta property=\"og:image:type\" content=\"image\/jpeg\" \/>\n<meta name=\"twitter:card\" content=\"summary_large_image\" \/>\n<meta name=\"twitter:label1\" content=\"Est. reading time\" \/>\n\t<meta name=\"twitter:data1\" content=\"1 minute\" \/>\n<script type=\"application\/ld+json\" class=\"yoast-schema-graph\">{\"@context\":\"https:\/\/schema.org\",\"@graph\":[{\"@type\":\"WebPage\",\"@id\":\"https:\/\/librairie7l.com\/en\/produit\/repertoire-de-couleurs-pour-aider-a-la-determination-des-couleurs-des-fleurs-des-feuillages-et-des-fruits-1385-nuances-reparties-en-365-planches\/\",\"url\":\"https:\/\/librairie7l.com\/en\/produit\/repertoire-de-couleurs-pour-aider-a-la-determination-des-couleurs-des-fleurs-des-feuillages-et-des-fruits-1385-nuances-reparties-en-365-planches\/\",\"name\":\"R\u00c9PERTOIRE DE COULEURS POUR AIDER \u00c0 LA D\u00c9TERMINATION DES COULEURS DES FLEURS, DES FEUILLAGES ET DES FRUITS : 1385 NUANCES R\u00c9PARTIES EN 365 PLANCHES - Librairie 7L\",\"isPartOf\":{\"@id\":\"https:\/\/librairie7l.com\/en\/#website\"},\"datePublished\":\"2023-05-09T15:15:01+00:00\",\"dateModified\":\"2026-04-17T00:10:20+00:00\",\"breadcrumb\":{\"@id\":\"https:\/\/librairie7l.com\/en\/produit\/repertoire-de-couleurs-pour-aider-a-la-determination-des-couleurs-des-fleurs-des-feuillages-et-des-fruits-1385-nuances-reparties-en-365-planches\/#breadcrumb\"},\"inLanguage\":\"en-US\",\"potentialAction\":[{\"@type\":\"ReadAction\",\"target\":[\"https:\/\/librairie7l.com\/en\/produit\/repertoire-de-couleurs-pour-aider-a-la-determination-des-couleurs-des-fleurs-des-feuillages-et-des-fruits-1385-nuances-reparties-en-365-planches\/\"]}]},{\"@type\":\"BreadcrumbList\",\"@id\":\"https:\/\/librairie7l.com\/en\/produit\/repertoire-de-couleurs-pour-aider-a-la-determination-des-couleurs-des-fleurs-des-feuillages-et-des-fruits-1385-nuances-reparties-en-365-planches\/#breadcrumb\",\"itemListElement\":[{\"@type\":\"ListItem\",\"position\":1,\"name\":\"Accueil\",\"item\":\"https:\/\/librairie7l.com\/en\/\"},{\"@type\":\"ListItem\",\"position\":2,\"name\":\"Shop\",\"item\":\"https:\/\/librairie7l.com\/en\/shop\/\"},{\"@type\":\"ListItem\",\"position\":3,\"name\":\"R\u00c9PERTOIRE DE COULEURS POUR AIDER \u00c0 LA D\u00c9TERMINATION DES COULEURS DES FLEURS, DES FEUILLAGES ET DES FRUITS : 1385 NUANCES R\u00c9PARTIES EN 365 PLANCHES\"}]},{\"@type\":\"WebSite\",\"@id\":\"https:\/\/librairie7l.com\/en\/#website\",\"url\":\"https:\/\/librairie7l.com\/en\/\",\"name\":\"Librairie 7L\",\"description\":\"Librairie fond\u00e9e en 1999 par Karl Lagerfeld \u00e0 Paris\",\"publisher\":{\"@id\":\"https:\/\/librairie7l.com\/en\/#organization\"},\"potentialAction\":[{\"@type\":\"SearchAction\",\"target\":{\"@type\":\"EntryPoint\",\"urlTemplate\":\"https:\/\/librairie7l.com\/en\/?s={search_term_string}\"},\"query-input\":\"required name=search_term_string\"}],\"inLanguage\":\"en-US\"},{\"@type\":\"Organization\",\"@id\":\"https:\/\/librairie7l.com\/en\/#organization\",\"name\":\"Librairie 7L\",\"url\":\"https:\/\/librairie7l.com\/en\/\",\"logo\":{\"@type\":\"ImageObject\",\"inLanguage\":\"en-US\",\"@id\":\"https:\/\/librairie7l.com\/en\/#\/schema\/logo\/image\/\",\"url\":\"https:\/\/librairie7l.com\/wp-content\/uploads\/2022\/08\/logo-1.png\",\"contentUrl\":\"https:\/\/librairie7l.com\/wp-content\/uploads\/2022\/08\/logo-1.png\",\"width\":227,\"height\":301,\"caption\":\"Librairie 7L\"},\"image\":{\"@id\":\"https:\/\/librairie7l.com\/en\/#\/schema\/logo\/image\/\"}}]}<\/script>\n<!-- \/ Yoast SEO plugin. -->","yoast_head_json":{"title":"R\u00c9PERTOIRE DE COULEURS POUR AIDER \u00c0 LA D\u00c9TERMINATION DES COULEURS DES FLEURS, DES FEUILLAGES ET DES FRUITS : 1385 NUANCES R\u00c9PARTIES EN 365 PLANCHES - Librairie 7L","robots":{"index":"index","follow":"follow","max-snippet":"max-snippet:-1","max-image-preview":"max-image-preview:large","max-video-preview":"max-video-preview:-1"},"canonical":"https:\/\/librairie7l.com\/en\/produit\/repertoire-de-couleurs-pour-aider-a-la-determination-des-couleurs-des-fleurs-des-feuillages-et-des-fruits-1385-nuances-reparties-en-365-planches\/","og_locale":"en_US","og_type":"article","og_title":"R\u00c9PERTOIRE DE COULEURS POUR AIDER \u00c0 LA D\u00c9TERMINATION DES COULEURS DES FLEURS, DES FEUILLAGES ET DES FRUITS : 1385 NUANCES R\u00c9PARTIES EN 365 PLANCHES - Librairie 7L","og_description":"R\u00e9pertoire de couleurs pour aider \u00e0 la d\u00e9termination des couleurs des fleurs, des feuillages et des fruits Nouvelle \u00e9dition du r\u00e9pertoire publi\u00e9 en 1905 par la Soci\u00e9t\u00e9 des chrysanth\u00e9mistes 1385 nuances r\u00e9parties en 365 planches s&#8217;adressant par-del\u00e0 les fronti\u00e8res \u00e0 tous les amateurs de couleurs. Imaginez, en 1905, les membres de Soci\u00e9t\u00e9 des chrysanth\u00e9mistes en [&hellip;]","og_url":"https:\/\/librairie7l.com\/en\/produit\/repertoire-de-couleurs-pour-aider-a-la-determination-des-couleurs-des-fleurs-des-feuillages-et-des-fruits-1385-nuances-reparties-en-365-planches\/","og_site_name":"Librairie 7L","article_modified_time":"2026-04-17T00:10:20+00:00","og_image":[{"width":600,"height":819,"url":"https:\/\/librairie7l.com\/wp-content\/uploads\/2022\/05\/9782812321115_1_75.jpg","type":"image\/jpeg"}],"twitter_card":"summary_large_image","twitter_misc":{"Est. reading time":"1 minute"},"schema":{"@context":"https:\/\/schema.org","@graph":[{"@type":"WebPage","@id":"https:\/\/librairie7l.com\/en\/produit\/repertoire-de-couleurs-pour-aider-a-la-determination-des-couleurs-des-fleurs-des-feuillages-et-des-fruits-1385-nuances-reparties-en-365-planches\/","url":"https:\/\/librairie7l.com\/en\/produit\/repertoire-de-couleurs-pour-aider-a-la-determination-des-couleurs-des-fleurs-des-feuillages-et-des-fruits-1385-nuances-reparties-en-365-planches\/","name":"R\u00c9PERTOIRE DE COULEURS POUR AIDER \u00c0 LA D\u00c9TERMINATION DES COULEURS DES FLEURS, DES FEUILLAGES ET DES FRUITS : 1385 NUANCES R\u00c9PARTIES EN 365 PLANCHES - Librairie 7L","isPartOf":{"@id":"https:\/\/librairie7l.com\/en\/#website"},"datePublished":"2023-05-09T15:15:01+00:00","dateModified":"2026-04-17T00:10:20+00:00","breadcrumb":{"@id":"https:\/\/librairie7l.com\/en\/produit\/repertoire-de-couleurs-pour-aider-a-la-determination-des-couleurs-des-fleurs-des-feuillages-et-des-fruits-1385-nuances-reparties-en-365-planches\/#breadcrumb"},"inLanguage":"en-US","potentialAction":[{"@type":"ReadAction","target":["https:\/\/librairie7l.com\/en\/produit\/repertoire-de-couleurs-pour-aider-a-la-determination-des-couleurs-des-fleurs-des-feuillages-et-des-fruits-1385-nuances-reparties-en-365-planches\/"]}]},{"@type":"BreadcrumbList","@id":"https:\/\/librairie7l.com\/en\/produit\/repertoire-de-couleurs-pour-aider-a-la-determination-des-couleurs-des-fleurs-des-feuillages-et-des-fruits-1385-nuances-reparties-en-365-planches\/#breadcrumb","itemListElement":[{"@type":"ListItem","position":1,"name":"Accueil","item":"https:\/\/librairie7l.com\/en\/"},{"@type":"ListItem","position":2,"name":"Shop","item":"https:\/\/librairie7l.com\/en\/shop\/"},{"@type":"ListItem","position":3,"name":"R\u00c9PERTOIRE DE COULEURS POUR AIDER \u00c0 LA D\u00c9TERMINATION DES COULEURS DES FLEURS, DES FEUILLAGES ET DES FRUITS : 1385 NUANCES R\u00c9PARTIES EN 365 PLANCHES"}]},{"@type":"WebSite","@id":"https:\/\/librairie7l.com\/en\/#website","url":"https:\/\/librairie7l.com\/en\/","name":"Librairie 7L","description":"Librairie fond\u00e9e en 1999 par Karl Lagerfeld \u00e0 Paris","publisher":{"@id":"https:\/\/librairie7l.com\/en\/#organization"},"potentialAction":[{"@type":"SearchAction","target":{"@type":"EntryPoint","urlTemplate":"https:\/\/librairie7l.com\/en\/?s={search_term_string}"},"query-input":"required name=search_term_string"}],"inLanguage":"en-US"},{"@type":"Organization","@id":"https:\/\/librairie7l.com\/en\/#organization","name":"Librairie 7L","url":"https:\/\/librairie7l.com\/en\/","logo":{"@type":"ImageObject","inLanguage":"en-US","@id":"https:\/\/librairie7l.com\/en\/#\/schema\/logo\/image\/","url":"https:\/\/librairie7l.com\/wp-content\/uploads\/2022\/08\/logo-1.png","contentUrl":"https:\/\/librairie7l.com\/wp-content\/uploads\/2022\/08\/logo-1.png","width":227,"height":301,"caption":"Librairie 7L"},"image":{"@id":"https:\/\/librairie7l.com\/en\/#\/schema\/logo\/image\/"}}]}},"_links":{"self":[{"href":"https:\/\/librairie7l.com\/en\/wp-json\/wp\/v2\/product\/16287"}],"collection":[{"href":"https:\/\/librairie7l.com\/en\/wp-json\/wp\/v2\/product"}],"about":[{"href":"https:\/\/librairie7l.com\/en\/wp-json\/wp\/v2\/types\/product"}],"wp:featuredmedia":[{"embeddable":true,"href":"https:\/\/librairie7l.com\/en\/wp-json\/wp\/v2\/media\/16285"}],"wp:attachment":[{"href":"https:\/\/librairie7l.com\/en\/wp-json\/wp\/v2\/media?parent=16287"}],"wp:term":[{"taxonomy":"product_cat","embeddable":true,"href":"https:\/\/librairie7l.com\/en\/wp-json\/wp\/v2\/product_cat?post=16287"},{"taxonomy":"product_tag","embeddable":true,"href":"https:\/\/librairie7l.com\/en\/wp-json\/wp\/v2\/product_tag?post=16287"}],"curies":[{"name":"wp","href":"https:\/\/api.w.org\/{rel}","templated":true}]}}