{"id":16299,"date":"2023-05-09T17:15:14","date_gmt":"2023-05-09T15:15:14","guid":{"rendered":"https:\/\/librairie7l.com\/?post_type=product&#038;p=16299"},"modified":"2026-04-16T14:48:04","modified_gmt":"2026-04-16T12:48:04","slug":"reflets-damerique","status":"publish","type":"product","link":"https:\/\/librairie7l.com\/en\/produit\/reflets-damerique\/","title":{"rendered":"REFLETS D&#8217;AM\u00c9RIQUE"},"content":{"rendered":"<p>Chacune de ses images raconte une histoire, saisit des fragments de vie de femmes et d&#8217;hommes issus de la middle class, du monde agricole, des mornes banlieues ou des rues agit\u00e9es des grandes m\u00e9tropoles que sont New York, Chicago, Los Angeles ou encore sa ville natale, Minneapolis.<br \/>\nTravaillant exclusivement en argentique, Arndt capture dans des noirs et blancs velout\u00e9s une Am\u00e9rique populaire, avec ses quartiers pauvres, ses comptoirs de diners, ses vitrines de sup\u00e9rette, ses trucks et Cadillac&#8230; Des instantan\u00e9es de vie restitu\u00e9s avec empathie et une grande science du cadrage. Les enseignes lumineuses, les reflets dans les vitrines (th\u00e8me qui traverse toute l&#8217;oeuvre du photographe), les silhouettes prises sur le vif, sont autant de d\u00e9tails qui structurent l&#8217;image photographique. Lumi\u00e8res et lignes architecturales composent des images puissantes, des ic\u00f4nes d&#8217;une Am\u00e9rique intemporelle. De la s\u00e9rie des Farmers, r\u00e9alis\u00e9e dans le Dakota, aux rues de New York avec ses gosses et sa faune de noctambules, Tom Arndt montre la solitude, l&#8217;errance, l&#8217;ennui, le quotidien, la simplicit\u00e9 et l&#8217;\u00e2pret\u00e9 du monde.<br \/>\nPour ce premier ouvrage monographique publi\u00e9 en fran\u00e7ais, Tom Arndt a ouvert ses archives. Au fil d&#8217;une centaine d&#8217;images, c&#8217;est un demi-si\u00e8cle d&#8217;histoire am\u00e9ricaine qui est cont\u00e9 dans une d\u00e9ambulation men\u00e9e tel un road-movie. Une Am\u00e9rique d\u00e9sinvolte et famili\u00e8re, dont les symboles appartiennent d\u00e9sormais \u00e0 la culture populaire.<br \/>\nDes essais sign\u00e9s de Sarah Meister, ancienne directrice du d\u00e9partement Photographie du MoMA de New York, et de Yasufumi Nakamori, senior curator \u00e0 la Tate Modern de Londres, replacent l&#8217;oeuvre photographie de Arndt dans l&#8217;histoire de la photographie am\u00e9ricaine.<\/p>\n","protected":false},"excerpt":{"rendered":"<p>Chacune de ses images raconte une histoire, saisit des fragments de vie de femmes et d&#8217;hommes issus de la middle class, du monde agricole, des mornes banlieues ou des rues agit\u00e9es des grandes m\u00e9tropoles que sont New York, Chicago, Los Angeles ou encore sa ville natale, Minneapolis. Travaillant exclusivement en argentique, Arndt capture dans des [&hellip;]<\/p>\n","protected":false},"featured_media":16297,"template":"","meta":[],"product_cat":[55,2948,2958,17],"product_tag":[],"acf":[],"yoast_head":"<!-- This site is optimized with the Yoast SEO plugin v20.11 - https:\/\/yoast.com\/wordpress\/plugins\/seo\/ -->\n<title>REFLETS D&#039;AM\u00c9RIQUE - Librairie 7L<\/title>\n<meta name=\"robots\" content=\"index, follow, max-snippet:-1, max-image-preview:large, max-video-preview:-1\" \/>\n<link rel=\"canonical\" href=\"https:\/\/librairie7l.com\/en\/produit\/reflets-damerique\/\" \/>\n<meta property=\"og:locale\" content=\"en_US\" \/>\n<meta property=\"og:type\" content=\"article\" \/>\n<meta property=\"og:title\" content=\"REFLETS D&#039;AM\u00c9RIQUE - Librairie 7L\" \/>\n<meta property=\"og:description\" content=\"Chacune de ses images raconte une histoire, saisit des fragments de vie de femmes et d&#8217;hommes issus de la middle class, du monde agricole, des mornes banlieues ou des rues agit\u00e9es des grandes m\u00e9tropoles que sont New York, Chicago, Los Angeles ou encore sa ville natale, Minneapolis. Travaillant exclusivement en argentique, Arndt capture dans des [&hellip;]\" \/>\n<meta property=\"og:url\" content=\"https:\/\/librairie7l.com\/en\/produit\/reflets-damerique\/\" \/>\n<meta property=\"og:site_name\" content=\"Librairie 7L\" \/>\n<meta property=\"article:modified_time\" content=\"2026-04-16T12:48:04+00:00\" \/>\n<meta property=\"og:image\" content=\"https:\/\/librairie7l.com\/wp-content\/uploads\/2022\/11\/9782365113427_1_75.jpg\" \/>\n\t<meta property=\"og:image:width\" content=\"400\" \/>\n\t<meta property=\"og:image:height\" content=\"528\" \/>\n\t<meta property=\"og:image:type\" content=\"image\/jpeg\" \/>\n<meta name=\"twitter:card\" content=\"summary_large_image\" \/>\n<meta name=\"twitter:label1\" content=\"Est. reading time\" \/>\n\t<meta name=\"twitter:data1\" content=\"1 minute\" \/>\n<script type=\"application\/ld+json\" class=\"yoast-schema-graph\">{\"@context\":\"https:\/\/schema.org\",\"@graph\":[{\"@type\":\"WebPage\",\"@id\":\"https:\/\/librairie7l.com\/en\/produit\/reflets-damerique\/\",\"url\":\"https:\/\/librairie7l.com\/en\/produit\/reflets-damerique\/\",\"name\":\"REFLETS D'AM\u00c9RIQUE - Librairie 7L\",\"isPartOf\":{\"@id\":\"https:\/\/librairie7l.com\/en\/#website\"},\"datePublished\":\"2023-05-09T15:15:14+00:00\",\"dateModified\":\"2026-04-16T12:48:04+00:00\",\"breadcrumb\":{\"@id\":\"https:\/\/librairie7l.com\/en\/produit\/reflets-damerique\/#breadcrumb\"},\"inLanguage\":\"en-US\",\"potentialAction\":[{\"@type\":\"ReadAction\",\"target\":[\"https:\/\/librairie7l.com\/en\/produit\/reflets-damerique\/\"]}]},{\"@type\":\"BreadcrumbList\",\"@id\":\"https:\/\/librairie7l.com\/en\/produit\/reflets-damerique\/#breadcrumb\",\"itemListElement\":[{\"@type\":\"ListItem\",\"position\":1,\"name\":\"Accueil\",\"item\":\"https:\/\/librairie7l.com\/en\/\"},{\"@type\":\"ListItem\",\"position\":2,\"name\":\"Shop\",\"item\":\"https:\/\/librairie7l.com\/en\/shop\/\"},{\"@type\":\"ListItem\",\"position\":3,\"name\":\"REFLETS D&#8217;AM\u00c9RIQUE\"}]},{\"@type\":\"WebSite\",\"@id\":\"https:\/\/librairie7l.com\/en\/#website\",\"url\":\"https:\/\/librairie7l.com\/en\/\",\"name\":\"Librairie 7L\",\"description\":\"Librairie fond\u00e9e en 1999 par Karl Lagerfeld \u00e0 Paris\",\"publisher\":{\"@id\":\"https:\/\/librairie7l.com\/en\/#organization\"},\"potentialAction\":[{\"@type\":\"SearchAction\",\"target\":{\"@type\":\"EntryPoint\",\"urlTemplate\":\"https:\/\/librairie7l.com\/en\/?s={search_term_string}\"},\"query-input\":\"required name=search_term_string\"}],\"inLanguage\":\"en-US\"},{\"@type\":\"Organization\",\"@id\":\"https:\/\/librairie7l.com\/en\/#organization\",\"name\":\"Librairie 7L\",\"url\":\"https:\/\/librairie7l.com\/en\/\",\"logo\":{\"@type\":\"ImageObject\",\"inLanguage\":\"en-US\",\"@id\":\"https:\/\/librairie7l.com\/en\/#\/schema\/logo\/image\/\",\"url\":\"https:\/\/librairie7l.com\/wp-content\/uploads\/2022\/08\/logo-1.png\",\"contentUrl\":\"https:\/\/librairie7l.com\/wp-content\/uploads\/2022\/08\/logo-1.png\",\"width\":227,\"height\":301,\"caption\":\"Librairie 7L\"},\"image\":{\"@id\":\"https:\/\/librairie7l.com\/en\/#\/schema\/logo\/image\/\"}}]}<\/script>\n<!-- \/ Yoast SEO plugin. -->","yoast_head_json":{"title":"REFLETS D'AM\u00c9RIQUE - Librairie 7L","robots":{"index":"index","follow":"follow","max-snippet":"max-snippet:-1","max-image-preview":"max-image-preview:large","max-video-preview":"max-video-preview:-1"},"canonical":"https:\/\/librairie7l.com\/en\/produit\/reflets-damerique\/","og_locale":"en_US","og_type":"article","og_title":"REFLETS D'AM\u00c9RIQUE - Librairie 7L","og_description":"Chacune de ses images raconte une histoire, saisit des fragments de vie de femmes et d&#8217;hommes issus de la middle class, du monde agricole, des mornes banlieues ou des rues agit\u00e9es des grandes m\u00e9tropoles que sont New York, Chicago, Los Angeles ou encore sa ville natale, Minneapolis. Travaillant exclusivement en argentique, Arndt capture dans des [&hellip;]","og_url":"https:\/\/librairie7l.com\/en\/produit\/reflets-damerique\/","og_site_name":"Librairie 7L","article_modified_time":"2026-04-16T12:48:04+00:00","og_image":[{"width":400,"height":528,"url":"https:\/\/librairie7l.com\/wp-content\/uploads\/2022\/11\/9782365113427_1_75.jpg","type":"image\/jpeg"}],"twitter_card":"summary_large_image","twitter_misc":{"Est. reading time":"1 minute"},"schema":{"@context":"https:\/\/schema.org","@graph":[{"@type":"WebPage","@id":"https:\/\/librairie7l.com\/en\/produit\/reflets-damerique\/","url":"https:\/\/librairie7l.com\/en\/produit\/reflets-damerique\/","name":"REFLETS D'AM\u00c9RIQUE - Librairie 7L","isPartOf":{"@id":"https:\/\/librairie7l.com\/en\/#website"},"datePublished":"2023-05-09T15:15:14+00:00","dateModified":"2026-04-16T12:48:04+00:00","breadcrumb":{"@id":"https:\/\/librairie7l.com\/en\/produit\/reflets-damerique\/#breadcrumb"},"inLanguage":"en-US","potentialAction":[{"@type":"ReadAction","target":["https:\/\/librairie7l.com\/en\/produit\/reflets-damerique\/"]}]},{"@type":"BreadcrumbList","@id":"https:\/\/librairie7l.com\/en\/produit\/reflets-damerique\/#breadcrumb","itemListElement":[{"@type":"ListItem","position":1,"name":"Accueil","item":"https:\/\/librairie7l.com\/en\/"},{"@type":"ListItem","position":2,"name":"Shop","item":"https:\/\/librairie7l.com\/en\/shop\/"},{"@type":"ListItem","position":3,"name":"REFLETS D&#8217;AM\u00c9RIQUE"}]},{"@type":"WebSite","@id":"https:\/\/librairie7l.com\/en\/#website","url":"https:\/\/librairie7l.com\/en\/","name":"Librairie 7L","description":"Librairie fond\u00e9e en 1999 par Karl Lagerfeld \u00e0 Paris","publisher":{"@id":"https:\/\/librairie7l.com\/en\/#organization"},"potentialAction":[{"@type":"SearchAction","target":{"@type":"EntryPoint","urlTemplate":"https:\/\/librairie7l.com\/en\/?s={search_term_string}"},"query-input":"required name=search_term_string"}],"inLanguage":"en-US"},{"@type":"Organization","@id":"https:\/\/librairie7l.com\/en\/#organization","name":"Librairie 7L","url":"https:\/\/librairie7l.com\/en\/","logo":{"@type":"ImageObject","inLanguage":"en-US","@id":"https:\/\/librairie7l.com\/en\/#\/schema\/logo\/image\/","url":"https:\/\/librairie7l.com\/wp-content\/uploads\/2022\/08\/logo-1.png","contentUrl":"https:\/\/librairie7l.com\/wp-content\/uploads\/2022\/08\/logo-1.png","width":227,"height":301,"caption":"Librairie 7L"},"image":{"@id":"https:\/\/librairie7l.com\/en\/#\/schema\/logo\/image\/"}}]}},"_links":{"self":[{"href":"https:\/\/librairie7l.com\/en\/wp-json\/wp\/v2\/product\/16299"}],"collection":[{"href":"https:\/\/librairie7l.com\/en\/wp-json\/wp\/v2\/product"}],"about":[{"href":"https:\/\/librairie7l.com\/en\/wp-json\/wp\/v2\/types\/product"}],"wp:featuredmedia":[{"embeddable":true,"href":"https:\/\/librairie7l.com\/en\/wp-json\/wp\/v2\/media\/16297"}],"wp:attachment":[{"href":"https:\/\/librairie7l.com\/en\/wp-json\/wp\/v2\/media?parent=16299"}],"wp:term":[{"taxonomy":"product_cat","embeddable":true,"href":"https:\/\/librairie7l.com\/en\/wp-json\/wp\/v2\/product_cat?post=16299"},{"taxonomy":"product_tag","embeddable":true,"href":"https:\/\/librairie7l.com\/en\/wp-json\/wp\/v2\/product_tag?post=16299"}],"curies":[{"name":"wp","href":"https:\/\/api.w.org\/{rel}","templated":true}]}}