{"id":16303,"date":"2023-05-09T17:15:17","date_gmt":"2023-05-09T15:15:17","guid":{"rendered":"https:\/\/librairie7l.com\/?post_type=product&#038;p=16303"},"modified":"2026-05-12T03:13:44","modified_gmt":"2026-05-12T01:13:44","slug":"vermeer-exposition-rijksmuseum","status":"publish","type":"product","link":"https:\/\/librairie7l.com\/en\/produit\/vermeer-exposition-rijksmuseum\/","title":{"rendered":"VERMEER : EXPOSITION RIJKSMUSEUM"},"content":{"rendered":"<p>Publication officielle accompagnant la plus grande exposition Vermeer jamais r\u00e9alis\u00e9e Depuis des si\u00e8cles, Johannes Vermeer fascine les amateurs d&#8217;art de g\u00e9n\u00e9ration en g\u00e9n\u00e9ration. Ses toiles de renomm\u00e9e mondiale, comme La Laiti\u00e8re et La Jeune Femme \u00e0 la perle, ont fait de lui un peintre de l\u00e9gende. Quant aux sc\u00e8nes d&#8217;int\u00e9rieur, d&#8217;une r\u00e9serve tout intimiste, elles figurent au rang des oeuvres les plus magistrales gr\u00e2ce \u00e0 leur illusionnisme \u00e9tonnant et \u00e0 la ma\u00eetrise unique d&#8217;une lumi\u00e8re vive et color\u00e9e.<\/p>\n<p>En vue de l&#8217;exposition Vermeer au Rijksmuseum, une \u00e9quipe internationale d&#8217;experts du ma\u00eetre de Delft, dirig\u00e9e par Pieter Roelofs et Gregor J.M. Weber, a men\u00e9 des recherches approfondies sur la vie et l&#8217;art de ce grand peintre du xviie si\u00e8cle. Elles ont ouvert des perspectives in\u00e9dites sur sa position sociale, son m\u00e9nage, sa foi religieuse, sa technique et l&#8217;influence de son milieu sur son oeuvre. Autant de connaissances nouvelles, qui nous permettent de nous approcher plus que jamais de l&#8217;artiste magistral que fut Vermeer.<\/p>\n<p>Cet ouvrage, con\u00e7u par Irma Boom, plonge le lecteur dans l&#8217;univers pictural immens\u00e9ment riche du ma\u00eetre de Delft. Y sont \u00e9voqu\u00e9es les 37 oeuvres qui lui sont attribu\u00e9es, et les nombreux d\u00e9tails de ces tableaux nous font voir l&#8217;art de Vermeer avec un \u00e9tonnement toujours renouvel\u00e9.<\/p>\n<p>\u00c9dit\u00e9 par Pieter Roelofs et Gregor J.M. Weber.<\/p>\n<p>Avec des contributions de Bart Cornelis, Bente Frissen, Sabine P\u00e9not, Pieter Roelofs, Friederike Sch\u00fctt, Christian Tico Seifert, Ariane van Suchtelen, Gregor J.M. Weber et Marjorie E. Wieseman.<\/p>\n<p>Publication officielle accompagnant l&#8217;impressionnante exposition Vermeer au Rijksmuseum Amsterdam du 10 f\u00e9vrier au 4 juin 2023.<\/p>\n","protected":false},"excerpt":{"rendered":"<p>Publication officielle accompagnant la plus grande exposition Vermeer jamais r\u00e9alis\u00e9e Depuis des si\u00e8cles, Johannes Vermeer fascine les amateurs d&#8217;art de g\u00e9n\u00e9ration en g\u00e9n\u00e9ration. Ses toiles de renomm\u00e9e mondiale, comme La Laiti\u00e8re et La Jeune Femme \u00e0 la perle, ont fait de lui un peintre de l\u00e9gende. Quant aux sc\u00e8nes d&#8217;int\u00e9rieur, d&#8217;une r\u00e9serve tout intimiste, elles [&hellip;]<\/p>\n","protected":false},"featured_media":16301,"template":"","meta":[],"product_cat":[55,2948,47,2953],"product_tag":[],"acf":[],"yoast_head":"<!-- This site is optimized with the Yoast SEO plugin v20.11 - https:\/\/yoast.com\/wordpress\/plugins\/seo\/ -->\n<title>VERMEER : EXPOSITION RIJKSMUSEUM - Librairie 7L<\/title>\n<meta name=\"robots\" content=\"index, follow, max-snippet:-1, max-image-preview:large, max-video-preview:-1\" \/>\n<link rel=\"canonical\" href=\"https:\/\/librairie7l.com\/en\/produit\/vermeer-exposition-rijksmuseum\/\" \/>\n<meta property=\"og:locale\" content=\"en_US\" \/>\n<meta property=\"og:type\" content=\"article\" \/>\n<meta property=\"og:title\" content=\"VERMEER : EXPOSITION RIJKSMUSEUM - Librairie 7L\" \/>\n<meta property=\"og:description\" content=\"Publication officielle accompagnant la plus grande exposition Vermeer jamais r\u00e9alis\u00e9e Depuis des si\u00e8cles, Johannes Vermeer fascine les amateurs d&#8217;art de g\u00e9n\u00e9ration en g\u00e9n\u00e9ration. Ses toiles de renomm\u00e9e mondiale, comme La Laiti\u00e8re et La Jeune Femme \u00e0 la perle, ont fait de lui un peintre de l\u00e9gende. Quant aux sc\u00e8nes d&#8217;int\u00e9rieur, d&#8217;une r\u00e9serve tout intimiste, elles [&hellip;]\" \/>\n<meta property=\"og:url\" content=\"https:\/\/librairie7l.com\/en\/produit\/vermeer-exposition-rijksmuseum\/\" \/>\n<meta property=\"og:site_name\" content=\"Librairie 7L\" \/>\n<meta property=\"article:modified_time\" content=\"2026-05-12T01:13:44+00:00\" \/>\n<meta property=\"og:image\" content=\"https:\/\/librairie7l.com\/wp-content\/uploads\/2023\/03\/9789464666335_1_75.jpg\" \/>\n\t<meta property=\"og:image:width\" content=\"560\" \/>\n\t<meta property=\"og:image:height\" content=\"700\" \/>\n\t<meta property=\"og:image:type\" content=\"image\/jpeg\" \/>\n<meta name=\"twitter:card\" content=\"summary_large_image\" \/>\n<meta name=\"twitter:label1\" content=\"Est. reading time\" \/>\n\t<meta name=\"twitter:data1\" content=\"1 minute\" \/>\n<script type=\"application\/ld+json\" class=\"yoast-schema-graph\">{\"@context\":\"https:\/\/schema.org\",\"@graph\":[{\"@type\":\"WebPage\",\"@id\":\"https:\/\/librairie7l.com\/en\/produit\/vermeer-exposition-rijksmuseum\/\",\"url\":\"https:\/\/librairie7l.com\/en\/produit\/vermeer-exposition-rijksmuseum\/\",\"name\":\"VERMEER : EXPOSITION RIJKSMUSEUM - Librairie 7L\",\"isPartOf\":{\"@id\":\"https:\/\/librairie7l.com\/en\/#website\"},\"datePublished\":\"2023-05-09T15:15:17+00:00\",\"dateModified\":\"2026-05-12T01:13:44+00:00\",\"breadcrumb\":{\"@id\":\"https:\/\/librairie7l.com\/en\/produit\/vermeer-exposition-rijksmuseum\/#breadcrumb\"},\"inLanguage\":\"en-US\",\"potentialAction\":[{\"@type\":\"ReadAction\",\"target\":[\"https:\/\/librairie7l.com\/en\/produit\/vermeer-exposition-rijksmuseum\/\"]}]},{\"@type\":\"BreadcrumbList\",\"@id\":\"https:\/\/librairie7l.com\/en\/produit\/vermeer-exposition-rijksmuseum\/#breadcrumb\",\"itemListElement\":[{\"@type\":\"ListItem\",\"position\":1,\"name\":\"Accueil\",\"item\":\"https:\/\/librairie7l.com\/en\/\"},{\"@type\":\"ListItem\",\"position\":2,\"name\":\"Shop\",\"item\":\"https:\/\/librairie7l.com\/en\/shop\/\"},{\"@type\":\"ListItem\",\"position\":3,\"name\":\"VERMEER : EXPOSITION RIJKSMUSEUM\"}]},{\"@type\":\"WebSite\",\"@id\":\"https:\/\/librairie7l.com\/en\/#website\",\"url\":\"https:\/\/librairie7l.com\/en\/\",\"name\":\"Librairie 7L\",\"description\":\"Librairie fond\u00e9e en 1999 par Karl Lagerfeld \u00e0 Paris\",\"publisher\":{\"@id\":\"https:\/\/librairie7l.com\/en\/#organization\"},\"potentialAction\":[{\"@type\":\"SearchAction\",\"target\":{\"@type\":\"EntryPoint\",\"urlTemplate\":\"https:\/\/librairie7l.com\/en\/?s={search_term_string}\"},\"query-input\":\"required name=search_term_string\"}],\"inLanguage\":\"en-US\"},{\"@type\":\"Organization\",\"@id\":\"https:\/\/librairie7l.com\/en\/#organization\",\"name\":\"Librairie 7L\",\"url\":\"https:\/\/librairie7l.com\/en\/\",\"logo\":{\"@type\":\"ImageObject\",\"inLanguage\":\"en-US\",\"@id\":\"https:\/\/librairie7l.com\/en\/#\/schema\/logo\/image\/\",\"url\":\"https:\/\/librairie7l.com\/wp-content\/uploads\/2022\/08\/logo-1.png\",\"contentUrl\":\"https:\/\/librairie7l.com\/wp-content\/uploads\/2022\/08\/logo-1.png\",\"width\":227,\"height\":301,\"caption\":\"Librairie 7L\"},\"image\":{\"@id\":\"https:\/\/librairie7l.com\/en\/#\/schema\/logo\/image\/\"}}]}<\/script>\n<!-- \/ Yoast SEO plugin. -->","yoast_head_json":{"title":"VERMEER : EXPOSITION RIJKSMUSEUM - Librairie 7L","robots":{"index":"index","follow":"follow","max-snippet":"max-snippet:-1","max-image-preview":"max-image-preview:large","max-video-preview":"max-video-preview:-1"},"canonical":"https:\/\/librairie7l.com\/en\/produit\/vermeer-exposition-rijksmuseum\/","og_locale":"en_US","og_type":"article","og_title":"VERMEER : EXPOSITION RIJKSMUSEUM - Librairie 7L","og_description":"Publication officielle accompagnant la plus grande exposition Vermeer jamais r\u00e9alis\u00e9e Depuis des si\u00e8cles, Johannes Vermeer fascine les amateurs d&#8217;art de g\u00e9n\u00e9ration en g\u00e9n\u00e9ration. Ses toiles de renomm\u00e9e mondiale, comme La Laiti\u00e8re et La Jeune Femme \u00e0 la perle, ont fait de lui un peintre de l\u00e9gende. Quant aux sc\u00e8nes d&#8217;int\u00e9rieur, d&#8217;une r\u00e9serve tout intimiste, elles [&hellip;]","og_url":"https:\/\/librairie7l.com\/en\/produit\/vermeer-exposition-rijksmuseum\/","og_site_name":"Librairie 7L","article_modified_time":"2026-05-12T01:13:44+00:00","og_image":[{"width":560,"height":700,"url":"https:\/\/librairie7l.com\/wp-content\/uploads\/2023\/03\/9789464666335_1_75.jpg","type":"image\/jpeg"}],"twitter_card":"summary_large_image","twitter_misc":{"Est. reading time":"1 minute"},"schema":{"@context":"https:\/\/schema.org","@graph":[{"@type":"WebPage","@id":"https:\/\/librairie7l.com\/en\/produit\/vermeer-exposition-rijksmuseum\/","url":"https:\/\/librairie7l.com\/en\/produit\/vermeer-exposition-rijksmuseum\/","name":"VERMEER : EXPOSITION RIJKSMUSEUM - Librairie 7L","isPartOf":{"@id":"https:\/\/librairie7l.com\/en\/#website"},"datePublished":"2023-05-09T15:15:17+00:00","dateModified":"2026-05-12T01:13:44+00:00","breadcrumb":{"@id":"https:\/\/librairie7l.com\/en\/produit\/vermeer-exposition-rijksmuseum\/#breadcrumb"},"inLanguage":"en-US","potentialAction":[{"@type":"ReadAction","target":["https:\/\/librairie7l.com\/en\/produit\/vermeer-exposition-rijksmuseum\/"]}]},{"@type":"BreadcrumbList","@id":"https:\/\/librairie7l.com\/en\/produit\/vermeer-exposition-rijksmuseum\/#breadcrumb","itemListElement":[{"@type":"ListItem","position":1,"name":"Accueil","item":"https:\/\/librairie7l.com\/en\/"},{"@type":"ListItem","position":2,"name":"Shop","item":"https:\/\/librairie7l.com\/en\/shop\/"},{"@type":"ListItem","position":3,"name":"VERMEER : EXPOSITION RIJKSMUSEUM"}]},{"@type":"WebSite","@id":"https:\/\/librairie7l.com\/en\/#website","url":"https:\/\/librairie7l.com\/en\/","name":"Librairie 7L","description":"Librairie fond\u00e9e en 1999 par Karl Lagerfeld \u00e0 Paris","publisher":{"@id":"https:\/\/librairie7l.com\/en\/#organization"},"potentialAction":[{"@type":"SearchAction","target":{"@type":"EntryPoint","urlTemplate":"https:\/\/librairie7l.com\/en\/?s={search_term_string}"},"query-input":"required name=search_term_string"}],"inLanguage":"en-US"},{"@type":"Organization","@id":"https:\/\/librairie7l.com\/en\/#organization","name":"Librairie 7L","url":"https:\/\/librairie7l.com\/en\/","logo":{"@type":"ImageObject","inLanguage":"en-US","@id":"https:\/\/librairie7l.com\/en\/#\/schema\/logo\/image\/","url":"https:\/\/librairie7l.com\/wp-content\/uploads\/2022\/08\/logo-1.png","contentUrl":"https:\/\/librairie7l.com\/wp-content\/uploads\/2022\/08\/logo-1.png","width":227,"height":301,"caption":"Librairie 7L"},"image":{"@id":"https:\/\/librairie7l.com\/en\/#\/schema\/logo\/image\/"}}]}},"_links":{"self":[{"href":"https:\/\/librairie7l.com\/en\/wp-json\/wp\/v2\/product\/16303"}],"collection":[{"href":"https:\/\/librairie7l.com\/en\/wp-json\/wp\/v2\/product"}],"about":[{"href":"https:\/\/librairie7l.com\/en\/wp-json\/wp\/v2\/types\/product"}],"wp:featuredmedia":[{"embeddable":true,"href":"https:\/\/librairie7l.com\/en\/wp-json\/wp\/v2\/media\/16301"}],"wp:attachment":[{"href":"https:\/\/librairie7l.com\/en\/wp-json\/wp\/v2\/media?parent=16303"}],"wp:term":[{"taxonomy":"product_cat","embeddable":true,"href":"https:\/\/librairie7l.com\/en\/wp-json\/wp\/v2\/product_cat?post=16303"},{"taxonomy":"product_tag","embeddable":true,"href":"https:\/\/librairie7l.com\/en\/wp-json\/wp\/v2\/product_tag?post=16303"}],"curies":[{"name":"wp","href":"https:\/\/api.w.org\/{rel}","templated":true}]}}