{"id":16315,"date":"2023-05-09T17:15:27","date_gmt":"2023-05-09T15:15:27","guid":{"rendered":"https:\/\/librairie7l.com\/?post_type=product&#038;p=16315"},"modified":"2026-05-01T16:22:16","modified_gmt":"2026-05-01T14:22:16","slug":"venise-invitation-privee-2","status":"publish","type":"product","link":"https:\/\/librairie7l.com\/en\/produit\/venise-invitation-privee-2\/","title":{"rendered":"VENISE, INVITATION PRIV\u00c9E"},"content":{"rendered":"<p>Venise aux mille reflets, Venise de miroir et de verre, de soie et d&#8217;or, Venise de lumi\u00e8re et de dentelle, de transparence et de porcelaine. En fine connaisseuse, Servane Giol nous entra\u00eene au coeur de l&#8217;art de vivre v\u00e9nitien, invitation intime et sensible pour rencontrer certains des r\u00e9sidents les plus cr\u00e9atifs de la ville. Elle nous ouvre les portes de palais historiques priv\u00e9s ainsi que de maisons et d&#8217;appartements plus r\u00e9cemment restaur\u00e9s, qui appartiennent d\u00e9sormais \u00e0 une nouvelle g\u00e9n\u00e9ration d&#8217;artistes et de designers attir\u00e9s par la beaut\u00e9 rayonnante, l&#8217;\u00e9nergie et le style de vie de la cit\u00e9 lagunaire. Son cercle d&#8217;amis talentueux y apporte un regain de dynamisme et d&#8217;\u00e9l\u00e9gance, donnant une nouvelle visibilit\u00e9 \u00e0 certains des artisanats traditionnels les plus raffin\u00e9s, les sauvegardant avec passion pour les g\u00e9n\u00e9rations futures. Cette d\u00e9claration d&#8217;amour aux beaut\u00e9s secr\u00e8tes et aux savoir-faire qui ont fait la r\u00e9putation de Venise est brillamment photographi\u00e9e par Mattia Aquila. Tout \u00e0 la fois r\u00e9v\u00e9lation et imp\u00e9rissable souvenir, pour tous ceux qui n&#8217;oublieront jamais l&#8217;\u00e9blouissement de la premi\u00e8re vision des d\u00f4mes, des campaniles et du silence dor\u00e9 et iris de la ville mythique flottant entre ciel et mer.<\/p>\n","protected":false},"excerpt":{"rendered":"<p>Venise aux mille reflets, Venise de miroir et de verre, de soie et d&#8217;or, Venise de lumi\u00e8re et de dentelle, de transparence et de porcelaine. En fine connaisseuse, Servane Giol nous entra\u00eene au coeur de l&#8217;art de vivre v\u00e9nitien, invitation intime et sensible pour rencontrer certains des r\u00e9sidents les plus cr\u00e9atifs de la ville. Elle [&hellip;]<\/p>\n","protected":false},"featured_media":16313,"template":"","meta":[],"product_cat":[55,2948,46,2951],"product_tag":[],"acf":[],"yoast_head":"<!-- This site is optimized with the Yoast SEO plugin v20.11 - https:\/\/yoast.com\/wordpress\/plugins\/seo\/ -->\n<title>VENISE, INVITATION PRIV\u00c9E - Librairie 7L<\/title>\n<meta name=\"robots\" content=\"index, follow, max-snippet:-1, max-image-preview:large, max-video-preview:-1\" \/>\n<link rel=\"canonical\" href=\"https:\/\/librairie7l.com\/en\/produit\/venise-invitation-privee-2\/\" \/>\n<meta property=\"og:locale\" content=\"en_US\" \/>\n<meta property=\"og:type\" content=\"article\" \/>\n<meta property=\"og:title\" content=\"VENISE, INVITATION PRIV\u00c9E - Librairie 7L\" \/>\n<meta property=\"og:description\" content=\"Venise aux mille reflets, Venise de miroir et de verre, de soie et d&#8217;or, Venise de lumi\u00e8re et de dentelle, de transparence et de porcelaine. En fine connaisseuse, Servane Giol nous entra\u00eene au coeur de l&#8217;art de vivre v\u00e9nitien, invitation intime et sensible pour rencontrer certains des r\u00e9sidents les plus cr\u00e9atifs de la ville. Elle [&hellip;]\" \/>\n<meta property=\"og:url\" content=\"https:\/\/librairie7l.com\/en\/produit\/venise-invitation-privee-2\/\" \/>\n<meta property=\"og:site_name\" content=\"Librairie 7L\" \/>\n<meta property=\"article:modified_time\" content=\"2026-05-01T14:22:16+00:00\" \/>\n<meta property=\"og:image\" content=\"https:\/\/librairie7l.com\/wp-content\/uploads\/2022\/10\/9782080260314_1_75.jpg\" \/>\n\t<meta property=\"og:image:width\" content=\"600\" \/>\n\t<meta property=\"og:image:height\" content=\"763\" \/>\n\t<meta property=\"og:image:type\" content=\"image\/jpeg\" \/>\n<meta name=\"twitter:card\" content=\"summary_large_image\" \/>\n<meta name=\"twitter:label1\" content=\"Est. reading time\" \/>\n\t<meta name=\"twitter:data1\" content=\"1 minute\" \/>\n<script type=\"application\/ld+json\" class=\"yoast-schema-graph\">{\"@context\":\"https:\/\/schema.org\",\"@graph\":[{\"@type\":\"WebPage\",\"@id\":\"https:\/\/librairie7l.com\/en\/produit\/venise-invitation-privee-2\/\",\"url\":\"https:\/\/librairie7l.com\/en\/produit\/venise-invitation-privee-2\/\",\"name\":\"VENISE, INVITATION PRIV\u00c9E - Librairie 7L\",\"isPartOf\":{\"@id\":\"https:\/\/librairie7l.com\/en\/#website\"},\"datePublished\":\"2023-05-09T15:15:27+00:00\",\"dateModified\":\"2026-05-01T14:22:16+00:00\",\"breadcrumb\":{\"@id\":\"https:\/\/librairie7l.com\/en\/produit\/venise-invitation-privee-2\/#breadcrumb\"},\"inLanguage\":\"en-US\",\"potentialAction\":[{\"@type\":\"ReadAction\",\"target\":[\"https:\/\/librairie7l.com\/en\/produit\/venise-invitation-privee-2\/\"]}]},{\"@type\":\"BreadcrumbList\",\"@id\":\"https:\/\/librairie7l.com\/en\/produit\/venise-invitation-privee-2\/#breadcrumb\",\"itemListElement\":[{\"@type\":\"ListItem\",\"position\":1,\"name\":\"Accueil\",\"item\":\"https:\/\/librairie7l.com\/en\/\"},{\"@type\":\"ListItem\",\"position\":2,\"name\":\"Shop\",\"item\":\"https:\/\/librairie7l.com\/en\/shop\/\"},{\"@type\":\"ListItem\",\"position\":3,\"name\":\"VENISE, INVITATION PRIV\u00c9E\"}]},{\"@type\":\"WebSite\",\"@id\":\"https:\/\/librairie7l.com\/en\/#website\",\"url\":\"https:\/\/librairie7l.com\/en\/\",\"name\":\"Librairie 7L\",\"description\":\"Librairie fond\u00e9e en 1999 par Karl Lagerfeld \u00e0 Paris\",\"publisher\":{\"@id\":\"https:\/\/librairie7l.com\/en\/#organization\"},\"potentialAction\":[{\"@type\":\"SearchAction\",\"target\":{\"@type\":\"EntryPoint\",\"urlTemplate\":\"https:\/\/librairie7l.com\/en\/?s={search_term_string}\"},\"query-input\":\"required name=search_term_string\"}],\"inLanguage\":\"en-US\"},{\"@type\":\"Organization\",\"@id\":\"https:\/\/librairie7l.com\/en\/#organization\",\"name\":\"Librairie 7L\",\"url\":\"https:\/\/librairie7l.com\/en\/\",\"logo\":{\"@type\":\"ImageObject\",\"inLanguage\":\"en-US\",\"@id\":\"https:\/\/librairie7l.com\/en\/#\/schema\/logo\/image\/\",\"url\":\"https:\/\/librairie7l.com\/wp-content\/uploads\/2022\/08\/logo-1.png\",\"contentUrl\":\"https:\/\/librairie7l.com\/wp-content\/uploads\/2022\/08\/logo-1.png\",\"width\":227,\"height\":301,\"caption\":\"Librairie 7L\"},\"image\":{\"@id\":\"https:\/\/librairie7l.com\/en\/#\/schema\/logo\/image\/\"}}]}<\/script>\n<!-- \/ Yoast SEO plugin. -->","yoast_head_json":{"title":"VENISE, INVITATION PRIV\u00c9E - Librairie 7L","robots":{"index":"index","follow":"follow","max-snippet":"max-snippet:-1","max-image-preview":"max-image-preview:large","max-video-preview":"max-video-preview:-1"},"canonical":"https:\/\/librairie7l.com\/en\/produit\/venise-invitation-privee-2\/","og_locale":"en_US","og_type":"article","og_title":"VENISE, INVITATION PRIV\u00c9E - Librairie 7L","og_description":"Venise aux mille reflets, Venise de miroir et de verre, de soie et d&#8217;or, Venise de lumi\u00e8re et de dentelle, de transparence et de porcelaine. En fine connaisseuse, Servane Giol nous entra\u00eene au coeur de l&#8217;art de vivre v\u00e9nitien, invitation intime et sensible pour rencontrer certains des r\u00e9sidents les plus cr\u00e9atifs de la ville. Elle [&hellip;]","og_url":"https:\/\/librairie7l.com\/en\/produit\/venise-invitation-privee-2\/","og_site_name":"Librairie 7L","article_modified_time":"2026-05-01T14:22:16+00:00","og_image":[{"width":600,"height":763,"url":"https:\/\/librairie7l.com\/wp-content\/uploads\/2022\/10\/9782080260314_1_75.jpg","type":"image\/jpeg"}],"twitter_card":"summary_large_image","twitter_misc":{"Est. reading time":"1 minute"},"schema":{"@context":"https:\/\/schema.org","@graph":[{"@type":"WebPage","@id":"https:\/\/librairie7l.com\/en\/produit\/venise-invitation-privee-2\/","url":"https:\/\/librairie7l.com\/en\/produit\/venise-invitation-privee-2\/","name":"VENISE, INVITATION PRIV\u00c9E - Librairie 7L","isPartOf":{"@id":"https:\/\/librairie7l.com\/en\/#website"},"datePublished":"2023-05-09T15:15:27+00:00","dateModified":"2026-05-01T14:22:16+00:00","breadcrumb":{"@id":"https:\/\/librairie7l.com\/en\/produit\/venise-invitation-privee-2\/#breadcrumb"},"inLanguage":"en-US","potentialAction":[{"@type":"ReadAction","target":["https:\/\/librairie7l.com\/en\/produit\/venise-invitation-privee-2\/"]}]},{"@type":"BreadcrumbList","@id":"https:\/\/librairie7l.com\/en\/produit\/venise-invitation-privee-2\/#breadcrumb","itemListElement":[{"@type":"ListItem","position":1,"name":"Accueil","item":"https:\/\/librairie7l.com\/en\/"},{"@type":"ListItem","position":2,"name":"Shop","item":"https:\/\/librairie7l.com\/en\/shop\/"},{"@type":"ListItem","position":3,"name":"VENISE, INVITATION PRIV\u00c9E"}]},{"@type":"WebSite","@id":"https:\/\/librairie7l.com\/en\/#website","url":"https:\/\/librairie7l.com\/en\/","name":"Librairie 7L","description":"Librairie fond\u00e9e en 1999 par Karl Lagerfeld \u00e0 Paris","publisher":{"@id":"https:\/\/librairie7l.com\/en\/#organization"},"potentialAction":[{"@type":"SearchAction","target":{"@type":"EntryPoint","urlTemplate":"https:\/\/librairie7l.com\/en\/?s={search_term_string}"},"query-input":"required name=search_term_string"}],"inLanguage":"en-US"},{"@type":"Organization","@id":"https:\/\/librairie7l.com\/en\/#organization","name":"Librairie 7L","url":"https:\/\/librairie7l.com\/en\/","logo":{"@type":"ImageObject","inLanguage":"en-US","@id":"https:\/\/librairie7l.com\/en\/#\/schema\/logo\/image\/","url":"https:\/\/librairie7l.com\/wp-content\/uploads\/2022\/08\/logo-1.png","contentUrl":"https:\/\/librairie7l.com\/wp-content\/uploads\/2022\/08\/logo-1.png","width":227,"height":301,"caption":"Librairie 7L"},"image":{"@id":"https:\/\/librairie7l.com\/en\/#\/schema\/logo\/image\/"}}]}},"_links":{"self":[{"href":"https:\/\/librairie7l.com\/en\/wp-json\/wp\/v2\/product\/16315"}],"collection":[{"href":"https:\/\/librairie7l.com\/en\/wp-json\/wp\/v2\/product"}],"about":[{"href":"https:\/\/librairie7l.com\/en\/wp-json\/wp\/v2\/types\/product"}],"wp:featuredmedia":[{"embeddable":true,"href":"https:\/\/librairie7l.com\/en\/wp-json\/wp\/v2\/media\/16313"}],"wp:attachment":[{"href":"https:\/\/librairie7l.com\/en\/wp-json\/wp\/v2\/media?parent=16315"}],"wp:term":[{"taxonomy":"product_cat","embeddable":true,"href":"https:\/\/librairie7l.com\/en\/wp-json\/wp\/v2\/product_cat?post=16315"},{"taxonomy":"product_tag","embeddable":true,"href":"https:\/\/librairie7l.com\/en\/wp-json\/wp\/v2\/product_tag?post=16315"}],"curies":[{"name":"wp","href":"https:\/\/api.w.org\/{rel}","templated":true}]}}