{"id":16323,"date":"2023-05-09T17:15:34","date_gmt":"2023-05-09T15:15:34","guid":{"rendered":"https:\/\/librairie7l.com\/?post_type=product&#038;p=16323"},"modified":"2026-04-21T12:01:51","modified_gmt":"2026-04-21T10:01:51","slug":"anne-eisner-au-congo-art-et-ethnologie-1946-1958","status":"publish","type":"product","link":"https:\/\/librairie7l.com\/en\/produit\/anne-eisner-au-congo-art-et-ethnologie-1946-1958\/","title":{"rendered":"ANNE EISNER AU CONGO, ART ET ETHNOLOGIE 1946-1958"},"content":{"rendered":"<p>N\u00e9 aux \u00c9tats-Unis, l&#8217;artiste Anne Eisner (1911-1967) a  voyag\u00e9 en Afrique d\u00e8s 1946 avec son futur mari Patrick  Putnam, fondateur du Putnam camp \u00e0 Epulu au Congo  belge (actuelle RDC) qui accueillait touristes, ethnologues  et anthropologues. Pendant sept ann\u00e9es, Anne Eisner va  vivre \u00e0 Epulu, au sein d&#8217;une communaut\u00e9 multi-ethnique  comprenant notamment les pygm\u00e9es Mbuti vivant dans la  for\u00eat et les Bantu install\u00e9s dans les villages. Ces rencontres  nourrissent son inspiration. Ses oeuvres peintes sur place  ont pour sujet principal la for\u00eat environnante, dans des  compositions marqu\u00e9es par les effets d&#8217;ombre et de lumi\u00e8re.<br \/>\nDe retour \u00e0 New York en 1954, Anne Eisner peint l&#8217;Afrique  de m\u00e9moire dans une v\u00e9ritable explosion cr\u00e9atrice. Entre  1956 et 1957, elle repr\u00e9sente les femmes Mbuti et Bantu  dans leurs t\u00e2ches quotidiennes dans une s\u00e9rie de tableaux  \u00e0 l&#8217;huile et de gouaches. D&#8217;autres oeuvres plus tardives  t\u00e9moignent de son go\u00fbt pour l&#8217;abstraction. M\u00e9connus,  l&#8217;oeuvre et le parcours d&#8217;Anne Eisner trouvent ici une  reconnaissance m\u00e9rit\u00e9e. Cet ouvrage, version fran\u00e7aise  d&#8217;un livre en anglais paru en 2005, prolonge l&#8217;exposition  organis\u00e9e au mus\u00e9e du Quai Branly et c\u00e9l\u00e8bre l&#8217;arriv\u00e9e  de ces nouvelles oeuvres dans les collections du mus\u00e9e.<\/p>\n","protected":false},"excerpt":{"rendered":"<p>N\u00e9 aux \u00c9tats-Unis, l&#8217;artiste Anne Eisner (1911-1967) a voyag\u00e9 en Afrique d\u00e8s 1946 avec son futur mari Patrick Putnam, fondateur du Putnam camp \u00e0 Epulu au Congo belge (actuelle RDC) qui accueillait touristes, ethnologues et anthropologues. Pendant sept ann\u00e9es, Anne Eisner va vivre \u00e0 Epulu, au sein d&#8217;une communaut\u00e9 multi-ethnique comprenant notamment les pygm\u00e9es Mbuti [&hellip;]<\/p>\n","protected":false},"featured_media":16321,"template":"","meta":[],"product_cat":[55,2948,47,2953],"product_tag":[],"acf":[],"yoast_head":"<!-- This site is optimized with the Yoast SEO plugin v20.11 - https:\/\/yoast.com\/wordpress\/plugins\/seo\/ -->\n<title>ANNE EISNER AU CONGO, ART ET ETHNOLOGIE 1946-1958 - Librairie 7L<\/title>\n<meta name=\"robots\" content=\"index, follow, max-snippet:-1, max-image-preview:large, max-video-preview:-1\" \/>\n<link rel=\"canonical\" href=\"https:\/\/librairie7l.com\/en\/produit\/anne-eisner-au-congo-art-et-ethnologie-1946-1958\/\" \/>\n<meta property=\"og:locale\" content=\"en_US\" \/>\n<meta property=\"og:type\" content=\"article\" \/>\n<meta property=\"og:title\" content=\"ANNE EISNER AU CONGO, ART ET ETHNOLOGIE 1946-1958 - Librairie 7L\" \/>\n<meta property=\"og:description\" content=\"N\u00e9 aux \u00c9tats-Unis, l&#8217;artiste Anne Eisner (1911-1967) a voyag\u00e9 en Afrique d\u00e8s 1946 avec son futur mari Patrick Putnam, fondateur du Putnam camp \u00e0 Epulu au Congo belge (actuelle RDC) qui accueillait touristes, ethnologues et anthropologues. Pendant sept ann\u00e9es, Anne Eisner va vivre \u00e0 Epulu, au sein d&#8217;une communaut\u00e9 multi-ethnique comprenant notamment les pygm\u00e9es Mbuti [&hellip;]\" \/>\n<meta property=\"og:url\" content=\"https:\/\/librairie7l.com\/en\/produit\/anne-eisner-au-congo-art-et-ethnologie-1946-1958\/\" \/>\n<meta property=\"og:site_name\" content=\"Librairie 7L\" \/>\n<meta property=\"article:modified_time\" content=\"2026-04-21T10:01:51+00:00\" \/>\n<meta property=\"og:image\" content=\"https:\/\/librairie7l.com\/wp-content\/uploads\/2023\/04\/9782370742018_1_75.jpg\" \/>\n\t<meta property=\"og:image:width\" content=\"600\" \/>\n\t<meta property=\"og:image:height\" content=\"822\" \/>\n\t<meta property=\"og:image:type\" content=\"image\/jpeg\" \/>\n<meta name=\"twitter:card\" content=\"summary_large_image\" \/>\n<meta name=\"twitter:label1\" content=\"Est. reading time\" \/>\n\t<meta name=\"twitter:data1\" content=\"1 minute\" \/>\n<script type=\"application\/ld+json\" class=\"yoast-schema-graph\">{\"@context\":\"https:\/\/schema.org\",\"@graph\":[{\"@type\":\"WebPage\",\"@id\":\"https:\/\/librairie7l.com\/en\/produit\/anne-eisner-au-congo-art-et-ethnologie-1946-1958\/\",\"url\":\"https:\/\/librairie7l.com\/en\/produit\/anne-eisner-au-congo-art-et-ethnologie-1946-1958\/\",\"name\":\"ANNE EISNER AU CONGO, ART ET ETHNOLOGIE 1946-1958 - Librairie 7L\",\"isPartOf\":{\"@id\":\"https:\/\/librairie7l.com\/en\/#website\"},\"datePublished\":\"2023-05-09T15:15:34+00:00\",\"dateModified\":\"2026-04-21T10:01:51+00:00\",\"breadcrumb\":{\"@id\":\"https:\/\/librairie7l.com\/en\/produit\/anne-eisner-au-congo-art-et-ethnologie-1946-1958\/#breadcrumb\"},\"inLanguage\":\"en-US\",\"potentialAction\":[{\"@type\":\"ReadAction\",\"target\":[\"https:\/\/librairie7l.com\/en\/produit\/anne-eisner-au-congo-art-et-ethnologie-1946-1958\/\"]}]},{\"@type\":\"BreadcrumbList\",\"@id\":\"https:\/\/librairie7l.com\/en\/produit\/anne-eisner-au-congo-art-et-ethnologie-1946-1958\/#breadcrumb\",\"itemListElement\":[{\"@type\":\"ListItem\",\"position\":1,\"name\":\"Accueil\",\"item\":\"https:\/\/librairie7l.com\/en\/\"},{\"@type\":\"ListItem\",\"position\":2,\"name\":\"Shop\",\"item\":\"https:\/\/librairie7l.com\/en\/shop\/\"},{\"@type\":\"ListItem\",\"position\":3,\"name\":\"ANNE EISNER AU CONGO, ART ET ETHNOLOGIE 1946-1958\"}]},{\"@type\":\"WebSite\",\"@id\":\"https:\/\/librairie7l.com\/en\/#website\",\"url\":\"https:\/\/librairie7l.com\/en\/\",\"name\":\"Librairie 7L\",\"description\":\"Librairie fond\u00e9e en 1999 par Karl Lagerfeld \u00e0 Paris\",\"publisher\":{\"@id\":\"https:\/\/librairie7l.com\/en\/#organization\"},\"potentialAction\":[{\"@type\":\"SearchAction\",\"target\":{\"@type\":\"EntryPoint\",\"urlTemplate\":\"https:\/\/librairie7l.com\/en\/?s={search_term_string}\"},\"query-input\":\"required name=search_term_string\"}],\"inLanguage\":\"en-US\"},{\"@type\":\"Organization\",\"@id\":\"https:\/\/librairie7l.com\/en\/#organization\",\"name\":\"Librairie 7L\",\"url\":\"https:\/\/librairie7l.com\/en\/\",\"logo\":{\"@type\":\"ImageObject\",\"inLanguage\":\"en-US\",\"@id\":\"https:\/\/librairie7l.com\/en\/#\/schema\/logo\/image\/\",\"url\":\"https:\/\/librairie7l.com\/wp-content\/uploads\/2022\/08\/logo-1.png\",\"contentUrl\":\"https:\/\/librairie7l.com\/wp-content\/uploads\/2022\/08\/logo-1.png\",\"width\":227,\"height\":301,\"caption\":\"Librairie 7L\"},\"image\":{\"@id\":\"https:\/\/librairie7l.com\/en\/#\/schema\/logo\/image\/\"}}]}<\/script>\n<!-- \/ Yoast SEO plugin. -->","yoast_head_json":{"title":"ANNE EISNER AU CONGO, ART ET ETHNOLOGIE 1946-1958 - Librairie 7L","robots":{"index":"index","follow":"follow","max-snippet":"max-snippet:-1","max-image-preview":"max-image-preview:large","max-video-preview":"max-video-preview:-1"},"canonical":"https:\/\/librairie7l.com\/en\/produit\/anne-eisner-au-congo-art-et-ethnologie-1946-1958\/","og_locale":"en_US","og_type":"article","og_title":"ANNE EISNER AU CONGO, ART ET ETHNOLOGIE 1946-1958 - Librairie 7L","og_description":"N\u00e9 aux \u00c9tats-Unis, l&#8217;artiste Anne Eisner (1911-1967) a voyag\u00e9 en Afrique d\u00e8s 1946 avec son futur mari Patrick Putnam, fondateur du Putnam camp \u00e0 Epulu au Congo belge (actuelle RDC) qui accueillait touristes, ethnologues et anthropologues. Pendant sept ann\u00e9es, Anne Eisner va vivre \u00e0 Epulu, au sein d&#8217;une communaut\u00e9 multi-ethnique comprenant notamment les pygm\u00e9es Mbuti [&hellip;]","og_url":"https:\/\/librairie7l.com\/en\/produit\/anne-eisner-au-congo-art-et-ethnologie-1946-1958\/","og_site_name":"Librairie 7L","article_modified_time":"2026-04-21T10:01:51+00:00","og_image":[{"width":600,"height":822,"url":"https:\/\/librairie7l.com\/wp-content\/uploads\/2023\/04\/9782370742018_1_75.jpg","type":"image\/jpeg"}],"twitter_card":"summary_large_image","twitter_misc":{"Est. reading time":"1 minute"},"schema":{"@context":"https:\/\/schema.org","@graph":[{"@type":"WebPage","@id":"https:\/\/librairie7l.com\/en\/produit\/anne-eisner-au-congo-art-et-ethnologie-1946-1958\/","url":"https:\/\/librairie7l.com\/en\/produit\/anne-eisner-au-congo-art-et-ethnologie-1946-1958\/","name":"ANNE EISNER AU CONGO, ART ET ETHNOLOGIE 1946-1958 - Librairie 7L","isPartOf":{"@id":"https:\/\/librairie7l.com\/en\/#website"},"datePublished":"2023-05-09T15:15:34+00:00","dateModified":"2026-04-21T10:01:51+00:00","breadcrumb":{"@id":"https:\/\/librairie7l.com\/en\/produit\/anne-eisner-au-congo-art-et-ethnologie-1946-1958\/#breadcrumb"},"inLanguage":"en-US","potentialAction":[{"@type":"ReadAction","target":["https:\/\/librairie7l.com\/en\/produit\/anne-eisner-au-congo-art-et-ethnologie-1946-1958\/"]}]},{"@type":"BreadcrumbList","@id":"https:\/\/librairie7l.com\/en\/produit\/anne-eisner-au-congo-art-et-ethnologie-1946-1958\/#breadcrumb","itemListElement":[{"@type":"ListItem","position":1,"name":"Accueil","item":"https:\/\/librairie7l.com\/en\/"},{"@type":"ListItem","position":2,"name":"Shop","item":"https:\/\/librairie7l.com\/en\/shop\/"},{"@type":"ListItem","position":3,"name":"ANNE EISNER AU CONGO, ART ET ETHNOLOGIE 1946-1958"}]},{"@type":"WebSite","@id":"https:\/\/librairie7l.com\/en\/#website","url":"https:\/\/librairie7l.com\/en\/","name":"Librairie 7L","description":"Librairie fond\u00e9e en 1999 par Karl Lagerfeld \u00e0 Paris","publisher":{"@id":"https:\/\/librairie7l.com\/en\/#organization"},"potentialAction":[{"@type":"SearchAction","target":{"@type":"EntryPoint","urlTemplate":"https:\/\/librairie7l.com\/en\/?s={search_term_string}"},"query-input":"required name=search_term_string"}],"inLanguage":"en-US"},{"@type":"Organization","@id":"https:\/\/librairie7l.com\/en\/#organization","name":"Librairie 7L","url":"https:\/\/librairie7l.com\/en\/","logo":{"@type":"ImageObject","inLanguage":"en-US","@id":"https:\/\/librairie7l.com\/en\/#\/schema\/logo\/image\/","url":"https:\/\/librairie7l.com\/wp-content\/uploads\/2022\/08\/logo-1.png","contentUrl":"https:\/\/librairie7l.com\/wp-content\/uploads\/2022\/08\/logo-1.png","width":227,"height":301,"caption":"Librairie 7L"},"image":{"@id":"https:\/\/librairie7l.com\/en\/#\/schema\/logo\/image\/"}}]}},"_links":{"self":[{"href":"https:\/\/librairie7l.com\/en\/wp-json\/wp\/v2\/product\/16323"}],"collection":[{"href":"https:\/\/librairie7l.com\/en\/wp-json\/wp\/v2\/product"}],"about":[{"href":"https:\/\/librairie7l.com\/en\/wp-json\/wp\/v2\/types\/product"}],"wp:featuredmedia":[{"embeddable":true,"href":"https:\/\/librairie7l.com\/en\/wp-json\/wp\/v2\/media\/16321"}],"wp:attachment":[{"href":"https:\/\/librairie7l.com\/en\/wp-json\/wp\/v2\/media?parent=16323"}],"wp:term":[{"taxonomy":"product_cat","embeddable":true,"href":"https:\/\/librairie7l.com\/en\/wp-json\/wp\/v2\/product_cat?post=16323"},{"taxonomy":"product_tag","embeddable":true,"href":"https:\/\/librairie7l.com\/en\/wp-json\/wp\/v2\/product_tag?post=16323"}],"curies":[{"name":"wp","href":"https:\/\/api.w.org\/{rel}","templated":true}]}}