{"id":16339,"date":"2023-05-09T17:15:47","date_gmt":"2023-05-09T15:15:47","guid":{"rendered":"https:\/\/librairie7l.com\/?post_type=product&#038;p=16339"},"modified":"2026-04-17T13:04:25","modified_gmt":"2026-04-17T11:04:25","slug":"proust-et-les-arts-detoiles-en-etoiles","status":"publish","type":"product","link":"https:\/\/librairie7l.com\/en\/produit\/proust-et-les-arts-detoiles-en-etoiles\/","title":{"rendered":"PROUST ET LES ARTS : D&#8217;\u00c9TOILES EN \u00c9TOILES"},"content":{"rendered":"<p>\u00c9crit comme un r\u00e9cit, cet ouvrage envisage la vie et l&#8217;oeuvre de Marcel Proust (1871-1922) par le prisme de ses go\u00fbts artistiques, des premiers pas du jeune homme en qu\u00eate d&#8217;une vocation \u00e0 ceux du romancier inventeur du peintre Elstir. Cette vaste culture esth\u00e9tique, l&#8217;\u00e9crivain l&#8217;a constitu\u00e9e tout au long de sa vie, en fr\u00e9quentant les galeries, les mus\u00e9es, les cr\u00e9ateurs, et en visitant des villes d&#8217;art.<br \/>\nC&#8217;est \u00e0 un voyage \u00e0 travers les \u00e9poques et les paysages que nous convie ce livre, autant qu&#8217;\u00e0 une plong\u00e9e dans \u00c0 la recherche du temps perdu.<br \/>\nOn y retrouve les oeuvres que Proust a aim\u00e9es, des fresques de Giotto \u00e0 la Vue de Delft de Vermeer, mais aussi d&#8217;innombrables tableaux dissimul\u00e9s, plus secrets, que Thierry Laget explore page apr\u00e8s page, jusqu&#8217;aux traces d&#8217;Elstir, peintre myst\u00e9rieux. N&#8217;\u00e9tait-il pas un peu Corot, un peu Manet ? ou Helleu? Turner ? Whistler, Moreau, Monet, Renoir&#8230;?<\/p>\n","protected":false},"excerpt":{"rendered":"<p>\u00c9crit comme un r\u00e9cit, cet ouvrage envisage la vie et l&#8217;oeuvre de Marcel Proust (1871-1922) par le prisme de ses go\u00fbts artistiques, des premiers pas du jeune homme en qu\u00eate d&#8217;une vocation \u00e0 ceux du romancier inventeur du peintre Elstir. Cette vaste culture esth\u00e9tique, l&#8217;\u00e9crivain l&#8217;a constitu\u00e9e tout au long de sa vie, en fr\u00e9quentant [&hellip;]<\/p>\n","protected":false},"featured_media":16337,"template":"","meta":[],"product_cat":[55,2948,47,2953],"product_tag":[],"acf":[],"yoast_head":"<!-- This site is optimized with the Yoast SEO plugin v20.11 - https:\/\/yoast.com\/wordpress\/plugins\/seo\/ -->\n<title>PROUST ET LES ARTS : D&#039;\u00c9TOILES EN \u00c9TOILES - Librairie 7L<\/title>\n<meta name=\"robots\" content=\"index, follow, max-snippet:-1, max-image-preview:large, max-video-preview:-1\" \/>\n<link rel=\"canonical\" href=\"https:\/\/librairie7l.com\/en\/produit\/proust-et-les-arts-detoiles-en-etoiles\/\" \/>\n<meta property=\"og:locale\" content=\"en_US\" \/>\n<meta property=\"og:type\" content=\"article\" \/>\n<meta property=\"og:title\" content=\"PROUST ET LES ARTS : D&#039;\u00c9TOILES EN \u00c9TOILES - Librairie 7L\" \/>\n<meta property=\"og:description\" content=\"\u00c9crit comme un r\u00e9cit, cet ouvrage envisage la vie et l&#8217;oeuvre de Marcel Proust (1871-1922) par le prisme de ses go\u00fbts artistiques, des premiers pas du jeune homme en qu\u00eate d&#8217;une vocation \u00e0 ceux du romancier inventeur du peintre Elstir. Cette vaste culture esth\u00e9tique, l&#8217;\u00e9crivain l&#8217;a constitu\u00e9e tout au long de sa vie, en fr\u00e9quentant [&hellip;]\" \/>\n<meta property=\"og:url\" content=\"https:\/\/librairie7l.com\/en\/produit\/proust-et-les-arts-detoiles-en-etoiles\/\" \/>\n<meta property=\"og:site_name\" content=\"Librairie 7L\" \/>\n<meta property=\"article:modified_time\" content=\"2026-04-17T11:04:25+00:00\" \/>\n<meta property=\"og:image\" content=\"https:\/\/librairie7l.com\/wp-content\/uploads\/2022\/10\/9782754112147_1_75.jpg\" \/>\n\t<meta property=\"og:image:width\" content=\"600\" \/>\n\t<meta property=\"og:image:height\" content=\"690\" \/>\n\t<meta property=\"og:image:type\" content=\"image\/jpeg\" \/>\n<meta name=\"twitter:card\" content=\"summary_large_image\" \/>\n<meta name=\"twitter:label1\" content=\"Est. reading time\" \/>\n\t<meta name=\"twitter:data1\" content=\"1 minute\" \/>\n<script type=\"application\/ld+json\" class=\"yoast-schema-graph\">{\"@context\":\"https:\/\/schema.org\",\"@graph\":[{\"@type\":\"WebPage\",\"@id\":\"https:\/\/librairie7l.com\/en\/produit\/proust-et-les-arts-detoiles-en-etoiles\/\",\"url\":\"https:\/\/librairie7l.com\/en\/produit\/proust-et-les-arts-detoiles-en-etoiles\/\",\"name\":\"PROUST ET LES ARTS : D'\u00c9TOILES EN \u00c9TOILES - Librairie 7L\",\"isPartOf\":{\"@id\":\"https:\/\/librairie7l.com\/en\/#website\"},\"datePublished\":\"2023-05-09T15:15:47+00:00\",\"dateModified\":\"2026-04-17T11:04:25+00:00\",\"breadcrumb\":{\"@id\":\"https:\/\/librairie7l.com\/en\/produit\/proust-et-les-arts-detoiles-en-etoiles\/#breadcrumb\"},\"inLanguage\":\"en-US\",\"potentialAction\":[{\"@type\":\"ReadAction\",\"target\":[\"https:\/\/librairie7l.com\/en\/produit\/proust-et-les-arts-detoiles-en-etoiles\/\"]}]},{\"@type\":\"BreadcrumbList\",\"@id\":\"https:\/\/librairie7l.com\/en\/produit\/proust-et-les-arts-detoiles-en-etoiles\/#breadcrumb\",\"itemListElement\":[{\"@type\":\"ListItem\",\"position\":1,\"name\":\"Accueil\",\"item\":\"https:\/\/librairie7l.com\/en\/\"},{\"@type\":\"ListItem\",\"position\":2,\"name\":\"Shop\",\"item\":\"https:\/\/librairie7l.com\/en\/shop\/\"},{\"@type\":\"ListItem\",\"position\":3,\"name\":\"PROUST ET LES ARTS : D&#8217;\u00c9TOILES EN \u00c9TOILES\"}]},{\"@type\":\"WebSite\",\"@id\":\"https:\/\/librairie7l.com\/en\/#website\",\"url\":\"https:\/\/librairie7l.com\/en\/\",\"name\":\"Librairie 7L\",\"description\":\"Librairie fond\u00e9e en 1999 par Karl Lagerfeld \u00e0 Paris\",\"publisher\":{\"@id\":\"https:\/\/librairie7l.com\/en\/#organization\"},\"potentialAction\":[{\"@type\":\"SearchAction\",\"target\":{\"@type\":\"EntryPoint\",\"urlTemplate\":\"https:\/\/librairie7l.com\/en\/?s={search_term_string}\"},\"query-input\":\"required name=search_term_string\"}],\"inLanguage\":\"en-US\"},{\"@type\":\"Organization\",\"@id\":\"https:\/\/librairie7l.com\/en\/#organization\",\"name\":\"Librairie 7L\",\"url\":\"https:\/\/librairie7l.com\/en\/\",\"logo\":{\"@type\":\"ImageObject\",\"inLanguage\":\"en-US\",\"@id\":\"https:\/\/librairie7l.com\/en\/#\/schema\/logo\/image\/\",\"url\":\"https:\/\/librairie7l.com\/wp-content\/uploads\/2022\/08\/logo-1.png\",\"contentUrl\":\"https:\/\/librairie7l.com\/wp-content\/uploads\/2022\/08\/logo-1.png\",\"width\":227,\"height\":301,\"caption\":\"Librairie 7L\"},\"image\":{\"@id\":\"https:\/\/librairie7l.com\/en\/#\/schema\/logo\/image\/\"}}]}<\/script>\n<!-- \/ Yoast SEO plugin. -->","yoast_head_json":{"title":"PROUST ET LES ARTS : D'\u00c9TOILES EN \u00c9TOILES - Librairie 7L","robots":{"index":"index","follow":"follow","max-snippet":"max-snippet:-1","max-image-preview":"max-image-preview:large","max-video-preview":"max-video-preview:-1"},"canonical":"https:\/\/librairie7l.com\/en\/produit\/proust-et-les-arts-detoiles-en-etoiles\/","og_locale":"en_US","og_type":"article","og_title":"PROUST ET LES ARTS : D'\u00c9TOILES EN \u00c9TOILES - Librairie 7L","og_description":"\u00c9crit comme un r\u00e9cit, cet ouvrage envisage la vie et l&#8217;oeuvre de Marcel Proust (1871-1922) par le prisme de ses go\u00fbts artistiques, des premiers pas du jeune homme en qu\u00eate d&#8217;une vocation \u00e0 ceux du romancier inventeur du peintre Elstir. Cette vaste culture esth\u00e9tique, l&#8217;\u00e9crivain l&#8217;a constitu\u00e9e tout au long de sa vie, en fr\u00e9quentant [&hellip;]","og_url":"https:\/\/librairie7l.com\/en\/produit\/proust-et-les-arts-detoiles-en-etoiles\/","og_site_name":"Librairie 7L","article_modified_time":"2026-04-17T11:04:25+00:00","og_image":[{"width":600,"height":690,"url":"https:\/\/librairie7l.com\/wp-content\/uploads\/2022\/10\/9782754112147_1_75.jpg","type":"image\/jpeg"}],"twitter_card":"summary_large_image","twitter_misc":{"Est. reading time":"1 minute"},"schema":{"@context":"https:\/\/schema.org","@graph":[{"@type":"WebPage","@id":"https:\/\/librairie7l.com\/en\/produit\/proust-et-les-arts-detoiles-en-etoiles\/","url":"https:\/\/librairie7l.com\/en\/produit\/proust-et-les-arts-detoiles-en-etoiles\/","name":"PROUST ET LES ARTS : D'\u00c9TOILES EN \u00c9TOILES - Librairie 7L","isPartOf":{"@id":"https:\/\/librairie7l.com\/en\/#website"},"datePublished":"2023-05-09T15:15:47+00:00","dateModified":"2026-04-17T11:04:25+00:00","breadcrumb":{"@id":"https:\/\/librairie7l.com\/en\/produit\/proust-et-les-arts-detoiles-en-etoiles\/#breadcrumb"},"inLanguage":"en-US","potentialAction":[{"@type":"ReadAction","target":["https:\/\/librairie7l.com\/en\/produit\/proust-et-les-arts-detoiles-en-etoiles\/"]}]},{"@type":"BreadcrumbList","@id":"https:\/\/librairie7l.com\/en\/produit\/proust-et-les-arts-detoiles-en-etoiles\/#breadcrumb","itemListElement":[{"@type":"ListItem","position":1,"name":"Accueil","item":"https:\/\/librairie7l.com\/en\/"},{"@type":"ListItem","position":2,"name":"Shop","item":"https:\/\/librairie7l.com\/en\/shop\/"},{"@type":"ListItem","position":3,"name":"PROUST ET LES ARTS : D&#8217;\u00c9TOILES EN \u00c9TOILES"}]},{"@type":"WebSite","@id":"https:\/\/librairie7l.com\/en\/#website","url":"https:\/\/librairie7l.com\/en\/","name":"Librairie 7L","description":"Librairie fond\u00e9e en 1999 par Karl Lagerfeld \u00e0 Paris","publisher":{"@id":"https:\/\/librairie7l.com\/en\/#organization"},"potentialAction":[{"@type":"SearchAction","target":{"@type":"EntryPoint","urlTemplate":"https:\/\/librairie7l.com\/en\/?s={search_term_string}"},"query-input":"required name=search_term_string"}],"inLanguage":"en-US"},{"@type":"Organization","@id":"https:\/\/librairie7l.com\/en\/#organization","name":"Librairie 7L","url":"https:\/\/librairie7l.com\/en\/","logo":{"@type":"ImageObject","inLanguage":"en-US","@id":"https:\/\/librairie7l.com\/en\/#\/schema\/logo\/image\/","url":"https:\/\/librairie7l.com\/wp-content\/uploads\/2022\/08\/logo-1.png","contentUrl":"https:\/\/librairie7l.com\/wp-content\/uploads\/2022\/08\/logo-1.png","width":227,"height":301,"caption":"Librairie 7L"},"image":{"@id":"https:\/\/librairie7l.com\/en\/#\/schema\/logo\/image\/"}}]}},"_links":{"self":[{"href":"https:\/\/librairie7l.com\/en\/wp-json\/wp\/v2\/product\/16339"}],"collection":[{"href":"https:\/\/librairie7l.com\/en\/wp-json\/wp\/v2\/product"}],"about":[{"href":"https:\/\/librairie7l.com\/en\/wp-json\/wp\/v2\/types\/product"}],"wp:featuredmedia":[{"embeddable":true,"href":"https:\/\/librairie7l.com\/en\/wp-json\/wp\/v2\/media\/16337"}],"wp:attachment":[{"href":"https:\/\/librairie7l.com\/en\/wp-json\/wp\/v2\/media?parent=16339"}],"wp:term":[{"taxonomy":"product_cat","embeddable":true,"href":"https:\/\/librairie7l.com\/en\/wp-json\/wp\/v2\/product_cat?post=16339"},{"taxonomy":"product_tag","embeddable":true,"href":"https:\/\/librairie7l.com\/en\/wp-json\/wp\/v2\/product_tag?post=16339"}],"curies":[{"name":"wp","href":"https:\/\/api.w.org\/{rel}","templated":true}]}}