{"id":16343,"date":"2023-05-09T17:15:50","date_gmt":"2023-05-09T15:15:50","guid":{"rendered":"https:\/\/librairie7l.com\/?post_type=product&#038;p=16343"},"modified":"2026-05-12T03:09:55","modified_gmt":"2026-05-12T01:09:55","slug":"masques-2","status":"publish","type":"product","link":"https:\/\/librairie7l.com\/en\/produit\/masques-2\/","title":{"rendered":"MASQUES"},"content":{"rendered":"<p>Des rituels magiques aux sc\u00e8nes de th\u00e9\u00e2tre, du carnaval populaire au front militaire, du monde professionnel au cercle priv\u00e9, le masque se porte dans toutes les soci\u00e9t\u00e9s, \u00e0 toutes les \u00e9poques et sur tous les continents. Point de contact avec les anc\u00eatres et les esprits, \u00e9l\u00e9ment de protection, signe de sup\u00e9riorit\u00e9 ou d&#8217;imposture, accessoire de s\u00e9duction ou de divertissement : ses pouvoirs semblent infinis autant que myst\u00e9rieux.<\/p>\n<p>En six chapitres &#8211; transcender, repr\u00e9senter, parader, punir, dissimuler, prot\u00e9ger -, abondamment nourris de photographies, dessins, gravures ou objets dont certains sont publi\u00e9s pour la toute premi\u00e8re fois, ce livre traverse l&#8217;Histoire, depuis les d\u00e9buts de l&#8217;humanit\u00e9 jusqu&#8217;aux exp\u00e9riences les plus r\u00e9centes, dressant des ponts inattendus entre les civilisations, r\u00e9v\u00e9lant des fonds culturels communs d&#8217;une richesse exceptionnelle. \u00ab L&#8217;homme est moins lui-m\u00eame quand il parle en personne. Donnez-lui un masque et il dira la v\u00e9rit\u00e9 \u00bb, \u00e9crivait Oscar Wilde, pointant tout le paradoxe de cet artefact qui n&#8217;a de cesse de se r\u00e9inventer.<\/p>\n","protected":false},"excerpt":{"rendered":"<p>Des rituels magiques aux sc\u00e8nes de th\u00e9\u00e2tre, du carnaval populaire au front militaire, du monde professionnel au cercle priv\u00e9, le masque se porte dans toutes les soci\u00e9t\u00e9s, \u00e0 toutes les \u00e9poques et sur tous les continents. Point de contact avec les anc\u00eatres et les esprits, \u00e9l\u00e9ment de protection, signe de sup\u00e9riorit\u00e9 ou d&#8217;imposture, accessoire de [&hellip;]<\/p>\n","protected":false},"featured_media":16341,"template":"","meta":[],"product_cat":[55,2948,47,2953],"product_tag":[],"acf":[],"yoast_head":"<!-- This site is optimized with the Yoast SEO plugin v20.11 - https:\/\/yoast.com\/wordpress\/plugins\/seo\/ -->\n<title>MASQUES - Librairie 7L<\/title>\n<meta name=\"robots\" content=\"index, follow, max-snippet:-1, max-image-preview:large, max-video-preview:-1\" \/>\n<link rel=\"canonical\" href=\"https:\/\/librairie7l.com\/en\/produit\/masques-2\/\" \/>\n<meta property=\"og:locale\" content=\"en_US\" \/>\n<meta property=\"og:type\" content=\"article\" \/>\n<meta property=\"og:title\" content=\"MASQUES - Librairie 7L\" \/>\n<meta property=\"og:description\" content=\"Des rituels magiques aux sc\u00e8nes de th\u00e9\u00e2tre, du carnaval populaire au front militaire, du monde professionnel au cercle priv\u00e9, le masque se porte dans toutes les soci\u00e9t\u00e9s, \u00e0 toutes les \u00e9poques et sur tous les continents. Point de contact avec les anc\u00eatres et les esprits, \u00e9l\u00e9ment de protection, signe de sup\u00e9riorit\u00e9 ou d&#8217;imposture, accessoire de [&hellip;]\" \/>\n<meta property=\"og:url\" content=\"https:\/\/librairie7l.com\/en\/produit\/masques-2\/\" \/>\n<meta property=\"og:site_name\" content=\"Librairie 7L\" \/>\n<meta property=\"article:modified_time\" content=\"2026-05-12T01:09:55+00:00\" \/>\n<meta property=\"og:image\" content=\"https:\/\/librairie7l.com\/wp-content\/uploads\/2022\/10\/9782717728910_1_75.jpg\" \/>\n\t<meta property=\"og:image:width\" content=\"400\" \/>\n\t<meta property=\"og:image:height\" content=\"491\" \/>\n\t<meta property=\"og:image:type\" content=\"image\/jpeg\" \/>\n<meta name=\"twitter:card\" content=\"summary_large_image\" \/>\n<meta name=\"twitter:label1\" content=\"Est. reading time\" \/>\n\t<meta name=\"twitter:data1\" content=\"1 minute\" \/>\n<script type=\"application\/ld+json\" class=\"yoast-schema-graph\">{\"@context\":\"https:\/\/schema.org\",\"@graph\":[{\"@type\":\"WebPage\",\"@id\":\"https:\/\/librairie7l.com\/en\/produit\/masques-2\/\",\"url\":\"https:\/\/librairie7l.com\/en\/produit\/masques-2\/\",\"name\":\"MASQUES - Librairie 7L\",\"isPartOf\":{\"@id\":\"https:\/\/librairie7l.com\/en\/#website\"},\"datePublished\":\"2023-05-09T15:15:50+00:00\",\"dateModified\":\"2026-05-12T01:09:55+00:00\",\"breadcrumb\":{\"@id\":\"https:\/\/librairie7l.com\/en\/produit\/masques-2\/#breadcrumb\"},\"inLanguage\":\"en-US\",\"potentialAction\":[{\"@type\":\"ReadAction\",\"target\":[\"https:\/\/librairie7l.com\/en\/produit\/masques-2\/\"]}]},{\"@type\":\"BreadcrumbList\",\"@id\":\"https:\/\/librairie7l.com\/en\/produit\/masques-2\/#breadcrumb\",\"itemListElement\":[{\"@type\":\"ListItem\",\"position\":1,\"name\":\"Accueil\",\"item\":\"https:\/\/librairie7l.com\/en\/\"},{\"@type\":\"ListItem\",\"position\":2,\"name\":\"Shop\",\"item\":\"https:\/\/librairie7l.com\/en\/shop\/\"},{\"@type\":\"ListItem\",\"position\":3,\"name\":\"MASQUES\"}]},{\"@type\":\"WebSite\",\"@id\":\"https:\/\/librairie7l.com\/en\/#website\",\"url\":\"https:\/\/librairie7l.com\/en\/\",\"name\":\"Librairie 7L\",\"description\":\"Librairie fond\u00e9e en 1999 par Karl Lagerfeld \u00e0 Paris\",\"publisher\":{\"@id\":\"https:\/\/librairie7l.com\/en\/#organization\"},\"potentialAction\":[{\"@type\":\"SearchAction\",\"target\":{\"@type\":\"EntryPoint\",\"urlTemplate\":\"https:\/\/librairie7l.com\/en\/?s={search_term_string}\"},\"query-input\":\"required name=search_term_string\"}],\"inLanguage\":\"en-US\"},{\"@type\":\"Organization\",\"@id\":\"https:\/\/librairie7l.com\/en\/#organization\",\"name\":\"Librairie 7L\",\"url\":\"https:\/\/librairie7l.com\/en\/\",\"logo\":{\"@type\":\"ImageObject\",\"inLanguage\":\"en-US\",\"@id\":\"https:\/\/librairie7l.com\/en\/#\/schema\/logo\/image\/\",\"url\":\"https:\/\/librairie7l.com\/wp-content\/uploads\/2022\/08\/logo-1.png\",\"contentUrl\":\"https:\/\/librairie7l.com\/wp-content\/uploads\/2022\/08\/logo-1.png\",\"width\":227,\"height\":301,\"caption\":\"Librairie 7L\"},\"image\":{\"@id\":\"https:\/\/librairie7l.com\/en\/#\/schema\/logo\/image\/\"}}]}<\/script>\n<!-- \/ Yoast SEO plugin. -->","yoast_head_json":{"title":"MASQUES - Librairie 7L","robots":{"index":"index","follow":"follow","max-snippet":"max-snippet:-1","max-image-preview":"max-image-preview:large","max-video-preview":"max-video-preview:-1"},"canonical":"https:\/\/librairie7l.com\/en\/produit\/masques-2\/","og_locale":"en_US","og_type":"article","og_title":"MASQUES - Librairie 7L","og_description":"Des rituels magiques aux sc\u00e8nes de th\u00e9\u00e2tre, du carnaval populaire au front militaire, du monde professionnel au cercle priv\u00e9, le masque se porte dans toutes les soci\u00e9t\u00e9s, \u00e0 toutes les \u00e9poques et sur tous les continents. Point de contact avec les anc\u00eatres et les esprits, \u00e9l\u00e9ment de protection, signe de sup\u00e9riorit\u00e9 ou d&#8217;imposture, accessoire de [&hellip;]","og_url":"https:\/\/librairie7l.com\/en\/produit\/masques-2\/","og_site_name":"Librairie 7L","article_modified_time":"2026-05-12T01:09:55+00:00","og_image":[{"width":400,"height":491,"url":"https:\/\/librairie7l.com\/wp-content\/uploads\/2022\/10\/9782717728910_1_75.jpg","type":"image\/jpeg"}],"twitter_card":"summary_large_image","twitter_misc":{"Est. reading time":"1 minute"},"schema":{"@context":"https:\/\/schema.org","@graph":[{"@type":"WebPage","@id":"https:\/\/librairie7l.com\/en\/produit\/masques-2\/","url":"https:\/\/librairie7l.com\/en\/produit\/masques-2\/","name":"MASQUES - Librairie 7L","isPartOf":{"@id":"https:\/\/librairie7l.com\/en\/#website"},"datePublished":"2023-05-09T15:15:50+00:00","dateModified":"2026-05-12T01:09:55+00:00","breadcrumb":{"@id":"https:\/\/librairie7l.com\/en\/produit\/masques-2\/#breadcrumb"},"inLanguage":"en-US","potentialAction":[{"@type":"ReadAction","target":["https:\/\/librairie7l.com\/en\/produit\/masques-2\/"]}]},{"@type":"BreadcrumbList","@id":"https:\/\/librairie7l.com\/en\/produit\/masques-2\/#breadcrumb","itemListElement":[{"@type":"ListItem","position":1,"name":"Accueil","item":"https:\/\/librairie7l.com\/en\/"},{"@type":"ListItem","position":2,"name":"Shop","item":"https:\/\/librairie7l.com\/en\/shop\/"},{"@type":"ListItem","position":3,"name":"MASQUES"}]},{"@type":"WebSite","@id":"https:\/\/librairie7l.com\/en\/#website","url":"https:\/\/librairie7l.com\/en\/","name":"Librairie 7L","description":"Librairie fond\u00e9e en 1999 par Karl Lagerfeld \u00e0 Paris","publisher":{"@id":"https:\/\/librairie7l.com\/en\/#organization"},"potentialAction":[{"@type":"SearchAction","target":{"@type":"EntryPoint","urlTemplate":"https:\/\/librairie7l.com\/en\/?s={search_term_string}"},"query-input":"required name=search_term_string"}],"inLanguage":"en-US"},{"@type":"Organization","@id":"https:\/\/librairie7l.com\/en\/#organization","name":"Librairie 7L","url":"https:\/\/librairie7l.com\/en\/","logo":{"@type":"ImageObject","inLanguage":"en-US","@id":"https:\/\/librairie7l.com\/en\/#\/schema\/logo\/image\/","url":"https:\/\/librairie7l.com\/wp-content\/uploads\/2022\/08\/logo-1.png","contentUrl":"https:\/\/librairie7l.com\/wp-content\/uploads\/2022\/08\/logo-1.png","width":227,"height":301,"caption":"Librairie 7L"},"image":{"@id":"https:\/\/librairie7l.com\/en\/#\/schema\/logo\/image\/"}}]}},"_links":{"self":[{"href":"https:\/\/librairie7l.com\/en\/wp-json\/wp\/v2\/product\/16343"}],"collection":[{"href":"https:\/\/librairie7l.com\/en\/wp-json\/wp\/v2\/product"}],"about":[{"href":"https:\/\/librairie7l.com\/en\/wp-json\/wp\/v2\/types\/product"}],"wp:featuredmedia":[{"embeddable":true,"href":"https:\/\/librairie7l.com\/en\/wp-json\/wp\/v2\/media\/16341"}],"wp:attachment":[{"href":"https:\/\/librairie7l.com\/en\/wp-json\/wp\/v2\/media?parent=16343"}],"wp:term":[{"taxonomy":"product_cat","embeddable":true,"href":"https:\/\/librairie7l.com\/en\/wp-json\/wp\/v2\/product_cat?post=16343"},{"taxonomy":"product_tag","embeddable":true,"href":"https:\/\/librairie7l.com\/en\/wp-json\/wp\/v2\/product_tag?post=16343"}],"curies":[{"name":"wp","href":"https:\/\/api.w.org\/{rel}","templated":true}]}}