{"id":16359,"date":"2023-05-09T17:16:03","date_gmt":"2023-05-09T15:16:03","guid":{"rendered":"https:\/\/librairie7l.com\/?post_type=product&#038;p=16359"},"modified":"2026-04-05T05:34:24","modified_gmt":"2026-04-05T03:34:24","slug":"la-collection-du-centre-national-des-arts-plastiques","status":"publish","type":"product","link":"https:\/\/librairie7l.com\/en\/produit\/la-collection-du-centre-national-des-arts-plastiques\/","title":{"rendered":"LA COLLECTION DU CENTRE NATIONAL DES ARTS PLASTIQUES"},"content":{"rendered":"<p>V\u00e9ritable immersion visuelle dans ces collections d&#8217;exception,  cet ouvrage donne \u00e0 voir plus de 300 oeuvres, m\u00ealant vid\u00e9o, art conceptuel, graphisme, design, photographie&#8230;<br \/>\nConstitu\u00e9es d\u00e8s 1791, les collections du Centre national des arts  plastiques sont mises en place \u00e0 la R\u00e9volution fran\u00e7aise, alors qu&#8217;\u00e9merge la notion de patrimoine commun. Elles \u00e9taient \u00e0 l&#8217;origine g\u00e9r\u00e9es par la Division des Beaux-Arts. Depuis le xviiie si\u00e8cle, ces collections sont un soutien majeur de la cr\u00e9ation contemporaine. Organis\u00e9es par champs artistiques &#8211; peinture, sculpture, arts d\u00e9coratifs, photographie, design, vid\u00e9o, dessin -, les collections &#8211; historique, moderne et contemporaine &#8211; comptent plus de 107 000 oeuvres d&#8217;artistes fran\u00e7ais et internationaux, de figures majeures de la cr\u00e9ation mais aussi d&#8217;autres plus confidentielles. Depuis 1982, les collections sont affect\u00e9es au CNAP, acteur important du minist\u00e8re de la Culture, qui acquiert mais d\u00e9pose \u00e9galement des oeuvres au sein de diverses institutions culturelles, en France comme \u00e0 l&#8217;\u00e9tranger.<\/p>\n<p>Cette mission de promotion de la cr\u00e9ation contemporaine, doubl\u00e9e d&#8217;une intensification de la politique d&#8217;acquisition, rend compte de la vitalit\u00e9 et de la pluralit\u00e9 des formes artistiques actuelles.<\/p>\n<p>V\u00e9ritable immersion visuelle dans ces collections d&#8217;exception, cet ouvrage donne \u00e0 voir plus de 300 oeuvres, m\u00ealant vid\u00e9o, art conceptuel, graphisme, design, photographie&#8230; Pour accompagner cette d\u00e9couverte, l&#8217;\u00e9crivain \u00c9ric Reinhardt a invit\u00e9 six personnalit\u00e9s du monde des arts \u00e0 choisir une dizaine d&#8217;oeuvres. Le cin\u00e9aste Bertrand Bonello, la chor\u00e9graphe Phia M\u00e9nard, le dramaturge Romeo Castellucci, le metteur en sc\u00e8ne Pascal Rambert, l&#8217;autrice L\u00e9onora Miano et l&#8217;architecte Lucie Niney, ainsi qu&#8217;\u00c9ric Reinhardt lui-m\u00eame, se font curators au fil de portfolios, con\u00e7us comme des cartes blanches, dans lesquels ils \u00e9voquent leur relation aux images et les influences que certaines oeuvres ont pu avoir sur leur pratique. Somme visuelle abord\u00e9e avec les yeux de cr\u00e9ateurs actuels, cette s\u00e9lection d&#8217;oeuvres extraites des collections du CNAP t\u00e9moigne des \u00e9volutions de l&#8217;art d&#8217;aujourd&#8217;hui.<\/p>\n","protected":false},"excerpt":{"rendered":"<p>V\u00e9ritable immersion visuelle dans ces collections d&#8217;exception, cet ouvrage donne \u00e0 voir plus de 300 oeuvres, m\u00ealant vid\u00e9o, art conceptuel, graphisme, design, photographie&#8230; Constitu\u00e9es d\u00e8s 1791, les collections du Centre national des arts plastiques sont mises en place \u00e0 la R\u00e9volution fran\u00e7aise, alors qu&#8217;\u00e9merge la notion de patrimoine commun. Elles \u00e9taient \u00e0 l&#8217;origine g\u00e9r\u00e9es par [&hellip;]<\/p>\n","protected":false},"featured_media":33623,"template":"","meta":[],"product_cat":[55,2948,47,2953],"product_tag":[],"acf":[],"yoast_head":"<!-- This site is optimized with the Yoast SEO plugin v20.11 - https:\/\/yoast.com\/wordpress\/plugins\/seo\/ -->\n<title>LA COLLECTION DU CENTRE NATIONAL DES ARTS PLASTIQUES - Librairie 7L<\/title>\n<meta name=\"robots\" content=\"index, follow, max-snippet:-1, max-image-preview:large, max-video-preview:-1\" \/>\n<link rel=\"canonical\" href=\"https:\/\/librairie7l.com\/en\/produit\/la-collection-du-centre-national-des-arts-plastiques\/\" \/>\n<meta property=\"og:locale\" content=\"en_US\" \/>\n<meta property=\"og:type\" content=\"article\" \/>\n<meta property=\"og:title\" content=\"LA COLLECTION DU CENTRE NATIONAL DES ARTS PLASTIQUES - Librairie 7L\" \/>\n<meta property=\"og:description\" content=\"V\u00e9ritable immersion visuelle dans ces collections d&#8217;exception, cet ouvrage donne \u00e0 voir plus de 300 oeuvres, m\u00ealant vid\u00e9o, art conceptuel, graphisme, design, photographie&#8230; Constitu\u00e9es d\u00e8s 1791, les collections du Centre national des arts plastiques sont mises en place \u00e0 la R\u00e9volution fran\u00e7aise, alors qu&#8217;\u00e9merge la notion de patrimoine commun. Elles \u00e9taient \u00e0 l&#8217;origine g\u00e9r\u00e9es par [&hellip;]\" \/>\n<meta property=\"og:url\" content=\"https:\/\/librairie7l.com\/en\/produit\/la-collection-du-centre-national-des-arts-plastiques\/\" \/>\n<meta property=\"og:site_name\" content=\"Librairie 7L\" \/>\n<meta property=\"article:modified_time\" content=\"2026-04-05T03:34:24+00:00\" \/>\n<meta property=\"og:image\" content=\"https:\/\/librairie7l.com\/wp-content\/uploads\/2022\/12\/9782365113113_1_75.jpg\" \/>\n\t<meta property=\"og:image:width\" content=\"400\" \/>\n\t<meta property=\"og:image:height\" content=\"491\" \/>\n\t<meta property=\"og:image:type\" content=\"image\/jpeg\" \/>\n<meta name=\"twitter:card\" content=\"summary_large_image\" \/>\n<meta name=\"twitter:label1\" content=\"Est. reading time\" \/>\n\t<meta name=\"twitter:data1\" content=\"2 minutes\" \/>\n<script type=\"application\/ld+json\" class=\"yoast-schema-graph\">{\"@context\":\"https:\/\/schema.org\",\"@graph\":[{\"@type\":\"WebPage\",\"@id\":\"https:\/\/librairie7l.com\/en\/produit\/la-collection-du-centre-national-des-arts-plastiques\/\",\"url\":\"https:\/\/librairie7l.com\/en\/produit\/la-collection-du-centre-national-des-arts-plastiques\/\",\"name\":\"LA COLLECTION DU CENTRE NATIONAL DES ARTS PLASTIQUES - Librairie 7L\",\"isPartOf\":{\"@id\":\"https:\/\/librairie7l.com\/en\/#website\"},\"datePublished\":\"2023-05-09T15:16:03+00:00\",\"dateModified\":\"2026-04-05T03:34:24+00:00\",\"breadcrumb\":{\"@id\":\"https:\/\/librairie7l.com\/en\/produit\/la-collection-du-centre-national-des-arts-plastiques\/#breadcrumb\"},\"inLanguage\":\"en-US\",\"potentialAction\":[{\"@type\":\"ReadAction\",\"target\":[\"https:\/\/librairie7l.com\/en\/produit\/la-collection-du-centre-national-des-arts-plastiques\/\"]}]},{\"@type\":\"BreadcrumbList\",\"@id\":\"https:\/\/librairie7l.com\/en\/produit\/la-collection-du-centre-national-des-arts-plastiques\/#breadcrumb\",\"itemListElement\":[{\"@type\":\"ListItem\",\"position\":1,\"name\":\"Accueil\",\"item\":\"https:\/\/librairie7l.com\/en\/\"},{\"@type\":\"ListItem\",\"position\":2,\"name\":\"Shop\",\"item\":\"https:\/\/librairie7l.com\/en\/shop\/\"},{\"@type\":\"ListItem\",\"position\":3,\"name\":\"LA COLLECTION DU CENTRE NATIONAL DES ARTS PLASTIQUES\"}]},{\"@type\":\"WebSite\",\"@id\":\"https:\/\/librairie7l.com\/en\/#website\",\"url\":\"https:\/\/librairie7l.com\/en\/\",\"name\":\"Librairie 7L\",\"description\":\"Librairie fond\u00e9e en 1999 par Karl Lagerfeld \u00e0 Paris\",\"publisher\":{\"@id\":\"https:\/\/librairie7l.com\/en\/#organization\"},\"potentialAction\":[{\"@type\":\"SearchAction\",\"target\":{\"@type\":\"EntryPoint\",\"urlTemplate\":\"https:\/\/librairie7l.com\/en\/?s={search_term_string}\"},\"query-input\":\"required name=search_term_string\"}],\"inLanguage\":\"en-US\"},{\"@type\":\"Organization\",\"@id\":\"https:\/\/librairie7l.com\/en\/#organization\",\"name\":\"Librairie 7L\",\"url\":\"https:\/\/librairie7l.com\/en\/\",\"logo\":{\"@type\":\"ImageObject\",\"inLanguage\":\"en-US\",\"@id\":\"https:\/\/librairie7l.com\/en\/#\/schema\/logo\/image\/\",\"url\":\"https:\/\/librairie7l.com\/wp-content\/uploads\/2022\/08\/logo-1.png\",\"contentUrl\":\"https:\/\/librairie7l.com\/wp-content\/uploads\/2022\/08\/logo-1.png\",\"width\":227,\"height\":301,\"caption\":\"Librairie 7L\"},\"image\":{\"@id\":\"https:\/\/librairie7l.com\/en\/#\/schema\/logo\/image\/\"}}]}<\/script>\n<!-- \/ Yoast SEO plugin. -->","yoast_head_json":{"title":"LA COLLECTION DU CENTRE NATIONAL DES ARTS PLASTIQUES - Librairie 7L","robots":{"index":"index","follow":"follow","max-snippet":"max-snippet:-1","max-image-preview":"max-image-preview:large","max-video-preview":"max-video-preview:-1"},"canonical":"https:\/\/librairie7l.com\/en\/produit\/la-collection-du-centre-national-des-arts-plastiques\/","og_locale":"en_US","og_type":"article","og_title":"LA COLLECTION DU CENTRE NATIONAL DES ARTS PLASTIQUES - Librairie 7L","og_description":"V\u00e9ritable immersion visuelle dans ces collections d&#8217;exception, cet ouvrage donne \u00e0 voir plus de 300 oeuvres, m\u00ealant vid\u00e9o, art conceptuel, graphisme, design, photographie&#8230; Constitu\u00e9es d\u00e8s 1791, les collections du Centre national des arts plastiques sont mises en place \u00e0 la R\u00e9volution fran\u00e7aise, alors qu&#8217;\u00e9merge la notion de patrimoine commun. Elles \u00e9taient \u00e0 l&#8217;origine g\u00e9r\u00e9es par [&hellip;]","og_url":"https:\/\/librairie7l.com\/en\/produit\/la-collection-du-centre-national-des-arts-plastiques\/","og_site_name":"Librairie 7L","article_modified_time":"2026-04-05T03:34:24+00:00","og_image":[{"width":400,"height":491,"url":"https:\/\/librairie7l.com\/wp-content\/uploads\/2022\/12\/9782365113113_1_75.jpg","type":"image\/jpeg"}],"twitter_card":"summary_large_image","twitter_misc":{"Est. reading time":"2 minutes"},"schema":{"@context":"https:\/\/schema.org","@graph":[{"@type":"WebPage","@id":"https:\/\/librairie7l.com\/en\/produit\/la-collection-du-centre-national-des-arts-plastiques\/","url":"https:\/\/librairie7l.com\/en\/produit\/la-collection-du-centre-national-des-arts-plastiques\/","name":"LA COLLECTION DU CENTRE NATIONAL DES ARTS PLASTIQUES - Librairie 7L","isPartOf":{"@id":"https:\/\/librairie7l.com\/en\/#website"},"datePublished":"2023-05-09T15:16:03+00:00","dateModified":"2026-04-05T03:34:24+00:00","breadcrumb":{"@id":"https:\/\/librairie7l.com\/en\/produit\/la-collection-du-centre-national-des-arts-plastiques\/#breadcrumb"},"inLanguage":"en-US","potentialAction":[{"@type":"ReadAction","target":["https:\/\/librairie7l.com\/en\/produit\/la-collection-du-centre-national-des-arts-plastiques\/"]}]},{"@type":"BreadcrumbList","@id":"https:\/\/librairie7l.com\/en\/produit\/la-collection-du-centre-national-des-arts-plastiques\/#breadcrumb","itemListElement":[{"@type":"ListItem","position":1,"name":"Accueil","item":"https:\/\/librairie7l.com\/en\/"},{"@type":"ListItem","position":2,"name":"Shop","item":"https:\/\/librairie7l.com\/en\/shop\/"},{"@type":"ListItem","position":3,"name":"LA COLLECTION DU CENTRE NATIONAL DES ARTS PLASTIQUES"}]},{"@type":"WebSite","@id":"https:\/\/librairie7l.com\/en\/#website","url":"https:\/\/librairie7l.com\/en\/","name":"Librairie 7L","description":"Librairie fond\u00e9e en 1999 par Karl Lagerfeld \u00e0 Paris","publisher":{"@id":"https:\/\/librairie7l.com\/en\/#organization"},"potentialAction":[{"@type":"SearchAction","target":{"@type":"EntryPoint","urlTemplate":"https:\/\/librairie7l.com\/en\/?s={search_term_string}"},"query-input":"required name=search_term_string"}],"inLanguage":"en-US"},{"@type":"Organization","@id":"https:\/\/librairie7l.com\/en\/#organization","name":"Librairie 7L","url":"https:\/\/librairie7l.com\/en\/","logo":{"@type":"ImageObject","inLanguage":"en-US","@id":"https:\/\/librairie7l.com\/en\/#\/schema\/logo\/image\/","url":"https:\/\/librairie7l.com\/wp-content\/uploads\/2022\/08\/logo-1.png","contentUrl":"https:\/\/librairie7l.com\/wp-content\/uploads\/2022\/08\/logo-1.png","width":227,"height":301,"caption":"Librairie 7L"},"image":{"@id":"https:\/\/librairie7l.com\/en\/#\/schema\/logo\/image\/"}}]}},"_links":{"self":[{"href":"https:\/\/librairie7l.com\/en\/wp-json\/wp\/v2\/product\/16359"}],"collection":[{"href":"https:\/\/librairie7l.com\/en\/wp-json\/wp\/v2\/product"}],"about":[{"href":"https:\/\/librairie7l.com\/en\/wp-json\/wp\/v2\/types\/product"}],"wp:featuredmedia":[{"embeddable":true,"href":"https:\/\/librairie7l.com\/en\/wp-json\/wp\/v2\/media\/33623"}],"wp:attachment":[{"href":"https:\/\/librairie7l.com\/en\/wp-json\/wp\/v2\/media?parent=16359"}],"wp:term":[{"taxonomy":"product_cat","embeddable":true,"href":"https:\/\/librairie7l.com\/en\/wp-json\/wp\/v2\/product_cat?post=16359"},{"taxonomy":"product_tag","embeddable":true,"href":"https:\/\/librairie7l.com\/en\/wp-json\/wp\/v2\/product_tag?post=16359"}],"curies":[{"name":"wp","href":"https:\/\/api.w.org\/{rel}","templated":true}]}}