{"id":16375,"date":"2023-05-09T17:16:17","date_gmt":"2023-05-09T15:16:17","guid":{"rendered":"https:\/\/librairie7l.com\/?post_type=product&#038;p=16375"},"modified":"2026-04-17T01:37:15","modified_gmt":"2026-04-16T23:37:15","slug":"le-style-annees-50-lintegrale","status":"publish","type":"product","link":"https:\/\/librairie7l.com\/en\/produit\/le-style-annees-50-lintegrale\/","title":{"rendered":"LE STYLE ANN\u00c9ES 50 ; L&#8217;INT\u00c9GRALE"},"content":{"rendered":"<p>Les ann\u00e9es cinquante et soixante sont parmi les plus marquantes et les plus cr\u00e9atives de l&#8217;histoire du design.<br \/>\nDans cet apr\u00e8s-guerre consum\u00e9riste, la nouveaut\u00e9 est port\u00e9e aux nues et s&#8217;invite dans tous les secteurs de la conception. De la Vespa \u00e0 l&#8217;Instamatic, des meubles Knoll aux caract\u00e8res Helvetica, studios, ateliers et usines, inventent et diffusent les formes d&#8217;un monde nouveau.<br \/>\nTour d&#8217;horizon complet du style ann\u00e9es cinquante, cet ouvrage, riche de mille photographies et d&#8217;articles sign\u00e9s par les plus grands sp\u00e9cialistes du domaine, est une aubaine aussi bien pour l&#8217;antiquaire et le collectionneur que pour le simple amateur d&#8217;objets aux lignes incomparables.<br \/>\nArt, design, architecture, mobilier, luminaires, objets, textiles, int\u00e9rieurs, graphisme&#8230;<\/p>\n","protected":false},"excerpt":{"rendered":"<p>Les ann\u00e9es cinquante et soixante sont parmi les plus marquantes et les plus cr\u00e9atives de l&#8217;histoire du design. Dans cet apr\u00e8s-guerre consum\u00e9riste, la nouveaut\u00e9 est port\u00e9e aux nues et s&#8217;invite dans tous les secteurs de la conception. De la Vespa \u00e0 l&#8217;Instamatic, des meubles Knoll aux caract\u00e8res Helvetica, studios, ateliers et usines, inventent et diffusent [&hellip;]<\/p>\n","protected":false},"featured_media":16373,"template":"","meta":[],"product_cat":[55,2948,18,2952],"product_tag":[],"acf":[],"yoast_head":"<!-- This site is optimized with the Yoast SEO plugin v20.11 - https:\/\/yoast.com\/wordpress\/plugins\/seo\/ -->\n<title>LE STYLE ANN\u00c9ES 50 ; L&#039;INT\u00c9GRALE - Librairie 7L<\/title>\n<meta name=\"robots\" content=\"index, follow, max-snippet:-1, max-image-preview:large, max-video-preview:-1\" \/>\n<link rel=\"canonical\" href=\"https:\/\/librairie7l.com\/en\/produit\/le-style-annees-50-lintegrale\/\" \/>\n<meta property=\"og:locale\" content=\"en_US\" \/>\n<meta property=\"og:type\" content=\"article\" \/>\n<meta property=\"og:title\" content=\"LE STYLE ANN\u00c9ES 50 ; L&#039;INT\u00c9GRALE - Librairie 7L\" \/>\n<meta property=\"og:description\" content=\"Les ann\u00e9es cinquante et soixante sont parmi les plus marquantes et les plus cr\u00e9atives de l&#8217;histoire du design. Dans cet apr\u00e8s-guerre consum\u00e9riste, la nouveaut\u00e9 est port\u00e9e aux nues et s&#8217;invite dans tous les secteurs de la conception. De la Vespa \u00e0 l&#8217;Instamatic, des meubles Knoll aux caract\u00e8res Helvetica, studios, ateliers et usines, inventent et diffusent [&hellip;]\" \/>\n<meta property=\"og:url\" content=\"https:\/\/librairie7l.com\/en\/produit\/le-style-annees-50-lintegrale\/\" \/>\n<meta property=\"og:site_name\" content=\"Librairie 7L\" \/>\n<meta property=\"article:modified_time\" content=\"2026-04-16T23:37:15+00:00\" \/>\n<meta property=\"og:image\" content=\"https:\/\/librairie7l.com\/wp-content\/uploads\/2020\/10\/9782863643662_1_75.jpg\" \/>\n\t<meta property=\"og:image:width\" content=\"600\" \/>\n\t<meta property=\"og:image:height\" content=\"764\" \/>\n\t<meta property=\"og:image:type\" content=\"image\/jpeg\" \/>\n<meta name=\"twitter:card\" content=\"summary_large_image\" \/>\n<meta name=\"twitter:label1\" content=\"Est. reading time\" \/>\n\t<meta name=\"twitter:data1\" content=\"1 minute\" \/>\n<script type=\"application\/ld+json\" class=\"yoast-schema-graph\">{\"@context\":\"https:\/\/schema.org\",\"@graph\":[{\"@type\":\"WebPage\",\"@id\":\"https:\/\/librairie7l.com\/en\/produit\/le-style-annees-50-lintegrale\/\",\"url\":\"https:\/\/librairie7l.com\/en\/produit\/le-style-annees-50-lintegrale\/\",\"name\":\"LE STYLE ANN\u00c9ES 50 ; L'INT\u00c9GRALE - Librairie 7L\",\"isPartOf\":{\"@id\":\"https:\/\/librairie7l.com\/en\/#website\"},\"datePublished\":\"2023-05-09T15:16:17+00:00\",\"dateModified\":\"2026-04-16T23:37:15+00:00\",\"breadcrumb\":{\"@id\":\"https:\/\/librairie7l.com\/en\/produit\/le-style-annees-50-lintegrale\/#breadcrumb\"},\"inLanguage\":\"en-US\",\"potentialAction\":[{\"@type\":\"ReadAction\",\"target\":[\"https:\/\/librairie7l.com\/en\/produit\/le-style-annees-50-lintegrale\/\"]}]},{\"@type\":\"BreadcrumbList\",\"@id\":\"https:\/\/librairie7l.com\/en\/produit\/le-style-annees-50-lintegrale\/#breadcrumb\",\"itemListElement\":[{\"@type\":\"ListItem\",\"position\":1,\"name\":\"Accueil\",\"item\":\"https:\/\/librairie7l.com\/en\/\"},{\"@type\":\"ListItem\",\"position\":2,\"name\":\"Shop\",\"item\":\"https:\/\/librairie7l.com\/en\/shop\/\"},{\"@type\":\"ListItem\",\"position\":3,\"name\":\"LE STYLE ANN\u00c9ES 50 ; L&#8217;INT\u00c9GRALE\"}]},{\"@type\":\"WebSite\",\"@id\":\"https:\/\/librairie7l.com\/en\/#website\",\"url\":\"https:\/\/librairie7l.com\/en\/\",\"name\":\"Librairie 7L\",\"description\":\"Librairie fond\u00e9e en 1999 par Karl Lagerfeld \u00e0 Paris\",\"publisher\":{\"@id\":\"https:\/\/librairie7l.com\/en\/#organization\"},\"potentialAction\":[{\"@type\":\"SearchAction\",\"target\":{\"@type\":\"EntryPoint\",\"urlTemplate\":\"https:\/\/librairie7l.com\/en\/?s={search_term_string}\"},\"query-input\":\"required name=search_term_string\"}],\"inLanguage\":\"en-US\"},{\"@type\":\"Organization\",\"@id\":\"https:\/\/librairie7l.com\/en\/#organization\",\"name\":\"Librairie 7L\",\"url\":\"https:\/\/librairie7l.com\/en\/\",\"logo\":{\"@type\":\"ImageObject\",\"inLanguage\":\"en-US\",\"@id\":\"https:\/\/librairie7l.com\/en\/#\/schema\/logo\/image\/\",\"url\":\"https:\/\/librairie7l.com\/wp-content\/uploads\/2022\/08\/logo-1.png\",\"contentUrl\":\"https:\/\/librairie7l.com\/wp-content\/uploads\/2022\/08\/logo-1.png\",\"width\":227,\"height\":301,\"caption\":\"Librairie 7L\"},\"image\":{\"@id\":\"https:\/\/librairie7l.com\/en\/#\/schema\/logo\/image\/\"}}]}<\/script>\n<!-- \/ Yoast SEO plugin. -->","yoast_head_json":{"title":"LE STYLE ANN\u00c9ES 50 ; L'INT\u00c9GRALE - Librairie 7L","robots":{"index":"index","follow":"follow","max-snippet":"max-snippet:-1","max-image-preview":"max-image-preview:large","max-video-preview":"max-video-preview:-1"},"canonical":"https:\/\/librairie7l.com\/en\/produit\/le-style-annees-50-lintegrale\/","og_locale":"en_US","og_type":"article","og_title":"LE STYLE ANN\u00c9ES 50 ; L'INT\u00c9GRALE - Librairie 7L","og_description":"Les ann\u00e9es cinquante et soixante sont parmi les plus marquantes et les plus cr\u00e9atives de l&#8217;histoire du design. Dans cet apr\u00e8s-guerre consum\u00e9riste, la nouveaut\u00e9 est port\u00e9e aux nues et s&#8217;invite dans tous les secteurs de la conception. De la Vespa \u00e0 l&#8217;Instamatic, des meubles Knoll aux caract\u00e8res Helvetica, studios, ateliers et usines, inventent et diffusent [&hellip;]","og_url":"https:\/\/librairie7l.com\/en\/produit\/le-style-annees-50-lintegrale\/","og_site_name":"Librairie 7L","article_modified_time":"2026-04-16T23:37:15+00:00","og_image":[{"width":600,"height":764,"url":"https:\/\/librairie7l.com\/wp-content\/uploads\/2020\/10\/9782863643662_1_75.jpg","type":"image\/jpeg"}],"twitter_card":"summary_large_image","twitter_misc":{"Est. reading time":"1 minute"},"schema":{"@context":"https:\/\/schema.org","@graph":[{"@type":"WebPage","@id":"https:\/\/librairie7l.com\/en\/produit\/le-style-annees-50-lintegrale\/","url":"https:\/\/librairie7l.com\/en\/produit\/le-style-annees-50-lintegrale\/","name":"LE STYLE ANN\u00c9ES 50 ; L'INT\u00c9GRALE - Librairie 7L","isPartOf":{"@id":"https:\/\/librairie7l.com\/en\/#website"},"datePublished":"2023-05-09T15:16:17+00:00","dateModified":"2026-04-16T23:37:15+00:00","breadcrumb":{"@id":"https:\/\/librairie7l.com\/en\/produit\/le-style-annees-50-lintegrale\/#breadcrumb"},"inLanguage":"en-US","potentialAction":[{"@type":"ReadAction","target":["https:\/\/librairie7l.com\/en\/produit\/le-style-annees-50-lintegrale\/"]}]},{"@type":"BreadcrumbList","@id":"https:\/\/librairie7l.com\/en\/produit\/le-style-annees-50-lintegrale\/#breadcrumb","itemListElement":[{"@type":"ListItem","position":1,"name":"Accueil","item":"https:\/\/librairie7l.com\/en\/"},{"@type":"ListItem","position":2,"name":"Shop","item":"https:\/\/librairie7l.com\/en\/shop\/"},{"@type":"ListItem","position":3,"name":"LE STYLE ANN\u00c9ES 50 ; L&#8217;INT\u00c9GRALE"}]},{"@type":"WebSite","@id":"https:\/\/librairie7l.com\/en\/#website","url":"https:\/\/librairie7l.com\/en\/","name":"Librairie 7L","description":"Librairie fond\u00e9e en 1999 par Karl Lagerfeld \u00e0 Paris","publisher":{"@id":"https:\/\/librairie7l.com\/en\/#organization"},"potentialAction":[{"@type":"SearchAction","target":{"@type":"EntryPoint","urlTemplate":"https:\/\/librairie7l.com\/en\/?s={search_term_string}"},"query-input":"required name=search_term_string"}],"inLanguage":"en-US"},{"@type":"Organization","@id":"https:\/\/librairie7l.com\/en\/#organization","name":"Librairie 7L","url":"https:\/\/librairie7l.com\/en\/","logo":{"@type":"ImageObject","inLanguage":"en-US","@id":"https:\/\/librairie7l.com\/en\/#\/schema\/logo\/image\/","url":"https:\/\/librairie7l.com\/wp-content\/uploads\/2022\/08\/logo-1.png","contentUrl":"https:\/\/librairie7l.com\/wp-content\/uploads\/2022\/08\/logo-1.png","width":227,"height":301,"caption":"Librairie 7L"},"image":{"@id":"https:\/\/librairie7l.com\/en\/#\/schema\/logo\/image\/"}}]}},"_links":{"self":[{"href":"https:\/\/librairie7l.com\/en\/wp-json\/wp\/v2\/product\/16375"}],"collection":[{"href":"https:\/\/librairie7l.com\/en\/wp-json\/wp\/v2\/product"}],"about":[{"href":"https:\/\/librairie7l.com\/en\/wp-json\/wp\/v2\/types\/product"}],"wp:featuredmedia":[{"embeddable":true,"href":"https:\/\/librairie7l.com\/en\/wp-json\/wp\/v2\/media\/16373"}],"wp:attachment":[{"href":"https:\/\/librairie7l.com\/en\/wp-json\/wp\/v2\/media?parent=16375"}],"wp:term":[{"taxonomy":"product_cat","embeddable":true,"href":"https:\/\/librairie7l.com\/en\/wp-json\/wp\/v2\/product_cat?post=16375"},{"taxonomy":"product_tag","embeddable":true,"href":"https:\/\/librairie7l.com\/en\/wp-json\/wp\/v2\/product_tag?post=16375"}],"curies":[{"name":"wp","href":"https:\/\/api.w.org\/{rel}","templated":true}]}}