{"id":16387,"date":"2023-05-09T17:16:27","date_gmt":"2023-05-09T15:16:27","guid":{"rendered":"https:\/\/librairie7l.com\/?post_type=product&#038;p=16387"},"modified":"2026-04-05T07:19:19","modified_gmt":"2026-04-05T05:19:19","slug":"linvention-du-musee-moderne-1930-1970","status":"publish","type":"product","link":"https:\/\/librairie7l.com\/en\/produit\/linvention-du-musee-moderne-1930-1970\/","title":{"rendered":"L&#8217;INVENTION DU MUS\u00c9E MODERNE : 1930-1970"},"content":{"rendered":"<p>\u00c0 partir de 1930 se joue un moment d\u00e9cisif dans l&#8217;histoire des mus\u00e9es et de leur architecture, en France comme en Europe et aux \u00c9tats-Unis&#8230;<br \/>\n\u00c0 partir de 1930 se joue un moment d\u00e9cisif dans l&#8217;histoire des mus\u00e9es et de leur architecture, en France comme en Europe et aux \u00c9tats-Unis. \u00c0 quelques exceptions pr\u00e8s, tous les acteurs de ce domaine (conservateurs et architectes au premier chef) consid\u00e8rent le mod\u00e8le du mus\u00e9e classique comme caduc.<\/p>\n<p>Si l&#8217;espace mus\u00e9al perdure dans nombre d&#8217;\u00e9difices, celui-ci se modernise et s&#8217;adapte \u00e0 une demande de sobri\u00e9t\u00e9 et de p\u00e9dagogie. En France, la perspective de l&#8217;Exposition universelle de 1937 acc\u00e9l\u00e8re les choses et pousse Auguste Perret et Le Corbusier \u00e0 se positionner, chacun dans un registre sp\u00e9cifique. Leurs projets th\u00e9oriques ne voient pas le jour mais posent des bases importantes pour la r\u00e9flexion sur les nouveaux types mus\u00e9aux.<\/p>\n<p>Si le Palais de Tokyo, \u00e0 Paris, est per\u00e7u comme un compromis entre classicisme et innovation, il est une \u00e9tape importante vers l&#8217;\u00e9mergence de la g\u00e9n\u00e9ration des ann\u00e9es 1950-1970, pendant lesquelles la notion de mus\u00e9e moderne &#8211; et pas seulement de mus\u00e9e pour l&#8217;art moderne &#8211; s&#8217;impose sur tout le territoire.<\/p>\n<p>Apr\u00e8s une \u00e9tude g\u00e9n\u00e9rale, ce nouveau carnet d&#8217;architecture rassemble huit courtes monographies sur les \u00e9difices majeurs de la p\u00e9riode trait\u00e9e.<\/p>\n","protected":false},"excerpt":{"rendered":"<p>\u00c0 partir de 1930 se joue un moment d\u00e9cisif dans l&#8217;histoire des mus\u00e9es et de leur architecture, en France comme en Europe et aux \u00c9tats-Unis&#8230; \u00c0 partir de 1930 se joue un moment d\u00e9cisif dans l&#8217;histoire des mus\u00e9es et de leur architecture, en France comme en Europe et aux \u00c9tats-Unis. \u00c0 quelques exceptions pr\u00e8s, tous [&hellip;]<\/p>\n","protected":false},"featured_media":16385,"template":"","meta":[],"product_cat":[55,2948,47,2953],"product_tag":[],"acf":[],"yoast_head":"<!-- This site is optimized with the Yoast SEO plugin v20.11 - https:\/\/yoast.com\/wordpress\/plugins\/seo\/ -->\n<title>L&#039;INVENTION DU MUS\u00c9E MODERNE : 1930-1970 - Librairie 7L<\/title>\n<meta name=\"robots\" content=\"index, follow, max-snippet:-1, max-image-preview:large, max-video-preview:-1\" \/>\n<link rel=\"canonical\" href=\"https:\/\/librairie7l.com\/en\/produit\/linvention-du-musee-moderne-1930-1970\/\" \/>\n<meta property=\"og:locale\" content=\"en_US\" \/>\n<meta property=\"og:type\" content=\"article\" \/>\n<meta property=\"og:title\" content=\"L&#039;INVENTION DU MUS\u00c9E MODERNE : 1930-1970 - Librairie 7L\" \/>\n<meta property=\"og:description\" content=\"\u00c0 partir de 1930 se joue un moment d\u00e9cisif dans l&#8217;histoire des mus\u00e9es et de leur architecture, en France comme en Europe et aux \u00c9tats-Unis&#8230; \u00c0 partir de 1930 se joue un moment d\u00e9cisif dans l&#8217;histoire des mus\u00e9es et de leur architecture, en France comme en Europe et aux \u00c9tats-Unis. \u00c0 quelques exceptions pr\u00e8s, tous [&hellip;]\" \/>\n<meta property=\"og:url\" content=\"https:\/\/librairie7l.com\/en\/produit\/linvention-du-musee-moderne-1930-1970\/\" \/>\n<meta property=\"og:site_name\" content=\"Librairie 7L\" \/>\n<meta property=\"article:modified_time\" content=\"2026-04-05T05:19:19+00:00\" \/>\n<meta property=\"og:image\" content=\"https:\/\/librairie7l.com\/wp-content\/uploads\/2023\/04\/9782757708200_1_75.jpg\" \/>\n\t<meta property=\"og:image:width\" content=\"400\" \/>\n\t<meta property=\"og:image:height\" content=\"509\" \/>\n\t<meta property=\"og:image:type\" content=\"image\/jpeg\" \/>\n<meta name=\"twitter:card\" content=\"summary_large_image\" \/>\n<meta name=\"twitter:label1\" content=\"Est. reading time\" \/>\n\t<meta name=\"twitter:data1\" content=\"1 minute\" \/>\n<script type=\"application\/ld+json\" class=\"yoast-schema-graph\">{\"@context\":\"https:\/\/schema.org\",\"@graph\":[{\"@type\":\"WebPage\",\"@id\":\"https:\/\/librairie7l.com\/en\/produit\/linvention-du-musee-moderne-1930-1970\/\",\"url\":\"https:\/\/librairie7l.com\/en\/produit\/linvention-du-musee-moderne-1930-1970\/\",\"name\":\"L'INVENTION DU MUS\u00c9E MODERNE : 1930-1970 - Librairie 7L\",\"isPartOf\":{\"@id\":\"https:\/\/librairie7l.com\/en\/#website\"},\"datePublished\":\"2023-05-09T15:16:27+00:00\",\"dateModified\":\"2026-04-05T05:19:19+00:00\",\"breadcrumb\":{\"@id\":\"https:\/\/librairie7l.com\/en\/produit\/linvention-du-musee-moderne-1930-1970\/#breadcrumb\"},\"inLanguage\":\"en-US\",\"potentialAction\":[{\"@type\":\"ReadAction\",\"target\":[\"https:\/\/librairie7l.com\/en\/produit\/linvention-du-musee-moderne-1930-1970\/\"]}]},{\"@type\":\"BreadcrumbList\",\"@id\":\"https:\/\/librairie7l.com\/en\/produit\/linvention-du-musee-moderne-1930-1970\/#breadcrumb\",\"itemListElement\":[{\"@type\":\"ListItem\",\"position\":1,\"name\":\"Accueil\",\"item\":\"https:\/\/librairie7l.com\/en\/\"},{\"@type\":\"ListItem\",\"position\":2,\"name\":\"Shop\",\"item\":\"https:\/\/librairie7l.com\/en\/shop\/\"},{\"@type\":\"ListItem\",\"position\":3,\"name\":\"L&#8217;INVENTION DU MUS\u00c9E MODERNE : 1930-1970\"}]},{\"@type\":\"WebSite\",\"@id\":\"https:\/\/librairie7l.com\/en\/#website\",\"url\":\"https:\/\/librairie7l.com\/en\/\",\"name\":\"Librairie 7L\",\"description\":\"Librairie fond\u00e9e en 1999 par Karl Lagerfeld \u00e0 Paris\",\"publisher\":{\"@id\":\"https:\/\/librairie7l.com\/en\/#organization\"},\"potentialAction\":[{\"@type\":\"SearchAction\",\"target\":{\"@type\":\"EntryPoint\",\"urlTemplate\":\"https:\/\/librairie7l.com\/en\/?s={search_term_string}\"},\"query-input\":\"required name=search_term_string\"}],\"inLanguage\":\"en-US\"},{\"@type\":\"Organization\",\"@id\":\"https:\/\/librairie7l.com\/en\/#organization\",\"name\":\"Librairie 7L\",\"url\":\"https:\/\/librairie7l.com\/en\/\",\"logo\":{\"@type\":\"ImageObject\",\"inLanguage\":\"en-US\",\"@id\":\"https:\/\/librairie7l.com\/en\/#\/schema\/logo\/image\/\",\"url\":\"https:\/\/librairie7l.com\/wp-content\/uploads\/2022\/08\/logo-1.png\",\"contentUrl\":\"https:\/\/librairie7l.com\/wp-content\/uploads\/2022\/08\/logo-1.png\",\"width\":227,\"height\":301,\"caption\":\"Librairie 7L\"},\"image\":{\"@id\":\"https:\/\/librairie7l.com\/en\/#\/schema\/logo\/image\/\"}}]}<\/script>\n<!-- \/ Yoast SEO plugin. -->","yoast_head_json":{"title":"L'INVENTION DU MUS\u00c9E MODERNE : 1930-1970 - Librairie 7L","robots":{"index":"index","follow":"follow","max-snippet":"max-snippet:-1","max-image-preview":"max-image-preview:large","max-video-preview":"max-video-preview:-1"},"canonical":"https:\/\/librairie7l.com\/en\/produit\/linvention-du-musee-moderne-1930-1970\/","og_locale":"en_US","og_type":"article","og_title":"L'INVENTION DU MUS\u00c9E MODERNE : 1930-1970 - Librairie 7L","og_description":"\u00c0 partir de 1930 se joue un moment d\u00e9cisif dans l&#8217;histoire des mus\u00e9es et de leur architecture, en France comme en Europe et aux \u00c9tats-Unis&#8230; \u00c0 partir de 1930 se joue un moment d\u00e9cisif dans l&#8217;histoire des mus\u00e9es et de leur architecture, en France comme en Europe et aux \u00c9tats-Unis. \u00c0 quelques exceptions pr\u00e8s, tous [&hellip;]","og_url":"https:\/\/librairie7l.com\/en\/produit\/linvention-du-musee-moderne-1930-1970\/","og_site_name":"Librairie 7L","article_modified_time":"2026-04-05T05:19:19+00:00","og_image":[{"width":400,"height":509,"url":"https:\/\/librairie7l.com\/wp-content\/uploads\/2023\/04\/9782757708200_1_75.jpg","type":"image\/jpeg"}],"twitter_card":"summary_large_image","twitter_misc":{"Est. reading time":"1 minute"},"schema":{"@context":"https:\/\/schema.org","@graph":[{"@type":"WebPage","@id":"https:\/\/librairie7l.com\/en\/produit\/linvention-du-musee-moderne-1930-1970\/","url":"https:\/\/librairie7l.com\/en\/produit\/linvention-du-musee-moderne-1930-1970\/","name":"L'INVENTION DU MUS\u00c9E MODERNE : 1930-1970 - Librairie 7L","isPartOf":{"@id":"https:\/\/librairie7l.com\/en\/#website"},"datePublished":"2023-05-09T15:16:27+00:00","dateModified":"2026-04-05T05:19:19+00:00","breadcrumb":{"@id":"https:\/\/librairie7l.com\/en\/produit\/linvention-du-musee-moderne-1930-1970\/#breadcrumb"},"inLanguage":"en-US","potentialAction":[{"@type":"ReadAction","target":["https:\/\/librairie7l.com\/en\/produit\/linvention-du-musee-moderne-1930-1970\/"]}]},{"@type":"BreadcrumbList","@id":"https:\/\/librairie7l.com\/en\/produit\/linvention-du-musee-moderne-1930-1970\/#breadcrumb","itemListElement":[{"@type":"ListItem","position":1,"name":"Accueil","item":"https:\/\/librairie7l.com\/en\/"},{"@type":"ListItem","position":2,"name":"Shop","item":"https:\/\/librairie7l.com\/en\/shop\/"},{"@type":"ListItem","position":3,"name":"L&#8217;INVENTION DU MUS\u00c9E MODERNE : 1930-1970"}]},{"@type":"WebSite","@id":"https:\/\/librairie7l.com\/en\/#website","url":"https:\/\/librairie7l.com\/en\/","name":"Librairie 7L","description":"Librairie fond\u00e9e en 1999 par Karl Lagerfeld \u00e0 Paris","publisher":{"@id":"https:\/\/librairie7l.com\/en\/#organization"},"potentialAction":[{"@type":"SearchAction","target":{"@type":"EntryPoint","urlTemplate":"https:\/\/librairie7l.com\/en\/?s={search_term_string}"},"query-input":"required name=search_term_string"}],"inLanguage":"en-US"},{"@type":"Organization","@id":"https:\/\/librairie7l.com\/en\/#organization","name":"Librairie 7L","url":"https:\/\/librairie7l.com\/en\/","logo":{"@type":"ImageObject","inLanguage":"en-US","@id":"https:\/\/librairie7l.com\/en\/#\/schema\/logo\/image\/","url":"https:\/\/librairie7l.com\/wp-content\/uploads\/2022\/08\/logo-1.png","contentUrl":"https:\/\/librairie7l.com\/wp-content\/uploads\/2022\/08\/logo-1.png","width":227,"height":301,"caption":"Librairie 7L"},"image":{"@id":"https:\/\/librairie7l.com\/en\/#\/schema\/logo\/image\/"}}]}},"_links":{"self":[{"href":"https:\/\/librairie7l.com\/en\/wp-json\/wp\/v2\/product\/16387"}],"collection":[{"href":"https:\/\/librairie7l.com\/en\/wp-json\/wp\/v2\/product"}],"about":[{"href":"https:\/\/librairie7l.com\/en\/wp-json\/wp\/v2\/types\/product"}],"wp:featuredmedia":[{"embeddable":true,"href":"https:\/\/librairie7l.com\/en\/wp-json\/wp\/v2\/media\/16385"}],"wp:attachment":[{"href":"https:\/\/librairie7l.com\/en\/wp-json\/wp\/v2\/media?parent=16387"}],"wp:term":[{"taxonomy":"product_cat","embeddable":true,"href":"https:\/\/librairie7l.com\/en\/wp-json\/wp\/v2\/product_cat?post=16387"},{"taxonomy":"product_tag","embeddable":true,"href":"https:\/\/librairie7l.com\/en\/wp-json\/wp\/v2\/product_tag?post=16387"}],"curies":[{"name":"wp","href":"https:\/\/api.w.org\/{rel}","templated":true}]}}