{"id":16443,"date":"2023-05-09T17:17:10","date_gmt":"2023-05-09T15:17:10","guid":{"rendered":"https:\/\/librairie7l.com\/?post_type=product&#038;p=16443"},"modified":"2026-04-04T20:42:09","modified_gmt":"2026-04-04T18:42:09","slug":"yokainoshima","status":"publish","type":"product","link":"https:\/\/librairie7l.com\/en\/produit\/yokainoshima\/","title":{"rendered":"YOKAINOSHIMA"},"content":{"rendered":"<p>Avec Yokainoshima, c&#8217;est au Japon que Charles Fr\u00e9ger, photographe de r\u00e9putation internationale, poursuit son fascinant inventaire des communaut\u00e9s humaines. Une fois encore, ses photographies combinent l&#8217;acuit\u00e9 du regard documentaire avec l&#8217;art de la mise en sc\u00e8ne selon un style parfaitement neuf et singulier. Ordonn\u00e9es au fil des saisons, elles \u00e9voquent, \u00e0 travers l&#8217;extraordinaire vari\u00e9t\u00e9 des masques, costumes ou figures, et les commentaires d&#8217;anthropologues et sp\u00e9cialistes de la culture traditionnelle japonaise, tout l&#8217;arri\u00e8re-plan de f\u00eates locales, de chor\u00e9graphies et de rites, qui culmine dans ces costumes \u00e9tonnamment \u00e9clectiques. Cette remarquable suite de portraits passionnera les amateurs de mode et de traditions populaires, mais aussi les adeptes de l&#8217;imaginaire des mangas.<\/p>\n","protected":false},"excerpt":{"rendered":"<p>Avec Yokainoshima, c&#8217;est au Japon que Charles Fr\u00e9ger, photographe de r\u00e9putation internationale, poursuit son fascinant inventaire des communaut\u00e9s humaines. Une fois encore, ses photographies combinent l&#8217;acuit\u00e9 du regard documentaire avec l&#8217;art de la mise en sc\u00e8ne selon un style parfaitement neuf et singulier. Ordonn\u00e9es au fil des saisons, elles \u00e9voquent, \u00e0 travers l&#8217;extraordinaire vari\u00e9t\u00e9 des [&hellip;]<\/p>\n","protected":false},"featured_media":16441,"template":"","meta":[],"product_cat":[55,2948,2958,17],"product_tag":[],"acf":[],"yoast_head":"<!-- This site is optimized with the Yoast SEO plugin v20.11 - https:\/\/yoast.com\/wordpress\/plugins\/seo\/ -->\n<title>YOKAINOSHIMA - Librairie 7L<\/title>\n<meta name=\"robots\" content=\"index, follow, max-snippet:-1, max-image-preview:large, max-video-preview:-1\" \/>\n<link rel=\"canonical\" href=\"https:\/\/librairie7l.com\/en\/produit\/yokainoshima\/\" \/>\n<meta property=\"og:locale\" content=\"en_US\" \/>\n<meta property=\"og:type\" content=\"article\" \/>\n<meta property=\"og:title\" content=\"YOKAINOSHIMA - Librairie 7L\" \/>\n<meta property=\"og:description\" content=\"Avec Yokainoshima, c&#8217;est au Japon que Charles Fr\u00e9ger, photographe de r\u00e9putation internationale, poursuit son fascinant inventaire des communaut\u00e9s humaines. Une fois encore, ses photographies combinent l&#8217;acuit\u00e9 du regard documentaire avec l&#8217;art de la mise en sc\u00e8ne selon un style parfaitement neuf et singulier. Ordonn\u00e9es au fil des saisons, elles \u00e9voquent, \u00e0 travers l&#8217;extraordinaire vari\u00e9t\u00e9 des [&hellip;]\" \/>\n<meta property=\"og:url\" content=\"https:\/\/librairie7l.com\/en\/produit\/yokainoshima\/\" \/>\n<meta property=\"og:site_name\" content=\"Librairie 7L\" \/>\n<meta property=\"article:modified_time\" content=\"2026-04-04T18:42:09+00:00\" \/>\n<meta property=\"og:image\" content=\"https:\/\/librairie7l.com\/wp-content\/uploads\/2016\/06\/9782330064709_1_75.jpg\" \/>\n\t<meta property=\"og:image:width\" content=\"600\" \/>\n\t<meta property=\"og:image:height\" content=\"753\" \/>\n\t<meta property=\"og:image:type\" content=\"image\/jpeg\" \/>\n<meta name=\"twitter:card\" content=\"summary_large_image\" \/>\n<meta name=\"twitter:label1\" content=\"Est. reading time\" \/>\n\t<meta name=\"twitter:data1\" content=\"1 minute\" \/>\n<script type=\"application\/ld+json\" class=\"yoast-schema-graph\">{\"@context\":\"https:\/\/schema.org\",\"@graph\":[{\"@type\":\"WebPage\",\"@id\":\"https:\/\/librairie7l.com\/en\/produit\/yokainoshima\/\",\"url\":\"https:\/\/librairie7l.com\/en\/produit\/yokainoshima\/\",\"name\":\"YOKAINOSHIMA - Librairie 7L\",\"isPartOf\":{\"@id\":\"https:\/\/librairie7l.com\/en\/#website\"},\"datePublished\":\"2023-05-09T15:17:10+00:00\",\"dateModified\":\"2026-04-04T18:42:09+00:00\",\"breadcrumb\":{\"@id\":\"https:\/\/librairie7l.com\/en\/produit\/yokainoshima\/#breadcrumb\"},\"inLanguage\":\"en-US\",\"potentialAction\":[{\"@type\":\"ReadAction\",\"target\":[\"https:\/\/librairie7l.com\/en\/produit\/yokainoshima\/\"]}]},{\"@type\":\"BreadcrumbList\",\"@id\":\"https:\/\/librairie7l.com\/en\/produit\/yokainoshima\/#breadcrumb\",\"itemListElement\":[{\"@type\":\"ListItem\",\"position\":1,\"name\":\"Accueil\",\"item\":\"https:\/\/librairie7l.com\/en\/\"},{\"@type\":\"ListItem\",\"position\":2,\"name\":\"Shop\",\"item\":\"https:\/\/librairie7l.com\/en\/shop\/\"},{\"@type\":\"ListItem\",\"position\":3,\"name\":\"YOKAINOSHIMA\"}]},{\"@type\":\"WebSite\",\"@id\":\"https:\/\/librairie7l.com\/en\/#website\",\"url\":\"https:\/\/librairie7l.com\/en\/\",\"name\":\"Librairie 7L\",\"description\":\"Librairie fond\u00e9e en 1999 par Karl Lagerfeld \u00e0 Paris\",\"publisher\":{\"@id\":\"https:\/\/librairie7l.com\/en\/#organization\"},\"potentialAction\":[{\"@type\":\"SearchAction\",\"target\":{\"@type\":\"EntryPoint\",\"urlTemplate\":\"https:\/\/librairie7l.com\/en\/?s={search_term_string}\"},\"query-input\":\"required name=search_term_string\"}],\"inLanguage\":\"en-US\"},{\"@type\":\"Organization\",\"@id\":\"https:\/\/librairie7l.com\/en\/#organization\",\"name\":\"Librairie 7L\",\"url\":\"https:\/\/librairie7l.com\/en\/\",\"logo\":{\"@type\":\"ImageObject\",\"inLanguage\":\"en-US\",\"@id\":\"https:\/\/librairie7l.com\/en\/#\/schema\/logo\/image\/\",\"url\":\"https:\/\/librairie7l.com\/wp-content\/uploads\/2022\/08\/logo-1.png\",\"contentUrl\":\"https:\/\/librairie7l.com\/wp-content\/uploads\/2022\/08\/logo-1.png\",\"width\":227,\"height\":301,\"caption\":\"Librairie 7L\"},\"image\":{\"@id\":\"https:\/\/librairie7l.com\/en\/#\/schema\/logo\/image\/\"}}]}<\/script>\n<!-- \/ Yoast SEO plugin. -->","yoast_head_json":{"title":"YOKAINOSHIMA - Librairie 7L","robots":{"index":"index","follow":"follow","max-snippet":"max-snippet:-1","max-image-preview":"max-image-preview:large","max-video-preview":"max-video-preview:-1"},"canonical":"https:\/\/librairie7l.com\/en\/produit\/yokainoshima\/","og_locale":"en_US","og_type":"article","og_title":"YOKAINOSHIMA - Librairie 7L","og_description":"Avec Yokainoshima, c&#8217;est au Japon que Charles Fr\u00e9ger, photographe de r\u00e9putation internationale, poursuit son fascinant inventaire des communaut\u00e9s humaines. Une fois encore, ses photographies combinent l&#8217;acuit\u00e9 du regard documentaire avec l&#8217;art de la mise en sc\u00e8ne selon un style parfaitement neuf et singulier. Ordonn\u00e9es au fil des saisons, elles \u00e9voquent, \u00e0 travers l&#8217;extraordinaire vari\u00e9t\u00e9 des [&hellip;]","og_url":"https:\/\/librairie7l.com\/en\/produit\/yokainoshima\/","og_site_name":"Librairie 7L","article_modified_time":"2026-04-04T18:42:09+00:00","og_image":[{"width":600,"height":753,"url":"https:\/\/librairie7l.com\/wp-content\/uploads\/2016\/06\/9782330064709_1_75.jpg","type":"image\/jpeg"}],"twitter_card":"summary_large_image","twitter_misc":{"Est. reading time":"1 minute"},"schema":{"@context":"https:\/\/schema.org","@graph":[{"@type":"WebPage","@id":"https:\/\/librairie7l.com\/en\/produit\/yokainoshima\/","url":"https:\/\/librairie7l.com\/en\/produit\/yokainoshima\/","name":"YOKAINOSHIMA - Librairie 7L","isPartOf":{"@id":"https:\/\/librairie7l.com\/en\/#website"},"datePublished":"2023-05-09T15:17:10+00:00","dateModified":"2026-04-04T18:42:09+00:00","breadcrumb":{"@id":"https:\/\/librairie7l.com\/en\/produit\/yokainoshima\/#breadcrumb"},"inLanguage":"en-US","potentialAction":[{"@type":"ReadAction","target":["https:\/\/librairie7l.com\/en\/produit\/yokainoshima\/"]}]},{"@type":"BreadcrumbList","@id":"https:\/\/librairie7l.com\/en\/produit\/yokainoshima\/#breadcrumb","itemListElement":[{"@type":"ListItem","position":1,"name":"Accueil","item":"https:\/\/librairie7l.com\/en\/"},{"@type":"ListItem","position":2,"name":"Shop","item":"https:\/\/librairie7l.com\/en\/shop\/"},{"@type":"ListItem","position":3,"name":"YOKAINOSHIMA"}]},{"@type":"WebSite","@id":"https:\/\/librairie7l.com\/en\/#website","url":"https:\/\/librairie7l.com\/en\/","name":"Librairie 7L","description":"Librairie fond\u00e9e en 1999 par Karl Lagerfeld \u00e0 Paris","publisher":{"@id":"https:\/\/librairie7l.com\/en\/#organization"},"potentialAction":[{"@type":"SearchAction","target":{"@type":"EntryPoint","urlTemplate":"https:\/\/librairie7l.com\/en\/?s={search_term_string}"},"query-input":"required name=search_term_string"}],"inLanguage":"en-US"},{"@type":"Organization","@id":"https:\/\/librairie7l.com\/en\/#organization","name":"Librairie 7L","url":"https:\/\/librairie7l.com\/en\/","logo":{"@type":"ImageObject","inLanguage":"en-US","@id":"https:\/\/librairie7l.com\/en\/#\/schema\/logo\/image\/","url":"https:\/\/librairie7l.com\/wp-content\/uploads\/2022\/08\/logo-1.png","contentUrl":"https:\/\/librairie7l.com\/wp-content\/uploads\/2022\/08\/logo-1.png","width":227,"height":301,"caption":"Librairie 7L"},"image":{"@id":"https:\/\/librairie7l.com\/en\/#\/schema\/logo\/image\/"}}]}},"_links":{"self":[{"href":"https:\/\/librairie7l.com\/en\/wp-json\/wp\/v2\/product\/16443"}],"collection":[{"href":"https:\/\/librairie7l.com\/en\/wp-json\/wp\/v2\/product"}],"about":[{"href":"https:\/\/librairie7l.com\/en\/wp-json\/wp\/v2\/types\/product"}],"wp:featuredmedia":[{"embeddable":true,"href":"https:\/\/librairie7l.com\/en\/wp-json\/wp\/v2\/media\/16441"}],"wp:attachment":[{"href":"https:\/\/librairie7l.com\/en\/wp-json\/wp\/v2\/media?parent=16443"}],"wp:term":[{"taxonomy":"product_cat","embeddable":true,"href":"https:\/\/librairie7l.com\/en\/wp-json\/wp\/v2\/product_cat?post=16443"},{"taxonomy":"product_tag","embeddable":true,"href":"https:\/\/librairie7l.com\/en\/wp-json\/wp\/v2\/product_tag?post=16443"}],"curies":[{"name":"wp","href":"https:\/\/api.w.org\/{rel}","templated":true}]}}