{"id":16515,"date":"2023-05-09T17:18:10","date_gmt":"2023-05-09T15:18:10","guid":{"rendered":"https:\/\/librairie7l.com\/?post_type=product&#038;p=16515"},"modified":"2026-04-17T01:49:49","modified_gmt":"2026-04-16T23:49:49","slug":"alternatives-au-gazon","status":"publish","type":"product","link":"https:\/\/librairie7l.com\/en\/produit\/alternatives-au-gazon\/","title":{"rendered":"ALTERNATIVES AU GAZON"},"content":{"rendered":"<p>En raison des changements climatiques, maintenir un gazon entra\u00eene une lutte incessante, avec un r\u00e9sultat souvent d\u00e9cevant. Ce livre propose des alternatives enthousiasmantes, \u00e9conomes en eau et en entretien, pour que le jardin redevienne un espace vivant, adapt\u00e9 au lieu o\u00f9 il se situe et ouvert \u00e0 tous les possibles.<\/p>\n","protected":false},"excerpt":{"rendered":"<p>En raison des changements climatiques, maintenir un gazon entra\u00eene une lutte incessante, avec un r\u00e9sultat souvent d\u00e9cevant. Ce livre propose des alternatives enthousiasmantes, \u00e9conomes en eau et en entretien, pour que le jardin redevienne un espace vivant, adapt\u00e9 au lieu o\u00f9 il se situe et ouvert \u00e0 tous les possibles.<\/p>\n","protected":false},"featured_media":16513,"template":"","meta":[],"product_cat":[55,2948,2956,23],"product_tag":[],"acf":[],"yoast_head":"<!-- This site is optimized with the Yoast SEO plugin v20.11 - https:\/\/yoast.com\/wordpress\/plugins\/seo\/ -->\n<title>ALTERNATIVES AU GAZON - Librairie 7L<\/title>\n<meta name=\"robots\" content=\"index, follow, max-snippet:-1, max-image-preview:large, max-video-preview:-1\" \/>\n<link rel=\"canonical\" href=\"https:\/\/librairie7l.com\/en\/produit\/alternatives-au-gazon\/\" \/>\n<meta property=\"og:locale\" content=\"en_US\" \/>\n<meta property=\"og:type\" content=\"article\" \/>\n<meta property=\"og:title\" content=\"ALTERNATIVES AU GAZON - Librairie 7L\" \/>\n<meta property=\"og:description\" content=\"En raison des changements climatiques, maintenir un gazon entra\u00eene une lutte incessante, avec un r\u00e9sultat souvent d\u00e9cevant. Ce livre propose des alternatives enthousiasmantes, \u00e9conomes en eau et en entretien, pour que le jardin redevienne un espace vivant, adapt\u00e9 au lieu o\u00f9 il se situe et ouvert \u00e0 tous les possibles.\" \/>\n<meta property=\"og:url\" content=\"https:\/\/librairie7l.com\/en\/produit\/alternatives-au-gazon\/\" \/>\n<meta property=\"og:site_name\" content=\"Librairie 7L\" \/>\n<meta property=\"article:modified_time\" content=\"2026-04-16T23:49:49+00:00\" \/>\n<meta property=\"og:image\" content=\"https:\/\/librairie7l.com\/wp-content\/uploads\/2020\/06\/9782330132767_1_75.jpg\" \/>\n\t<meta property=\"og:image:width\" content=\"600\" \/>\n\t<meta property=\"og:image:height\" content=\"762\" \/>\n\t<meta property=\"og:image:type\" content=\"image\/jpeg\" \/>\n<meta name=\"twitter:card\" content=\"summary_large_image\" \/>\n<script type=\"application\/ld+json\" class=\"yoast-schema-graph\">{\"@context\":\"https:\/\/schema.org\",\"@graph\":[{\"@type\":\"WebPage\",\"@id\":\"https:\/\/librairie7l.com\/en\/produit\/alternatives-au-gazon\/\",\"url\":\"https:\/\/librairie7l.com\/en\/produit\/alternatives-au-gazon\/\",\"name\":\"ALTERNATIVES AU GAZON - Librairie 7L\",\"isPartOf\":{\"@id\":\"https:\/\/librairie7l.com\/en\/#website\"},\"datePublished\":\"2023-05-09T15:18:10+00:00\",\"dateModified\":\"2026-04-16T23:49:49+00:00\",\"breadcrumb\":{\"@id\":\"https:\/\/librairie7l.com\/en\/produit\/alternatives-au-gazon\/#breadcrumb\"},\"inLanguage\":\"en-US\",\"potentialAction\":[{\"@type\":\"ReadAction\",\"target\":[\"https:\/\/librairie7l.com\/en\/produit\/alternatives-au-gazon\/\"]}]},{\"@type\":\"BreadcrumbList\",\"@id\":\"https:\/\/librairie7l.com\/en\/produit\/alternatives-au-gazon\/#breadcrumb\",\"itemListElement\":[{\"@type\":\"ListItem\",\"position\":1,\"name\":\"Accueil\",\"item\":\"https:\/\/librairie7l.com\/en\/\"},{\"@type\":\"ListItem\",\"position\":2,\"name\":\"Shop\",\"item\":\"https:\/\/librairie7l.com\/en\/shop\/\"},{\"@type\":\"ListItem\",\"position\":3,\"name\":\"ALTERNATIVES AU GAZON\"}]},{\"@type\":\"WebSite\",\"@id\":\"https:\/\/librairie7l.com\/en\/#website\",\"url\":\"https:\/\/librairie7l.com\/en\/\",\"name\":\"Librairie 7L\",\"description\":\"Librairie fond\u00e9e en 1999 par Karl Lagerfeld \u00e0 Paris\",\"publisher\":{\"@id\":\"https:\/\/librairie7l.com\/en\/#organization\"},\"potentialAction\":[{\"@type\":\"SearchAction\",\"target\":{\"@type\":\"EntryPoint\",\"urlTemplate\":\"https:\/\/librairie7l.com\/en\/?s={search_term_string}\"},\"query-input\":\"required name=search_term_string\"}],\"inLanguage\":\"en-US\"},{\"@type\":\"Organization\",\"@id\":\"https:\/\/librairie7l.com\/en\/#organization\",\"name\":\"Librairie 7L\",\"url\":\"https:\/\/librairie7l.com\/en\/\",\"logo\":{\"@type\":\"ImageObject\",\"inLanguage\":\"en-US\",\"@id\":\"https:\/\/librairie7l.com\/en\/#\/schema\/logo\/image\/\",\"url\":\"https:\/\/librairie7l.com\/wp-content\/uploads\/2022\/08\/logo-1.png\",\"contentUrl\":\"https:\/\/librairie7l.com\/wp-content\/uploads\/2022\/08\/logo-1.png\",\"width\":227,\"height\":301,\"caption\":\"Librairie 7L\"},\"image\":{\"@id\":\"https:\/\/librairie7l.com\/en\/#\/schema\/logo\/image\/\"}}]}<\/script>\n<!-- \/ Yoast SEO plugin. -->","yoast_head_json":{"title":"ALTERNATIVES AU GAZON - Librairie 7L","robots":{"index":"index","follow":"follow","max-snippet":"max-snippet:-1","max-image-preview":"max-image-preview:large","max-video-preview":"max-video-preview:-1"},"canonical":"https:\/\/librairie7l.com\/en\/produit\/alternatives-au-gazon\/","og_locale":"en_US","og_type":"article","og_title":"ALTERNATIVES AU GAZON - Librairie 7L","og_description":"En raison des changements climatiques, maintenir un gazon entra\u00eene une lutte incessante, avec un r\u00e9sultat souvent d\u00e9cevant. Ce livre propose des alternatives enthousiasmantes, \u00e9conomes en eau et en entretien, pour que le jardin redevienne un espace vivant, adapt\u00e9 au lieu o\u00f9 il se situe et ouvert \u00e0 tous les possibles.","og_url":"https:\/\/librairie7l.com\/en\/produit\/alternatives-au-gazon\/","og_site_name":"Librairie 7L","article_modified_time":"2026-04-16T23:49:49+00:00","og_image":[{"width":600,"height":762,"url":"https:\/\/librairie7l.com\/wp-content\/uploads\/2020\/06\/9782330132767_1_75.jpg","type":"image\/jpeg"}],"twitter_card":"summary_large_image","schema":{"@context":"https:\/\/schema.org","@graph":[{"@type":"WebPage","@id":"https:\/\/librairie7l.com\/en\/produit\/alternatives-au-gazon\/","url":"https:\/\/librairie7l.com\/en\/produit\/alternatives-au-gazon\/","name":"ALTERNATIVES AU GAZON - Librairie 7L","isPartOf":{"@id":"https:\/\/librairie7l.com\/en\/#website"},"datePublished":"2023-05-09T15:18:10+00:00","dateModified":"2026-04-16T23:49:49+00:00","breadcrumb":{"@id":"https:\/\/librairie7l.com\/en\/produit\/alternatives-au-gazon\/#breadcrumb"},"inLanguage":"en-US","potentialAction":[{"@type":"ReadAction","target":["https:\/\/librairie7l.com\/en\/produit\/alternatives-au-gazon\/"]}]},{"@type":"BreadcrumbList","@id":"https:\/\/librairie7l.com\/en\/produit\/alternatives-au-gazon\/#breadcrumb","itemListElement":[{"@type":"ListItem","position":1,"name":"Accueil","item":"https:\/\/librairie7l.com\/en\/"},{"@type":"ListItem","position":2,"name":"Shop","item":"https:\/\/librairie7l.com\/en\/shop\/"},{"@type":"ListItem","position":3,"name":"ALTERNATIVES AU GAZON"}]},{"@type":"WebSite","@id":"https:\/\/librairie7l.com\/en\/#website","url":"https:\/\/librairie7l.com\/en\/","name":"Librairie 7L","description":"Librairie fond\u00e9e en 1999 par Karl Lagerfeld \u00e0 Paris","publisher":{"@id":"https:\/\/librairie7l.com\/en\/#organization"},"potentialAction":[{"@type":"SearchAction","target":{"@type":"EntryPoint","urlTemplate":"https:\/\/librairie7l.com\/en\/?s={search_term_string}"},"query-input":"required name=search_term_string"}],"inLanguage":"en-US"},{"@type":"Organization","@id":"https:\/\/librairie7l.com\/en\/#organization","name":"Librairie 7L","url":"https:\/\/librairie7l.com\/en\/","logo":{"@type":"ImageObject","inLanguage":"en-US","@id":"https:\/\/librairie7l.com\/en\/#\/schema\/logo\/image\/","url":"https:\/\/librairie7l.com\/wp-content\/uploads\/2022\/08\/logo-1.png","contentUrl":"https:\/\/librairie7l.com\/wp-content\/uploads\/2022\/08\/logo-1.png","width":227,"height":301,"caption":"Librairie 7L"},"image":{"@id":"https:\/\/librairie7l.com\/en\/#\/schema\/logo\/image\/"}}]}},"_links":{"self":[{"href":"https:\/\/librairie7l.com\/en\/wp-json\/wp\/v2\/product\/16515"}],"collection":[{"href":"https:\/\/librairie7l.com\/en\/wp-json\/wp\/v2\/product"}],"about":[{"href":"https:\/\/librairie7l.com\/en\/wp-json\/wp\/v2\/types\/product"}],"wp:featuredmedia":[{"embeddable":true,"href":"https:\/\/librairie7l.com\/en\/wp-json\/wp\/v2\/media\/16513"}],"wp:attachment":[{"href":"https:\/\/librairie7l.com\/en\/wp-json\/wp\/v2\/media?parent=16515"}],"wp:term":[{"taxonomy":"product_cat","embeddable":true,"href":"https:\/\/librairie7l.com\/en\/wp-json\/wp\/v2\/product_cat?post=16515"},{"taxonomy":"product_tag","embeddable":true,"href":"https:\/\/librairie7l.com\/en\/wp-json\/wp\/v2\/product_tag?post=16515"}],"curies":[{"name":"wp","href":"https:\/\/api.w.org\/{rel}","templated":true}]}}