{"id":16539,"date":"2023-05-09T17:18:29","date_gmt":"2023-05-09T15:18:29","guid":{"rendered":"https:\/\/librairie7l.com\/?post_type=product&#038;p=16539"},"modified":"2026-04-18T12:06:53","modified_gmt":"2026-04-18T10:06:53","slug":"reportages-de-guerre-1944-1945","status":"publish","type":"product","link":"https:\/\/librairie7l.com\/en\/produit\/reportages-de-guerre-1944-1945\/","title":{"rendered":"REPORTAGES DE GUERRE 1944-1945"},"content":{"rendered":"<p>En 1944 et 1945, Lee Miller a brav\u00e9 tous les dangers pour participer \u00e0 la lib\u00e9ration de l&#8217;Europe. N\u00e9e dans l&#8217;\u00c9tat de New York en 1907, Lee Miller fut un mannequin c\u00e9l\u00e9br\u00e9 par les plus grands photographes. Prot\u00e9g\u00e9e de Man Ray, elle fut un personnage important dans les milieux surr\u00e9alistes et l&#8217;amie de plusieurs grands artistes. Alors qu&#8217;elle r\u00e9sidait aux c\u00f4t\u00e9s de Roland Penrose en Angleterre lorsque la guerre \u00e9clata, elle s&#8217;engagea dans l&#8217;arm\u00e9e am\u00e9ricaine afin de saisir l&#8217;exp\u00e9rience extraordinaire qui r\u00e9gnait sur le front. En tenue kaki, proche des soldats de tous rangs, \u00e9quip\u00e9e de sa machine \u00e0 \u00e9crire et de son appareil photo, elle participa \u00e0 toutes les campagnes de lib\u00e9ration en France et en Allemagne. Les reportages qu&#8217;elle composa \u00e0 cette \u00e9poque pour le c\u00e9l\u00e8bre magazine Vogue m\u00ealent \u00e0 la fois urgence et rigueur dans l&#8217;observation, implication et distance, tout en conservant un ton d&#8217;ind\u00e9pendance qui lui est propre. La pr\u00e9sente \u00e9dition est compl\u00e9t\u00e9e de photos prises par Lee Miller elle-m\u00eame durant les op\u00e9rations. Autant dire qu&#8217;il s&#8217;agit du t\u00e9moignage exceptionnel d&#8217;une femme en prise avec l&#8217;Histoire : le si\u00e8ge de Saint-Malo, la campagne d&#8217;Alsace, la d\u00e9couverte d&#8217;un camp comme Dachau, la chute de Berchtesgaden. Si le tableau est noir, il y a cependant quelques signes d&#8217;espoir comme cette all\u00e9gresse de la Lib\u00e9ration et la joie de retrouver des amis : Colette, Picasso, Cocteau, \u00c9luard ou Aragon.<br \/>\nCe livre \u00e9tonnant de r\u00e9cits \u00e9crits \u00e0 chaud et de photos historiques rend hommage \u00e0 l&#8217;immense artiste du XXe si\u00e8cle que fut Lee Miller.<\/p>\n","protected":false},"excerpt":{"rendered":"<p>En 1944 et 1945, Lee Miller a brav\u00e9 tous les dangers pour participer \u00e0 la lib\u00e9ration de l&#8217;Europe. N\u00e9e dans l&#8217;\u00c9tat de New York en 1907, Lee Miller fut un mannequin c\u00e9l\u00e9br\u00e9 par les plus grands photographes. Prot\u00e9g\u00e9e de Man Ray, elle fut un personnage important dans les milieux surr\u00e9alistes et l&#8217;amie de plusieurs grands [&hellip;]<\/p>\n","protected":false},"featured_media":16537,"template":"","meta":[],"product_cat":[55,2948,2958,17],"product_tag":[],"acf":[],"yoast_head":"<!-- This site is optimized with the Yoast SEO plugin v20.11 - https:\/\/yoast.com\/wordpress\/plugins\/seo\/ -->\n<title>REPORTAGES DE GUERRE 1944-1945 - Librairie 7L<\/title>\n<meta name=\"robots\" content=\"index, follow, max-snippet:-1, max-image-preview:large, max-video-preview:-1\" \/>\n<link rel=\"canonical\" href=\"https:\/\/librairie7l.com\/en\/produit\/reportages-de-guerre-1944-1945\/\" \/>\n<meta property=\"og:locale\" content=\"en_US\" \/>\n<meta property=\"og:type\" content=\"article\" \/>\n<meta property=\"og:title\" content=\"REPORTAGES DE GUERRE 1944-1945 - Librairie 7L\" \/>\n<meta property=\"og:description\" content=\"En 1944 et 1945, Lee Miller a brav\u00e9 tous les dangers pour participer \u00e0 la lib\u00e9ration de l&#8217;Europe. N\u00e9e dans l&#8217;\u00c9tat de New York en 1907, Lee Miller fut un mannequin c\u00e9l\u00e9br\u00e9 par les plus grands photographes. Prot\u00e9g\u00e9e de Man Ray, elle fut un personnage important dans les milieux surr\u00e9alistes et l&#8217;amie de plusieurs grands [&hellip;]\" \/>\n<meta property=\"og:url\" content=\"https:\/\/librairie7l.com\/en\/produit\/reportages-de-guerre-1944-1945\/\" \/>\n<meta property=\"og:site_name\" content=\"Librairie 7L\" \/>\n<meta property=\"article:modified_time\" content=\"2026-04-18T10:06:53+00:00\" \/>\n<meta property=\"og:image\" content=\"https:\/\/librairie7l.com\/wp-content\/uploads\/2022\/07\/9782841007295_1_75.jpg\" \/>\n\t<meta property=\"og:image:width\" content=\"400\" \/>\n\t<meta property=\"og:image:height\" content=\"587\" \/>\n\t<meta property=\"og:image:type\" content=\"image\/jpeg\" \/>\n<meta name=\"twitter:card\" content=\"summary_large_image\" \/>\n<meta name=\"twitter:label1\" content=\"Est. reading time\" \/>\n\t<meta name=\"twitter:data1\" content=\"1 minute\" \/>\n<script type=\"application\/ld+json\" class=\"yoast-schema-graph\">{\"@context\":\"https:\/\/schema.org\",\"@graph\":[{\"@type\":\"WebPage\",\"@id\":\"https:\/\/librairie7l.com\/en\/produit\/reportages-de-guerre-1944-1945\/\",\"url\":\"https:\/\/librairie7l.com\/en\/produit\/reportages-de-guerre-1944-1945\/\",\"name\":\"REPORTAGES DE GUERRE 1944-1945 - Librairie 7L\",\"isPartOf\":{\"@id\":\"https:\/\/librairie7l.com\/en\/#website\"},\"datePublished\":\"2023-05-09T15:18:29+00:00\",\"dateModified\":\"2026-04-18T10:06:53+00:00\",\"breadcrumb\":{\"@id\":\"https:\/\/librairie7l.com\/en\/produit\/reportages-de-guerre-1944-1945\/#breadcrumb\"},\"inLanguage\":\"en-US\",\"potentialAction\":[{\"@type\":\"ReadAction\",\"target\":[\"https:\/\/librairie7l.com\/en\/produit\/reportages-de-guerre-1944-1945\/\"]}]},{\"@type\":\"BreadcrumbList\",\"@id\":\"https:\/\/librairie7l.com\/en\/produit\/reportages-de-guerre-1944-1945\/#breadcrumb\",\"itemListElement\":[{\"@type\":\"ListItem\",\"position\":1,\"name\":\"Accueil\",\"item\":\"https:\/\/librairie7l.com\/en\/\"},{\"@type\":\"ListItem\",\"position\":2,\"name\":\"Shop\",\"item\":\"https:\/\/librairie7l.com\/en\/shop\/\"},{\"@type\":\"ListItem\",\"position\":3,\"name\":\"REPORTAGES DE GUERRE 1944-1945\"}]},{\"@type\":\"WebSite\",\"@id\":\"https:\/\/librairie7l.com\/en\/#website\",\"url\":\"https:\/\/librairie7l.com\/en\/\",\"name\":\"Librairie 7L\",\"description\":\"Librairie fond\u00e9e en 1999 par Karl Lagerfeld \u00e0 Paris\",\"publisher\":{\"@id\":\"https:\/\/librairie7l.com\/en\/#organization\"},\"potentialAction\":[{\"@type\":\"SearchAction\",\"target\":{\"@type\":\"EntryPoint\",\"urlTemplate\":\"https:\/\/librairie7l.com\/en\/?s={search_term_string}\"},\"query-input\":\"required name=search_term_string\"}],\"inLanguage\":\"en-US\"},{\"@type\":\"Organization\",\"@id\":\"https:\/\/librairie7l.com\/en\/#organization\",\"name\":\"Librairie 7L\",\"url\":\"https:\/\/librairie7l.com\/en\/\",\"logo\":{\"@type\":\"ImageObject\",\"inLanguage\":\"en-US\",\"@id\":\"https:\/\/librairie7l.com\/en\/#\/schema\/logo\/image\/\",\"url\":\"https:\/\/librairie7l.com\/wp-content\/uploads\/2022\/08\/logo-1.png\",\"contentUrl\":\"https:\/\/librairie7l.com\/wp-content\/uploads\/2022\/08\/logo-1.png\",\"width\":227,\"height\":301,\"caption\":\"Librairie 7L\"},\"image\":{\"@id\":\"https:\/\/librairie7l.com\/en\/#\/schema\/logo\/image\/\"}}]}<\/script>\n<!-- \/ Yoast SEO plugin. -->","yoast_head_json":{"title":"REPORTAGES DE GUERRE 1944-1945 - Librairie 7L","robots":{"index":"index","follow":"follow","max-snippet":"max-snippet:-1","max-image-preview":"max-image-preview:large","max-video-preview":"max-video-preview:-1"},"canonical":"https:\/\/librairie7l.com\/en\/produit\/reportages-de-guerre-1944-1945\/","og_locale":"en_US","og_type":"article","og_title":"REPORTAGES DE GUERRE 1944-1945 - Librairie 7L","og_description":"En 1944 et 1945, Lee Miller a brav\u00e9 tous les dangers pour participer \u00e0 la lib\u00e9ration de l&#8217;Europe. N\u00e9e dans l&#8217;\u00c9tat de New York en 1907, Lee Miller fut un mannequin c\u00e9l\u00e9br\u00e9 par les plus grands photographes. Prot\u00e9g\u00e9e de Man Ray, elle fut un personnage important dans les milieux surr\u00e9alistes et l&#8217;amie de plusieurs grands [&hellip;]","og_url":"https:\/\/librairie7l.com\/en\/produit\/reportages-de-guerre-1944-1945\/","og_site_name":"Librairie 7L","article_modified_time":"2026-04-18T10:06:53+00:00","og_image":[{"width":400,"height":587,"url":"https:\/\/librairie7l.com\/wp-content\/uploads\/2022\/07\/9782841007295_1_75.jpg","type":"image\/jpeg"}],"twitter_card":"summary_large_image","twitter_misc":{"Est. reading time":"1 minute"},"schema":{"@context":"https:\/\/schema.org","@graph":[{"@type":"WebPage","@id":"https:\/\/librairie7l.com\/en\/produit\/reportages-de-guerre-1944-1945\/","url":"https:\/\/librairie7l.com\/en\/produit\/reportages-de-guerre-1944-1945\/","name":"REPORTAGES DE GUERRE 1944-1945 - Librairie 7L","isPartOf":{"@id":"https:\/\/librairie7l.com\/en\/#website"},"datePublished":"2023-05-09T15:18:29+00:00","dateModified":"2026-04-18T10:06:53+00:00","breadcrumb":{"@id":"https:\/\/librairie7l.com\/en\/produit\/reportages-de-guerre-1944-1945\/#breadcrumb"},"inLanguage":"en-US","potentialAction":[{"@type":"ReadAction","target":["https:\/\/librairie7l.com\/en\/produit\/reportages-de-guerre-1944-1945\/"]}]},{"@type":"BreadcrumbList","@id":"https:\/\/librairie7l.com\/en\/produit\/reportages-de-guerre-1944-1945\/#breadcrumb","itemListElement":[{"@type":"ListItem","position":1,"name":"Accueil","item":"https:\/\/librairie7l.com\/en\/"},{"@type":"ListItem","position":2,"name":"Shop","item":"https:\/\/librairie7l.com\/en\/shop\/"},{"@type":"ListItem","position":3,"name":"REPORTAGES DE GUERRE 1944-1945"}]},{"@type":"WebSite","@id":"https:\/\/librairie7l.com\/en\/#website","url":"https:\/\/librairie7l.com\/en\/","name":"Librairie 7L","description":"Librairie fond\u00e9e en 1999 par Karl Lagerfeld \u00e0 Paris","publisher":{"@id":"https:\/\/librairie7l.com\/en\/#organization"},"potentialAction":[{"@type":"SearchAction","target":{"@type":"EntryPoint","urlTemplate":"https:\/\/librairie7l.com\/en\/?s={search_term_string}"},"query-input":"required name=search_term_string"}],"inLanguage":"en-US"},{"@type":"Organization","@id":"https:\/\/librairie7l.com\/en\/#organization","name":"Librairie 7L","url":"https:\/\/librairie7l.com\/en\/","logo":{"@type":"ImageObject","inLanguage":"en-US","@id":"https:\/\/librairie7l.com\/en\/#\/schema\/logo\/image\/","url":"https:\/\/librairie7l.com\/wp-content\/uploads\/2022\/08\/logo-1.png","contentUrl":"https:\/\/librairie7l.com\/wp-content\/uploads\/2022\/08\/logo-1.png","width":227,"height":301,"caption":"Librairie 7L"},"image":{"@id":"https:\/\/librairie7l.com\/en\/#\/schema\/logo\/image\/"}}]}},"_links":{"self":[{"href":"https:\/\/librairie7l.com\/en\/wp-json\/wp\/v2\/product\/16539"}],"collection":[{"href":"https:\/\/librairie7l.com\/en\/wp-json\/wp\/v2\/product"}],"about":[{"href":"https:\/\/librairie7l.com\/en\/wp-json\/wp\/v2\/types\/product"}],"wp:featuredmedia":[{"embeddable":true,"href":"https:\/\/librairie7l.com\/en\/wp-json\/wp\/v2\/media\/16537"}],"wp:attachment":[{"href":"https:\/\/librairie7l.com\/en\/wp-json\/wp\/v2\/media?parent=16539"}],"wp:term":[{"taxonomy":"product_cat","embeddable":true,"href":"https:\/\/librairie7l.com\/en\/wp-json\/wp\/v2\/product_cat?post=16539"},{"taxonomy":"product_tag","embeddable":true,"href":"https:\/\/librairie7l.com\/en\/wp-json\/wp\/v2\/product_tag?post=16539"}],"curies":[{"name":"wp","href":"https:\/\/api.w.org\/{rel}","templated":true}]}}