{"id":16543,"date":"2023-05-09T17:18:32","date_gmt":"2023-05-09T15:18:32","guid":{"rendered":"https:\/\/librairie7l.com\/?post_type=product&#038;p=16543"},"modified":"2026-05-07T02:58:09","modified_gmt":"2026-05-07T00:58:09","slug":"ebenisterie-le-meuble-et-sa-structure","status":"publish","type":"product","link":"https:\/\/librairie7l.com\/en\/produit\/ebenisterie-le-meuble-et-sa-structure\/","title":{"rendered":"\u00c9B\u00c9NISTERIE : LE MEUBLE ET SA STRUCTURE"},"content":{"rendered":"<p>Ce livre r\u00e9pond aux interrogations des \u00e9b\u00e9nistes qui doivent \u00e0 la fois concevoir, dessiner et construire leurs meubles de mani\u00e8re solide et esth\u00e9tique, quel qu&#8217;en soit le style.<br \/>\n&#8211; L&#8217;auteur, enseignant \u00e0 l&#8217;\u00c9cole d&#8217;ameublement de Paris, aborde les savoirs traditionnels de l&#8217;\u00e9b\u00e9nisterie \u00e0 travers les \u00e9l\u00e9ments de la structure du mobilier : les pieds et montants, les traverses, les dessus et les socles.<br \/>\n&#8211; Pour chacune de ces cat\u00e9gories, de nombreux mod\u00e8les de styles vari\u00e9s sont pr\u00e9sent\u00e9s \u00e0 l&#8217;aide de photographies et de plans d\u00e9taill\u00e9s.<br \/>\n&#8211; La r\u00e9alisation de certains d&#8217;entre eux est ensuite expliqu\u00e9e \u00e9tape par \u00e9tape.<br \/>\nSont abord\u00e9es la conception de la forme et des d\u00e9cors, les difficult\u00e9s de trac\u00e9 et, bien s\u00fbr, l&#8217;assemblage.<br \/>\n&#8211; De nombreuses photographies montrent les diff\u00e9rentes \u00e9tapes de la r\u00e9alisation. Des sch\u00e9mas et dessins permettent au lecteur de bien comprendre comment d\u00e9passer les difficult\u00e9s techniques.<br \/>\nLes mod\u00e8les et les r\u00e9alisations pr\u00e9sent\u00e9s sont inspir\u00e9s aussi bien de l&#8217;\u00e9b\u00e9nisterie classique que de l&#8217;\u00e9b\u00e9nisterie contemporaine. Ainsi, suivant les circonstances, les commandes, les go\u00fbts ou les \u00e9volutions du m\u00e9tier, le lecteur pourra imaginer librement d&#8217;autres propositions esth\u00e9tiques ou techniques.<\/p>\n","protected":false},"excerpt":{"rendered":"<p>Ce livre r\u00e9pond aux interrogations des \u00e9b\u00e9nistes qui doivent \u00e0 la fois concevoir, dessiner et construire leurs meubles de mani\u00e8re solide et esth\u00e9tique, quel qu&#8217;en soit le style. &#8211; L&#8217;auteur, enseignant \u00e0 l&#8217;\u00c9cole d&#8217;ameublement de Paris, aborde les savoirs traditionnels de l&#8217;\u00e9b\u00e9nisterie \u00e0 travers les \u00e9l\u00e9ments de la structure du mobilier : les pieds et [&hellip;]<\/p>\n","protected":false},"featured_media":16541,"template":"","meta":[],"product_cat":[55,2948,18,2952],"product_tag":[],"acf":[],"yoast_head":"<!-- This site is optimized with the Yoast SEO plugin v20.11 - https:\/\/yoast.com\/wordpress\/plugins\/seo\/ -->\n<title>\u00c9B\u00c9NISTERIE : LE MEUBLE ET SA STRUCTURE - Librairie 7L<\/title>\n<meta name=\"robots\" content=\"index, follow, max-snippet:-1, max-image-preview:large, max-video-preview:-1\" \/>\n<link rel=\"canonical\" href=\"https:\/\/librairie7l.com\/en\/produit\/ebenisterie-le-meuble-et-sa-structure\/\" \/>\n<meta property=\"og:locale\" content=\"en_US\" \/>\n<meta property=\"og:type\" content=\"article\" \/>\n<meta property=\"og:title\" content=\"\u00c9B\u00c9NISTERIE : LE MEUBLE ET SA STRUCTURE - Librairie 7L\" \/>\n<meta property=\"og:description\" content=\"Ce livre r\u00e9pond aux interrogations des \u00e9b\u00e9nistes qui doivent \u00e0 la fois concevoir, dessiner et construire leurs meubles de mani\u00e8re solide et esth\u00e9tique, quel qu&#8217;en soit le style. &#8211; L&#8217;auteur, enseignant \u00e0 l&#8217;\u00c9cole d&#8217;ameublement de Paris, aborde les savoirs traditionnels de l&#8217;\u00e9b\u00e9nisterie \u00e0 travers les \u00e9l\u00e9ments de la structure du mobilier : les pieds et [&hellip;]\" \/>\n<meta property=\"og:url\" content=\"https:\/\/librairie7l.com\/en\/produit\/ebenisterie-le-meuble-et-sa-structure\/\" \/>\n<meta property=\"og:site_name\" content=\"Librairie 7L\" \/>\n<meta property=\"article:modified_time\" content=\"2026-05-07T00:58:09+00:00\" \/>\n<meta property=\"og:image\" content=\"https:\/\/librairie7l.com\/wp-content\/uploads\/2023\/04\/9782851012593_1_75.jpg\" \/>\n\t<meta property=\"og:image:width\" content=\"600\" \/>\n\t<meta property=\"og:image:height\" content=\"819\" \/>\n\t<meta property=\"og:image:type\" content=\"image\/jpeg\" \/>\n<meta name=\"twitter:card\" content=\"summary_large_image\" \/>\n<meta name=\"twitter:label1\" content=\"Est. reading time\" \/>\n\t<meta name=\"twitter:data1\" content=\"1 minute\" \/>\n<script type=\"application\/ld+json\" class=\"yoast-schema-graph\">{\"@context\":\"https:\/\/schema.org\",\"@graph\":[{\"@type\":\"WebPage\",\"@id\":\"https:\/\/librairie7l.com\/en\/produit\/ebenisterie-le-meuble-et-sa-structure\/\",\"url\":\"https:\/\/librairie7l.com\/en\/produit\/ebenisterie-le-meuble-et-sa-structure\/\",\"name\":\"\u00c9B\u00c9NISTERIE : LE MEUBLE ET SA STRUCTURE - Librairie 7L\",\"isPartOf\":{\"@id\":\"https:\/\/librairie7l.com\/en\/#website\"},\"datePublished\":\"2023-05-09T15:18:32+00:00\",\"dateModified\":\"2026-05-07T00:58:09+00:00\",\"breadcrumb\":{\"@id\":\"https:\/\/librairie7l.com\/en\/produit\/ebenisterie-le-meuble-et-sa-structure\/#breadcrumb\"},\"inLanguage\":\"en-US\",\"potentialAction\":[{\"@type\":\"ReadAction\",\"target\":[\"https:\/\/librairie7l.com\/en\/produit\/ebenisterie-le-meuble-et-sa-structure\/\"]}]},{\"@type\":\"BreadcrumbList\",\"@id\":\"https:\/\/librairie7l.com\/en\/produit\/ebenisterie-le-meuble-et-sa-structure\/#breadcrumb\",\"itemListElement\":[{\"@type\":\"ListItem\",\"position\":1,\"name\":\"Accueil\",\"item\":\"https:\/\/librairie7l.com\/en\/\"},{\"@type\":\"ListItem\",\"position\":2,\"name\":\"Shop\",\"item\":\"https:\/\/librairie7l.com\/en\/shop\/\"},{\"@type\":\"ListItem\",\"position\":3,\"name\":\"\u00c9B\u00c9NISTERIE : LE MEUBLE ET SA STRUCTURE\"}]},{\"@type\":\"WebSite\",\"@id\":\"https:\/\/librairie7l.com\/en\/#website\",\"url\":\"https:\/\/librairie7l.com\/en\/\",\"name\":\"Librairie 7L\",\"description\":\"Librairie fond\u00e9e en 1999 par Karl Lagerfeld \u00e0 Paris\",\"publisher\":{\"@id\":\"https:\/\/librairie7l.com\/en\/#organization\"},\"potentialAction\":[{\"@type\":\"SearchAction\",\"target\":{\"@type\":\"EntryPoint\",\"urlTemplate\":\"https:\/\/librairie7l.com\/en\/?s={search_term_string}\"},\"query-input\":\"required name=search_term_string\"}],\"inLanguage\":\"en-US\"},{\"@type\":\"Organization\",\"@id\":\"https:\/\/librairie7l.com\/en\/#organization\",\"name\":\"Librairie 7L\",\"url\":\"https:\/\/librairie7l.com\/en\/\",\"logo\":{\"@type\":\"ImageObject\",\"inLanguage\":\"en-US\",\"@id\":\"https:\/\/librairie7l.com\/en\/#\/schema\/logo\/image\/\",\"url\":\"https:\/\/librairie7l.com\/wp-content\/uploads\/2022\/08\/logo-1.png\",\"contentUrl\":\"https:\/\/librairie7l.com\/wp-content\/uploads\/2022\/08\/logo-1.png\",\"width\":227,\"height\":301,\"caption\":\"Librairie 7L\"},\"image\":{\"@id\":\"https:\/\/librairie7l.com\/en\/#\/schema\/logo\/image\/\"}}]}<\/script>\n<!-- \/ Yoast SEO plugin. -->","yoast_head_json":{"title":"\u00c9B\u00c9NISTERIE : LE MEUBLE ET SA STRUCTURE - Librairie 7L","robots":{"index":"index","follow":"follow","max-snippet":"max-snippet:-1","max-image-preview":"max-image-preview:large","max-video-preview":"max-video-preview:-1"},"canonical":"https:\/\/librairie7l.com\/en\/produit\/ebenisterie-le-meuble-et-sa-structure\/","og_locale":"en_US","og_type":"article","og_title":"\u00c9B\u00c9NISTERIE : LE MEUBLE ET SA STRUCTURE - Librairie 7L","og_description":"Ce livre r\u00e9pond aux interrogations des \u00e9b\u00e9nistes qui doivent \u00e0 la fois concevoir, dessiner et construire leurs meubles de mani\u00e8re solide et esth\u00e9tique, quel qu&#8217;en soit le style. &#8211; L&#8217;auteur, enseignant \u00e0 l&#8217;\u00c9cole d&#8217;ameublement de Paris, aborde les savoirs traditionnels de l&#8217;\u00e9b\u00e9nisterie \u00e0 travers les \u00e9l\u00e9ments de la structure du mobilier : les pieds et [&hellip;]","og_url":"https:\/\/librairie7l.com\/en\/produit\/ebenisterie-le-meuble-et-sa-structure\/","og_site_name":"Librairie 7L","article_modified_time":"2026-05-07T00:58:09+00:00","og_image":[{"width":600,"height":819,"url":"https:\/\/librairie7l.com\/wp-content\/uploads\/2023\/04\/9782851012593_1_75.jpg","type":"image\/jpeg"}],"twitter_card":"summary_large_image","twitter_misc":{"Est. reading time":"1 minute"},"schema":{"@context":"https:\/\/schema.org","@graph":[{"@type":"WebPage","@id":"https:\/\/librairie7l.com\/en\/produit\/ebenisterie-le-meuble-et-sa-structure\/","url":"https:\/\/librairie7l.com\/en\/produit\/ebenisterie-le-meuble-et-sa-structure\/","name":"\u00c9B\u00c9NISTERIE : LE MEUBLE ET SA STRUCTURE - Librairie 7L","isPartOf":{"@id":"https:\/\/librairie7l.com\/en\/#website"},"datePublished":"2023-05-09T15:18:32+00:00","dateModified":"2026-05-07T00:58:09+00:00","breadcrumb":{"@id":"https:\/\/librairie7l.com\/en\/produit\/ebenisterie-le-meuble-et-sa-structure\/#breadcrumb"},"inLanguage":"en-US","potentialAction":[{"@type":"ReadAction","target":["https:\/\/librairie7l.com\/en\/produit\/ebenisterie-le-meuble-et-sa-structure\/"]}]},{"@type":"BreadcrumbList","@id":"https:\/\/librairie7l.com\/en\/produit\/ebenisterie-le-meuble-et-sa-structure\/#breadcrumb","itemListElement":[{"@type":"ListItem","position":1,"name":"Accueil","item":"https:\/\/librairie7l.com\/en\/"},{"@type":"ListItem","position":2,"name":"Shop","item":"https:\/\/librairie7l.com\/en\/shop\/"},{"@type":"ListItem","position":3,"name":"\u00c9B\u00c9NISTERIE : LE MEUBLE ET SA STRUCTURE"}]},{"@type":"WebSite","@id":"https:\/\/librairie7l.com\/en\/#website","url":"https:\/\/librairie7l.com\/en\/","name":"Librairie 7L","description":"Librairie fond\u00e9e en 1999 par Karl Lagerfeld \u00e0 Paris","publisher":{"@id":"https:\/\/librairie7l.com\/en\/#organization"},"potentialAction":[{"@type":"SearchAction","target":{"@type":"EntryPoint","urlTemplate":"https:\/\/librairie7l.com\/en\/?s={search_term_string}"},"query-input":"required name=search_term_string"}],"inLanguage":"en-US"},{"@type":"Organization","@id":"https:\/\/librairie7l.com\/en\/#organization","name":"Librairie 7L","url":"https:\/\/librairie7l.com\/en\/","logo":{"@type":"ImageObject","inLanguage":"en-US","@id":"https:\/\/librairie7l.com\/en\/#\/schema\/logo\/image\/","url":"https:\/\/librairie7l.com\/wp-content\/uploads\/2022\/08\/logo-1.png","contentUrl":"https:\/\/librairie7l.com\/wp-content\/uploads\/2022\/08\/logo-1.png","width":227,"height":301,"caption":"Librairie 7L"},"image":{"@id":"https:\/\/librairie7l.com\/en\/#\/schema\/logo\/image\/"}}]}},"_links":{"self":[{"href":"https:\/\/librairie7l.com\/en\/wp-json\/wp\/v2\/product\/16543"}],"collection":[{"href":"https:\/\/librairie7l.com\/en\/wp-json\/wp\/v2\/product"}],"about":[{"href":"https:\/\/librairie7l.com\/en\/wp-json\/wp\/v2\/types\/product"}],"wp:featuredmedia":[{"embeddable":true,"href":"https:\/\/librairie7l.com\/en\/wp-json\/wp\/v2\/media\/16541"}],"wp:attachment":[{"href":"https:\/\/librairie7l.com\/en\/wp-json\/wp\/v2\/media?parent=16543"}],"wp:term":[{"taxonomy":"product_cat","embeddable":true,"href":"https:\/\/librairie7l.com\/en\/wp-json\/wp\/v2\/product_cat?post=16543"},{"taxonomy":"product_tag","embeddable":true,"href":"https:\/\/librairie7l.com\/en\/wp-json\/wp\/v2\/product_tag?post=16543"}],"curies":[{"name":"wp","href":"https:\/\/api.w.org\/{rel}","templated":true}]}}