{"id":16547,"date":"2023-05-09T17:18:36","date_gmt":"2023-05-09T15:18:36","guid":{"rendered":"https:\/\/librairie7l.com\/?post_type=product&#038;p=16547"},"modified":"2026-04-04T23:56:29","modified_gmt":"2026-04-04T21:56:29","slug":"le-monde-des-lofts-des-interieurs-industriels-entre-fer-et-bois","status":"publish","type":"product","link":"https:\/\/librairie7l.com\/en\/produit\/le-monde-des-lofts-des-interieurs-industriels-entre-fer-et-bois\/","title":{"rendered":"LE MONDE DES LOFTS : DES INT\u00c9RIEURS INDUSTRIELS ENTRE FER ET BOIS"},"content":{"rendered":"<p>Les espaces des anciennes usines sont souvent caract\u00e9ris\u00e9s par leur espace, leurs hauts plafonds, leurs grandes fen\u00eatres et leurs finitions particuli\u00e8res. Des espaces qui font r\u00eaver les artistes comme les adeptes de vastes lieux \u00e0 r\u00e9habiliter en lieu de vie. Ce livre d&#8217;int\u00e9rieur vise \u00e0 transmettre l&#8217;atmosph\u00e8re du style industriel et la fa\u00e7on dont il influence les designs d&#8217;int\u00e9rieur d&#8217;aujourd&#8217;hui.<\/p>\n","protected":false},"excerpt":{"rendered":"<p>Les espaces des anciennes usines sont souvent caract\u00e9ris\u00e9s par leur espace, leurs hauts plafonds, leurs grandes fen\u00eatres et leurs finitions particuli\u00e8res. Des espaces qui font r\u00eaver les artistes comme les adeptes de vastes lieux \u00e0 r\u00e9habiliter en lieu de vie. Ce livre d&#8217;int\u00e9rieur vise \u00e0 transmettre l&#8217;atmosph\u00e8re du style industriel et la fa\u00e7on dont il [&hellip;]<\/p>\n","protected":false},"featured_media":16545,"template":"","meta":[],"product_cat":[55,2948,46,2951],"product_tag":[],"acf":[],"yoast_head":"<!-- This site is optimized with the Yoast SEO plugin v20.11 - https:\/\/yoast.com\/wordpress\/plugins\/seo\/ -->\n<title>LE MONDE DES LOFTS : DES INT\u00c9RIEURS INDUSTRIELS ENTRE FER ET BOIS - Librairie 7L<\/title>\n<meta name=\"robots\" content=\"index, follow, max-snippet:-1, max-image-preview:large, max-video-preview:-1\" \/>\n<link rel=\"canonical\" href=\"https:\/\/librairie7l.com\/en\/produit\/le-monde-des-lofts-des-interieurs-industriels-entre-fer-et-bois\/\" \/>\n<meta property=\"og:locale\" content=\"en_US\" \/>\n<meta property=\"og:type\" content=\"article\" \/>\n<meta property=\"og:title\" content=\"LE MONDE DES LOFTS : DES INT\u00c9RIEURS INDUSTRIELS ENTRE FER ET BOIS - Librairie 7L\" \/>\n<meta property=\"og:description\" content=\"Les espaces des anciennes usines sont souvent caract\u00e9ris\u00e9s par leur espace, leurs hauts plafonds, leurs grandes fen\u00eatres et leurs finitions particuli\u00e8res. Des espaces qui font r\u00eaver les artistes comme les adeptes de vastes lieux \u00e0 r\u00e9habiliter en lieu de vie. Ce livre d&#8217;int\u00e9rieur vise \u00e0 transmettre l&#8217;atmosph\u00e8re du style industriel et la fa\u00e7on dont il [&hellip;]\" \/>\n<meta property=\"og:url\" content=\"https:\/\/librairie7l.com\/en\/produit\/le-monde-des-lofts-des-interieurs-industriels-entre-fer-et-bois\/\" \/>\n<meta property=\"og:site_name\" content=\"Librairie 7L\" \/>\n<meta property=\"article:modified_time\" content=\"2026-04-04T21:56:29+00:00\" \/>\n<meta property=\"og:image\" content=\"https:\/\/librairie7l.com\/wp-content\/uploads\/2022\/11\/9782383780106_1_75.jpg\" \/>\n\t<meta property=\"og:image:width\" content=\"400\" \/>\n\t<meta property=\"og:image:height\" content=\"469\" \/>\n\t<meta property=\"og:image:type\" content=\"image\/jpeg\" \/>\n<meta name=\"twitter:card\" content=\"summary_large_image\" \/>\n<script type=\"application\/ld+json\" class=\"yoast-schema-graph\">{\"@context\":\"https:\/\/schema.org\",\"@graph\":[{\"@type\":\"WebPage\",\"@id\":\"https:\/\/librairie7l.com\/en\/produit\/le-monde-des-lofts-des-interieurs-industriels-entre-fer-et-bois\/\",\"url\":\"https:\/\/librairie7l.com\/en\/produit\/le-monde-des-lofts-des-interieurs-industriels-entre-fer-et-bois\/\",\"name\":\"LE MONDE DES LOFTS : DES INT\u00c9RIEURS INDUSTRIELS ENTRE FER ET BOIS - Librairie 7L\",\"isPartOf\":{\"@id\":\"https:\/\/librairie7l.com\/en\/#website\"},\"datePublished\":\"2023-05-09T15:18:36+00:00\",\"dateModified\":\"2026-04-04T21:56:29+00:00\",\"breadcrumb\":{\"@id\":\"https:\/\/librairie7l.com\/en\/produit\/le-monde-des-lofts-des-interieurs-industriels-entre-fer-et-bois\/#breadcrumb\"},\"inLanguage\":\"en-US\",\"potentialAction\":[{\"@type\":\"ReadAction\",\"target\":[\"https:\/\/librairie7l.com\/en\/produit\/le-monde-des-lofts-des-interieurs-industriels-entre-fer-et-bois\/\"]}]},{\"@type\":\"BreadcrumbList\",\"@id\":\"https:\/\/librairie7l.com\/en\/produit\/le-monde-des-lofts-des-interieurs-industriels-entre-fer-et-bois\/#breadcrumb\",\"itemListElement\":[{\"@type\":\"ListItem\",\"position\":1,\"name\":\"Accueil\",\"item\":\"https:\/\/librairie7l.com\/en\/\"},{\"@type\":\"ListItem\",\"position\":2,\"name\":\"Shop\",\"item\":\"https:\/\/librairie7l.com\/en\/shop\/\"},{\"@type\":\"ListItem\",\"position\":3,\"name\":\"LE MONDE DES LOFTS : DES INT\u00c9RIEURS INDUSTRIELS ENTRE FER ET BOIS\"}]},{\"@type\":\"WebSite\",\"@id\":\"https:\/\/librairie7l.com\/en\/#website\",\"url\":\"https:\/\/librairie7l.com\/en\/\",\"name\":\"Librairie 7L\",\"description\":\"Librairie fond\u00e9e en 1999 par Karl Lagerfeld \u00e0 Paris\",\"publisher\":{\"@id\":\"https:\/\/librairie7l.com\/en\/#organization\"},\"potentialAction\":[{\"@type\":\"SearchAction\",\"target\":{\"@type\":\"EntryPoint\",\"urlTemplate\":\"https:\/\/librairie7l.com\/en\/?s={search_term_string}\"},\"query-input\":\"required name=search_term_string\"}],\"inLanguage\":\"en-US\"},{\"@type\":\"Organization\",\"@id\":\"https:\/\/librairie7l.com\/en\/#organization\",\"name\":\"Librairie 7L\",\"url\":\"https:\/\/librairie7l.com\/en\/\",\"logo\":{\"@type\":\"ImageObject\",\"inLanguage\":\"en-US\",\"@id\":\"https:\/\/librairie7l.com\/en\/#\/schema\/logo\/image\/\",\"url\":\"https:\/\/librairie7l.com\/wp-content\/uploads\/2022\/08\/logo-1.png\",\"contentUrl\":\"https:\/\/librairie7l.com\/wp-content\/uploads\/2022\/08\/logo-1.png\",\"width\":227,\"height\":301,\"caption\":\"Librairie 7L\"},\"image\":{\"@id\":\"https:\/\/librairie7l.com\/en\/#\/schema\/logo\/image\/\"}}]}<\/script>\n<!-- \/ Yoast SEO plugin. -->","yoast_head_json":{"title":"LE MONDE DES LOFTS : DES INT\u00c9RIEURS INDUSTRIELS ENTRE FER ET BOIS - Librairie 7L","robots":{"index":"index","follow":"follow","max-snippet":"max-snippet:-1","max-image-preview":"max-image-preview:large","max-video-preview":"max-video-preview:-1"},"canonical":"https:\/\/librairie7l.com\/en\/produit\/le-monde-des-lofts-des-interieurs-industriels-entre-fer-et-bois\/","og_locale":"en_US","og_type":"article","og_title":"LE MONDE DES LOFTS : DES INT\u00c9RIEURS INDUSTRIELS ENTRE FER ET BOIS - Librairie 7L","og_description":"Les espaces des anciennes usines sont souvent caract\u00e9ris\u00e9s par leur espace, leurs hauts plafonds, leurs grandes fen\u00eatres et leurs finitions particuli\u00e8res. Des espaces qui font r\u00eaver les artistes comme les adeptes de vastes lieux \u00e0 r\u00e9habiliter en lieu de vie. Ce livre d&#8217;int\u00e9rieur vise \u00e0 transmettre l&#8217;atmosph\u00e8re du style industriel et la fa\u00e7on dont il [&hellip;]","og_url":"https:\/\/librairie7l.com\/en\/produit\/le-monde-des-lofts-des-interieurs-industriels-entre-fer-et-bois\/","og_site_name":"Librairie 7L","article_modified_time":"2026-04-04T21:56:29+00:00","og_image":[{"width":400,"height":469,"url":"https:\/\/librairie7l.com\/wp-content\/uploads\/2022\/11\/9782383780106_1_75.jpg","type":"image\/jpeg"}],"twitter_card":"summary_large_image","schema":{"@context":"https:\/\/schema.org","@graph":[{"@type":"WebPage","@id":"https:\/\/librairie7l.com\/en\/produit\/le-monde-des-lofts-des-interieurs-industriels-entre-fer-et-bois\/","url":"https:\/\/librairie7l.com\/en\/produit\/le-monde-des-lofts-des-interieurs-industriels-entre-fer-et-bois\/","name":"LE MONDE DES LOFTS : DES INT\u00c9RIEURS INDUSTRIELS ENTRE FER ET BOIS - Librairie 7L","isPartOf":{"@id":"https:\/\/librairie7l.com\/en\/#website"},"datePublished":"2023-05-09T15:18:36+00:00","dateModified":"2026-04-04T21:56:29+00:00","breadcrumb":{"@id":"https:\/\/librairie7l.com\/en\/produit\/le-monde-des-lofts-des-interieurs-industriels-entre-fer-et-bois\/#breadcrumb"},"inLanguage":"en-US","potentialAction":[{"@type":"ReadAction","target":["https:\/\/librairie7l.com\/en\/produit\/le-monde-des-lofts-des-interieurs-industriels-entre-fer-et-bois\/"]}]},{"@type":"BreadcrumbList","@id":"https:\/\/librairie7l.com\/en\/produit\/le-monde-des-lofts-des-interieurs-industriels-entre-fer-et-bois\/#breadcrumb","itemListElement":[{"@type":"ListItem","position":1,"name":"Accueil","item":"https:\/\/librairie7l.com\/en\/"},{"@type":"ListItem","position":2,"name":"Shop","item":"https:\/\/librairie7l.com\/en\/shop\/"},{"@type":"ListItem","position":3,"name":"LE MONDE DES LOFTS : DES INT\u00c9RIEURS INDUSTRIELS ENTRE FER ET BOIS"}]},{"@type":"WebSite","@id":"https:\/\/librairie7l.com\/en\/#website","url":"https:\/\/librairie7l.com\/en\/","name":"Librairie 7L","description":"Librairie fond\u00e9e en 1999 par Karl Lagerfeld \u00e0 Paris","publisher":{"@id":"https:\/\/librairie7l.com\/en\/#organization"},"potentialAction":[{"@type":"SearchAction","target":{"@type":"EntryPoint","urlTemplate":"https:\/\/librairie7l.com\/en\/?s={search_term_string}"},"query-input":"required name=search_term_string"}],"inLanguage":"en-US"},{"@type":"Organization","@id":"https:\/\/librairie7l.com\/en\/#organization","name":"Librairie 7L","url":"https:\/\/librairie7l.com\/en\/","logo":{"@type":"ImageObject","inLanguage":"en-US","@id":"https:\/\/librairie7l.com\/en\/#\/schema\/logo\/image\/","url":"https:\/\/librairie7l.com\/wp-content\/uploads\/2022\/08\/logo-1.png","contentUrl":"https:\/\/librairie7l.com\/wp-content\/uploads\/2022\/08\/logo-1.png","width":227,"height":301,"caption":"Librairie 7L"},"image":{"@id":"https:\/\/librairie7l.com\/en\/#\/schema\/logo\/image\/"}}]}},"_links":{"self":[{"href":"https:\/\/librairie7l.com\/en\/wp-json\/wp\/v2\/product\/16547"}],"collection":[{"href":"https:\/\/librairie7l.com\/en\/wp-json\/wp\/v2\/product"}],"about":[{"href":"https:\/\/librairie7l.com\/en\/wp-json\/wp\/v2\/types\/product"}],"wp:featuredmedia":[{"embeddable":true,"href":"https:\/\/librairie7l.com\/en\/wp-json\/wp\/v2\/media\/16545"}],"wp:attachment":[{"href":"https:\/\/librairie7l.com\/en\/wp-json\/wp\/v2\/media?parent=16547"}],"wp:term":[{"taxonomy":"product_cat","embeddable":true,"href":"https:\/\/librairie7l.com\/en\/wp-json\/wp\/v2\/product_cat?post=16547"},{"taxonomy":"product_tag","embeddable":true,"href":"https:\/\/librairie7l.com\/en\/wp-json\/wp\/v2\/product_tag?post=16547"}],"curies":[{"name":"wp","href":"https:\/\/api.w.org\/{rel}","templated":true}]}}