{"id":16559,"date":"2023-05-09T17:18:45","date_gmt":"2023-05-09T15:18:45","guid":{"rendered":"https:\/\/librairie7l.com\/?post_type=product&#038;p=16559"},"modified":"2026-04-19T14:55:54","modified_gmt":"2026-04-19T12:55:54","slug":"maitresse-de-ceremonies-50-ans-dart-de-vivre-a-la-francaise-2","status":"publish","type":"product","link":"https:\/\/librairie7l.com\/en\/produit\/maitresse-de-ceremonies-50-ans-dart-de-vivre-a-la-francaise-2\/","title":{"rendered":"MA\u00ceTRESSE DE C\u00c9R\u00c9MONIES : 50 ANS D&#8217;ART DE VIVRE \u00c0 LA FRAN\u00c7AISE"},"content":{"rendered":"<p>Vous ne connaissez pas Fran\u00e7oise Dumas  ? C&#8217;est normal, la discr\u00e9tion est sa ligne de conduite. Pourtant, ces cinquante derni\u00e8res ann\u00e9es, c&#8217;est elle qui a tir\u00e9 les ficelles des plus belles soir\u00e9es de France, organisant des r\u00e9ceptions rest\u00e9es dans la m\u00e9moire de tous ceux qui y ont particip\u00e9 et que voici racont\u00e9es pour la premi\u00e8re fois.<br \/>\nJeune Parisienne dans les ann\u00e9es 1950, Fran\u00e7oise Dumas se retrouve au lyc\u00e9e avec Marie Lafor\u00eat et Florence Delay. La voici sous le signe des arts  ! Quelques ann\u00e9es plus tard, elle apprend son m\u00e9tier, un tout nouveau m\u00e9tier, en entrant dans le cabinet de relations publiques Georges Cravenne, dont on se souvient encore aujourd&#8217;hui comme de l&#8217;inventeur de la c\u00e9r\u00e9monie des C\u00e9sars du cin\u00e9ma. La jeune Fran\u00e7oise nous raconte ses d\u00e9buts et sa r\u00e9ussite fulgurante, qui se concr\u00e9tisera par la fondation d&#8217;une agence sp\u00e9cialis\u00e9e dans l&#8217;organisation de r\u00e9ceptions connue dans le monde entier. Il ne s&#8217;agit pas de c\u00e9l\u00e9brit\u00e9, loin de l\u00e0, mais d&#8217;art de vivre, et d&#8217;un art de vivre qui a marqu\u00e9 la sociabilit\u00e9 dans le monde entier  : l&#8217;art de vivre \u00e0 la fran\u00e7aise. Aux c\u00f4t\u00e9s de Fran\u00e7oise Dumas qui l&#8217;a \u00e9galement appris sous la conduite des derni\u00e8res grandes ma\u00eetresses de maison, comme Marie-H\u00e9l\u00e8ne de Rothschild ou Ira de F\u00fcrstenberg, nous apprenons les petits et grands secrets de l&#8217;art de recevoir, du service de table \u00e0 la v\u00e9ritable campagne diplomatique qu&#8217;est le placement des invit\u00e9s. Toute r\u00e9ception r\u00e9ussie est une bonne dramaturgie.<br \/>\nCelle qui se qualifie de \u00ab  ma\u00eetresse de maison par procuration  \u00bb organise pour les autres des \u00e9v\u00e9nements, d\u00eeners, mariages, c\u00e9r\u00e9monies, aussi merveilleux que discrets. Ayant eu pour clients des familles princi\u00e8res et de grands groupes du luxe, des fondations de \u00ab  premi\u00e8res dames  \u00bb et des mus\u00e9es prestigieux, elle nous fait p\u00e9n\u00e9trer dans l&#8217;intimit\u00e9 de ceux qui sont devenus ses amis, de la famille de Monaco \u00e0 la famille Arnault, de Bernadette Chirac \u00e0 Karl Lagerfeld. Une artiste de la douceur de vivre.<\/p>\n","protected":false},"excerpt":{"rendered":"<p>Vous ne connaissez pas Fran\u00e7oise Dumas ? C&#8217;est normal, la discr\u00e9tion est sa ligne de conduite. Pourtant, ces cinquante derni\u00e8res ann\u00e9es, c&#8217;est elle qui a tir\u00e9 les ficelles des plus belles soir\u00e9es de France, organisant des r\u00e9ceptions rest\u00e9es dans la m\u00e9moire de tous ceux qui y ont particip\u00e9 et que voici racont\u00e9es pour la premi\u00e8re [&hellip;]<\/p>\n","protected":false},"featured_media":16557,"template":"","meta":[],"product_cat":[55,2948,47,2953],"product_tag":[],"acf":[],"yoast_head":"<!-- This site is optimized with the Yoast SEO plugin v20.11 - https:\/\/yoast.com\/wordpress\/plugins\/seo\/ -->\n<title>MA\u00ceTRESSE DE C\u00c9R\u00c9MONIES : 50 ANS D&#039;ART DE VIVRE \u00c0 LA FRAN\u00c7AISE - Librairie 7L<\/title>\n<meta name=\"robots\" content=\"index, follow, max-snippet:-1, max-image-preview:large, max-video-preview:-1\" \/>\n<link rel=\"canonical\" href=\"https:\/\/librairie7l.com\/en\/produit\/maitresse-de-ceremonies-50-ans-dart-de-vivre-a-la-francaise-2\/\" \/>\n<meta property=\"og:locale\" content=\"en_US\" \/>\n<meta property=\"og:type\" content=\"article\" \/>\n<meta property=\"og:title\" content=\"MA\u00ceTRESSE DE C\u00c9R\u00c9MONIES : 50 ANS D&#039;ART DE VIVRE \u00c0 LA FRAN\u00c7AISE - Librairie 7L\" \/>\n<meta property=\"og:description\" content=\"Vous ne connaissez pas Fran\u00e7oise Dumas ? C&#8217;est normal, la discr\u00e9tion est sa ligne de conduite. Pourtant, ces cinquante derni\u00e8res ann\u00e9es, c&#8217;est elle qui a tir\u00e9 les ficelles des plus belles soir\u00e9es de France, organisant des r\u00e9ceptions rest\u00e9es dans la m\u00e9moire de tous ceux qui y ont particip\u00e9 et que voici racont\u00e9es pour la premi\u00e8re [&hellip;]\" \/>\n<meta property=\"og:url\" content=\"https:\/\/librairie7l.com\/en\/produit\/maitresse-de-ceremonies-50-ans-dart-de-vivre-a-la-francaise-2\/\" \/>\n<meta property=\"og:site_name\" content=\"Librairie 7L\" \/>\n<meta property=\"article:modified_time\" content=\"2026-04-19T12:55:54+00:00\" \/>\n<meta property=\"og:image\" content=\"https:\/\/librairie7l.com\/wp-content\/uploads\/2022\/10\/9782246825425_1_75.jpg\" \/>\n\t<meta property=\"og:image:width\" content=\"600\" \/>\n\t<meta property=\"og:image:height\" content=\"873\" \/>\n\t<meta property=\"og:image:type\" content=\"image\/jpeg\" \/>\n<meta name=\"twitter:card\" content=\"summary_large_image\" \/>\n<meta name=\"twitter:label1\" content=\"Est. reading time\" \/>\n\t<meta name=\"twitter:data1\" content=\"2 minutes\" \/>\n<script type=\"application\/ld+json\" class=\"yoast-schema-graph\">{\"@context\":\"https:\/\/schema.org\",\"@graph\":[{\"@type\":\"WebPage\",\"@id\":\"https:\/\/librairie7l.com\/en\/produit\/maitresse-de-ceremonies-50-ans-dart-de-vivre-a-la-francaise-2\/\",\"url\":\"https:\/\/librairie7l.com\/en\/produit\/maitresse-de-ceremonies-50-ans-dart-de-vivre-a-la-francaise-2\/\",\"name\":\"MA\u00ceTRESSE DE C\u00c9R\u00c9MONIES : 50 ANS D'ART DE VIVRE \u00c0 LA FRAN\u00c7AISE - Librairie 7L\",\"isPartOf\":{\"@id\":\"https:\/\/librairie7l.com\/en\/#website\"},\"datePublished\":\"2023-05-09T15:18:45+00:00\",\"dateModified\":\"2026-04-19T12:55:54+00:00\",\"breadcrumb\":{\"@id\":\"https:\/\/librairie7l.com\/en\/produit\/maitresse-de-ceremonies-50-ans-dart-de-vivre-a-la-francaise-2\/#breadcrumb\"},\"inLanguage\":\"en-US\",\"potentialAction\":[{\"@type\":\"ReadAction\",\"target\":[\"https:\/\/librairie7l.com\/en\/produit\/maitresse-de-ceremonies-50-ans-dart-de-vivre-a-la-francaise-2\/\"]}]},{\"@type\":\"BreadcrumbList\",\"@id\":\"https:\/\/librairie7l.com\/en\/produit\/maitresse-de-ceremonies-50-ans-dart-de-vivre-a-la-francaise-2\/#breadcrumb\",\"itemListElement\":[{\"@type\":\"ListItem\",\"position\":1,\"name\":\"Accueil\",\"item\":\"https:\/\/librairie7l.com\/en\/\"},{\"@type\":\"ListItem\",\"position\":2,\"name\":\"Shop\",\"item\":\"https:\/\/librairie7l.com\/en\/shop\/\"},{\"@type\":\"ListItem\",\"position\":3,\"name\":\"MA\u00ceTRESSE DE C\u00c9R\u00c9MONIES : 50 ANS D&#8217;ART DE VIVRE \u00c0 LA FRAN\u00c7AISE\"}]},{\"@type\":\"WebSite\",\"@id\":\"https:\/\/librairie7l.com\/en\/#website\",\"url\":\"https:\/\/librairie7l.com\/en\/\",\"name\":\"Librairie 7L\",\"description\":\"Librairie fond\u00e9e en 1999 par Karl Lagerfeld \u00e0 Paris\",\"publisher\":{\"@id\":\"https:\/\/librairie7l.com\/en\/#organization\"},\"potentialAction\":[{\"@type\":\"SearchAction\",\"target\":{\"@type\":\"EntryPoint\",\"urlTemplate\":\"https:\/\/librairie7l.com\/en\/?s={search_term_string}\"},\"query-input\":\"required name=search_term_string\"}],\"inLanguage\":\"en-US\"},{\"@type\":\"Organization\",\"@id\":\"https:\/\/librairie7l.com\/en\/#organization\",\"name\":\"Librairie 7L\",\"url\":\"https:\/\/librairie7l.com\/en\/\",\"logo\":{\"@type\":\"ImageObject\",\"inLanguage\":\"en-US\",\"@id\":\"https:\/\/librairie7l.com\/en\/#\/schema\/logo\/image\/\",\"url\":\"https:\/\/librairie7l.com\/wp-content\/uploads\/2022\/08\/logo-1.png\",\"contentUrl\":\"https:\/\/librairie7l.com\/wp-content\/uploads\/2022\/08\/logo-1.png\",\"width\":227,\"height\":301,\"caption\":\"Librairie 7L\"},\"image\":{\"@id\":\"https:\/\/librairie7l.com\/en\/#\/schema\/logo\/image\/\"}}]}<\/script>\n<!-- \/ Yoast SEO plugin. -->","yoast_head_json":{"title":"MA\u00ceTRESSE DE C\u00c9R\u00c9MONIES : 50 ANS D'ART DE VIVRE \u00c0 LA FRAN\u00c7AISE - Librairie 7L","robots":{"index":"index","follow":"follow","max-snippet":"max-snippet:-1","max-image-preview":"max-image-preview:large","max-video-preview":"max-video-preview:-1"},"canonical":"https:\/\/librairie7l.com\/en\/produit\/maitresse-de-ceremonies-50-ans-dart-de-vivre-a-la-francaise-2\/","og_locale":"en_US","og_type":"article","og_title":"MA\u00ceTRESSE DE C\u00c9R\u00c9MONIES : 50 ANS D'ART DE VIVRE \u00c0 LA FRAN\u00c7AISE - Librairie 7L","og_description":"Vous ne connaissez pas Fran\u00e7oise Dumas ? C&#8217;est normal, la discr\u00e9tion est sa ligne de conduite. Pourtant, ces cinquante derni\u00e8res ann\u00e9es, c&#8217;est elle qui a tir\u00e9 les ficelles des plus belles soir\u00e9es de France, organisant des r\u00e9ceptions rest\u00e9es dans la m\u00e9moire de tous ceux qui y ont particip\u00e9 et que voici racont\u00e9es pour la premi\u00e8re [&hellip;]","og_url":"https:\/\/librairie7l.com\/en\/produit\/maitresse-de-ceremonies-50-ans-dart-de-vivre-a-la-francaise-2\/","og_site_name":"Librairie 7L","article_modified_time":"2026-04-19T12:55:54+00:00","og_image":[{"width":600,"height":873,"url":"https:\/\/librairie7l.com\/wp-content\/uploads\/2022\/10\/9782246825425_1_75.jpg","type":"image\/jpeg"}],"twitter_card":"summary_large_image","twitter_misc":{"Est. reading time":"2 minutes"},"schema":{"@context":"https:\/\/schema.org","@graph":[{"@type":"WebPage","@id":"https:\/\/librairie7l.com\/en\/produit\/maitresse-de-ceremonies-50-ans-dart-de-vivre-a-la-francaise-2\/","url":"https:\/\/librairie7l.com\/en\/produit\/maitresse-de-ceremonies-50-ans-dart-de-vivre-a-la-francaise-2\/","name":"MA\u00ceTRESSE DE C\u00c9R\u00c9MONIES : 50 ANS D'ART DE VIVRE \u00c0 LA FRAN\u00c7AISE - Librairie 7L","isPartOf":{"@id":"https:\/\/librairie7l.com\/en\/#website"},"datePublished":"2023-05-09T15:18:45+00:00","dateModified":"2026-04-19T12:55:54+00:00","breadcrumb":{"@id":"https:\/\/librairie7l.com\/en\/produit\/maitresse-de-ceremonies-50-ans-dart-de-vivre-a-la-francaise-2\/#breadcrumb"},"inLanguage":"en-US","potentialAction":[{"@type":"ReadAction","target":["https:\/\/librairie7l.com\/en\/produit\/maitresse-de-ceremonies-50-ans-dart-de-vivre-a-la-francaise-2\/"]}]},{"@type":"BreadcrumbList","@id":"https:\/\/librairie7l.com\/en\/produit\/maitresse-de-ceremonies-50-ans-dart-de-vivre-a-la-francaise-2\/#breadcrumb","itemListElement":[{"@type":"ListItem","position":1,"name":"Accueil","item":"https:\/\/librairie7l.com\/en\/"},{"@type":"ListItem","position":2,"name":"Shop","item":"https:\/\/librairie7l.com\/en\/shop\/"},{"@type":"ListItem","position":3,"name":"MA\u00ceTRESSE DE C\u00c9R\u00c9MONIES : 50 ANS D&#8217;ART DE VIVRE \u00c0 LA FRAN\u00c7AISE"}]},{"@type":"WebSite","@id":"https:\/\/librairie7l.com\/en\/#website","url":"https:\/\/librairie7l.com\/en\/","name":"Librairie 7L","description":"Librairie fond\u00e9e en 1999 par Karl Lagerfeld \u00e0 Paris","publisher":{"@id":"https:\/\/librairie7l.com\/en\/#organization"},"potentialAction":[{"@type":"SearchAction","target":{"@type":"EntryPoint","urlTemplate":"https:\/\/librairie7l.com\/en\/?s={search_term_string}"},"query-input":"required name=search_term_string"}],"inLanguage":"en-US"},{"@type":"Organization","@id":"https:\/\/librairie7l.com\/en\/#organization","name":"Librairie 7L","url":"https:\/\/librairie7l.com\/en\/","logo":{"@type":"ImageObject","inLanguage":"en-US","@id":"https:\/\/librairie7l.com\/en\/#\/schema\/logo\/image\/","url":"https:\/\/librairie7l.com\/wp-content\/uploads\/2022\/08\/logo-1.png","contentUrl":"https:\/\/librairie7l.com\/wp-content\/uploads\/2022\/08\/logo-1.png","width":227,"height":301,"caption":"Librairie 7L"},"image":{"@id":"https:\/\/librairie7l.com\/en\/#\/schema\/logo\/image\/"}}]}},"_links":{"self":[{"href":"https:\/\/librairie7l.com\/en\/wp-json\/wp\/v2\/product\/16559"}],"collection":[{"href":"https:\/\/librairie7l.com\/en\/wp-json\/wp\/v2\/product"}],"about":[{"href":"https:\/\/librairie7l.com\/en\/wp-json\/wp\/v2\/types\/product"}],"wp:featuredmedia":[{"embeddable":true,"href":"https:\/\/librairie7l.com\/en\/wp-json\/wp\/v2\/media\/16557"}],"wp:attachment":[{"href":"https:\/\/librairie7l.com\/en\/wp-json\/wp\/v2\/media?parent=16559"}],"wp:term":[{"taxonomy":"product_cat","embeddable":true,"href":"https:\/\/librairie7l.com\/en\/wp-json\/wp\/v2\/product_cat?post=16559"},{"taxonomy":"product_tag","embeddable":true,"href":"https:\/\/librairie7l.com\/en\/wp-json\/wp\/v2\/product_tag?post=16559"}],"curies":[{"name":"wp","href":"https:\/\/api.w.org\/{rel}","templated":true}]}}