{"id":16563,"date":"2023-05-09T17:18:48","date_gmt":"2023-05-09T15:18:48","guid":{"rendered":"https:\/\/librairie7l.com\/?post_type=product&#038;p=16563"},"modified":"2026-04-18T21:15:20","modified_gmt":"2026-04-18T19:15:20","slug":"lincertaine-beaute-du-monde","status":"publish","type":"product","link":"https:\/\/librairie7l.com\/en\/produit\/lincertaine-beaute-du-monde\/","title":{"rendered":"L&#8217;INCERTAINE BEAUT\u00c9 DU MONDE"},"content":{"rendered":"<p>Cet ouvrage est publi\u00e9 \u00e0 l&#8217;occasion de son exposition au MUba Eug\u00e8ne Leroy de Tourcoing, qui pr\u00e9sentera une cinquantaine de s\u00e9ries, et mettra en perspective l&#8217;oeuvre d&#8217;une artiste majeure de la sc\u00e8ne contemporaine.<\/p>\n<p>Entre attraction et rejet, \u00e9vidence et manipulation, les photographies de Val\u00e9rie Belin donnent \u00e0 voir un univers paradoxal et ambigu. Que nous montre-t-elle ? Des images, une s\u00e9duction \u00e9trange, un luxe de pacotille, une surface profonde, une superficialit\u00e9 existentielle, une vie arr\u00eat\u00e9e, une peinture photographique. La plupart des sujets qu&#8217;elle choisit se caract\u00e9risent par leur beaut\u00e9 plastique : cristallerie, miroirs v\u00e9nitiens, voitures de collection, corps parfaits, bouquets de fleurs luxuriants, fruits exceptionnels. Les injonctions de la soci\u00e9t\u00e9 contemporaine \u00e0 la performance, \u00e0 la perfection et au luxe traversent ces corps pouss\u00e9s \u00e0 leurs limites, ces visages sublimes et ces objets-troph\u00e9es. \u00c0 l&#8217;inverse, certaines oeuvres magnifient des objets sans valeur, \u00e9ph\u00e9m\u00e8res, d\u00e9grad\u00e9s ou ignor\u00e9s : voitures accident\u00e9es, moteurs, paquets de chips, masques de carnaval, enseignes lumineuses \u00e0 l&#8217;\u00e8re des LED, gadgets made in China. Val\u00e9rie Belin utilise tous les possibles techniques (choix de la focale, \u00e9clairage, cadrage, pr\u00e9cision du rendu) pour installer ces ambivalences au coeur de l&#8217;image et d\u00e9construire la r\u00e9alit\u00e9 du sujet. Le tirage, plus ou moins contrast\u00e9, satur\u00e9 ou quasi uniform\u00e9ment gris, parfois solaris\u00e9, vient renforcer la d\u00e9r\u00e9alisation du sujet.<\/p>\n<p>L&#8217;oeuvre de Val\u00e9rie Belin est travers\u00e9e de questions r\u00e9currentes. S&#8217;appropriant la diversit\u00e9 du monde (corps, visages, objets, surfaces) dont elle fige le mouvement, l&#8217;artiste r\u00e9v\u00e8le ce qui se joue derri\u00e8re les dictats du para\u00eetre, traduisant la texture m\u00eame de la vie, ses instants et ses transformations.<\/p>\n","protected":false},"excerpt":{"rendered":"<p>Cet ouvrage est publi\u00e9 \u00e0 l&#8217;occasion de son exposition au MUba Eug\u00e8ne Leroy de Tourcoing, qui pr\u00e9sentera une cinquantaine de s\u00e9ries, et mettra en perspective l&#8217;oeuvre d&#8217;une artiste majeure de la sc\u00e8ne contemporaine. Entre attraction et rejet, \u00e9vidence et manipulation, les photographies de Val\u00e9rie Belin donnent \u00e0 voir un univers paradoxal et ambigu. Que nous [&hellip;]<\/p>\n","protected":false},"featured_media":16561,"template":"","meta":[],"product_cat":[55,2948,47,2953],"product_tag":[],"acf":[],"yoast_head":"<!-- This site is optimized with the Yoast SEO plugin v20.11 - https:\/\/yoast.com\/wordpress\/plugins\/seo\/ -->\n<title>L&#039;INCERTAINE BEAUT\u00c9 DU MONDE - Librairie 7L<\/title>\n<meta name=\"robots\" content=\"index, follow, max-snippet:-1, max-image-preview:large, max-video-preview:-1\" \/>\n<link rel=\"canonical\" href=\"https:\/\/librairie7l.com\/en\/produit\/lincertaine-beaute-du-monde\/\" \/>\n<meta property=\"og:locale\" content=\"en_US\" \/>\n<meta property=\"og:type\" content=\"article\" \/>\n<meta property=\"og:title\" content=\"L&#039;INCERTAINE BEAUT\u00c9 DU MONDE - Librairie 7L\" \/>\n<meta property=\"og:description\" content=\"Cet ouvrage est publi\u00e9 \u00e0 l&#8217;occasion de son exposition au MUba Eug\u00e8ne Leroy de Tourcoing, qui pr\u00e9sentera une cinquantaine de s\u00e9ries, et mettra en perspective l&#8217;oeuvre d&#8217;une artiste majeure de la sc\u00e8ne contemporaine. Entre attraction et rejet, \u00e9vidence et manipulation, les photographies de Val\u00e9rie Belin donnent \u00e0 voir un univers paradoxal et ambigu. Que nous [&hellip;]\" \/>\n<meta property=\"og:url\" content=\"https:\/\/librairie7l.com\/en\/produit\/lincertaine-beaute-du-monde\/\" \/>\n<meta property=\"og:site_name\" content=\"Librairie 7L\" \/>\n<meta property=\"article:modified_time\" content=\"2026-04-18T19:15:20+00:00\" \/>\n<meta property=\"og:image\" content=\"https:\/\/librairie7l.com\/wp-content\/uploads\/2023\/03\/9782365113588_1_75.jpg\" \/>\n\t<meta property=\"og:image:width\" content=\"400\" \/>\n\t<meta property=\"og:image:height\" content=\"502\" \/>\n\t<meta property=\"og:image:type\" content=\"image\/jpeg\" \/>\n<meta name=\"twitter:card\" content=\"summary_large_image\" \/>\n<meta name=\"twitter:label1\" content=\"Est. reading time\" \/>\n\t<meta name=\"twitter:data1\" content=\"1 minute\" \/>\n<script type=\"application\/ld+json\" class=\"yoast-schema-graph\">{\"@context\":\"https:\/\/schema.org\",\"@graph\":[{\"@type\":\"WebPage\",\"@id\":\"https:\/\/librairie7l.com\/en\/produit\/lincertaine-beaute-du-monde\/\",\"url\":\"https:\/\/librairie7l.com\/en\/produit\/lincertaine-beaute-du-monde\/\",\"name\":\"L'INCERTAINE BEAUT\u00c9 DU MONDE - Librairie 7L\",\"isPartOf\":{\"@id\":\"https:\/\/librairie7l.com\/en\/#website\"},\"datePublished\":\"2023-05-09T15:18:48+00:00\",\"dateModified\":\"2026-04-18T19:15:20+00:00\",\"breadcrumb\":{\"@id\":\"https:\/\/librairie7l.com\/en\/produit\/lincertaine-beaute-du-monde\/#breadcrumb\"},\"inLanguage\":\"en-US\",\"potentialAction\":[{\"@type\":\"ReadAction\",\"target\":[\"https:\/\/librairie7l.com\/en\/produit\/lincertaine-beaute-du-monde\/\"]}]},{\"@type\":\"BreadcrumbList\",\"@id\":\"https:\/\/librairie7l.com\/en\/produit\/lincertaine-beaute-du-monde\/#breadcrumb\",\"itemListElement\":[{\"@type\":\"ListItem\",\"position\":1,\"name\":\"Accueil\",\"item\":\"https:\/\/librairie7l.com\/en\/\"},{\"@type\":\"ListItem\",\"position\":2,\"name\":\"Shop\",\"item\":\"https:\/\/librairie7l.com\/en\/shop\/\"},{\"@type\":\"ListItem\",\"position\":3,\"name\":\"L&#8217;INCERTAINE BEAUT\u00c9 DU MONDE\"}]},{\"@type\":\"WebSite\",\"@id\":\"https:\/\/librairie7l.com\/en\/#website\",\"url\":\"https:\/\/librairie7l.com\/en\/\",\"name\":\"Librairie 7L\",\"description\":\"Librairie fond\u00e9e en 1999 par Karl Lagerfeld \u00e0 Paris\",\"publisher\":{\"@id\":\"https:\/\/librairie7l.com\/en\/#organization\"},\"potentialAction\":[{\"@type\":\"SearchAction\",\"target\":{\"@type\":\"EntryPoint\",\"urlTemplate\":\"https:\/\/librairie7l.com\/en\/?s={search_term_string}\"},\"query-input\":\"required name=search_term_string\"}],\"inLanguage\":\"en-US\"},{\"@type\":\"Organization\",\"@id\":\"https:\/\/librairie7l.com\/en\/#organization\",\"name\":\"Librairie 7L\",\"url\":\"https:\/\/librairie7l.com\/en\/\",\"logo\":{\"@type\":\"ImageObject\",\"inLanguage\":\"en-US\",\"@id\":\"https:\/\/librairie7l.com\/en\/#\/schema\/logo\/image\/\",\"url\":\"https:\/\/librairie7l.com\/wp-content\/uploads\/2022\/08\/logo-1.png\",\"contentUrl\":\"https:\/\/librairie7l.com\/wp-content\/uploads\/2022\/08\/logo-1.png\",\"width\":227,\"height\":301,\"caption\":\"Librairie 7L\"},\"image\":{\"@id\":\"https:\/\/librairie7l.com\/en\/#\/schema\/logo\/image\/\"}}]}<\/script>\n<!-- \/ Yoast SEO plugin. -->","yoast_head_json":{"title":"L'INCERTAINE BEAUT\u00c9 DU MONDE - Librairie 7L","robots":{"index":"index","follow":"follow","max-snippet":"max-snippet:-1","max-image-preview":"max-image-preview:large","max-video-preview":"max-video-preview:-1"},"canonical":"https:\/\/librairie7l.com\/en\/produit\/lincertaine-beaute-du-monde\/","og_locale":"en_US","og_type":"article","og_title":"L'INCERTAINE BEAUT\u00c9 DU MONDE - Librairie 7L","og_description":"Cet ouvrage est publi\u00e9 \u00e0 l&#8217;occasion de son exposition au MUba Eug\u00e8ne Leroy de Tourcoing, qui pr\u00e9sentera une cinquantaine de s\u00e9ries, et mettra en perspective l&#8217;oeuvre d&#8217;une artiste majeure de la sc\u00e8ne contemporaine. Entre attraction et rejet, \u00e9vidence et manipulation, les photographies de Val\u00e9rie Belin donnent \u00e0 voir un univers paradoxal et ambigu. Que nous [&hellip;]","og_url":"https:\/\/librairie7l.com\/en\/produit\/lincertaine-beaute-du-monde\/","og_site_name":"Librairie 7L","article_modified_time":"2026-04-18T19:15:20+00:00","og_image":[{"width":400,"height":502,"url":"https:\/\/librairie7l.com\/wp-content\/uploads\/2023\/03\/9782365113588_1_75.jpg","type":"image\/jpeg"}],"twitter_card":"summary_large_image","twitter_misc":{"Est. reading time":"1 minute"},"schema":{"@context":"https:\/\/schema.org","@graph":[{"@type":"WebPage","@id":"https:\/\/librairie7l.com\/en\/produit\/lincertaine-beaute-du-monde\/","url":"https:\/\/librairie7l.com\/en\/produit\/lincertaine-beaute-du-monde\/","name":"L'INCERTAINE BEAUT\u00c9 DU MONDE - Librairie 7L","isPartOf":{"@id":"https:\/\/librairie7l.com\/en\/#website"},"datePublished":"2023-05-09T15:18:48+00:00","dateModified":"2026-04-18T19:15:20+00:00","breadcrumb":{"@id":"https:\/\/librairie7l.com\/en\/produit\/lincertaine-beaute-du-monde\/#breadcrumb"},"inLanguage":"en-US","potentialAction":[{"@type":"ReadAction","target":["https:\/\/librairie7l.com\/en\/produit\/lincertaine-beaute-du-monde\/"]}]},{"@type":"BreadcrumbList","@id":"https:\/\/librairie7l.com\/en\/produit\/lincertaine-beaute-du-monde\/#breadcrumb","itemListElement":[{"@type":"ListItem","position":1,"name":"Accueil","item":"https:\/\/librairie7l.com\/en\/"},{"@type":"ListItem","position":2,"name":"Shop","item":"https:\/\/librairie7l.com\/en\/shop\/"},{"@type":"ListItem","position":3,"name":"L&#8217;INCERTAINE BEAUT\u00c9 DU MONDE"}]},{"@type":"WebSite","@id":"https:\/\/librairie7l.com\/en\/#website","url":"https:\/\/librairie7l.com\/en\/","name":"Librairie 7L","description":"Librairie fond\u00e9e en 1999 par Karl Lagerfeld \u00e0 Paris","publisher":{"@id":"https:\/\/librairie7l.com\/en\/#organization"},"potentialAction":[{"@type":"SearchAction","target":{"@type":"EntryPoint","urlTemplate":"https:\/\/librairie7l.com\/en\/?s={search_term_string}"},"query-input":"required name=search_term_string"}],"inLanguage":"en-US"},{"@type":"Organization","@id":"https:\/\/librairie7l.com\/en\/#organization","name":"Librairie 7L","url":"https:\/\/librairie7l.com\/en\/","logo":{"@type":"ImageObject","inLanguage":"en-US","@id":"https:\/\/librairie7l.com\/en\/#\/schema\/logo\/image\/","url":"https:\/\/librairie7l.com\/wp-content\/uploads\/2022\/08\/logo-1.png","contentUrl":"https:\/\/librairie7l.com\/wp-content\/uploads\/2022\/08\/logo-1.png","width":227,"height":301,"caption":"Librairie 7L"},"image":{"@id":"https:\/\/librairie7l.com\/en\/#\/schema\/logo\/image\/"}}]}},"_links":{"self":[{"href":"https:\/\/librairie7l.com\/en\/wp-json\/wp\/v2\/product\/16563"}],"collection":[{"href":"https:\/\/librairie7l.com\/en\/wp-json\/wp\/v2\/product"}],"about":[{"href":"https:\/\/librairie7l.com\/en\/wp-json\/wp\/v2\/types\/product"}],"wp:featuredmedia":[{"embeddable":true,"href":"https:\/\/librairie7l.com\/en\/wp-json\/wp\/v2\/media\/16561"}],"wp:attachment":[{"href":"https:\/\/librairie7l.com\/en\/wp-json\/wp\/v2\/media?parent=16563"}],"wp:term":[{"taxonomy":"product_cat","embeddable":true,"href":"https:\/\/librairie7l.com\/en\/wp-json\/wp\/v2\/product_cat?post=16563"},{"taxonomy":"product_tag","embeddable":true,"href":"https:\/\/librairie7l.com\/en\/wp-json\/wp\/v2\/product_tag?post=16563"}],"curies":[{"name":"wp","href":"https:\/\/api.w.org\/{rel}","templated":true}]}}