{"id":16567,"date":"2023-05-09T17:18:51","date_gmt":"2023-05-09T15:18:51","guid":{"rendered":"https:\/\/librairie7l.com\/?post_type=product&#038;p=16567"},"modified":"2026-04-18T19:41:46","modified_gmt":"2026-04-18T17:41:46","slug":"andre-devambez-1867-1944-vertiges-de-limagination","status":"publish","type":"product","link":"https:\/\/librairie7l.com\/en\/produit\/andre-devambez-1867-1944-vertiges-de-limagination\/","title":{"rendered":"ANDR\u00c9 DEVAMBEZ (1867-1944) : VERTIGES DE L&#8217;IMAGINATION"},"content":{"rendered":"<p>Fils du fondateur de la Maison Devambez, entreprise de gravure et d&#8217;\u00e9dition de livres d&#8217;art, Andr\u00e9 Devambez (1877-1944) va suivre le parcours r\u00e9ussi d&#8217;un artiste parisien de la fin du XIXe si\u00e8cle. Apr\u00e8s ses \u00e9tudes \u00e0 l&#8217;\u00c9cole des Beaux-Arts de Paris, \u00e0 l&#8217;atelier de Benjamin Constant, il est Grand prix de Rome de peinture en 1890, devient peintre officiel du minist\u00e8re de l&#8217;Air en 1934 et chef d&#8217;atelier de peinture aux Beaux-Arts de Paris entre 1929 et 1937.<br \/>\nPeintre, dessinateur, graveur, mais aussi illustrateur jeunesse, Andr\u00e9 Devambez a trait\u00e9\u00b4 avec verve de sujets r\u00e9alistes ou fantaisistes sous un angle toujours inattendu. Ma\u00eetre du d\u00e9tail, des expressions caricaturales, des angles de vue improbables et des sujets de traverse caract\u00e9ris\u00e9 par son go\u00fbt pour les formats minuscules&#8230;<br \/>\nAu tournant de la Belle \u00c9poque qui voit surgir dans la capitale un flot de cr\u00e9ateurs marginaux, l&#8217;oeuvre d&#8217;Andr\u00e9 Devambez &#8211; artiste et t\u00e9moin engag\u00e9 dans une soci\u00e9t\u00e9 moderne en mouvement (voir ses sujets sur l&#8217;a\u00e9roplane, le cin\u00e9mographe, ou le t\u00e9l\u00e9phone -, livre \u00ab un spectacle extr\u00eamement vivant et toujours impr\u00e9vu, bien qu&#8217;il soit emprunt\u00e9 \u00e0 la r\u00e9alit\u00e9 la plus stricte. Devambez fait non seulement du fantastique avec le r\u00e9el, mais il fait aussi du r\u00e9el avec le fantastique. \u00bb (Ars\u00e8ne Alexandre). L&#8217;ouvrage \u00e9dit\u00e9, richement illustr\u00e9, est le premier livre complet sur l&#8217;artiste.<\/p>\n","protected":false},"excerpt":{"rendered":"<p>Fils du fondateur de la Maison Devambez, entreprise de gravure et d&#8217;\u00e9dition de livres d&#8217;art, Andr\u00e9 Devambez (1877-1944) va suivre le parcours r\u00e9ussi d&#8217;un artiste parisien de la fin du XIXe si\u00e8cle. Apr\u00e8s ses \u00e9tudes \u00e0 l&#8217;\u00c9cole des Beaux-Arts de Paris, \u00e0 l&#8217;atelier de Benjamin Constant, il est Grand prix de Rome de peinture en [&hellip;]<\/p>\n","protected":false},"featured_media":16565,"template":"","meta":[],"product_cat":[55,2948,47,2953],"product_tag":[],"acf":[],"yoast_head":"<!-- This site is optimized with the Yoast SEO plugin v20.11 - https:\/\/yoast.com\/wordpress\/plugins\/seo\/ -->\n<title>ANDR\u00c9 DEVAMBEZ (1867-1944) : VERTIGES DE L&#039;IMAGINATION - Librairie 7L<\/title>\n<meta name=\"robots\" content=\"index, follow, max-snippet:-1, max-image-preview:large, max-video-preview:-1\" \/>\n<link rel=\"canonical\" href=\"https:\/\/librairie7l.com\/en\/produit\/andre-devambez-1867-1944-vertiges-de-limagination\/\" \/>\n<meta property=\"og:locale\" content=\"en_US\" \/>\n<meta property=\"og:type\" content=\"article\" \/>\n<meta property=\"og:title\" content=\"ANDR\u00c9 DEVAMBEZ (1867-1944) : VERTIGES DE L&#039;IMAGINATION - Librairie 7L\" \/>\n<meta property=\"og:description\" content=\"Fils du fondateur de la Maison Devambez, entreprise de gravure et d&#8217;\u00e9dition de livres d&#8217;art, Andr\u00e9 Devambez (1877-1944) va suivre le parcours r\u00e9ussi d&#8217;un artiste parisien de la fin du XIXe si\u00e8cle. Apr\u00e8s ses \u00e9tudes \u00e0 l&#8217;\u00c9cole des Beaux-Arts de Paris, \u00e0 l&#8217;atelier de Benjamin Constant, il est Grand prix de Rome de peinture en [&hellip;]\" \/>\n<meta property=\"og:url\" content=\"https:\/\/librairie7l.com\/en\/produit\/andre-devambez-1867-1944-vertiges-de-limagination\/\" \/>\n<meta property=\"og:site_name\" content=\"Librairie 7L\" \/>\n<meta property=\"article:modified_time\" content=\"2026-04-18T17:41:46+00:00\" \/>\n<meta property=\"og:image\" content=\"https:\/\/librairie7l.com\/wp-content\/uploads\/2022\/10\/9782759605194_1_75.jpg\" \/>\n\t<meta property=\"og:image:width\" content=\"400\" \/>\n\t<meta property=\"og:image:height\" content=\"508\" \/>\n\t<meta property=\"og:image:type\" content=\"image\/jpeg\" \/>\n<meta name=\"twitter:card\" content=\"summary_large_image\" \/>\n<meta name=\"twitter:label1\" content=\"Est. reading time\" \/>\n\t<meta name=\"twitter:data1\" content=\"1 minute\" \/>\n<script type=\"application\/ld+json\" class=\"yoast-schema-graph\">{\"@context\":\"https:\/\/schema.org\",\"@graph\":[{\"@type\":\"WebPage\",\"@id\":\"https:\/\/librairie7l.com\/en\/produit\/andre-devambez-1867-1944-vertiges-de-limagination\/\",\"url\":\"https:\/\/librairie7l.com\/en\/produit\/andre-devambez-1867-1944-vertiges-de-limagination\/\",\"name\":\"ANDR\u00c9 DEVAMBEZ (1867-1944) : VERTIGES DE L'IMAGINATION - Librairie 7L\",\"isPartOf\":{\"@id\":\"https:\/\/librairie7l.com\/en\/#website\"},\"datePublished\":\"2023-05-09T15:18:51+00:00\",\"dateModified\":\"2026-04-18T17:41:46+00:00\",\"breadcrumb\":{\"@id\":\"https:\/\/librairie7l.com\/en\/produit\/andre-devambez-1867-1944-vertiges-de-limagination\/#breadcrumb\"},\"inLanguage\":\"en-US\",\"potentialAction\":[{\"@type\":\"ReadAction\",\"target\":[\"https:\/\/librairie7l.com\/en\/produit\/andre-devambez-1867-1944-vertiges-de-limagination\/\"]}]},{\"@type\":\"BreadcrumbList\",\"@id\":\"https:\/\/librairie7l.com\/en\/produit\/andre-devambez-1867-1944-vertiges-de-limagination\/#breadcrumb\",\"itemListElement\":[{\"@type\":\"ListItem\",\"position\":1,\"name\":\"Accueil\",\"item\":\"https:\/\/librairie7l.com\/en\/\"},{\"@type\":\"ListItem\",\"position\":2,\"name\":\"Shop\",\"item\":\"https:\/\/librairie7l.com\/en\/shop\/\"},{\"@type\":\"ListItem\",\"position\":3,\"name\":\"ANDR\u00c9 DEVAMBEZ (1867-1944) : VERTIGES DE L&#8217;IMAGINATION\"}]},{\"@type\":\"WebSite\",\"@id\":\"https:\/\/librairie7l.com\/en\/#website\",\"url\":\"https:\/\/librairie7l.com\/en\/\",\"name\":\"Librairie 7L\",\"description\":\"Librairie fond\u00e9e en 1999 par Karl Lagerfeld \u00e0 Paris\",\"publisher\":{\"@id\":\"https:\/\/librairie7l.com\/en\/#organization\"},\"potentialAction\":[{\"@type\":\"SearchAction\",\"target\":{\"@type\":\"EntryPoint\",\"urlTemplate\":\"https:\/\/librairie7l.com\/en\/?s={search_term_string}\"},\"query-input\":\"required name=search_term_string\"}],\"inLanguage\":\"en-US\"},{\"@type\":\"Organization\",\"@id\":\"https:\/\/librairie7l.com\/en\/#organization\",\"name\":\"Librairie 7L\",\"url\":\"https:\/\/librairie7l.com\/en\/\",\"logo\":{\"@type\":\"ImageObject\",\"inLanguage\":\"en-US\",\"@id\":\"https:\/\/librairie7l.com\/en\/#\/schema\/logo\/image\/\",\"url\":\"https:\/\/librairie7l.com\/wp-content\/uploads\/2022\/08\/logo-1.png\",\"contentUrl\":\"https:\/\/librairie7l.com\/wp-content\/uploads\/2022\/08\/logo-1.png\",\"width\":227,\"height\":301,\"caption\":\"Librairie 7L\"},\"image\":{\"@id\":\"https:\/\/librairie7l.com\/en\/#\/schema\/logo\/image\/\"}}]}<\/script>\n<!-- \/ Yoast SEO plugin. -->","yoast_head_json":{"title":"ANDR\u00c9 DEVAMBEZ (1867-1944) : VERTIGES DE L'IMAGINATION - Librairie 7L","robots":{"index":"index","follow":"follow","max-snippet":"max-snippet:-1","max-image-preview":"max-image-preview:large","max-video-preview":"max-video-preview:-1"},"canonical":"https:\/\/librairie7l.com\/en\/produit\/andre-devambez-1867-1944-vertiges-de-limagination\/","og_locale":"en_US","og_type":"article","og_title":"ANDR\u00c9 DEVAMBEZ (1867-1944) : VERTIGES DE L'IMAGINATION - Librairie 7L","og_description":"Fils du fondateur de la Maison Devambez, entreprise de gravure et d&#8217;\u00e9dition de livres d&#8217;art, Andr\u00e9 Devambez (1877-1944) va suivre le parcours r\u00e9ussi d&#8217;un artiste parisien de la fin du XIXe si\u00e8cle. Apr\u00e8s ses \u00e9tudes \u00e0 l&#8217;\u00c9cole des Beaux-Arts de Paris, \u00e0 l&#8217;atelier de Benjamin Constant, il est Grand prix de Rome de peinture en [&hellip;]","og_url":"https:\/\/librairie7l.com\/en\/produit\/andre-devambez-1867-1944-vertiges-de-limagination\/","og_site_name":"Librairie 7L","article_modified_time":"2026-04-18T17:41:46+00:00","og_image":[{"width":400,"height":508,"url":"https:\/\/librairie7l.com\/wp-content\/uploads\/2022\/10\/9782759605194_1_75.jpg","type":"image\/jpeg"}],"twitter_card":"summary_large_image","twitter_misc":{"Est. reading time":"1 minute"},"schema":{"@context":"https:\/\/schema.org","@graph":[{"@type":"WebPage","@id":"https:\/\/librairie7l.com\/en\/produit\/andre-devambez-1867-1944-vertiges-de-limagination\/","url":"https:\/\/librairie7l.com\/en\/produit\/andre-devambez-1867-1944-vertiges-de-limagination\/","name":"ANDR\u00c9 DEVAMBEZ (1867-1944) : VERTIGES DE L'IMAGINATION - Librairie 7L","isPartOf":{"@id":"https:\/\/librairie7l.com\/en\/#website"},"datePublished":"2023-05-09T15:18:51+00:00","dateModified":"2026-04-18T17:41:46+00:00","breadcrumb":{"@id":"https:\/\/librairie7l.com\/en\/produit\/andre-devambez-1867-1944-vertiges-de-limagination\/#breadcrumb"},"inLanguage":"en-US","potentialAction":[{"@type":"ReadAction","target":["https:\/\/librairie7l.com\/en\/produit\/andre-devambez-1867-1944-vertiges-de-limagination\/"]}]},{"@type":"BreadcrumbList","@id":"https:\/\/librairie7l.com\/en\/produit\/andre-devambez-1867-1944-vertiges-de-limagination\/#breadcrumb","itemListElement":[{"@type":"ListItem","position":1,"name":"Accueil","item":"https:\/\/librairie7l.com\/en\/"},{"@type":"ListItem","position":2,"name":"Shop","item":"https:\/\/librairie7l.com\/en\/shop\/"},{"@type":"ListItem","position":3,"name":"ANDR\u00c9 DEVAMBEZ (1867-1944) : VERTIGES DE L&#8217;IMAGINATION"}]},{"@type":"WebSite","@id":"https:\/\/librairie7l.com\/en\/#website","url":"https:\/\/librairie7l.com\/en\/","name":"Librairie 7L","description":"Librairie fond\u00e9e en 1999 par Karl Lagerfeld \u00e0 Paris","publisher":{"@id":"https:\/\/librairie7l.com\/en\/#organization"},"potentialAction":[{"@type":"SearchAction","target":{"@type":"EntryPoint","urlTemplate":"https:\/\/librairie7l.com\/en\/?s={search_term_string}"},"query-input":"required name=search_term_string"}],"inLanguage":"en-US"},{"@type":"Organization","@id":"https:\/\/librairie7l.com\/en\/#organization","name":"Librairie 7L","url":"https:\/\/librairie7l.com\/en\/","logo":{"@type":"ImageObject","inLanguage":"en-US","@id":"https:\/\/librairie7l.com\/en\/#\/schema\/logo\/image\/","url":"https:\/\/librairie7l.com\/wp-content\/uploads\/2022\/08\/logo-1.png","contentUrl":"https:\/\/librairie7l.com\/wp-content\/uploads\/2022\/08\/logo-1.png","width":227,"height":301,"caption":"Librairie 7L"},"image":{"@id":"https:\/\/librairie7l.com\/en\/#\/schema\/logo\/image\/"}}]}},"_links":{"self":[{"href":"https:\/\/librairie7l.com\/en\/wp-json\/wp\/v2\/product\/16567"}],"collection":[{"href":"https:\/\/librairie7l.com\/en\/wp-json\/wp\/v2\/product"}],"about":[{"href":"https:\/\/librairie7l.com\/en\/wp-json\/wp\/v2\/types\/product"}],"wp:featuredmedia":[{"embeddable":true,"href":"https:\/\/librairie7l.com\/en\/wp-json\/wp\/v2\/media\/16565"}],"wp:attachment":[{"href":"https:\/\/librairie7l.com\/en\/wp-json\/wp\/v2\/media?parent=16567"}],"wp:term":[{"taxonomy":"product_cat","embeddable":true,"href":"https:\/\/librairie7l.com\/en\/wp-json\/wp\/v2\/product_cat?post=16567"},{"taxonomy":"product_tag","embeddable":true,"href":"https:\/\/librairie7l.com\/en\/wp-json\/wp\/v2\/product_tag?post=16567"}],"curies":[{"name":"wp","href":"https:\/\/api.w.org\/{rel}","templated":true}]}}