{"id":16575,"date":"2023-05-09T17:18:58","date_gmt":"2023-05-09T15:18:58","guid":{"rendered":"https:\/\/librairie7l.com\/?post_type=product&#038;p=16575"},"modified":"2026-04-17T01:49:44","modified_gmt":"2026-04-16T23:49:44","slug":"histoires-de-graines","status":"publish","type":"product","link":"https:\/\/librairie7l.com\/en\/produit\/histoires-de-graines\/","title":{"rendered":"HISTOIRES DE GRAINES"},"content":{"rendered":"<p>De l&#8217;\u00e9mergence de l&#8217;agriculture, il y a plus de 10 000 ans, aux questions que soul\u00e8vent les semences hybrides actuelles, en passant par la d\u00e9couverte des usages des graines \u00e0 travers les cultures et les \u00e9poques, l&#8217;ouvrage explore les enjeux de la diversit\u00e9.<br \/>\nLa graine est une merveille d&#8217;apparence, une perfection de forme et de couleur. Elle poss\u00e8de une morphologie \u00e0 la fois n\u00e9cessaire et bizarre, propre \u00e0 susciter l&#8217;\u00e9tonnement, l&#8217;interrogation ou la contemplation. Choisies, \u00e9clair\u00e9es et cadr\u00e9es avec le plus grand soin, les graines photographi\u00e9es par Thierry Ardouin, perturbent notre subjectivit\u00e9 de spectateur : elles deviennent des symboles qui, loin d&#8217;une image g\u00e9n\u00e9rique, interrogent notre rapport \u00e0 l&#8217;origine.<\/p>\n<p>De l&#8217;\u00e9mergence de l&#8217;agriculture, il y a plus de 10 000 ans, aux questions que soul\u00e8vent les semences hybrides actuelles, en passant par la d\u00e9couverte des usages des graines \u00e0 travers les cultures et les \u00e9poques, l&#8217;ouvrage explore les enjeux de la diversit\u00e9. De la domestication \u00e0 la commercialisation, les graines parlent de l&#8217;\u00e9volution de nos pratiques tant sociales que culturelles. Elles racontent la grande histoire des hommes : leur diffusion, acclimatation, r\u00e9glementation font \u00e9cho \u00e0 la mondialisation, croissance des productions et acculturations de nos soci\u00e9t\u00e9s.<\/p>\n<p>Issues, pour la plupart des collections du Mus\u00e9um national d&#8217;histoire naturelle, ces graines sauvages ou cultiv\u00e9es venues du monde entier fascinent par leur beaut\u00e9 formelle : couleurs, textures, contours, apparences, elles captent le regard, interrogent nos perceptions. Accompagn\u00e9es d&#8217;un corpus de textes sign\u00e9s de botanistes, ethnologues et ing\u00e9nieurs agronomes, les images de Thierry Ardouin ouvrent des champs de r\u00e9flexion sur l&#8217;avenir de nos soci\u00e9t\u00e9s et leur aptitude \u00e0 imaginer demain. Comment consommer sans d\u00e9grader, produire sans appauvrir, vivre sans d\u00e9truire ?<\/p>\n<p>En co\u00e9dition avec le MNHN, Paris.<br \/>\nExposition : Graines, l&#8217;exposition ! Petit pr\u00e9cipit\u00e9 subjectif d&#8217;une histoire des graines. CENTQUATRE-PARIS. 18 juin &#8211; 4 septembre 2022.<br \/>\nCet ouvrage a re\u00e7u le soutien de la DRAC et de la R\u00e9gion \u00cele de France.<\/p>\n","protected":false},"excerpt":{"rendered":"<p>De l&#8217;\u00e9mergence de l&#8217;agriculture, il y a plus de 10 000 ans, aux questions que soul\u00e8vent les semences hybrides actuelles, en passant par la d\u00e9couverte des usages des graines \u00e0 travers les cultures et les \u00e9poques, l&#8217;ouvrage explore les enjeux de la diversit\u00e9. La graine est une merveille d&#8217;apparence, une perfection de forme et de [&hellip;]<\/p>\n","protected":false},"featured_media":16573,"template":"","meta":[],"product_cat":[55,2948,2956,23],"product_tag":[],"acf":[],"yoast_head":"<!-- This site is optimized with the Yoast SEO plugin v20.11 - https:\/\/yoast.com\/wordpress\/plugins\/seo\/ -->\n<title>HISTOIRES DE GRAINES - Librairie 7L<\/title>\n<meta name=\"robots\" content=\"index, follow, max-snippet:-1, max-image-preview:large, max-video-preview:-1\" \/>\n<link rel=\"canonical\" href=\"https:\/\/librairie7l.com\/en\/produit\/histoires-de-graines\/\" \/>\n<meta property=\"og:locale\" content=\"en_US\" \/>\n<meta property=\"og:type\" content=\"article\" \/>\n<meta property=\"og:title\" content=\"HISTOIRES DE GRAINES - Librairie 7L\" \/>\n<meta property=\"og:description\" content=\"De l&#8217;\u00e9mergence de l&#8217;agriculture, il y a plus de 10 000 ans, aux questions que soul\u00e8vent les semences hybrides actuelles, en passant par la d\u00e9couverte des usages des graines \u00e0 travers les cultures et les \u00e9poques, l&#8217;ouvrage explore les enjeux de la diversit\u00e9. La graine est une merveille d&#8217;apparence, une perfection de forme et de [&hellip;]\" \/>\n<meta property=\"og:url\" content=\"https:\/\/librairie7l.com\/en\/produit\/histoires-de-graines\/\" \/>\n<meta property=\"og:site_name\" content=\"Librairie 7L\" \/>\n<meta property=\"article:modified_time\" content=\"2026-04-16T23:49:44+00:00\" \/>\n<meta property=\"og:image\" content=\"https:\/\/librairie7l.com\/wp-content\/uploads\/2022\/06\/9782365111249_1_75.jpg\" \/>\n\t<meta property=\"og:image:width\" content=\"600\" \/>\n\t<meta property=\"og:image:height\" content=\"787\" \/>\n\t<meta property=\"og:image:type\" content=\"image\/jpeg\" \/>\n<meta name=\"twitter:card\" content=\"summary_large_image\" \/>\n<meta name=\"twitter:label1\" content=\"Est. reading time\" \/>\n\t<meta name=\"twitter:data1\" content=\"2 minutes\" \/>\n<script type=\"application\/ld+json\" class=\"yoast-schema-graph\">{\"@context\":\"https:\/\/schema.org\",\"@graph\":[{\"@type\":\"WebPage\",\"@id\":\"https:\/\/librairie7l.com\/en\/produit\/histoires-de-graines\/\",\"url\":\"https:\/\/librairie7l.com\/en\/produit\/histoires-de-graines\/\",\"name\":\"HISTOIRES DE GRAINES - Librairie 7L\",\"isPartOf\":{\"@id\":\"https:\/\/librairie7l.com\/en\/#website\"},\"datePublished\":\"2023-05-09T15:18:58+00:00\",\"dateModified\":\"2026-04-16T23:49:44+00:00\",\"breadcrumb\":{\"@id\":\"https:\/\/librairie7l.com\/en\/produit\/histoires-de-graines\/#breadcrumb\"},\"inLanguage\":\"en-US\",\"potentialAction\":[{\"@type\":\"ReadAction\",\"target\":[\"https:\/\/librairie7l.com\/en\/produit\/histoires-de-graines\/\"]}]},{\"@type\":\"BreadcrumbList\",\"@id\":\"https:\/\/librairie7l.com\/en\/produit\/histoires-de-graines\/#breadcrumb\",\"itemListElement\":[{\"@type\":\"ListItem\",\"position\":1,\"name\":\"Accueil\",\"item\":\"https:\/\/librairie7l.com\/en\/\"},{\"@type\":\"ListItem\",\"position\":2,\"name\":\"Shop\",\"item\":\"https:\/\/librairie7l.com\/en\/shop\/\"},{\"@type\":\"ListItem\",\"position\":3,\"name\":\"HISTOIRES DE GRAINES\"}]},{\"@type\":\"WebSite\",\"@id\":\"https:\/\/librairie7l.com\/en\/#website\",\"url\":\"https:\/\/librairie7l.com\/en\/\",\"name\":\"Librairie 7L\",\"description\":\"Librairie fond\u00e9e en 1999 par Karl Lagerfeld \u00e0 Paris\",\"publisher\":{\"@id\":\"https:\/\/librairie7l.com\/en\/#organization\"},\"potentialAction\":[{\"@type\":\"SearchAction\",\"target\":{\"@type\":\"EntryPoint\",\"urlTemplate\":\"https:\/\/librairie7l.com\/en\/?s={search_term_string}\"},\"query-input\":\"required name=search_term_string\"}],\"inLanguage\":\"en-US\"},{\"@type\":\"Organization\",\"@id\":\"https:\/\/librairie7l.com\/en\/#organization\",\"name\":\"Librairie 7L\",\"url\":\"https:\/\/librairie7l.com\/en\/\",\"logo\":{\"@type\":\"ImageObject\",\"inLanguage\":\"en-US\",\"@id\":\"https:\/\/librairie7l.com\/en\/#\/schema\/logo\/image\/\",\"url\":\"https:\/\/librairie7l.com\/wp-content\/uploads\/2022\/08\/logo-1.png\",\"contentUrl\":\"https:\/\/librairie7l.com\/wp-content\/uploads\/2022\/08\/logo-1.png\",\"width\":227,\"height\":301,\"caption\":\"Librairie 7L\"},\"image\":{\"@id\":\"https:\/\/librairie7l.com\/en\/#\/schema\/logo\/image\/\"}}]}<\/script>\n<!-- \/ Yoast SEO plugin. -->","yoast_head_json":{"title":"HISTOIRES DE GRAINES - Librairie 7L","robots":{"index":"index","follow":"follow","max-snippet":"max-snippet:-1","max-image-preview":"max-image-preview:large","max-video-preview":"max-video-preview:-1"},"canonical":"https:\/\/librairie7l.com\/en\/produit\/histoires-de-graines\/","og_locale":"en_US","og_type":"article","og_title":"HISTOIRES DE GRAINES - Librairie 7L","og_description":"De l&#8217;\u00e9mergence de l&#8217;agriculture, il y a plus de 10 000 ans, aux questions que soul\u00e8vent les semences hybrides actuelles, en passant par la d\u00e9couverte des usages des graines \u00e0 travers les cultures et les \u00e9poques, l&#8217;ouvrage explore les enjeux de la diversit\u00e9. La graine est une merveille d&#8217;apparence, une perfection de forme et de [&hellip;]","og_url":"https:\/\/librairie7l.com\/en\/produit\/histoires-de-graines\/","og_site_name":"Librairie 7L","article_modified_time":"2026-04-16T23:49:44+00:00","og_image":[{"width":600,"height":787,"url":"https:\/\/librairie7l.com\/wp-content\/uploads\/2022\/06\/9782365111249_1_75.jpg","type":"image\/jpeg"}],"twitter_card":"summary_large_image","twitter_misc":{"Est. reading time":"2 minutes"},"schema":{"@context":"https:\/\/schema.org","@graph":[{"@type":"WebPage","@id":"https:\/\/librairie7l.com\/en\/produit\/histoires-de-graines\/","url":"https:\/\/librairie7l.com\/en\/produit\/histoires-de-graines\/","name":"HISTOIRES DE GRAINES - Librairie 7L","isPartOf":{"@id":"https:\/\/librairie7l.com\/en\/#website"},"datePublished":"2023-05-09T15:18:58+00:00","dateModified":"2026-04-16T23:49:44+00:00","breadcrumb":{"@id":"https:\/\/librairie7l.com\/en\/produit\/histoires-de-graines\/#breadcrumb"},"inLanguage":"en-US","potentialAction":[{"@type":"ReadAction","target":["https:\/\/librairie7l.com\/en\/produit\/histoires-de-graines\/"]}]},{"@type":"BreadcrumbList","@id":"https:\/\/librairie7l.com\/en\/produit\/histoires-de-graines\/#breadcrumb","itemListElement":[{"@type":"ListItem","position":1,"name":"Accueil","item":"https:\/\/librairie7l.com\/en\/"},{"@type":"ListItem","position":2,"name":"Shop","item":"https:\/\/librairie7l.com\/en\/shop\/"},{"@type":"ListItem","position":3,"name":"HISTOIRES DE GRAINES"}]},{"@type":"WebSite","@id":"https:\/\/librairie7l.com\/en\/#website","url":"https:\/\/librairie7l.com\/en\/","name":"Librairie 7L","description":"Librairie fond\u00e9e en 1999 par Karl Lagerfeld \u00e0 Paris","publisher":{"@id":"https:\/\/librairie7l.com\/en\/#organization"},"potentialAction":[{"@type":"SearchAction","target":{"@type":"EntryPoint","urlTemplate":"https:\/\/librairie7l.com\/en\/?s={search_term_string}"},"query-input":"required name=search_term_string"}],"inLanguage":"en-US"},{"@type":"Organization","@id":"https:\/\/librairie7l.com\/en\/#organization","name":"Librairie 7L","url":"https:\/\/librairie7l.com\/en\/","logo":{"@type":"ImageObject","inLanguage":"en-US","@id":"https:\/\/librairie7l.com\/en\/#\/schema\/logo\/image\/","url":"https:\/\/librairie7l.com\/wp-content\/uploads\/2022\/08\/logo-1.png","contentUrl":"https:\/\/librairie7l.com\/wp-content\/uploads\/2022\/08\/logo-1.png","width":227,"height":301,"caption":"Librairie 7L"},"image":{"@id":"https:\/\/librairie7l.com\/en\/#\/schema\/logo\/image\/"}}]}},"_links":{"self":[{"href":"https:\/\/librairie7l.com\/en\/wp-json\/wp\/v2\/product\/16575"}],"collection":[{"href":"https:\/\/librairie7l.com\/en\/wp-json\/wp\/v2\/product"}],"about":[{"href":"https:\/\/librairie7l.com\/en\/wp-json\/wp\/v2\/types\/product"}],"wp:featuredmedia":[{"embeddable":true,"href":"https:\/\/librairie7l.com\/en\/wp-json\/wp\/v2\/media\/16573"}],"wp:attachment":[{"href":"https:\/\/librairie7l.com\/en\/wp-json\/wp\/v2\/media?parent=16575"}],"wp:term":[{"taxonomy":"product_cat","embeddable":true,"href":"https:\/\/librairie7l.com\/en\/wp-json\/wp\/v2\/product_cat?post=16575"},{"taxonomy":"product_tag","embeddable":true,"href":"https:\/\/librairie7l.com\/en\/wp-json\/wp\/v2\/product_tag?post=16575"}],"curies":[{"name":"wp","href":"https:\/\/api.w.org\/{rel}","templated":true}]}}