{"id":16583,"date":"2023-05-09T17:19:04","date_gmt":"2023-05-09T15:19:04","guid":{"rendered":"https:\/\/librairie7l.com\/?post_type=product&#038;p=16583"},"modified":"2026-04-05T00:15:14","modified_gmt":"2026-04-04T22:15:14","slug":"oilean-arann-une-ile-faite-main","status":"publish","type":"product","link":"https:\/\/librairie7l.com\/en\/produit\/oilean-arann-une-ile-faite-main\/","title":{"rendered":"OILEAN ARANN : UNE ILE FAITE MAIN"},"content":{"rendered":"<p>Si L&#8217;Homme d&#8217;Aran (1934) de Robert J. Flaherty a rendu mondialement c\u00e9l\u00e8bre la puissance d&#8217;\u00e9vocation de ces paysages, Aran pr\u00eate autant \u00e0 l&#8217;\u00e9tude scientifique et \u00e0 la r\u00eaverie po\u00e9tique qu&#8217;\u00e0 la m\u00e9ditation philosophique : ses surfaces t\u00e9moignent d&#8217;une domestication du monde, d&#8217;un man&#8217;s land pr\u00e9caire, \u00e0 jamais provisoire.<br \/>\nL&#8217;archipel d&#8217;Aran, dans la baie de Galway en Irlande, est un bout du monde occidental surexpos\u00e9 aux \u00e9l\u00e9ments. L&#8217;\u00e9rosion a restreint la formation naturelle d&#8217;un sol fertile sur ces \u00eeles calcaires : leurs habitants ont d\u00fb cr\u00e9er de minces parcelles cultivables, d\u00e9limit\u00e9es par des milliers de murets de pierre s\u00e8che assembl\u00e9s par gravit\u00e9. Par un harassant effort collectif, \u00e0 la seule force de l&#8217;\u00e9nergie musculaire, humaine et animale, et avec tr\u00e8s peu d&#8217;outils. Ce plateau de maillage de pierres est bord\u00e9 par de hautes falaises. Le pourtour est ponctu\u00e9 d&#8217;\u00e9nigmatiques \u00ab forts \u00bb d&#8217;architecture pr\u00e9chr\u00e9tienne.<br \/>\nLa photographe Beatrix von Conta a fait le voyage d&#8217;Aran en 2019. Elle y a poursuivi son travail au long cours sur des \u00ab paysages contradictoires \u00bb, scrutant la permanence des traces du pass\u00e9, relevant les signes de r\u00e9sistance et de ruptures inscrits dans les surfaces mat\u00e9rielles. Attentive aux transformations des lieux dans la dur\u00e9e historique, la s\u00e9rie se confronte \u00e0 la m\u00e9moire diffuse et involontaire du travail humain, omnipr\u00e9sente, sur cette \u00ab \u00eele faite main \u00bb. Ce livre poursuit le \u00ab questionnement sans jugement \u00bb de la photographe dans un rapport complexe \u00e0 une r\u00e9alit\u00e9 o\u00f9 se m\u00ealent herbe, pierre, air et eau. Le paysage est aussi pour elle une fiction que l&#8217;image photographique rend possible. Une r\u00e9alit\u00e9 nouvelle, offerte par le cadrage et le point de vue.<br \/>\nCes pierres assembl\u00e9es dans un apparent d\u00e9s\u00e9quilibre, auto-bloqu\u00e9es sans liant ni joints, sont autant des obstacles visuels que des voies de franchissement du pas et du regard. Qu&#8217;est-ce qui \u00e9meut tant dans ses photographies, et de quelle beaut\u00e9 s&#8217;agit-il ? Que r\u00e9v\u00e8lent ces paysages fabriqu\u00e9s de main d&#8217;homme, t\u00e9moins d&#8217;une histoire ancestrale qui interroge notre relation complexe \u00e0 la terre ?<br \/>\nEn parall\u00e8le du parcours visuel, le philosophe Olivier Gaudin interroge la lente formation du territoire d&#8217;Aran, de sa g\u00e9ologie \u00e0 ses architectures et \u00e0 ses paysages. La pierre calcaire sombre se retrouve dans toutes les constructions anciennes, sans exception &#8211; habitations, \u00e9glises, tours de guet, phares. Les formes des paysages sont issues d&#8217;une tr\u00e8s longue hybridation des activit\u00e9s humaines avec les processus spontan\u00e9s appel\u00e9s aujourd&#8217;hui \u00ab naturels \u00bb, mais que l&#8217;on associait tout aussi volontiers, par le pass\u00e9, aux intentions de puissances autrement sauvages.<br \/>\nLes \u00e9ditions Cr\u00e9aphis poursuivent avec ce livre une r\u00e9flexion sur les caract\u00e8res des paysages et leurs potentialit\u00e9s de r\u00e9sistance face aux menaces qui les environnent. Ce livre est un \u00ab vrai faux \u00bb guide de voyage n\u00e9cessaire autant aux futurs arpenteurs qu&#8217;\u00e0 ceux d\u00e9j\u00e0 amoureux de l&#8217;\u00eele, gr\u00e2ce \u00e0 ces regards d&#8217;auteurs \u00e0 hauteur d&#8217;oeil et pas \u00e0 pas.<\/p>\n","protected":false},"excerpt":{"rendered":"<p>Si L&#8217;Homme d&#8217;Aran (1934) de Robert J. Flaherty a rendu mondialement c\u00e9l\u00e8bre la puissance d&#8217;\u00e9vocation de ces paysages, Aran pr\u00eate autant \u00e0 l&#8217;\u00e9tude scientifique et \u00e0 la r\u00eaverie po\u00e9tique qu&#8217;\u00e0 la m\u00e9ditation philosophique : ses surfaces t\u00e9moignent d&#8217;une domestication du monde, d&#8217;un man&#8217;s land pr\u00e9caire, \u00e0 jamais provisoire. L&#8217;archipel d&#8217;Aran, dans la baie de Galway [&hellip;]<\/p>\n","protected":false},"featured_media":16581,"template":"","meta":[],"product_cat":[55,2948,2958,17],"product_tag":[],"acf":[],"yoast_head":"<!-- This site is optimized with the Yoast SEO plugin v20.11 - https:\/\/yoast.com\/wordpress\/plugins\/seo\/ -->\n<title>OILEAN ARANN : UNE ILE FAITE MAIN - Librairie 7L<\/title>\n<meta name=\"robots\" content=\"index, follow, max-snippet:-1, max-image-preview:large, max-video-preview:-1\" \/>\n<link rel=\"canonical\" href=\"https:\/\/librairie7l.com\/en\/produit\/oilean-arann-une-ile-faite-main\/\" \/>\n<meta property=\"og:locale\" content=\"en_US\" \/>\n<meta property=\"og:type\" content=\"article\" \/>\n<meta property=\"og:title\" content=\"OILEAN ARANN : UNE ILE FAITE MAIN - Librairie 7L\" \/>\n<meta property=\"og:description\" content=\"Si L&#8217;Homme d&#8217;Aran (1934) de Robert J. Flaherty a rendu mondialement c\u00e9l\u00e8bre la puissance d&#8217;\u00e9vocation de ces paysages, Aran pr\u00eate autant \u00e0 l&#8217;\u00e9tude scientifique et \u00e0 la r\u00eaverie po\u00e9tique qu&#8217;\u00e0 la m\u00e9ditation philosophique : ses surfaces t\u00e9moignent d&#8217;une domestication du monde, d&#8217;un man&#8217;s land pr\u00e9caire, \u00e0 jamais provisoire. L&#8217;archipel d&#8217;Aran, dans la baie de Galway [&hellip;]\" \/>\n<meta property=\"og:url\" content=\"https:\/\/librairie7l.com\/en\/produit\/oilean-arann-une-ile-faite-main\/\" \/>\n<meta property=\"og:site_name\" content=\"Librairie 7L\" \/>\n<meta property=\"article:modified_time\" content=\"2026-04-04T22:15:14+00:00\" \/>\n<meta property=\"og:image\" content=\"https:\/\/librairie7l.com\/wp-content\/uploads\/2022\/11\/9782354281939_1_75.jpg\" \/>\n\t<meta property=\"og:image:width\" content=\"691\" \/>\n\t<meta property=\"og:image:height\" content=\"600\" \/>\n\t<meta property=\"og:image:type\" content=\"image\/jpeg\" \/>\n<meta name=\"twitter:card\" content=\"summary_large_image\" \/>\n<meta name=\"twitter:label1\" content=\"Est. reading time\" \/>\n\t<meta name=\"twitter:data1\" content=\"3 minutes\" \/>\n<script type=\"application\/ld+json\" class=\"yoast-schema-graph\">{\"@context\":\"https:\/\/schema.org\",\"@graph\":[{\"@type\":\"WebPage\",\"@id\":\"https:\/\/librairie7l.com\/en\/produit\/oilean-arann-une-ile-faite-main\/\",\"url\":\"https:\/\/librairie7l.com\/en\/produit\/oilean-arann-une-ile-faite-main\/\",\"name\":\"OILEAN ARANN : UNE ILE FAITE MAIN - Librairie 7L\",\"isPartOf\":{\"@id\":\"https:\/\/librairie7l.com\/en\/#website\"},\"datePublished\":\"2023-05-09T15:19:04+00:00\",\"dateModified\":\"2026-04-04T22:15:14+00:00\",\"breadcrumb\":{\"@id\":\"https:\/\/librairie7l.com\/en\/produit\/oilean-arann-une-ile-faite-main\/#breadcrumb\"},\"inLanguage\":\"en-US\",\"potentialAction\":[{\"@type\":\"ReadAction\",\"target\":[\"https:\/\/librairie7l.com\/en\/produit\/oilean-arann-une-ile-faite-main\/\"]}]},{\"@type\":\"BreadcrumbList\",\"@id\":\"https:\/\/librairie7l.com\/en\/produit\/oilean-arann-une-ile-faite-main\/#breadcrumb\",\"itemListElement\":[{\"@type\":\"ListItem\",\"position\":1,\"name\":\"Accueil\",\"item\":\"https:\/\/librairie7l.com\/en\/\"},{\"@type\":\"ListItem\",\"position\":2,\"name\":\"Shop\",\"item\":\"https:\/\/librairie7l.com\/en\/shop\/\"},{\"@type\":\"ListItem\",\"position\":3,\"name\":\"OILEAN ARANN : UNE ILE FAITE MAIN\"}]},{\"@type\":\"WebSite\",\"@id\":\"https:\/\/librairie7l.com\/en\/#website\",\"url\":\"https:\/\/librairie7l.com\/en\/\",\"name\":\"Librairie 7L\",\"description\":\"Librairie fond\u00e9e en 1999 par Karl Lagerfeld \u00e0 Paris\",\"publisher\":{\"@id\":\"https:\/\/librairie7l.com\/en\/#organization\"},\"potentialAction\":[{\"@type\":\"SearchAction\",\"target\":{\"@type\":\"EntryPoint\",\"urlTemplate\":\"https:\/\/librairie7l.com\/en\/?s={search_term_string}\"},\"query-input\":\"required name=search_term_string\"}],\"inLanguage\":\"en-US\"},{\"@type\":\"Organization\",\"@id\":\"https:\/\/librairie7l.com\/en\/#organization\",\"name\":\"Librairie 7L\",\"url\":\"https:\/\/librairie7l.com\/en\/\",\"logo\":{\"@type\":\"ImageObject\",\"inLanguage\":\"en-US\",\"@id\":\"https:\/\/librairie7l.com\/en\/#\/schema\/logo\/image\/\",\"url\":\"https:\/\/librairie7l.com\/wp-content\/uploads\/2022\/08\/logo-1.png\",\"contentUrl\":\"https:\/\/librairie7l.com\/wp-content\/uploads\/2022\/08\/logo-1.png\",\"width\":227,\"height\":301,\"caption\":\"Librairie 7L\"},\"image\":{\"@id\":\"https:\/\/librairie7l.com\/en\/#\/schema\/logo\/image\/\"}}]}<\/script>\n<!-- \/ Yoast SEO plugin. -->","yoast_head_json":{"title":"OILEAN ARANN : UNE ILE FAITE MAIN - Librairie 7L","robots":{"index":"index","follow":"follow","max-snippet":"max-snippet:-1","max-image-preview":"max-image-preview:large","max-video-preview":"max-video-preview:-1"},"canonical":"https:\/\/librairie7l.com\/en\/produit\/oilean-arann-une-ile-faite-main\/","og_locale":"en_US","og_type":"article","og_title":"OILEAN ARANN : UNE ILE FAITE MAIN - Librairie 7L","og_description":"Si L&#8217;Homme d&#8217;Aran (1934) de Robert J. Flaherty a rendu mondialement c\u00e9l\u00e8bre la puissance d&#8217;\u00e9vocation de ces paysages, Aran pr\u00eate autant \u00e0 l&#8217;\u00e9tude scientifique et \u00e0 la r\u00eaverie po\u00e9tique qu&#8217;\u00e0 la m\u00e9ditation philosophique : ses surfaces t\u00e9moignent d&#8217;une domestication du monde, d&#8217;un man&#8217;s land pr\u00e9caire, \u00e0 jamais provisoire. L&#8217;archipel d&#8217;Aran, dans la baie de Galway [&hellip;]","og_url":"https:\/\/librairie7l.com\/en\/produit\/oilean-arann-une-ile-faite-main\/","og_site_name":"Librairie 7L","article_modified_time":"2026-04-04T22:15:14+00:00","og_image":[{"width":691,"height":600,"url":"https:\/\/librairie7l.com\/wp-content\/uploads\/2022\/11\/9782354281939_1_75.jpg","type":"image\/jpeg"}],"twitter_card":"summary_large_image","twitter_misc":{"Est. reading time":"3 minutes"},"schema":{"@context":"https:\/\/schema.org","@graph":[{"@type":"WebPage","@id":"https:\/\/librairie7l.com\/en\/produit\/oilean-arann-une-ile-faite-main\/","url":"https:\/\/librairie7l.com\/en\/produit\/oilean-arann-une-ile-faite-main\/","name":"OILEAN ARANN : UNE ILE FAITE MAIN - Librairie 7L","isPartOf":{"@id":"https:\/\/librairie7l.com\/en\/#website"},"datePublished":"2023-05-09T15:19:04+00:00","dateModified":"2026-04-04T22:15:14+00:00","breadcrumb":{"@id":"https:\/\/librairie7l.com\/en\/produit\/oilean-arann-une-ile-faite-main\/#breadcrumb"},"inLanguage":"en-US","potentialAction":[{"@type":"ReadAction","target":["https:\/\/librairie7l.com\/en\/produit\/oilean-arann-une-ile-faite-main\/"]}]},{"@type":"BreadcrumbList","@id":"https:\/\/librairie7l.com\/en\/produit\/oilean-arann-une-ile-faite-main\/#breadcrumb","itemListElement":[{"@type":"ListItem","position":1,"name":"Accueil","item":"https:\/\/librairie7l.com\/en\/"},{"@type":"ListItem","position":2,"name":"Shop","item":"https:\/\/librairie7l.com\/en\/shop\/"},{"@type":"ListItem","position":3,"name":"OILEAN ARANN : UNE ILE FAITE MAIN"}]},{"@type":"WebSite","@id":"https:\/\/librairie7l.com\/en\/#website","url":"https:\/\/librairie7l.com\/en\/","name":"Librairie 7L","description":"Librairie fond\u00e9e en 1999 par Karl Lagerfeld \u00e0 Paris","publisher":{"@id":"https:\/\/librairie7l.com\/en\/#organization"},"potentialAction":[{"@type":"SearchAction","target":{"@type":"EntryPoint","urlTemplate":"https:\/\/librairie7l.com\/en\/?s={search_term_string}"},"query-input":"required name=search_term_string"}],"inLanguage":"en-US"},{"@type":"Organization","@id":"https:\/\/librairie7l.com\/en\/#organization","name":"Librairie 7L","url":"https:\/\/librairie7l.com\/en\/","logo":{"@type":"ImageObject","inLanguage":"en-US","@id":"https:\/\/librairie7l.com\/en\/#\/schema\/logo\/image\/","url":"https:\/\/librairie7l.com\/wp-content\/uploads\/2022\/08\/logo-1.png","contentUrl":"https:\/\/librairie7l.com\/wp-content\/uploads\/2022\/08\/logo-1.png","width":227,"height":301,"caption":"Librairie 7L"},"image":{"@id":"https:\/\/librairie7l.com\/en\/#\/schema\/logo\/image\/"}}]}},"_links":{"self":[{"href":"https:\/\/librairie7l.com\/en\/wp-json\/wp\/v2\/product\/16583"}],"collection":[{"href":"https:\/\/librairie7l.com\/en\/wp-json\/wp\/v2\/product"}],"about":[{"href":"https:\/\/librairie7l.com\/en\/wp-json\/wp\/v2\/types\/product"}],"wp:featuredmedia":[{"embeddable":true,"href":"https:\/\/librairie7l.com\/en\/wp-json\/wp\/v2\/media\/16581"}],"wp:attachment":[{"href":"https:\/\/librairie7l.com\/en\/wp-json\/wp\/v2\/media?parent=16583"}],"wp:term":[{"taxonomy":"product_cat","embeddable":true,"href":"https:\/\/librairie7l.com\/en\/wp-json\/wp\/v2\/product_cat?post=16583"},{"taxonomy":"product_tag","embeddable":true,"href":"https:\/\/librairie7l.com\/en\/wp-json\/wp\/v2\/product_tag?post=16583"}],"curies":[{"name":"wp","href":"https:\/\/api.w.org\/{rel}","templated":true}]}}