{"id":16619,"date":"2023-05-09T17:19:36","date_gmt":"2023-05-09T15:19:36","guid":{"rendered":"https:\/\/librairie7l.com\/?post_type=product&#038;p=16619"},"modified":"2026-04-08T19:55:19","modified_gmt":"2026-04-08T17:55:19","slug":"maisons-immeubles-hotels-particuliers-paris-dun-siecle-a-lautre-100-ans","status":"publish","type":"product","link":"https:\/\/librairie7l.com\/en\/produit\/maisons-immeubles-hotels-particuliers-paris-dun-siecle-a-lautre-100-ans\/","title":{"rendered":"MAISONS, IMMEUBLES, H\u00d4TELS PARTICULIERS&#8230; PARIS D&#8217;UN SI\u00c8CLE \u00c0 L&#8217;AUTRE : 100 ANS DE TRANSFORMATIONS"},"content":{"rendered":"<p>L&#8217;\u00e9volution de Paris ne se r\u00e9sume pas aux grandes op\u00e9rations conduites par la puissance publique. Si on reconna\u00eet dans la tapisserie doublement mill\u00e9naire de la ville les broderies d\u00e9licates des places royales, l&#8217;appoint des grands \u00e9quipements, les ajouts ou les lac\u00e9rations de l&#8217;administration haussmannienne&#8230; on sait aussi qu&#8217;il y entre une accumulation de retouches anodines, consistant dans le remplacement ou la transformation de b\u00e2timents ordinaires. Comment mieux en prendre la mesure qu&#8217;en s&#8217;appuyant sur un fonds photographique constitu\u00e9 entre 1916 et 1936 par la Ville d\u00e9sireuse d&#8217;\u00e9laborer un inventaire du b\u00e2ti parisien sous toutes ses formes et en comparant les photographies de l&#8217;entre-deuxguerres \u00e0 des vues actuelles ? Pourquoi certains immeubles ont-il travers\u00e9 le temps sans dommage quand d&#8217;autres ont \u00e9t\u00e9 abattus et remplac\u00e9s ? Modestes ou radicales, les mutations observ\u00e9es ne sont que les derni\u00e8res en date d&#8217;une longue s\u00e9rie appel\u00e9e \u00e0 se poursuivre. Chaque op\u00e9ration, m\u00eame la plus banale, mobilise une multitude d&#8217;intervenants dont les interactions aboutissent \u00e0 des compromis n\u00e9cessairement provisoires.<\/p>\n","protected":false},"excerpt":{"rendered":"<p>L&#8217;\u00e9volution de Paris ne se r\u00e9sume pas aux grandes op\u00e9rations conduites par la puissance publique. Si on reconna\u00eet dans la tapisserie doublement mill\u00e9naire de la ville les broderies d\u00e9licates des places royales, l&#8217;appoint des grands \u00e9quipements, les ajouts ou les lac\u00e9rations de l&#8217;administration haussmannienne&#8230; on sait aussi qu&#8217;il y entre une accumulation de retouches anodines, [&hellip;]<\/p>\n","protected":false},"featured_media":16617,"template":"","meta":[],"product_cat":[55,2948,22,2950],"product_tag":[],"acf":[],"yoast_head":"<!-- This site is optimized with the Yoast SEO plugin v20.11 - https:\/\/yoast.com\/wordpress\/plugins\/seo\/ -->\n<title>MAISONS, IMMEUBLES, H\u00d4TELS PARTICULIERS... PARIS D&#039;UN SI\u00c8CLE \u00c0 L&#039;AUTRE : 100 ANS DE TRANSFORMATIONS - Librairie 7L<\/title>\n<meta name=\"robots\" content=\"index, follow, max-snippet:-1, max-image-preview:large, max-video-preview:-1\" \/>\n<link rel=\"canonical\" href=\"https:\/\/librairie7l.com\/en\/produit\/maisons-immeubles-hotels-particuliers-paris-dun-siecle-a-lautre-100-ans\/\" \/>\n<meta property=\"og:locale\" content=\"en_US\" \/>\n<meta property=\"og:type\" content=\"article\" \/>\n<meta property=\"og:title\" content=\"MAISONS, IMMEUBLES, H\u00d4TELS PARTICULIERS... PARIS D&#039;UN SI\u00c8CLE \u00c0 L&#039;AUTRE : 100 ANS DE TRANSFORMATIONS - Librairie 7L\" \/>\n<meta property=\"og:description\" content=\"L&#8217;\u00e9volution de Paris ne se r\u00e9sume pas aux grandes op\u00e9rations conduites par la puissance publique. Si on reconna\u00eet dans la tapisserie doublement mill\u00e9naire de la ville les broderies d\u00e9licates des places royales, l&#8217;appoint des grands \u00e9quipements, les ajouts ou les lac\u00e9rations de l&#8217;administration haussmannienne&#8230; on sait aussi qu&#8217;il y entre une accumulation de retouches anodines, [&hellip;]\" \/>\n<meta property=\"og:url\" content=\"https:\/\/librairie7l.com\/en\/produit\/maisons-immeubles-hotels-particuliers-paris-dun-siecle-a-lautre-100-ans\/\" \/>\n<meta property=\"og:site_name\" content=\"Librairie 7L\" \/>\n<meta property=\"article:modified_time\" content=\"2026-04-08T17:55:19+00:00\" \/>\n<meta property=\"og:image\" content=\"https:\/\/librairie7l.com\/wp-content\/uploads\/2022\/09\/9782373951752_1_75.jpg\" \/>\n\t<meta property=\"og:image:width\" content=\"600\" \/>\n\t<meta property=\"og:image:height\" content=\"836\" \/>\n\t<meta property=\"og:image:type\" content=\"image\/jpeg\" \/>\n<meta name=\"twitter:card\" content=\"summary_large_image\" \/>\n<meta name=\"twitter:label1\" content=\"Est. reading time\" \/>\n\t<meta name=\"twitter:data1\" content=\"1 minute\" \/>\n<script type=\"application\/ld+json\" class=\"yoast-schema-graph\">{\"@context\":\"https:\/\/schema.org\",\"@graph\":[{\"@type\":\"WebPage\",\"@id\":\"https:\/\/librairie7l.com\/en\/produit\/maisons-immeubles-hotels-particuliers-paris-dun-siecle-a-lautre-100-ans\/\",\"url\":\"https:\/\/librairie7l.com\/en\/produit\/maisons-immeubles-hotels-particuliers-paris-dun-siecle-a-lautre-100-ans\/\",\"name\":\"MAISONS, IMMEUBLES, H\u00d4TELS PARTICULIERS... PARIS D'UN SI\u00c8CLE \u00c0 L'AUTRE : 100 ANS DE TRANSFORMATIONS - Librairie 7L\",\"isPartOf\":{\"@id\":\"https:\/\/librairie7l.com\/en\/#website\"},\"datePublished\":\"2023-05-09T15:19:36+00:00\",\"dateModified\":\"2026-04-08T17:55:19+00:00\",\"breadcrumb\":{\"@id\":\"https:\/\/librairie7l.com\/en\/produit\/maisons-immeubles-hotels-particuliers-paris-dun-siecle-a-lautre-100-ans\/#breadcrumb\"},\"inLanguage\":\"en-US\",\"potentialAction\":[{\"@type\":\"ReadAction\",\"target\":[\"https:\/\/librairie7l.com\/en\/produit\/maisons-immeubles-hotels-particuliers-paris-dun-siecle-a-lautre-100-ans\/\"]}]},{\"@type\":\"BreadcrumbList\",\"@id\":\"https:\/\/librairie7l.com\/en\/produit\/maisons-immeubles-hotels-particuliers-paris-dun-siecle-a-lautre-100-ans\/#breadcrumb\",\"itemListElement\":[{\"@type\":\"ListItem\",\"position\":1,\"name\":\"Accueil\",\"item\":\"https:\/\/librairie7l.com\/en\/\"},{\"@type\":\"ListItem\",\"position\":2,\"name\":\"Shop\",\"item\":\"https:\/\/librairie7l.com\/en\/shop\/\"},{\"@type\":\"ListItem\",\"position\":3,\"name\":\"MAISONS, IMMEUBLES, H\u00d4TELS PARTICULIERS&#8230; PARIS D&#8217;UN SI\u00c8CLE \u00c0 L&#8217;AUTRE : 100 ANS DE TRANSFORMATIONS\"}]},{\"@type\":\"WebSite\",\"@id\":\"https:\/\/librairie7l.com\/en\/#website\",\"url\":\"https:\/\/librairie7l.com\/en\/\",\"name\":\"Librairie 7L\",\"description\":\"Librairie fond\u00e9e en 1999 par Karl Lagerfeld \u00e0 Paris\",\"publisher\":{\"@id\":\"https:\/\/librairie7l.com\/en\/#organization\"},\"potentialAction\":[{\"@type\":\"SearchAction\",\"target\":{\"@type\":\"EntryPoint\",\"urlTemplate\":\"https:\/\/librairie7l.com\/en\/?s={search_term_string}\"},\"query-input\":\"required name=search_term_string\"}],\"inLanguage\":\"en-US\"},{\"@type\":\"Organization\",\"@id\":\"https:\/\/librairie7l.com\/en\/#organization\",\"name\":\"Librairie 7L\",\"url\":\"https:\/\/librairie7l.com\/en\/\",\"logo\":{\"@type\":\"ImageObject\",\"inLanguage\":\"en-US\",\"@id\":\"https:\/\/librairie7l.com\/en\/#\/schema\/logo\/image\/\",\"url\":\"https:\/\/librairie7l.com\/wp-content\/uploads\/2022\/08\/logo-1.png\",\"contentUrl\":\"https:\/\/librairie7l.com\/wp-content\/uploads\/2022\/08\/logo-1.png\",\"width\":227,\"height\":301,\"caption\":\"Librairie 7L\"},\"image\":{\"@id\":\"https:\/\/librairie7l.com\/en\/#\/schema\/logo\/image\/\"}}]}<\/script>\n<!-- \/ Yoast SEO plugin. -->","yoast_head_json":{"title":"MAISONS, IMMEUBLES, H\u00d4TELS PARTICULIERS... PARIS D'UN SI\u00c8CLE \u00c0 L'AUTRE : 100 ANS DE TRANSFORMATIONS - Librairie 7L","robots":{"index":"index","follow":"follow","max-snippet":"max-snippet:-1","max-image-preview":"max-image-preview:large","max-video-preview":"max-video-preview:-1"},"canonical":"https:\/\/librairie7l.com\/en\/produit\/maisons-immeubles-hotels-particuliers-paris-dun-siecle-a-lautre-100-ans\/","og_locale":"en_US","og_type":"article","og_title":"MAISONS, IMMEUBLES, H\u00d4TELS PARTICULIERS... PARIS D'UN SI\u00c8CLE \u00c0 L'AUTRE : 100 ANS DE TRANSFORMATIONS - Librairie 7L","og_description":"L&#8217;\u00e9volution de Paris ne se r\u00e9sume pas aux grandes op\u00e9rations conduites par la puissance publique. Si on reconna\u00eet dans la tapisserie doublement mill\u00e9naire de la ville les broderies d\u00e9licates des places royales, l&#8217;appoint des grands \u00e9quipements, les ajouts ou les lac\u00e9rations de l&#8217;administration haussmannienne&#8230; on sait aussi qu&#8217;il y entre une accumulation de retouches anodines, [&hellip;]","og_url":"https:\/\/librairie7l.com\/en\/produit\/maisons-immeubles-hotels-particuliers-paris-dun-siecle-a-lautre-100-ans\/","og_site_name":"Librairie 7L","article_modified_time":"2026-04-08T17:55:19+00:00","og_image":[{"width":600,"height":836,"url":"https:\/\/librairie7l.com\/wp-content\/uploads\/2022\/09\/9782373951752_1_75.jpg","type":"image\/jpeg"}],"twitter_card":"summary_large_image","twitter_misc":{"Est. reading time":"1 minute"},"schema":{"@context":"https:\/\/schema.org","@graph":[{"@type":"WebPage","@id":"https:\/\/librairie7l.com\/en\/produit\/maisons-immeubles-hotels-particuliers-paris-dun-siecle-a-lautre-100-ans\/","url":"https:\/\/librairie7l.com\/en\/produit\/maisons-immeubles-hotels-particuliers-paris-dun-siecle-a-lautre-100-ans\/","name":"MAISONS, IMMEUBLES, H\u00d4TELS PARTICULIERS... PARIS D'UN SI\u00c8CLE \u00c0 L'AUTRE : 100 ANS DE TRANSFORMATIONS - Librairie 7L","isPartOf":{"@id":"https:\/\/librairie7l.com\/en\/#website"},"datePublished":"2023-05-09T15:19:36+00:00","dateModified":"2026-04-08T17:55:19+00:00","breadcrumb":{"@id":"https:\/\/librairie7l.com\/en\/produit\/maisons-immeubles-hotels-particuliers-paris-dun-siecle-a-lautre-100-ans\/#breadcrumb"},"inLanguage":"en-US","potentialAction":[{"@type":"ReadAction","target":["https:\/\/librairie7l.com\/en\/produit\/maisons-immeubles-hotels-particuliers-paris-dun-siecle-a-lautre-100-ans\/"]}]},{"@type":"BreadcrumbList","@id":"https:\/\/librairie7l.com\/en\/produit\/maisons-immeubles-hotels-particuliers-paris-dun-siecle-a-lautre-100-ans\/#breadcrumb","itemListElement":[{"@type":"ListItem","position":1,"name":"Accueil","item":"https:\/\/librairie7l.com\/en\/"},{"@type":"ListItem","position":2,"name":"Shop","item":"https:\/\/librairie7l.com\/en\/shop\/"},{"@type":"ListItem","position":3,"name":"MAISONS, IMMEUBLES, H\u00d4TELS PARTICULIERS&#8230; PARIS D&#8217;UN SI\u00c8CLE \u00c0 L&#8217;AUTRE : 100 ANS DE TRANSFORMATIONS"}]},{"@type":"WebSite","@id":"https:\/\/librairie7l.com\/en\/#website","url":"https:\/\/librairie7l.com\/en\/","name":"Librairie 7L","description":"Librairie fond\u00e9e en 1999 par Karl Lagerfeld \u00e0 Paris","publisher":{"@id":"https:\/\/librairie7l.com\/en\/#organization"},"potentialAction":[{"@type":"SearchAction","target":{"@type":"EntryPoint","urlTemplate":"https:\/\/librairie7l.com\/en\/?s={search_term_string}"},"query-input":"required name=search_term_string"}],"inLanguage":"en-US"},{"@type":"Organization","@id":"https:\/\/librairie7l.com\/en\/#organization","name":"Librairie 7L","url":"https:\/\/librairie7l.com\/en\/","logo":{"@type":"ImageObject","inLanguage":"en-US","@id":"https:\/\/librairie7l.com\/en\/#\/schema\/logo\/image\/","url":"https:\/\/librairie7l.com\/wp-content\/uploads\/2022\/08\/logo-1.png","contentUrl":"https:\/\/librairie7l.com\/wp-content\/uploads\/2022\/08\/logo-1.png","width":227,"height":301,"caption":"Librairie 7L"},"image":{"@id":"https:\/\/librairie7l.com\/en\/#\/schema\/logo\/image\/"}}]}},"_links":{"self":[{"href":"https:\/\/librairie7l.com\/en\/wp-json\/wp\/v2\/product\/16619"}],"collection":[{"href":"https:\/\/librairie7l.com\/en\/wp-json\/wp\/v2\/product"}],"about":[{"href":"https:\/\/librairie7l.com\/en\/wp-json\/wp\/v2\/types\/product"}],"wp:featuredmedia":[{"embeddable":true,"href":"https:\/\/librairie7l.com\/en\/wp-json\/wp\/v2\/media\/16617"}],"wp:attachment":[{"href":"https:\/\/librairie7l.com\/en\/wp-json\/wp\/v2\/media?parent=16619"}],"wp:term":[{"taxonomy":"product_cat","embeddable":true,"href":"https:\/\/librairie7l.com\/en\/wp-json\/wp\/v2\/product_cat?post=16619"},{"taxonomy":"product_tag","embeddable":true,"href":"https:\/\/librairie7l.com\/en\/wp-json\/wp\/v2\/product_tag?post=16619"}],"curies":[{"name":"wp","href":"https:\/\/api.w.org\/{rel}","templated":true}]}}