{"id":16647,"date":"2023-05-09T17:20:00","date_gmt":"2023-05-09T15:20:00","guid":{"rendered":"https:\/\/librairie7l.com\/?post_type=product&#038;p=16647"},"modified":"2026-04-16T02:39:33","modified_gmt":"2026-04-16T00:39:33","slug":"jacques-garcia-villa-elena-un-reve-sicilien","status":"publish","type":"product","link":"https:\/\/librairie7l.com\/en\/produit\/jacques-garcia-villa-elena-un-reve-sicilien\/","title":{"rendered":"JACQUES GARCIA : VILLA ELENA, UN R\u00caVE SICILIEN"},"content":{"rendered":"<p>Au sud-est de la Sicile, pr\u00e8s de la ville de Noto, un ancien monast\u00e8re restaur\u00e9 par Jacques Garcia, villa Elena, s&#8217;offre comme un havre de paix au coeur de vastes vergers parfum\u00e9s. T\u00e9moignant de la passion du d\u00e9corateur pour les civilisations anciennes, le domaine, dont le panorama s&#8217;\u00e9tend jusqu&#8217;\u00e0 la mer et Syracuse, m\u00eale les influences antiques, arabes, normandes, les emprunts \u00e0 la Renaissance et au baroque, miroirs de l&#8217;histoire sicilienne. Entour\u00e9e de terrasses ombrag\u00e9es d&#8217;une v\u00e9g\u00e9tation luxuriante, la villa poss\u00e8de de somptueux salons o\u00f9 marbres, stucs, majolique, soies et velours, ont rendu son ancienne gloire \u00e0 cette demeure digne du Gu\u00e9pard de Lampedusa, d\u00e9voil\u00e9e ici pour la premi\u00e8re fois. Les photographies de Bruno Ehrs, prises au cours des quatre saisons, viennent magnifier la splendeur d\u00e9cadente et l&#8217;art de vivre aristocratique d&#8217;une Sicile sublim\u00e9e.<\/p>\n","protected":false},"excerpt":{"rendered":"<p>Au sud-est de la Sicile, pr\u00e8s de la ville de Noto, un ancien monast\u00e8re restaur\u00e9 par Jacques Garcia, villa Elena, s&#8217;offre comme un havre de paix au coeur de vastes vergers parfum\u00e9s. T\u00e9moignant de la passion du d\u00e9corateur pour les civilisations anciennes, le domaine, dont le panorama s&#8217;\u00e9tend jusqu&#8217;\u00e0 la mer et Syracuse, m\u00eale les [&hellip;]<\/p>\n","protected":false},"featured_media":16645,"template":"","meta":[],"product_cat":[55,2948,46,2951],"product_tag":[],"acf":[],"yoast_head":"<!-- This site is optimized with the Yoast SEO plugin v20.11 - https:\/\/yoast.com\/wordpress\/plugins\/seo\/ -->\n<title>JACQUES GARCIA : VILLA ELENA, UN R\u00caVE SICILIEN - Librairie 7L<\/title>\n<meta name=\"robots\" content=\"index, follow, max-snippet:-1, max-image-preview:large, max-video-preview:-1\" \/>\n<link rel=\"canonical\" href=\"https:\/\/librairie7l.com\/en\/produit\/jacques-garcia-villa-elena-un-reve-sicilien\/\" \/>\n<meta property=\"og:locale\" content=\"en_US\" \/>\n<meta property=\"og:type\" content=\"article\" \/>\n<meta property=\"og:title\" content=\"JACQUES GARCIA : VILLA ELENA, UN R\u00caVE SICILIEN - Librairie 7L\" \/>\n<meta property=\"og:description\" content=\"Au sud-est de la Sicile, pr\u00e8s de la ville de Noto, un ancien monast\u00e8re restaur\u00e9 par Jacques Garcia, villa Elena, s&#8217;offre comme un havre de paix au coeur de vastes vergers parfum\u00e9s. T\u00e9moignant de la passion du d\u00e9corateur pour les civilisations anciennes, le domaine, dont le panorama s&#8217;\u00e9tend jusqu&#8217;\u00e0 la mer et Syracuse, m\u00eale les [&hellip;]\" \/>\n<meta property=\"og:url\" content=\"https:\/\/librairie7l.com\/en\/produit\/jacques-garcia-villa-elena-un-reve-sicilien\/\" \/>\n<meta property=\"og:site_name\" content=\"Librairie 7L\" \/>\n<meta property=\"article:modified_time\" content=\"2026-04-16T00:39:33+00:00\" \/>\n<meta property=\"og:image\" content=\"https:\/\/librairie7l.com\/wp-content\/uploads\/2022\/10\/9782081515185_1_75.jpg\" \/>\n\t<meta property=\"og:image:width\" content=\"600\" \/>\n\t<meta property=\"og:image:height\" content=\"756\" \/>\n\t<meta property=\"og:image:type\" content=\"image\/jpeg\" \/>\n<meta name=\"twitter:card\" content=\"summary_large_image\" \/>\n<meta name=\"twitter:label1\" content=\"Est. reading time\" \/>\n\t<meta name=\"twitter:data1\" content=\"1 minute\" \/>\n<script type=\"application\/ld+json\" class=\"yoast-schema-graph\">{\"@context\":\"https:\/\/schema.org\",\"@graph\":[{\"@type\":\"WebPage\",\"@id\":\"https:\/\/librairie7l.com\/en\/produit\/jacques-garcia-villa-elena-un-reve-sicilien\/\",\"url\":\"https:\/\/librairie7l.com\/en\/produit\/jacques-garcia-villa-elena-un-reve-sicilien\/\",\"name\":\"JACQUES GARCIA : VILLA ELENA, UN R\u00caVE SICILIEN - Librairie 7L\",\"isPartOf\":{\"@id\":\"https:\/\/librairie7l.com\/en\/#website\"},\"datePublished\":\"2023-05-09T15:20:00+00:00\",\"dateModified\":\"2026-04-16T00:39:33+00:00\",\"breadcrumb\":{\"@id\":\"https:\/\/librairie7l.com\/en\/produit\/jacques-garcia-villa-elena-un-reve-sicilien\/#breadcrumb\"},\"inLanguage\":\"en-US\",\"potentialAction\":[{\"@type\":\"ReadAction\",\"target\":[\"https:\/\/librairie7l.com\/en\/produit\/jacques-garcia-villa-elena-un-reve-sicilien\/\"]}]},{\"@type\":\"BreadcrumbList\",\"@id\":\"https:\/\/librairie7l.com\/en\/produit\/jacques-garcia-villa-elena-un-reve-sicilien\/#breadcrumb\",\"itemListElement\":[{\"@type\":\"ListItem\",\"position\":1,\"name\":\"Accueil\",\"item\":\"https:\/\/librairie7l.com\/en\/\"},{\"@type\":\"ListItem\",\"position\":2,\"name\":\"Shop\",\"item\":\"https:\/\/librairie7l.com\/en\/shop\/\"},{\"@type\":\"ListItem\",\"position\":3,\"name\":\"JACQUES GARCIA : VILLA ELENA, UN R\u00caVE SICILIEN\"}]},{\"@type\":\"WebSite\",\"@id\":\"https:\/\/librairie7l.com\/en\/#website\",\"url\":\"https:\/\/librairie7l.com\/en\/\",\"name\":\"Librairie 7L\",\"description\":\"Librairie fond\u00e9e en 1999 par Karl Lagerfeld \u00e0 Paris\",\"publisher\":{\"@id\":\"https:\/\/librairie7l.com\/en\/#organization\"},\"potentialAction\":[{\"@type\":\"SearchAction\",\"target\":{\"@type\":\"EntryPoint\",\"urlTemplate\":\"https:\/\/librairie7l.com\/en\/?s={search_term_string}\"},\"query-input\":\"required name=search_term_string\"}],\"inLanguage\":\"en-US\"},{\"@type\":\"Organization\",\"@id\":\"https:\/\/librairie7l.com\/en\/#organization\",\"name\":\"Librairie 7L\",\"url\":\"https:\/\/librairie7l.com\/en\/\",\"logo\":{\"@type\":\"ImageObject\",\"inLanguage\":\"en-US\",\"@id\":\"https:\/\/librairie7l.com\/en\/#\/schema\/logo\/image\/\",\"url\":\"https:\/\/librairie7l.com\/wp-content\/uploads\/2022\/08\/logo-1.png\",\"contentUrl\":\"https:\/\/librairie7l.com\/wp-content\/uploads\/2022\/08\/logo-1.png\",\"width\":227,\"height\":301,\"caption\":\"Librairie 7L\"},\"image\":{\"@id\":\"https:\/\/librairie7l.com\/en\/#\/schema\/logo\/image\/\"}}]}<\/script>\n<!-- \/ Yoast SEO plugin. -->","yoast_head_json":{"title":"JACQUES GARCIA : VILLA ELENA, UN R\u00caVE SICILIEN - Librairie 7L","robots":{"index":"index","follow":"follow","max-snippet":"max-snippet:-1","max-image-preview":"max-image-preview:large","max-video-preview":"max-video-preview:-1"},"canonical":"https:\/\/librairie7l.com\/en\/produit\/jacques-garcia-villa-elena-un-reve-sicilien\/","og_locale":"en_US","og_type":"article","og_title":"JACQUES GARCIA : VILLA ELENA, UN R\u00caVE SICILIEN - Librairie 7L","og_description":"Au sud-est de la Sicile, pr\u00e8s de la ville de Noto, un ancien monast\u00e8re restaur\u00e9 par Jacques Garcia, villa Elena, s&#8217;offre comme un havre de paix au coeur de vastes vergers parfum\u00e9s. T\u00e9moignant de la passion du d\u00e9corateur pour les civilisations anciennes, le domaine, dont le panorama s&#8217;\u00e9tend jusqu&#8217;\u00e0 la mer et Syracuse, m\u00eale les [&hellip;]","og_url":"https:\/\/librairie7l.com\/en\/produit\/jacques-garcia-villa-elena-un-reve-sicilien\/","og_site_name":"Librairie 7L","article_modified_time":"2026-04-16T00:39:33+00:00","og_image":[{"width":600,"height":756,"url":"https:\/\/librairie7l.com\/wp-content\/uploads\/2022\/10\/9782081515185_1_75.jpg","type":"image\/jpeg"}],"twitter_card":"summary_large_image","twitter_misc":{"Est. reading time":"1 minute"},"schema":{"@context":"https:\/\/schema.org","@graph":[{"@type":"WebPage","@id":"https:\/\/librairie7l.com\/en\/produit\/jacques-garcia-villa-elena-un-reve-sicilien\/","url":"https:\/\/librairie7l.com\/en\/produit\/jacques-garcia-villa-elena-un-reve-sicilien\/","name":"JACQUES GARCIA : VILLA ELENA, UN R\u00caVE SICILIEN - Librairie 7L","isPartOf":{"@id":"https:\/\/librairie7l.com\/en\/#website"},"datePublished":"2023-05-09T15:20:00+00:00","dateModified":"2026-04-16T00:39:33+00:00","breadcrumb":{"@id":"https:\/\/librairie7l.com\/en\/produit\/jacques-garcia-villa-elena-un-reve-sicilien\/#breadcrumb"},"inLanguage":"en-US","potentialAction":[{"@type":"ReadAction","target":["https:\/\/librairie7l.com\/en\/produit\/jacques-garcia-villa-elena-un-reve-sicilien\/"]}]},{"@type":"BreadcrumbList","@id":"https:\/\/librairie7l.com\/en\/produit\/jacques-garcia-villa-elena-un-reve-sicilien\/#breadcrumb","itemListElement":[{"@type":"ListItem","position":1,"name":"Accueil","item":"https:\/\/librairie7l.com\/en\/"},{"@type":"ListItem","position":2,"name":"Shop","item":"https:\/\/librairie7l.com\/en\/shop\/"},{"@type":"ListItem","position":3,"name":"JACQUES GARCIA : VILLA ELENA, UN R\u00caVE SICILIEN"}]},{"@type":"WebSite","@id":"https:\/\/librairie7l.com\/en\/#website","url":"https:\/\/librairie7l.com\/en\/","name":"Librairie 7L","description":"Librairie fond\u00e9e en 1999 par Karl Lagerfeld \u00e0 Paris","publisher":{"@id":"https:\/\/librairie7l.com\/en\/#organization"},"potentialAction":[{"@type":"SearchAction","target":{"@type":"EntryPoint","urlTemplate":"https:\/\/librairie7l.com\/en\/?s={search_term_string}"},"query-input":"required name=search_term_string"}],"inLanguage":"en-US"},{"@type":"Organization","@id":"https:\/\/librairie7l.com\/en\/#organization","name":"Librairie 7L","url":"https:\/\/librairie7l.com\/en\/","logo":{"@type":"ImageObject","inLanguage":"en-US","@id":"https:\/\/librairie7l.com\/en\/#\/schema\/logo\/image\/","url":"https:\/\/librairie7l.com\/wp-content\/uploads\/2022\/08\/logo-1.png","contentUrl":"https:\/\/librairie7l.com\/wp-content\/uploads\/2022\/08\/logo-1.png","width":227,"height":301,"caption":"Librairie 7L"},"image":{"@id":"https:\/\/librairie7l.com\/en\/#\/schema\/logo\/image\/"}}]}},"_links":{"self":[{"href":"https:\/\/librairie7l.com\/en\/wp-json\/wp\/v2\/product\/16647"}],"collection":[{"href":"https:\/\/librairie7l.com\/en\/wp-json\/wp\/v2\/product"}],"about":[{"href":"https:\/\/librairie7l.com\/en\/wp-json\/wp\/v2\/types\/product"}],"wp:featuredmedia":[{"embeddable":true,"href":"https:\/\/librairie7l.com\/en\/wp-json\/wp\/v2\/media\/16645"}],"wp:attachment":[{"href":"https:\/\/librairie7l.com\/en\/wp-json\/wp\/v2\/media?parent=16647"}],"wp:term":[{"taxonomy":"product_cat","embeddable":true,"href":"https:\/\/librairie7l.com\/en\/wp-json\/wp\/v2\/product_cat?post=16647"},{"taxonomy":"product_tag","embeddable":true,"href":"https:\/\/librairie7l.com\/en\/wp-json\/wp\/v2\/product_tag?post=16647"}],"curies":[{"name":"wp","href":"https:\/\/api.w.org\/{rel}","templated":true}]}}