{"id":16651,"date":"2023-05-09T17:20:04","date_gmt":"2023-05-09T15:20:04","guid":{"rendered":"https:\/\/librairie7l.com\/?post_type=product&#038;p=16651"},"modified":"2026-04-18T02:06:07","modified_gmt":"2026-04-18T00:06:07","slug":"eugene-atget-poete-photographe","status":"publish","type":"product","link":"https:\/\/librairie7l.com\/en\/produit\/eugene-atget-poete-photographe\/","title":{"rendered":"EUG\u00c8NE ATGET : PO\u00c8TE, PHOTOGRAPHE"},"content":{"rendered":"<p>On ne pr\u00e9sente plus Eug\u00e8ne Atget (1857-1927), le c\u00e9l\u00e8bre photographe autodidacte qui immortalisa le \u00ab Vieux Paris \u00bb au tournant du XXe si\u00e8cle. Pourtant cet ouvrage aborde l&#8217;homme et l&#8217;artiste sous un jour in\u00e9dit. Il relate ses liens avec Libourne, sa ville natale. Il laisse la parole \u00e0 des photographes actuels qui \u00e9clairent le lecteur sur la fascination qu&#8217;exerce encore aujourd&#8217;hui ce personnage. En m\u00eame temps, le n\u00e9ophyte y trouvera les rep\u00e8res historiques indispensables pour mesurer l&#8217;ampleur de son entreprise : en un peu plus de trente ans, Atget a captur\u00e9 pr\u00e8s de dix mille images dans une d\u00e9marche documentaire, d&#8217;inventaire m\u00eame. Mais ses clich\u00e9s t\u00e9moignent \u00e9galement d&#8217;une sensibilit\u00e9 et d&#8217;une po\u00e9sie toutes particuli\u00e8res. C&#8217;est le sujet de l&#8217;exposition \u00ab Eug\u00e8ne Atget, po\u00e8te photographe \u00bb \u00e0 l&#8217;origine de ce livre, organis\u00e9e par le mus\u00e9e des Beaux-Arts de Libourne avec la collaboration exceptionnelle du mus\u00e9e Carnavalet &#8211; Histoire de Paris, Paris Mus\u00e9es. La plupart des oeuvres expos\u00e9es y sont reproduites et organis\u00e9es autour des grandes th\u00e9matiques illustrant le travail d&#8217;Eug\u00e8ne Atget.<\/p>\n","protected":false},"excerpt":{"rendered":"<p>On ne pr\u00e9sente plus Eug\u00e8ne Atget (1857-1927), le c\u00e9l\u00e8bre photographe autodidacte qui immortalisa le \u00ab Vieux Paris \u00bb au tournant du XXe si\u00e8cle. Pourtant cet ouvrage aborde l&#8217;homme et l&#8217;artiste sous un jour in\u00e9dit. Il relate ses liens avec Libourne, sa ville natale. Il laisse la parole \u00e0 des photographes actuels qui \u00e9clairent le lecteur [&hellip;]<\/p>\n","protected":false},"featured_media":16649,"template":"","meta":[],"product_cat":[55,2948,2958,17],"product_tag":[],"acf":[],"yoast_head":"<!-- This site is optimized with the Yoast SEO plugin v20.11 - https:\/\/yoast.com\/wordpress\/plugins\/seo\/ -->\n<title>EUG\u00c8NE ATGET : PO\u00c8TE, PHOTOGRAPHE - Librairie 7L<\/title>\n<meta name=\"robots\" content=\"index, follow, max-snippet:-1, max-image-preview:large, max-video-preview:-1\" \/>\n<link rel=\"canonical\" href=\"https:\/\/librairie7l.com\/en\/produit\/eugene-atget-poete-photographe\/\" \/>\n<meta property=\"og:locale\" content=\"en_US\" \/>\n<meta property=\"og:type\" content=\"article\" \/>\n<meta property=\"og:title\" content=\"EUG\u00c8NE ATGET : PO\u00c8TE, PHOTOGRAPHE - Librairie 7L\" \/>\n<meta property=\"og:description\" content=\"On ne pr\u00e9sente plus Eug\u00e8ne Atget (1857-1927), le c\u00e9l\u00e8bre photographe autodidacte qui immortalisa le \u00ab Vieux Paris \u00bb au tournant du XXe si\u00e8cle. Pourtant cet ouvrage aborde l&#8217;homme et l&#8217;artiste sous un jour in\u00e9dit. Il relate ses liens avec Libourne, sa ville natale. Il laisse la parole \u00e0 des photographes actuels qui \u00e9clairent le lecteur [&hellip;]\" \/>\n<meta property=\"og:url\" content=\"https:\/\/librairie7l.com\/en\/produit\/eugene-atget-poete-photographe\/\" \/>\n<meta property=\"og:site_name\" content=\"Librairie 7L\" \/>\n<meta property=\"article:modified_time\" content=\"2026-04-18T00:06:07+00:00\" \/>\n<meta property=\"og:image\" content=\"https:\/\/librairie7l.com\/wp-content\/uploads\/2022\/12\/9788836653126_1_75.jpg\" \/>\n\t<meta property=\"og:image:width\" content=\"600\" \/>\n\t<meta property=\"og:image:height\" content=\"700\" \/>\n\t<meta property=\"og:image:type\" content=\"image\/jpeg\" \/>\n<meta name=\"twitter:card\" content=\"summary_large_image\" \/>\n<meta name=\"twitter:label1\" content=\"Est. reading time\" \/>\n\t<meta name=\"twitter:data1\" content=\"1 minute\" \/>\n<script type=\"application\/ld+json\" class=\"yoast-schema-graph\">{\"@context\":\"https:\/\/schema.org\",\"@graph\":[{\"@type\":\"WebPage\",\"@id\":\"https:\/\/librairie7l.com\/en\/produit\/eugene-atget-poete-photographe\/\",\"url\":\"https:\/\/librairie7l.com\/en\/produit\/eugene-atget-poete-photographe\/\",\"name\":\"EUG\u00c8NE ATGET : PO\u00c8TE, PHOTOGRAPHE - Librairie 7L\",\"isPartOf\":{\"@id\":\"https:\/\/librairie7l.com\/en\/#website\"},\"datePublished\":\"2023-05-09T15:20:04+00:00\",\"dateModified\":\"2026-04-18T00:06:07+00:00\",\"breadcrumb\":{\"@id\":\"https:\/\/librairie7l.com\/en\/produit\/eugene-atget-poete-photographe\/#breadcrumb\"},\"inLanguage\":\"en-US\",\"potentialAction\":[{\"@type\":\"ReadAction\",\"target\":[\"https:\/\/librairie7l.com\/en\/produit\/eugene-atget-poete-photographe\/\"]}]},{\"@type\":\"BreadcrumbList\",\"@id\":\"https:\/\/librairie7l.com\/en\/produit\/eugene-atget-poete-photographe\/#breadcrumb\",\"itemListElement\":[{\"@type\":\"ListItem\",\"position\":1,\"name\":\"Accueil\",\"item\":\"https:\/\/librairie7l.com\/en\/\"},{\"@type\":\"ListItem\",\"position\":2,\"name\":\"Shop\",\"item\":\"https:\/\/librairie7l.com\/en\/shop\/\"},{\"@type\":\"ListItem\",\"position\":3,\"name\":\"EUG\u00c8NE ATGET : PO\u00c8TE, PHOTOGRAPHE\"}]},{\"@type\":\"WebSite\",\"@id\":\"https:\/\/librairie7l.com\/en\/#website\",\"url\":\"https:\/\/librairie7l.com\/en\/\",\"name\":\"Librairie 7L\",\"description\":\"Librairie fond\u00e9e en 1999 par Karl Lagerfeld \u00e0 Paris\",\"publisher\":{\"@id\":\"https:\/\/librairie7l.com\/en\/#organization\"},\"potentialAction\":[{\"@type\":\"SearchAction\",\"target\":{\"@type\":\"EntryPoint\",\"urlTemplate\":\"https:\/\/librairie7l.com\/en\/?s={search_term_string}\"},\"query-input\":\"required name=search_term_string\"}],\"inLanguage\":\"en-US\"},{\"@type\":\"Organization\",\"@id\":\"https:\/\/librairie7l.com\/en\/#organization\",\"name\":\"Librairie 7L\",\"url\":\"https:\/\/librairie7l.com\/en\/\",\"logo\":{\"@type\":\"ImageObject\",\"inLanguage\":\"en-US\",\"@id\":\"https:\/\/librairie7l.com\/en\/#\/schema\/logo\/image\/\",\"url\":\"https:\/\/librairie7l.com\/wp-content\/uploads\/2022\/08\/logo-1.png\",\"contentUrl\":\"https:\/\/librairie7l.com\/wp-content\/uploads\/2022\/08\/logo-1.png\",\"width\":227,\"height\":301,\"caption\":\"Librairie 7L\"},\"image\":{\"@id\":\"https:\/\/librairie7l.com\/en\/#\/schema\/logo\/image\/\"}}]}<\/script>\n<!-- \/ Yoast SEO plugin. -->","yoast_head_json":{"title":"EUG\u00c8NE ATGET : PO\u00c8TE, PHOTOGRAPHE - Librairie 7L","robots":{"index":"index","follow":"follow","max-snippet":"max-snippet:-1","max-image-preview":"max-image-preview:large","max-video-preview":"max-video-preview:-1"},"canonical":"https:\/\/librairie7l.com\/en\/produit\/eugene-atget-poete-photographe\/","og_locale":"en_US","og_type":"article","og_title":"EUG\u00c8NE ATGET : PO\u00c8TE, PHOTOGRAPHE - Librairie 7L","og_description":"On ne pr\u00e9sente plus Eug\u00e8ne Atget (1857-1927), le c\u00e9l\u00e8bre photographe autodidacte qui immortalisa le \u00ab Vieux Paris \u00bb au tournant du XXe si\u00e8cle. Pourtant cet ouvrage aborde l&#8217;homme et l&#8217;artiste sous un jour in\u00e9dit. Il relate ses liens avec Libourne, sa ville natale. Il laisse la parole \u00e0 des photographes actuels qui \u00e9clairent le lecteur [&hellip;]","og_url":"https:\/\/librairie7l.com\/en\/produit\/eugene-atget-poete-photographe\/","og_site_name":"Librairie 7L","article_modified_time":"2026-04-18T00:06:07+00:00","og_image":[{"width":600,"height":700,"url":"https:\/\/librairie7l.com\/wp-content\/uploads\/2022\/12\/9788836653126_1_75.jpg","type":"image\/jpeg"}],"twitter_card":"summary_large_image","twitter_misc":{"Est. reading time":"1 minute"},"schema":{"@context":"https:\/\/schema.org","@graph":[{"@type":"WebPage","@id":"https:\/\/librairie7l.com\/en\/produit\/eugene-atget-poete-photographe\/","url":"https:\/\/librairie7l.com\/en\/produit\/eugene-atget-poete-photographe\/","name":"EUG\u00c8NE ATGET : PO\u00c8TE, PHOTOGRAPHE - Librairie 7L","isPartOf":{"@id":"https:\/\/librairie7l.com\/en\/#website"},"datePublished":"2023-05-09T15:20:04+00:00","dateModified":"2026-04-18T00:06:07+00:00","breadcrumb":{"@id":"https:\/\/librairie7l.com\/en\/produit\/eugene-atget-poete-photographe\/#breadcrumb"},"inLanguage":"en-US","potentialAction":[{"@type":"ReadAction","target":["https:\/\/librairie7l.com\/en\/produit\/eugene-atget-poete-photographe\/"]}]},{"@type":"BreadcrumbList","@id":"https:\/\/librairie7l.com\/en\/produit\/eugene-atget-poete-photographe\/#breadcrumb","itemListElement":[{"@type":"ListItem","position":1,"name":"Accueil","item":"https:\/\/librairie7l.com\/en\/"},{"@type":"ListItem","position":2,"name":"Shop","item":"https:\/\/librairie7l.com\/en\/shop\/"},{"@type":"ListItem","position":3,"name":"EUG\u00c8NE ATGET : PO\u00c8TE, PHOTOGRAPHE"}]},{"@type":"WebSite","@id":"https:\/\/librairie7l.com\/en\/#website","url":"https:\/\/librairie7l.com\/en\/","name":"Librairie 7L","description":"Librairie fond\u00e9e en 1999 par Karl Lagerfeld \u00e0 Paris","publisher":{"@id":"https:\/\/librairie7l.com\/en\/#organization"},"potentialAction":[{"@type":"SearchAction","target":{"@type":"EntryPoint","urlTemplate":"https:\/\/librairie7l.com\/en\/?s={search_term_string}"},"query-input":"required name=search_term_string"}],"inLanguage":"en-US"},{"@type":"Organization","@id":"https:\/\/librairie7l.com\/en\/#organization","name":"Librairie 7L","url":"https:\/\/librairie7l.com\/en\/","logo":{"@type":"ImageObject","inLanguage":"en-US","@id":"https:\/\/librairie7l.com\/en\/#\/schema\/logo\/image\/","url":"https:\/\/librairie7l.com\/wp-content\/uploads\/2022\/08\/logo-1.png","contentUrl":"https:\/\/librairie7l.com\/wp-content\/uploads\/2022\/08\/logo-1.png","width":227,"height":301,"caption":"Librairie 7L"},"image":{"@id":"https:\/\/librairie7l.com\/en\/#\/schema\/logo\/image\/"}}]}},"_links":{"self":[{"href":"https:\/\/librairie7l.com\/en\/wp-json\/wp\/v2\/product\/16651"}],"collection":[{"href":"https:\/\/librairie7l.com\/en\/wp-json\/wp\/v2\/product"}],"about":[{"href":"https:\/\/librairie7l.com\/en\/wp-json\/wp\/v2\/types\/product"}],"wp:featuredmedia":[{"embeddable":true,"href":"https:\/\/librairie7l.com\/en\/wp-json\/wp\/v2\/media\/16649"}],"wp:attachment":[{"href":"https:\/\/librairie7l.com\/en\/wp-json\/wp\/v2\/media?parent=16651"}],"wp:term":[{"taxonomy":"product_cat","embeddable":true,"href":"https:\/\/librairie7l.com\/en\/wp-json\/wp\/v2\/product_cat?post=16651"},{"taxonomy":"product_tag","embeddable":true,"href":"https:\/\/librairie7l.com\/en\/wp-json\/wp\/v2\/product_tag?post=16651"}],"curies":[{"name":"wp","href":"https:\/\/api.w.org\/{rel}","templated":true}]}}