{"id":16655,"date":"2023-05-09T17:20:07","date_gmt":"2023-05-09T15:20:07","guid":{"rendered":"https:\/\/librairie7l.com\/?post_type=product&#038;p=16655"},"modified":"2026-04-16T16:06:04","modified_gmt":"2026-04-16T14:06:04","slug":"pierre-chareau-t-1-biographie-expositions-mobilier","status":"publish","type":"product","link":"https:\/\/librairie7l.com\/en\/produit\/pierre-chareau-t-1-biographie-expositions-mobilier\/","title":{"rendered":"PIERRE CHAREAU T.1 : BIOGRAPHIE, EXPOSITIONS, MOBILIER"},"content":{"rendered":"<p>Cr\u00e9ateur et architecte de l&#8217;embl\u00e9matique Maison de verre \u00e0 Paris, Pierre Chareau a laiss\u00e9 derri\u00e8re lui une oeuvre riche et coh\u00e9rente, un \u00ab style Chareau \u00bb qui l&#8217;inscrit tout autant dans le courant moderniste que dans une pens\u00e9e d&#8217;avant-garde qui \u00e9pouse un monde de forme et de mat\u00e9riaux nouveaux. Ce premier volume revient sur sa biographie, ses rencontres d\u00e9terminantes avec des mouvements artistiques, cubisme, arts premiers, comme avec des personnalit\u00e9s de premier plan, Nicolas de Sta\u00ebl, Jeanne Bucher, Jacques Lipchitz, Pablo Picasso, Rose Adler, Max Jacob, Jean Lur\u00e7at, Rob Mallet-Stevens&#8230; qui lui sont rest\u00e9s fid\u00e8les tout le long de sa courte vie. Il retrace son parcours, de ses d\u00e9buts de dessinateur chez Waring &amp; Gillow \u00e0 son envol en tant que cr\u00e9ateur de mod\u00e8les ind\u00e9pendant ; il d\u00e9taille ses participations aux Salons d&#8217;automne, Salons des artistes d\u00e9corateurs, au groupe des 5 comme \u00e0 l&#8217;UAM qui dictent le \u00ab la \u00bb de cette modernit\u00e9 qui fait vibrer le reste du monde, ses collaborations aux d\u00e9cors de films de Marcel L&#8217;Herbier ainsi que son d\u00e9part pour les \u00c9tats-Unis en 1940. Il permet \u00e9galement de d\u00e9couvrir le collectionneur et le galeriste, entour\u00e9 d&#8217;artistes tels que Braque, Ernst, Gris, L\u00e9ger, Lur\u00e7at, Masson, Modigliani, Motherwell, de Sta\u00ebl&#8230; La Boutique qu&#8217;il cr\u00e9e avec sa femme Dollie, rue du Cherche-Midi, expose, outre ses propres oeuvres, les cr\u00e9ations qu&#8217;ils \u00e9ditent : tissus d&#8217;H\u00e9l\u00e8ne Henry, tapis de Jean Burkhalter ou de Charchoune&#8230; Richement illustr\u00e9 avec pr\u00e8s de 500 visuels, ce premier volume offre enfin, en s&#8217;appuyant notamment sur plusieurs fonds iconographiques (Mus\u00e9e des arts d\u00e9coratifs, Paris, Moma, New York), une synth\u00e8se compl\u00e8te de sa production de meubles et de luminaires.<\/p>\n","protected":false},"excerpt":{"rendered":"<p>Cr\u00e9ateur et architecte de l&#8217;embl\u00e9matique Maison de verre \u00e0 Paris, Pierre Chareau a laiss\u00e9 derri\u00e8re lui une oeuvre riche et coh\u00e9rente, un \u00ab style Chareau \u00bb qui l&#8217;inscrit tout autant dans le courant moderniste que dans une pens\u00e9e d&#8217;avant-garde qui \u00e9pouse un monde de forme et de mat\u00e9riaux nouveaux. Ce premier volume revient sur sa [&hellip;]<\/p>\n","protected":false},"featured_media":16653,"template":"","meta":[],"product_cat":[55,2948,18,2952],"product_tag":[],"acf":[],"yoast_head":"<!-- This site is optimized with the Yoast SEO plugin v20.11 - https:\/\/yoast.com\/wordpress\/plugins\/seo\/ -->\n<title>PIERRE CHAREAU T.1 : BIOGRAPHIE, EXPOSITIONS, MOBILIER - Librairie 7L<\/title>\n<meta name=\"robots\" content=\"index, follow, max-snippet:-1, max-image-preview:large, max-video-preview:-1\" \/>\n<link rel=\"canonical\" href=\"https:\/\/librairie7l.com\/en\/produit\/pierre-chareau-t-1-biographie-expositions-mobilier\/\" \/>\n<meta property=\"og:locale\" content=\"en_US\" \/>\n<meta property=\"og:type\" content=\"article\" \/>\n<meta property=\"og:title\" content=\"PIERRE CHAREAU T.1 : BIOGRAPHIE, EXPOSITIONS, MOBILIER - Librairie 7L\" \/>\n<meta property=\"og:description\" content=\"Cr\u00e9ateur et architecte de l&#8217;embl\u00e9matique Maison de verre \u00e0 Paris, Pierre Chareau a laiss\u00e9 derri\u00e8re lui une oeuvre riche et coh\u00e9rente, un \u00ab style Chareau \u00bb qui l&#8217;inscrit tout autant dans le courant moderniste que dans une pens\u00e9e d&#8217;avant-garde qui \u00e9pouse un monde de forme et de mat\u00e9riaux nouveaux. Ce premier volume revient sur sa [&hellip;]\" \/>\n<meta property=\"og:url\" content=\"https:\/\/librairie7l.com\/en\/produit\/pierre-chareau-t-1-biographie-expositions-mobilier\/\" \/>\n<meta property=\"og:site_name\" content=\"Librairie 7L\" \/>\n<meta property=\"article:modified_time\" content=\"2026-04-16T14:06:04+00:00\" \/>\n<meta property=\"og:image\" content=\"https:\/\/librairie7l.com\/wp-content\/uploads\/2023\/04\/9782376660521_1_75.jpg\" \/>\n\t<meta property=\"og:image:width\" content=\"400\" \/>\n\t<meta property=\"og:image:height\" content=\"526\" \/>\n\t<meta property=\"og:image:type\" content=\"image\/jpeg\" \/>\n<meta name=\"twitter:card\" content=\"summary_large_image\" \/>\n<meta name=\"twitter:label1\" content=\"Est. reading time\" \/>\n\t<meta name=\"twitter:data1\" content=\"1 minute\" \/>\n<script type=\"application\/ld+json\" class=\"yoast-schema-graph\">{\"@context\":\"https:\/\/schema.org\",\"@graph\":[{\"@type\":\"WebPage\",\"@id\":\"https:\/\/librairie7l.com\/en\/produit\/pierre-chareau-t-1-biographie-expositions-mobilier\/\",\"url\":\"https:\/\/librairie7l.com\/en\/produit\/pierre-chareau-t-1-biographie-expositions-mobilier\/\",\"name\":\"PIERRE CHAREAU T.1 : BIOGRAPHIE, EXPOSITIONS, MOBILIER - Librairie 7L\",\"isPartOf\":{\"@id\":\"https:\/\/librairie7l.com\/en\/#website\"},\"datePublished\":\"2023-05-09T15:20:07+00:00\",\"dateModified\":\"2026-04-16T14:06:04+00:00\",\"breadcrumb\":{\"@id\":\"https:\/\/librairie7l.com\/en\/produit\/pierre-chareau-t-1-biographie-expositions-mobilier\/#breadcrumb\"},\"inLanguage\":\"en-US\",\"potentialAction\":[{\"@type\":\"ReadAction\",\"target\":[\"https:\/\/librairie7l.com\/en\/produit\/pierre-chareau-t-1-biographie-expositions-mobilier\/\"]}]},{\"@type\":\"BreadcrumbList\",\"@id\":\"https:\/\/librairie7l.com\/en\/produit\/pierre-chareau-t-1-biographie-expositions-mobilier\/#breadcrumb\",\"itemListElement\":[{\"@type\":\"ListItem\",\"position\":1,\"name\":\"Accueil\",\"item\":\"https:\/\/librairie7l.com\/en\/\"},{\"@type\":\"ListItem\",\"position\":2,\"name\":\"Shop\",\"item\":\"https:\/\/librairie7l.com\/en\/shop\/\"},{\"@type\":\"ListItem\",\"position\":3,\"name\":\"PIERRE CHAREAU T.1 : BIOGRAPHIE, EXPOSITIONS, MOBILIER\"}]},{\"@type\":\"WebSite\",\"@id\":\"https:\/\/librairie7l.com\/en\/#website\",\"url\":\"https:\/\/librairie7l.com\/en\/\",\"name\":\"Librairie 7L\",\"description\":\"Librairie fond\u00e9e en 1999 par Karl Lagerfeld \u00e0 Paris\",\"publisher\":{\"@id\":\"https:\/\/librairie7l.com\/en\/#organization\"},\"potentialAction\":[{\"@type\":\"SearchAction\",\"target\":{\"@type\":\"EntryPoint\",\"urlTemplate\":\"https:\/\/librairie7l.com\/en\/?s={search_term_string}\"},\"query-input\":\"required name=search_term_string\"}],\"inLanguage\":\"en-US\"},{\"@type\":\"Organization\",\"@id\":\"https:\/\/librairie7l.com\/en\/#organization\",\"name\":\"Librairie 7L\",\"url\":\"https:\/\/librairie7l.com\/en\/\",\"logo\":{\"@type\":\"ImageObject\",\"inLanguage\":\"en-US\",\"@id\":\"https:\/\/librairie7l.com\/en\/#\/schema\/logo\/image\/\",\"url\":\"https:\/\/librairie7l.com\/wp-content\/uploads\/2022\/08\/logo-1.png\",\"contentUrl\":\"https:\/\/librairie7l.com\/wp-content\/uploads\/2022\/08\/logo-1.png\",\"width\":227,\"height\":301,\"caption\":\"Librairie 7L\"},\"image\":{\"@id\":\"https:\/\/librairie7l.com\/en\/#\/schema\/logo\/image\/\"}}]}<\/script>\n<!-- \/ Yoast SEO plugin. -->","yoast_head_json":{"title":"PIERRE CHAREAU T.1 : BIOGRAPHIE, EXPOSITIONS, MOBILIER - Librairie 7L","robots":{"index":"index","follow":"follow","max-snippet":"max-snippet:-1","max-image-preview":"max-image-preview:large","max-video-preview":"max-video-preview:-1"},"canonical":"https:\/\/librairie7l.com\/en\/produit\/pierre-chareau-t-1-biographie-expositions-mobilier\/","og_locale":"en_US","og_type":"article","og_title":"PIERRE CHAREAU T.1 : BIOGRAPHIE, EXPOSITIONS, MOBILIER - Librairie 7L","og_description":"Cr\u00e9ateur et architecte de l&#8217;embl\u00e9matique Maison de verre \u00e0 Paris, Pierre Chareau a laiss\u00e9 derri\u00e8re lui une oeuvre riche et coh\u00e9rente, un \u00ab style Chareau \u00bb qui l&#8217;inscrit tout autant dans le courant moderniste que dans une pens\u00e9e d&#8217;avant-garde qui \u00e9pouse un monde de forme et de mat\u00e9riaux nouveaux. Ce premier volume revient sur sa [&hellip;]","og_url":"https:\/\/librairie7l.com\/en\/produit\/pierre-chareau-t-1-biographie-expositions-mobilier\/","og_site_name":"Librairie 7L","article_modified_time":"2026-04-16T14:06:04+00:00","og_image":[{"width":400,"height":526,"url":"https:\/\/librairie7l.com\/wp-content\/uploads\/2023\/04\/9782376660521_1_75.jpg","type":"image\/jpeg"}],"twitter_card":"summary_large_image","twitter_misc":{"Est. reading time":"1 minute"},"schema":{"@context":"https:\/\/schema.org","@graph":[{"@type":"WebPage","@id":"https:\/\/librairie7l.com\/en\/produit\/pierre-chareau-t-1-biographie-expositions-mobilier\/","url":"https:\/\/librairie7l.com\/en\/produit\/pierre-chareau-t-1-biographie-expositions-mobilier\/","name":"PIERRE CHAREAU T.1 : BIOGRAPHIE, EXPOSITIONS, MOBILIER - Librairie 7L","isPartOf":{"@id":"https:\/\/librairie7l.com\/en\/#website"},"datePublished":"2023-05-09T15:20:07+00:00","dateModified":"2026-04-16T14:06:04+00:00","breadcrumb":{"@id":"https:\/\/librairie7l.com\/en\/produit\/pierre-chareau-t-1-biographie-expositions-mobilier\/#breadcrumb"},"inLanguage":"en-US","potentialAction":[{"@type":"ReadAction","target":["https:\/\/librairie7l.com\/en\/produit\/pierre-chareau-t-1-biographie-expositions-mobilier\/"]}]},{"@type":"BreadcrumbList","@id":"https:\/\/librairie7l.com\/en\/produit\/pierre-chareau-t-1-biographie-expositions-mobilier\/#breadcrumb","itemListElement":[{"@type":"ListItem","position":1,"name":"Accueil","item":"https:\/\/librairie7l.com\/en\/"},{"@type":"ListItem","position":2,"name":"Shop","item":"https:\/\/librairie7l.com\/en\/shop\/"},{"@type":"ListItem","position":3,"name":"PIERRE CHAREAU T.1 : BIOGRAPHIE, EXPOSITIONS, MOBILIER"}]},{"@type":"WebSite","@id":"https:\/\/librairie7l.com\/en\/#website","url":"https:\/\/librairie7l.com\/en\/","name":"Librairie 7L","description":"Librairie fond\u00e9e en 1999 par Karl Lagerfeld \u00e0 Paris","publisher":{"@id":"https:\/\/librairie7l.com\/en\/#organization"},"potentialAction":[{"@type":"SearchAction","target":{"@type":"EntryPoint","urlTemplate":"https:\/\/librairie7l.com\/en\/?s={search_term_string}"},"query-input":"required name=search_term_string"}],"inLanguage":"en-US"},{"@type":"Organization","@id":"https:\/\/librairie7l.com\/en\/#organization","name":"Librairie 7L","url":"https:\/\/librairie7l.com\/en\/","logo":{"@type":"ImageObject","inLanguage":"en-US","@id":"https:\/\/librairie7l.com\/en\/#\/schema\/logo\/image\/","url":"https:\/\/librairie7l.com\/wp-content\/uploads\/2022\/08\/logo-1.png","contentUrl":"https:\/\/librairie7l.com\/wp-content\/uploads\/2022\/08\/logo-1.png","width":227,"height":301,"caption":"Librairie 7L"},"image":{"@id":"https:\/\/librairie7l.com\/en\/#\/schema\/logo\/image\/"}}]}},"_links":{"self":[{"href":"https:\/\/librairie7l.com\/en\/wp-json\/wp\/v2\/product\/16655"}],"collection":[{"href":"https:\/\/librairie7l.com\/en\/wp-json\/wp\/v2\/product"}],"about":[{"href":"https:\/\/librairie7l.com\/en\/wp-json\/wp\/v2\/types\/product"}],"wp:featuredmedia":[{"embeddable":true,"href":"https:\/\/librairie7l.com\/en\/wp-json\/wp\/v2\/media\/16653"}],"wp:attachment":[{"href":"https:\/\/librairie7l.com\/en\/wp-json\/wp\/v2\/media?parent=16655"}],"wp:term":[{"taxonomy":"product_cat","embeddable":true,"href":"https:\/\/librairie7l.com\/en\/wp-json\/wp\/v2\/product_cat?post=16655"},{"taxonomy":"product_tag","embeddable":true,"href":"https:\/\/librairie7l.com\/en\/wp-json\/wp\/v2\/product_tag?post=16655"}],"curies":[{"name":"wp","href":"https:\/\/api.w.org\/{rel}","templated":true}]}}