{"id":16671,"date":"2023-05-09T17:20:21","date_gmt":"2023-05-09T15:20:21","guid":{"rendered":"https:\/\/librairie7l.com\/?post_type=product&#038;p=16671"},"modified":"2026-05-02T03:41:08","modified_gmt":"2026-05-02T01:41:08","slug":"a-la-recherche-du-paris-de-marcel-proust","status":"publish","type":"product","link":"https:\/\/librairie7l.com\/en\/produit\/a-la-recherche-du-paris-de-marcel-proust\/","title":{"rendered":"\u00c0 LA RECHERCHE DU PARIS DE MARCEL PROUST"},"content":{"rendered":"<p>Bilingual French-English edition The Paris of Marcel Proust De la plaine Monceau aux Champs-\u00c9lys\u00e9es, le Paris de Marcel Proust est essentiellement celui des beaux quartiers. N\u00e9 \u00e0 Auteuil, ayant v\u00e9cu boulevard Malesherbes ou boulevard Haussmann, l&#8217;\u00e9crivain situe son oeuvre dans le Paris de la Belle \u00c9poque. Les appartements cossus donnent sur des avenues plant\u00e9es d&#8217;arbres, les enfants s&#8217;amusent dans d&#8217;\u00e9l\u00e9gants jardins et les r\u00e9ceptions se tiennent dans des h\u00f4tels particuliers. Swann, Odette ou la duchesse de Guermantes fr\u00e9quentent Maxim&#8217;s, le bois de Boulogne ou les caf\u00e9s anim\u00e9s des Grands Boulevards. Ces d\u00e9cors et les figures qui ont inspir\u00e9 le romancier, les voici en images, r\u00e9v\u00e9lant un Paris 1900 \u00e0 la fois r\u00e9el et imaginaire: le monde de Proust.<\/p>\n<p> From the Plaine Monceau to the Champs-\u00c9lys\u00e9es, the Paris of Marcel Proust essentially encompasses the high-end districts. Born in Auteuil, having lived on the Boulevard Malesherbes, as well as the Boulevard Haussmann, the writer&#8217;s work is embedded within the Paris of the Belle \u00c9poque. The Posh apartments look out onto tree-lined streets, children play in elegant gardens and receptions are held in private mansions. Swann, Odette or the Duchesse de Guermantes all socialize at Maxim&#8217;s, the Bois de Boulogne or the bustling caf\u00e9s along the Grands Boulevards. These settings and the different characters, who inspired the famous novelist,are hereby presented in evocative images, revealing Paris during the early 1900s, both real and imaginary: the world of Proust.<\/p>\n","protected":false},"excerpt":{"rendered":"<p>Bilingual French-English edition The Paris of Marcel Proust De la plaine Monceau aux Champs-\u00c9lys\u00e9es, le Paris de Marcel Proust est essentiellement celui des beaux quartiers. N\u00e9 \u00e0 Auteuil, ayant v\u00e9cu boulevard Malesherbes ou boulevard Haussmann, l&#8217;\u00e9crivain situe son oeuvre dans le Paris de la Belle \u00c9poque. Les appartements cossus donnent sur des avenues plant\u00e9es d&#8217;arbres, [&hellip;]<\/p>\n","protected":false},"featured_media":16669,"template":"","meta":[],"product_cat":[55,2948,47,2953],"product_tag":[],"acf":[],"yoast_head":"<!-- This site is optimized with the Yoast SEO plugin v20.11 - https:\/\/yoast.com\/wordpress\/plugins\/seo\/ -->\n<title>\u00c0 LA RECHERCHE DU PARIS DE MARCEL PROUST - Librairie 7L<\/title>\n<meta name=\"robots\" content=\"index, follow, max-snippet:-1, max-image-preview:large, max-video-preview:-1\" \/>\n<link rel=\"canonical\" href=\"https:\/\/librairie7l.com\/en\/produit\/a-la-recherche-du-paris-de-marcel-proust\/\" \/>\n<meta property=\"og:locale\" content=\"en_US\" \/>\n<meta property=\"og:type\" content=\"article\" \/>\n<meta property=\"og:title\" content=\"\u00c0 LA RECHERCHE DU PARIS DE MARCEL PROUST - Librairie 7L\" \/>\n<meta property=\"og:description\" content=\"Bilingual French-English edition The Paris of Marcel Proust De la plaine Monceau aux Champs-\u00c9lys\u00e9es, le Paris de Marcel Proust est essentiellement celui des beaux quartiers. N\u00e9 \u00e0 Auteuil, ayant v\u00e9cu boulevard Malesherbes ou boulevard Haussmann, l&#8217;\u00e9crivain situe son oeuvre dans le Paris de la Belle \u00c9poque. Les appartements cossus donnent sur des avenues plant\u00e9es d&#8217;arbres, [&hellip;]\" \/>\n<meta property=\"og:url\" content=\"https:\/\/librairie7l.com\/en\/produit\/a-la-recherche-du-paris-de-marcel-proust\/\" \/>\n<meta property=\"og:site_name\" content=\"Librairie 7L\" \/>\n<meta property=\"article:modified_time\" content=\"2026-05-02T01:41:08+00:00\" \/>\n<meta property=\"og:image\" content=\"https:\/\/librairie7l.com\/wp-content\/uploads\/2021\/09\/9782373951608_1_75.jpg\" \/>\n\t<meta property=\"og:image:width\" content=\"400\" \/>\n\t<meta property=\"og:image:height\" content=\"560\" \/>\n\t<meta property=\"og:image:type\" content=\"image\/jpeg\" \/>\n<meta name=\"twitter:card\" content=\"summary_large_image\" \/>\n<meta name=\"twitter:label1\" content=\"Est. reading time\" \/>\n\t<meta name=\"twitter:data1\" content=\"1 minute\" \/>\n<script type=\"application\/ld+json\" class=\"yoast-schema-graph\">{\"@context\":\"https:\/\/schema.org\",\"@graph\":[{\"@type\":\"WebPage\",\"@id\":\"https:\/\/librairie7l.com\/en\/produit\/a-la-recherche-du-paris-de-marcel-proust\/\",\"url\":\"https:\/\/librairie7l.com\/en\/produit\/a-la-recherche-du-paris-de-marcel-proust\/\",\"name\":\"\u00c0 LA RECHERCHE DU PARIS DE MARCEL PROUST - Librairie 7L\",\"isPartOf\":{\"@id\":\"https:\/\/librairie7l.com\/en\/#website\"},\"datePublished\":\"2023-05-09T15:20:21+00:00\",\"dateModified\":\"2026-05-02T01:41:08+00:00\",\"breadcrumb\":{\"@id\":\"https:\/\/librairie7l.com\/en\/produit\/a-la-recherche-du-paris-de-marcel-proust\/#breadcrumb\"},\"inLanguage\":\"en-US\",\"potentialAction\":[{\"@type\":\"ReadAction\",\"target\":[\"https:\/\/librairie7l.com\/en\/produit\/a-la-recherche-du-paris-de-marcel-proust\/\"]}]},{\"@type\":\"BreadcrumbList\",\"@id\":\"https:\/\/librairie7l.com\/en\/produit\/a-la-recherche-du-paris-de-marcel-proust\/#breadcrumb\",\"itemListElement\":[{\"@type\":\"ListItem\",\"position\":1,\"name\":\"Accueil\",\"item\":\"https:\/\/librairie7l.com\/en\/\"},{\"@type\":\"ListItem\",\"position\":2,\"name\":\"Shop\",\"item\":\"https:\/\/librairie7l.com\/en\/shop\/\"},{\"@type\":\"ListItem\",\"position\":3,\"name\":\"\u00c0 LA RECHERCHE DU PARIS DE MARCEL PROUST\"}]},{\"@type\":\"WebSite\",\"@id\":\"https:\/\/librairie7l.com\/en\/#website\",\"url\":\"https:\/\/librairie7l.com\/en\/\",\"name\":\"Librairie 7L\",\"description\":\"Librairie fond\u00e9e en 1999 par Karl Lagerfeld \u00e0 Paris\",\"publisher\":{\"@id\":\"https:\/\/librairie7l.com\/en\/#organization\"},\"potentialAction\":[{\"@type\":\"SearchAction\",\"target\":{\"@type\":\"EntryPoint\",\"urlTemplate\":\"https:\/\/librairie7l.com\/en\/?s={search_term_string}\"},\"query-input\":\"required name=search_term_string\"}],\"inLanguage\":\"en-US\"},{\"@type\":\"Organization\",\"@id\":\"https:\/\/librairie7l.com\/en\/#organization\",\"name\":\"Librairie 7L\",\"url\":\"https:\/\/librairie7l.com\/en\/\",\"logo\":{\"@type\":\"ImageObject\",\"inLanguage\":\"en-US\",\"@id\":\"https:\/\/librairie7l.com\/en\/#\/schema\/logo\/image\/\",\"url\":\"https:\/\/librairie7l.com\/wp-content\/uploads\/2022\/08\/logo-1.png\",\"contentUrl\":\"https:\/\/librairie7l.com\/wp-content\/uploads\/2022\/08\/logo-1.png\",\"width\":227,\"height\":301,\"caption\":\"Librairie 7L\"},\"image\":{\"@id\":\"https:\/\/librairie7l.com\/en\/#\/schema\/logo\/image\/\"}}]}<\/script>\n<!-- \/ Yoast SEO plugin. -->","yoast_head_json":{"title":"\u00c0 LA RECHERCHE DU PARIS DE MARCEL PROUST - Librairie 7L","robots":{"index":"index","follow":"follow","max-snippet":"max-snippet:-1","max-image-preview":"max-image-preview:large","max-video-preview":"max-video-preview:-1"},"canonical":"https:\/\/librairie7l.com\/en\/produit\/a-la-recherche-du-paris-de-marcel-proust\/","og_locale":"en_US","og_type":"article","og_title":"\u00c0 LA RECHERCHE DU PARIS DE MARCEL PROUST - Librairie 7L","og_description":"Bilingual French-English edition The Paris of Marcel Proust De la plaine Monceau aux Champs-\u00c9lys\u00e9es, le Paris de Marcel Proust est essentiellement celui des beaux quartiers. N\u00e9 \u00e0 Auteuil, ayant v\u00e9cu boulevard Malesherbes ou boulevard Haussmann, l&#8217;\u00e9crivain situe son oeuvre dans le Paris de la Belle \u00c9poque. Les appartements cossus donnent sur des avenues plant\u00e9es d&#8217;arbres, [&hellip;]","og_url":"https:\/\/librairie7l.com\/en\/produit\/a-la-recherche-du-paris-de-marcel-proust\/","og_site_name":"Librairie 7L","article_modified_time":"2026-05-02T01:41:08+00:00","og_image":[{"width":400,"height":560,"url":"https:\/\/librairie7l.com\/wp-content\/uploads\/2021\/09\/9782373951608_1_75.jpg","type":"image\/jpeg"}],"twitter_card":"summary_large_image","twitter_misc":{"Est. reading time":"1 minute"},"schema":{"@context":"https:\/\/schema.org","@graph":[{"@type":"WebPage","@id":"https:\/\/librairie7l.com\/en\/produit\/a-la-recherche-du-paris-de-marcel-proust\/","url":"https:\/\/librairie7l.com\/en\/produit\/a-la-recherche-du-paris-de-marcel-proust\/","name":"\u00c0 LA RECHERCHE DU PARIS DE MARCEL PROUST - Librairie 7L","isPartOf":{"@id":"https:\/\/librairie7l.com\/en\/#website"},"datePublished":"2023-05-09T15:20:21+00:00","dateModified":"2026-05-02T01:41:08+00:00","breadcrumb":{"@id":"https:\/\/librairie7l.com\/en\/produit\/a-la-recherche-du-paris-de-marcel-proust\/#breadcrumb"},"inLanguage":"en-US","potentialAction":[{"@type":"ReadAction","target":["https:\/\/librairie7l.com\/en\/produit\/a-la-recherche-du-paris-de-marcel-proust\/"]}]},{"@type":"BreadcrumbList","@id":"https:\/\/librairie7l.com\/en\/produit\/a-la-recherche-du-paris-de-marcel-proust\/#breadcrumb","itemListElement":[{"@type":"ListItem","position":1,"name":"Accueil","item":"https:\/\/librairie7l.com\/en\/"},{"@type":"ListItem","position":2,"name":"Shop","item":"https:\/\/librairie7l.com\/en\/shop\/"},{"@type":"ListItem","position":3,"name":"\u00c0 LA RECHERCHE DU PARIS DE MARCEL PROUST"}]},{"@type":"WebSite","@id":"https:\/\/librairie7l.com\/en\/#website","url":"https:\/\/librairie7l.com\/en\/","name":"Librairie 7L","description":"Librairie fond\u00e9e en 1999 par Karl Lagerfeld \u00e0 Paris","publisher":{"@id":"https:\/\/librairie7l.com\/en\/#organization"},"potentialAction":[{"@type":"SearchAction","target":{"@type":"EntryPoint","urlTemplate":"https:\/\/librairie7l.com\/en\/?s={search_term_string}"},"query-input":"required name=search_term_string"}],"inLanguage":"en-US"},{"@type":"Organization","@id":"https:\/\/librairie7l.com\/en\/#organization","name":"Librairie 7L","url":"https:\/\/librairie7l.com\/en\/","logo":{"@type":"ImageObject","inLanguage":"en-US","@id":"https:\/\/librairie7l.com\/en\/#\/schema\/logo\/image\/","url":"https:\/\/librairie7l.com\/wp-content\/uploads\/2022\/08\/logo-1.png","contentUrl":"https:\/\/librairie7l.com\/wp-content\/uploads\/2022\/08\/logo-1.png","width":227,"height":301,"caption":"Librairie 7L"},"image":{"@id":"https:\/\/librairie7l.com\/en\/#\/schema\/logo\/image\/"}}]}},"_links":{"self":[{"href":"https:\/\/librairie7l.com\/en\/wp-json\/wp\/v2\/product\/16671"}],"collection":[{"href":"https:\/\/librairie7l.com\/en\/wp-json\/wp\/v2\/product"}],"about":[{"href":"https:\/\/librairie7l.com\/en\/wp-json\/wp\/v2\/types\/product"}],"wp:featuredmedia":[{"embeddable":true,"href":"https:\/\/librairie7l.com\/en\/wp-json\/wp\/v2\/media\/16669"}],"wp:attachment":[{"href":"https:\/\/librairie7l.com\/en\/wp-json\/wp\/v2\/media?parent=16671"}],"wp:term":[{"taxonomy":"product_cat","embeddable":true,"href":"https:\/\/librairie7l.com\/en\/wp-json\/wp\/v2\/product_cat?post=16671"},{"taxonomy":"product_tag","embeddable":true,"href":"https:\/\/librairie7l.com\/en\/wp-json\/wp\/v2\/product_tag?post=16671"}],"curies":[{"name":"wp","href":"https:\/\/api.w.org\/{rel}","templated":true}]}}