{"id":16687,"date":"2023-05-09T17:20:35","date_gmt":"2023-05-09T15:20:35","guid":{"rendered":"https:\/\/librairie7l.com\/?post_type=product&#038;p=16687"},"modified":"2026-04-30T15:17:19","modified_gmt":"2026-04-30T13:17:19","slug":"renverser-ses-yeux-autour-de-larte-povera-photographie-film-video","status":"publish","type":"product","link":"https:\/\/librairie7l.com\/en\/produit\/renverser-ses-yeux-autour-de-larte-povera-photographie-film-video\/","title":{"rendered":"RENVERSER SES YEUX : AUTOUR DE L&#8217;ARTE POVERA, PHOTOGRAPHIE, FILM, VID\u00c9O"},"content":{"rendered":"<p>Apparu dans les ann\u00e9es 1960 en Italie, l&#8217;Arte Povera est une d\u00e9marche artistique ; davantage une attitude qu&#8217;un mouvement. Th\u00e9oris\u00e9 par Germano Celant en 1966, l&#8217;Arte Povera s&#8217;inscrit dans une volont\u00e9 de d\u00e9fiance \u00e0 l&#8217;\u00e9gard des industries culturelles, port\u00e9e par une nouvelle g\u00e9n\u00e9ration d&#8217;artistes incarnant des mani\u00e8res in\u00e9dites d&#8217;appr\u00e9hender l&#8217;art et la cr\u00e9ation. S&#8217;opposant \u00e0 la consommation de masse et r\u00e9habilitant la place de l&#8217;homme et de la nature dans l&#8217;art, l&#8217;Arte Povera en renouvelle les th\u00e9matiques (l&#8217;homme, la nature, le corps, le temps), les mat\u00e9riaux (naturels, de r\u00e9cup\u00e9ration, p\u00e9rissables), les techniques (artisanales), les gestes et l&#8217;intention. Il s&#8217;agit de repenser les crit\u00e8res d&#8217;esth\u00e9tisme, de se d\u00e9faire des artifices, de revenir \u00e0 l&#8217;imm\u00e9diatet\u00e9 des \u00e9motions et des sensations. \u00c0 travers la production de livres, d&#8217;affiches, de projections et d&#8217;impressions sur toile, les artistes italiens de cette \u00e9poque se sont appropri\u00e9s le pouvoir narratif de l&#8217;image photographique et filmique afin d&#8217;explorer de nouveaux possibles de l&#8217;art.<br \/>\nTransdisciplinaires, m\u00ealant photographies, films, vid\u00e9os, affiches, livres, objets, sculptures et peintures, l&#8217;ouvrage, qui l&#8217;accompagnera l&#8217;exposition, pr\u00e9sentera plus de 300 oeuvres de figures majeures de l&#8217;Arte Povera, parmi lesquelles Giovanni Anselmo, Alighiero Boetti, Luigi Ghirri, Jannis Kounellis, Piero Manzoni, Mario Merz, Giuseppe Penone, Michelangelo Pistoletto&#8230; Con\u00e7u comme un livre d&#8217;art et non comme un catalogue d&#8217;exposition, il donnera \u00e0 voir l&#8217;extraordinaire richesse d&#8217;une p\u00e9riode o\u00f9 les artistes italiens ont compt\u00e9 parmi les plus importants interpr\u00e8tes de la transformation des langages visuels.<br \/>\nCe nouveau regard sur une d\u00e9marche artistique majeure des avant-gardes du xxe si\u00e8cle proposera \u00e9galement une immersion visuelle dans le contexte politique et culturel de l&#8217;\u00e9poque avec des portfolios d\u00e9di\u00e9s au cin\u00e9ma, th\u00e9\u00e2tre, soir\u00e9es litt\u00e9raires, extraits de presse pr\u00e9sentant les grands enjeux socioculturels d&#8217;alors.<\/p>\n","protected":false},"excerpt":{"rendered":"<p>Apparu dans les ann\u00e9es 1960 en Italie, l&#8217;Arte Povera est une d\u00e9marche artistique ; davantage une attitude qu&#8217;un mouvement. Th\u00e9oris\u00e9 par Germano Celant en 1966, l&#8217;Arte Povera s&#8217;inscrit dans une volont\u00e9 de d\u00e9fiance \u00e0 l&#8217;\u00e9gard des industries culturelles, port\u00e9e par une nouvelle g\u00e9n\u00e9ration d&#8217;artistes incarnant des mani\u00e8res in\u00e9dites d&#8217;appr\u00e9hender l&#8217;art et la cr\u00e9ation. S&#8217;opposant \u00e0 [&hellip;]<\/p>\n","protected":false},"featured_media":16685,"template":"","meta":[],"product_cat":[55,2948,47,2953],"product_tag":[],"acf":[],"yoast_head":"<!-- This site is optimized with the Yoast SEO plugin v20.11 - https:\/\/yoast.com\/wordpress\/plugins\/seo\/ -->\n<title>RENVERSER SES YEUX : AUTOUR DE L&#039;ARTE POVERA, PHOTOGRAPHIE, FILM, VID\u00c9O - Librairie 7L<\/title>\n<meta name=\"robots\" content=\"index, follow, max-snippet:-1, max-image-preview:large, max-video-preview:-1\" \/>\n<link rel=\"canonical\" href=\"https:\/\/librairie7l.com\/en\/produit\/renverser-ses-yeux-autour-de-larte-povera-photographie-film-video\/\" \/>\n<meta property=\"og:locale\" content=\"en_US\" \/>\n<meta property=\"og:type\" content=\"article\" \/>\n<meta property=\"og:title\" content=\"RENVERSER SES YEUX : AUTOUR DE L&#039;ARTE POVERA, PHOTOGRAPHIE, FILM, VID\u00c9O - Librairie 7L\" \/>\n<meta property=\"og:description\" content=\"Apparu dans les ann\u00e9es 1960 en Italie, l&#8217;Arte Povera est une d\u00e9marche artistique ; davantage une attitude qu&#8217;un mouvement. Th\u00e9oris\u00e9 par Germano Celant en 1966, l&#8217;Arte Povera s&#8217;inscrit dans une volont\u00e9 de d\u00e9fiance \u00e0 l&#8217;\u00e9gard des industries culturelles, port\u00e9e par une nouvelle g\u00e9n\u00e9ration d&#8217;artistes incarnant des mani\u00e8res in\u00e9dites d&#8217;appr\u00e9hender l&#8217;art et la cr\u00e9ation. S&#8217;opposant \u00e0 [&hellip;]\" \/>\n<meta property=\"og:url\" content=\"https:\/\/librairie7l.com\/en\/produit\/renverser-ses-yeux-autour-de-larte-povera-photographie-film-video\/\" \/>\n<meta property=\"og:site_name\" content=\"Librairie 7L\" \/>\n<meta property=\"article:modified_time\" content=\"2026-04-30T13:17:19+00:00\" \/>\n<meta property=\"og:image\" content=\"https:\/\/librairie7l.com\/wp-content\/uploads\/2022\/10\/9782365113397_1_75.jpg\" \/>\n\t<meta property=\"og:image:width\" content=\"400\" \/>\n\t<meta property=\"og:image:height\" content=\"429\" \/>\n\t<meta property=\"og:image:type\" content=\"image\/jpeg\" \/>\n<meta name=\"twitter:card\" content=\"summary_large_image\" \/>\n<meta name=\"twitter:label1\" content=\"Est. reading time\" \/>\n\t<meta name=\"twitter:data1\" content=\"2 minutes\" \/>\n<script type=\"application\/ld+json\" class=\"yoast-schema-graph\">{\"@context\":\"https:\/\/schema.org\",\"@graph\":[{\"@type\":\"WebPage\",\"@id\":\"https:\/\/librairie7l.com\/en\/produit\/renverser-ses-yeux-autour-de-larte-povera-photographie-film-video\/\",\"url\":\"https:\/\/librairie7l.com\/en\/produit\/renverser-ses-yeux-autour-de-larte-povera-photographie-film-video\/\",\"name\":\"RENVERSER SES YEUX : AUTOUR DE L'ARTE POVERA, PHOTOGRAPHIE, FILM, VID\u00c9O - Librairie 7L\",\"isPartOf\":{\"@id\":\"https:\/\/librairie7l.com\/en\/#website\"},\"datePublished\":\"2023-05-09T15:20:35+00:00\",\"dateModified\":\"2026-04-30T13:17:19+00:00\",\"breadcrumb\":{\"@id\":\"https:\/\/librairie7l.com\/en\/produit\/renverser-ses-yeux-autour-de-larte-povera-photographie-film-video\/#breadcrumb\"},\"inLanguage\":\"en-US\",\"potentialAction\":[{\"@type\":\"ReadAction\",\"target\":[\"https:\/\/librairie7l.com\/en\/produit\/renverser-ses-yeux-autour-de-larte-povera-photographie-film-video\/\"]}]},{\"@type\":\"BreadcrumbList\",\"@id\":\"https:\/\/librairie7l.com\/en\/produit\/renverser-ses-yeux-autour-de-larte-povera-photographie-film-video\/#breadcrumb\",\"itemListElement\":[{\"@type\":\"ListItem\",\"position\":1,\"name\":\"Accueil\",\"item\":\"https:\/\/librairie7l.com\/en\/\"},{\"@type\":\"ListItem\",\"position\":2,\"name\":\"Shop\",\"item\":\"https:\/\/librairie7l.com\/en\/shop\/\"},{\"@type\":\"ListItem\",\"position\":3,\"name\":\"RENVERSER SES YEUX : AUTOUR DE L&#8217;ARTE POVERA, PHOTOGRAPHIE, FILM, VID\u00c9O\"}]},{\"@type\":\"WebSite\",\"@id\":\"https:\/\/librairie7l.com\/en\/#website\",\"url\":\"https:\/\/librairie7l.com\/en\/\",\"name\":\"Librairie 7L\",\"description\":\"Librairie fond\u00e9e en 1999 par Karl Lagerfeld \u00e0 Paris\",\"publisher\":{\"@id\":\"https:\/\/librairie7l.com\/en\/#organization\"},\"potentialAction\":[{\"@type\":\"SearchAction\",\"target\":{\"@type\":\"EntryPoint\",\"urlTemplate\":\"https:\/\/librairie7l.com\/en\/?s={search_term_string}\"},\"query-input\":\"required name=search_term_string\"}],\"inLanguage\":\"en-US\"},{\"@type\":\"Organization\",\"@id\":\"https:\/\/librairie7l.com\/en\/#organization\",\"name\":\"Librairie 7L\",\"url\":\"https:\/\/librairie7l.com\/en\/\",\"logo\":{\"@type\":\"ImageObject\",\"inLanguage\":\"en-US\",\"@id\":\"https:\/\/librairie7l.com\/en\/#\/schema\/logo\/image\/\",\"url\":\"https:\/\/librairie7l.com\/wp-content\/uploads\/2022\/08\/logo-1.png\",\"contentUrl\":\"https:\/\/librairie7l.com\/wp-content\/uploads\/2022\/08\/logo-1.png\",\"width\":227,\"height\":301,\"caption\":\"Librairie 7L\"},\"image\":{\"@id\":\"https:\/\/librairie7l.com\/en\/#\/schema\/logo\/image\/\"}}]}<\/script>\n<!-- \/ Yoast SEO plugin. -->","yoast_head_json":{"title":"RENVERSER SES YEUX : AUTOUR DE L'ARTE POVERA, PHOTOGRAPHIE, FILM, VID\u00c9O - Librairie 7L","robots":{"index":"index","follow":"follow","max-snippet":"max-snippet:-1","max-image-preview":"max-image-preview:large","max-video-preview":"max-video-preview:-1"},"canonical":"https:\/\/librairie7l.com\/en\/produit\/renverser-ses-yeux-autour-de-larte-povera-photographie-film-video\/","og_locale":"en_US","og_type":"article","og_title":"RENVERSER SES YEUX : AUTOUR DE L'ARTE POVERA, PHOTOGRAPHIE, FILM, VID\u00c9O - Librairie 7L","og_description":"Apparu dans les ann\u00e9es 1960 en Italie, l&#8217;Arte Povera est une d\u00e9marche artistique ; davantage une attitude qu&#8217;un mouvement. Th\u00e9oris\u00e9 par Germano Celant en 1966, l&#8217;Arte Povera s&#8217;inscrit dans une volont\u00e9 de d\u00e9fiance \u00e0 l&#8217;\u00e9gard des industries culturelles, port\u00e9e par une nouvelle g\u00e9n\u00e9ration d&#8217;artistes incarnant des mani\u00e8res in\u00e9dites d&#8217;appr\u00e9hender l&#8217;art et la cr\u00e9ation. S&#8217;opposant \u00e0 [&hellip;]","og_url":"https:\/\/librairie7l.com\/en\/produit\/renverser-ses-yeux-autour-de-larte-povera-photographie-film-video\/","og_site_name":"Librairie 7L","article_modified_time":"2026-04-30T13:17:19+00:00","og_image":[{"width":400,"height":429,"url":"https:\/\/librairie7l.com\/wp-content\/uploads\/2022\/10\/9782365113397_1_75.jpg","type":"image\/jpeg"}],"twitter_card":"summary_large_image","twitter_misc":{"Est. reading time":"2 minutes"},"schema":{"@context":"https:\/\/schema.org","@graph":[{"@type":"WebPage","@id":"https:\/\/librairie7l.com\/en\/produit\/renverser-ses-yeux-autour-de-larte-povera-photographie-film-video\/","url":"https:\/\/librairie7l.com\/en\/produit\/renverser-ses-yeux-autour-de-larte-povera-photographie-film-video\/","name":"RENVERSER SES YEUX : AUTOUR DE L'ARTE POVERA, PHOTOGRAPHIE, FILM, VID\u00c9O - Librairie 7L","isPartOf":{"@id":"https:\/\/librairie7l.com\/en\/#website"},"datePublished":"2023-05-09T15:20:35+00:00","dateModified":"2026-04-30T13:17:19+00:00","breadcrumb":{"@id":"https:\/\/librairie7l.com\/en\/produit\/renverser-ses-yeux-autour-de-larte-povera-photographie-film-video\/#breadcrumb"},"inLanguage":"en-US","potentialAction":[{"@type":"ReadAction","target":["https:\/\/librairie7l.com\/en\/produit\/renverser-ses-yeux-autour-de-larte-povera-photographie-film-video\/"]}]},{"@type":"BreadcrumbList","@id":"https:\/\/librairie7l.com\/en\/produit\/renverser-ses-yeux-autour-de-larte-povera-photographie-film-video\/#breadcrumb","itemListElement":[{"@type":"ListItem","position":1,"name":"Accueil","item":"https:\/\/librairie7l.com\/en\/"},{"@type":"ListItem","position":2,"name":"Shop","item":"https:\/\/librairie7l.com\/en\/shop\/"},{"@type":"ListItem","position":3,"name":"RENVERSER SES YEUX : AUTOUR DE L&#8217;ARTE POVERA, PHOTOGRAPHIE, FILM, VID\u00c9O"}]},{"@type":"WebSite","@id":"https:\/\/librairie7l.com\/en\/#website","url":"https:\/\/librairie7l.com\/en\/","name":"Librairie 7L","description":"Librairie fond\u00e9e en 1999 par Karl Lagerfeld \u00e0 Paris","publisher":{"@id":"https:\/\/librairie7l.com\/en\/#organization"},"potentialAction":[{"@type":"SearchAction","target":{"@type":"EntryPoint","urlTemplate":"https:\/\/librairie7l.com\/en\/?s={search_term_string}"},"query-input":"required name=search_term_string"}],"inLanguage":"en-US"},{"@type":"Organization","@id":"https:\/\/librairie7l.com\/en\/#organization","name":"Librairie 7L","url":"https:\/\/librairie7l.com\/en\/","logo":{"@type":"ImageObject","inLanguage":"en-US","@id":"https:\/\/librairie7l.com\/en\/#\/schema\/logo\/image\/","url":"https:\/\/librairie7l.com\/wp-content\/uploads\/2022\/08\/logo-1.png","contentUrl":"https:\/\/librairie7l.com\/wp-content\/uploads\/2022\/08\/logo-1.png","width":227,"height":301,"caption":"Librairie 7L"},"image":{"@id":"https:\/\/librairie7l.com\/en\/#\/schema\/logo\/image\/"}}]}},"_links":{"self":[{"href":"https:\/\/librairie7l.com\/en\/wp-json\/wp\/v2\/product\/16687"}],"collection":[{"href":"https:\/\/librairie7l.com\/en\/wp-json\/wp\/v2\/product"}],"about":[{"href":"https:\/\/librairie7l.com\/en\/wp-json\/wp\/v2\/types\/product"}],"wp:featuredmedia":[{"embeddable":true,"href":"https:\/\/librairie7l.com\/en\/wp-json\/wp\/v2\/media\/16685"}],"wp:attachment":[{"href":"https:\/\/librairie7l.com\/en\/wp-json\/wp\/v2\/media?parent=16687"}],"wp:term":[{"taxonomy":"product_cat","embeddable":true,"href":"https:\/\/librairie7l.com\/en\/wp-json\/wp\/v2\/product_cat?post=16687"},{"taxonomy":"product_tag","embeddable":true,"href":"https:\/\/librairie7l.com\/en\/wp-json\/wp\/v2\/product_tag?post=16687"}],"curies":[{"name":"wp","href":"https:\/\/api.w.org\/{rel}","templated":true}]}}