{"id":16699,"date":"2023-05-09T17:20:44","date_gmt":"2023-05-09T15:20:44","guid":{"rendered":"https:\/\/librairie7l.com\/?post_type=product&#038;p=16699"},"modified":"2026-05-02T05:22:37","modified_gmt":"2026-05-02T03:22:37","slug":"de-fonte-en-comble","status":"publish","type":"product","link":"https:\/\/librairie7l.com\/en\/produit\/de-fonte-en-comble\/","title":{"rendered":"DE FONTE EN COMBLE"},"content":{"rendered":"<p>Pi\u00e9ton urbain, de Paris et d&#8217;ailleurs, Gilles Ortlieb utilise lui aussi son t\u00e9l\u00e9phone portable comme un outil auxiliaire de sa m\u00e9moire visuelle. Il a ainsi &#8211; malgr\u00e9 leur banalit\u00e9 apparente &#8211; collectionn\u00e9 des plaques d&#8217;\u00e9gout chinoise, mozambicaine, indienne, grecques, anglaises, roumaines&#8230; y trouvant motif \u00e0 s&#8217;interroger sur un myst\u00e8re peut-\u00eatre imaginaire, ou \u00e0 s&#8217;\u00e9mouvoir pour l&#8217;\u00e9trange beaut\u00e9 d&#8217;une \u00abcarto- graphie en acier moul\u00e9\u00bb.<\/p>\n","protected":false},"excerpt":{"rendered":"<p>Pi\u00e9ton urbain, de Paris et d&#8217;ailleurs, Gilles Ortlieb utilise lui aussi son t\u00e9l\u00e9phone portable comme un outil auxiliaire de sa m\u00e9moire visuelle. Il a ainsi &#8211; malgr\u00e9 leur banalit\u00e9 apparente &#8211; collectionn\u00e9 des plaques d&#8217;\u00e9gout chinoise, mozambicaine, indienne, grecques, anglaises, roumaines&#8230; y trouvant motif \u00e0 s&#8217;interroger sur un myst\u00e8re peut-\u00eatre imaginaire, ou \u00e0 s&#8217;\u00e9mouvoir pour [&hellip;]<\/p>\n","protected":false},"featured_media":16697,"template":"","meta":[],"product_cat":[55,2948,18,2952],"product_tag":[],"acf":[],"yoast_head":"<!-- This site is optimized with the Yoast SEO plugin v20.11 - https:\/\/yoast.com\/wordpress\/plugins\/seo\/ -->\n<title>DE FONTE EN COMBLE - Librairie 7L<\/title>\n<meta name=\"robots\" content=\"index, follow, max-snippet:-1, max-image-preview:large, max-video-preview:-1\" \/>\n<link rel=\"canonical\" href=\"https:\/\/librairie7l.com\/en\/produit\/de-fonte-en-comble\/\" \/>\n<meta property=\"og:locale\" content=\"en_US\" \/>\n<meta property=\"og:type\" content=\"article\" \/>\n<meta property=\"og:title\" content=\"DE FONTE EN COMBLE - Librairie 7L\" \/>\n<meta property=\"og:description\" content=\"Pi\u00e9ton urbain, de Paris et d&#8217;ailleurs, Gilles Ortlieb utilise lui aussi son t\u00e9l\u00e9phone portable comme un outil auxiliaire de sa m\u00e9moire visuelle. Il a ainsi &#8211; malgr\u00e9 leur banalit\u00e9 apparente &#8211; collectionn\u00e9 des plaques d&#8217;\u00e9gout chinoise, mozambicaine, indienne, grecques, anglaises, roumaines&#8230; y trouvant motif \u00e0 s&#8217;interroger sur un myst\u00e8re peut-\u00eatre imaginaire, ou \u00e0 s&#8217;\u00e9mouvoir pour [&hellip;]\" \/>\n<meta property=\"og:url\" content=\"https:\/\/librairie7l.com\/en\/produit\/de-fonte-en-comble\/\" \/>\n<meta property=\"og:site_name\" content=\"Librairie 7L\" \/>\n<meta property=\"article:modified_time\" content=\"2026-05-02T03:22:37+00:00\" \/>\n<meta property=\"og:image\" content=\"https:\/\/librairie7l.com\/wp-content\/uploads\/2023\/04\/9782868536983_1_75.jpg\" \/>\n\t<meta property=\"og:image:width\" content=\"400\" \/>\n\t<meta property=\"og:image:height\" content=\"523\" \/>\n\t<meta property=\"og:image:type\" content=\"image\/jpeg\" \/>\n<meta name=\"twitter:card\" content=\"summary_large_image\" \/>\n<script type=\"application\/ld+json\" class=\"yoast-schema-graph\">{\"@context\":\"https:\/\/schema.org\",\"@graph\":[{\"@type\":\"WebPage\",\"@id\":\"https:\/\/librairie7l.com\/en\/produit\/de-fonte-en-comble\/\",\"url\":\"https:\/\/librairie7l.com\/en\/produit\/de-fonte-en-comble\/\",\"name\":\"DE FONTE EN COMBLE - Librairie 7L\",\"isPartOf\":{\"@id\":\"https:\/\/librairie7l.com\/en\/#website\"},\"datePublished\":\"2023-05-09T15:20:44+00:00\",\"dateModified\":\"2026-05-02T03:22:37+00:00\",\"breadcrumb\":{\"@id\":\"https:\/\/librairie7l.com\/en\/produit\/de-fonte-en-comble\/#breadcrumb\"},\"inLanguage\":\"en-US\",\"potentialAction\":[{\"@type\":\"ReadAction\",\"target\":[\"https:\/\/librairie7l.com\/en\/produit\/de-fonte-en-comble\/\"]}]},{\"@type\":\"BreadcrumbList\",\"@id\":\"https:\/\/librairie7l.com\/en\/produit\/de-fonte-en-comble\/#breadcrumb\",\"itemListElement\":[{\"@type\":\"ListItem\",\"position\":1,\"name\":\"Accueil\",\"item\":\"https:\/\/librairie7l.com\/en\/\"},{\"@type\":\"ListItem\",\"position\":2,\"name\":\"Shop\",\"item\":\"https:\/\/librairie7l.com\/en\/shop\/\"},{\"@type\":\"ListItem\",\"position\":3,\"name\":\"DE FONTE EN COMBLE\"}]},{\"@type\":\"WebSite\",\"@id\":\"https:\/\/librairie7l.com\/en\/#website\",\"url\":\"https:\/\/librairie7l.com\/en\/\",\"name\":\"Librairie 7L\",\"description\":\"Librairie fond\u00e9e en 1999 par Karl Lagerfeld \u00e0 Paris\",\"publisher\":{\"@id\":\"https:\/\/librairie7l.com\/en\/#organization\"},\"potentialAction\":[{\"@type\":\"SearchAction\",\"target\":{\"@type\":\"EntryPoint\",\"urlTemplate\":\"https:\/\/librairie7l.com\/en\/?s={search_term_string}\"},\"query-input\":\"required name=search_term_string\"}],\"inLanguage\":\"en-US\"},{\"@type\":\"Organization\",\"@id\":\"https:\/\/librairie7l.com\/en\/#organization\",\"name\":\"Librairie 7L\",\"url\":\"https:\/\/librairie7l.com\/en\/\",\"logo\":{\"@type\":\"ImageObject\",\"inLanguage\":\"en-US\",\"@id\":\"https:\/\/librairie7l.com\/en\/#\/schema\/logo\/image\/\",\"url\":\"https:\/\/librairie7l.com\/wp-content\/uploads\/2022\/08\/logo-1.png\",\"contentUrl\":\"https:\/\/librairie7l.com\/wp-content\/uploads\/2022\/08\/logo-1.png\",\"width\":227,\"height\":301,\"caption\":\"Librairie 7L\"},\"image\":{\"@id\":\"https:\/\/librairie7l.com\/en\/#\/schema\/logo\/image\/\"}}]}<\/script>\n<!-- \/ Yoast SEO plugin. -->","yoast_head_json":{"title":"DE FONTE EN COMBLE - Librairie 7L","robots":{"index":"index","follow":"follow","max-snippet":"max-snippet:-1","max-image-preview":"max-image-preview:large","max-video-preview":"max-video-preview:-1"},"canonical":"https:\/\/librairie7l.com\/en\/produit\/de-fonte-en-comble\/","og_locale":"en_US","og_type":"article","og_title":"DE FONTE EN COMBLE - Librairie 7L","og_description":"Pi\u00e9ton urbain, de Paris et d&#8217;ailleurs, Gilles Ortlieb utilise lui aussi son t\u00e9l\u00e9phone portable comme un outil auxiliaire de sa m\u00e9moire visuelle. Il a ainsi &#8211; malgr\u00e9 leur banalit\u00e9 apparente &#8211; collectionn\u00e9 des plaques d&#8217;\u00e9gout chinoise, mozambicaine, indienne, grecques, anglaises, roumaines&#8230; y trouvant motif \u00e0 s&#8217;interroger sur un myst\u00e8re peut-\u00eatre imaginaire, ou \u00e0 s&#8217;\u00e9mouvoir pour [&hellip;]","og_url":"https:\/\/librairie7l.com\/en\/produit\/de-fonte-en-comble\/","og_site_name":"Librairie 7L","article_modified_time":"2026-05-02T03:22:37+00:00","og_image":[{"width":400,"height":523,"url":"https:\/\/librairie7l.com\/wp-content\/uploads\/2023\/04\/9782868536983_1_75.jpg","type":"image\/jpeg"}],"twitter_card":"summary_large_image","schema":{"@context":"https:\/\/schema.org","@graph":[{"@type":"WebPage","@id":"https:\/\/librairie7l.com\/en\/produit\/de-fonte-en-comble\/","url":"https:\/\/librairie7l.com\/en\/produit\/de-fonte-en-comble\/","name":"DE FONTE EN COMBLE - Librairie 7L","isPartOf":{"@id":"https:\/\/librairie7l.com\/en\/#website"},"datePublished":"2023-05-09T15:20:44+00:00","dateModified":"2026-05-02T03:22:37+00:00","breadcrumb":{"@id":"https:\/\/librairie7l.com\/en\/produit\/de-fonte-en-comble\/#breadcrumb"},"inLanguage":"en-US","potentialAction":[{"@type":"ReadAction","target":["https:\/\/librairie7l.com\/en\/produit\/de-fonte-en-comble\/"]}]},{"@type":"BreadcrumbList","@id":"https:\/\/librairie7l.com\/en\/produit\/de-fonte-en-comble\/#breadcrumb","itemListElement":[{"@type":"ListItem","position":1,"name":"Accueil","item":"https:\/\/librairie7l.com\/en\/"},{"@type":"ListItem","position":2,"name":"Shop","item":"https:\/\/librairie7l.com\/en\/shop\/"},{"@type":"ListItem","position":3,"name":"DE FONTE EN COMBLE"}]},{"@type":"WebSite","@id":"https:\/\/librairie7l.com\/en\/#website","url":"https:\/\/librairie7l.com\/en\/","name":"Librairie 7L","description":"Librairie fond\u00e9e en 1999 par Karl Lagerfeld \u00e0 Paris","publisher":{"@id":"https:\/\/librairie7l.com\/en\/#organization"},"potentialAction":[{"@type":"SearchAction","target":{"@type":"EntryPoint","urlTemplate":"https:\/\/librairie7l.com\/en\/?s={search_term_string}"},"query-input":"required name=search_term_string"}],"inLanguage":"en-US"},{"@type":"Organization","@id":"https:\/\/librairie7l.com\/en\/#organization","name":"Librairie 7L","url":"https:\/\/librairie7l.com\/en\/","logo":{"@type":"ImageObject","inLanguage":"en-US","@id":"https:\/\/librairie7l.com\/en\/#\/schema\/logo\/image\/","url":"https:\/\/librairie7l.com\/wp-content\/uploads\/2022\/08\/logo-1.png","contentUrl":"https:\/\/librairie7l.com\/wp-content\/uploads\/2022\/08\/logo-1.png","width":227,"height":301,"caption":"Librairie 7L"},"image":{"@id":"https:\/\/librairie7l.com\/en\/#\/schema\/logo\/image\/"}}]}},"_links":{"self":[{"href":"https:\/\/librairie7l.com\/en\/wp-json\/wp\/v2\/product\/16699"}],"collection":[{"href":"https:\/\/librairie7l.com\/en\/wp-json\/wp\/v2\/product"}],"about":[{"href":"https:\/\/librairie7l.com\/en\/wp-json\/wp\/v2\/types\/product"}],"wp:featuredmedia":[{"embeddable":true,"href":"https:\/\/librairie7l.com\/en\/wp-json\/wp\/v2\/media\/16697"}],"wp:attachment":[{"href":"https:\/\/librairie7l.com\/en\/wp-json\/wp\/v2\/media?parent=16699"}],"wp:term":[{"taxonomy":"product_cat","embeddable":true,"href":"https:\/\/librairie7l.com\/en\/wp-json\/wp\/v2\/product_cat?post=16699"},{"taxonomy":"product_tag","embeddable":true,"href":"https:\/\/librairie7l.com\/en\/wp-json\/wp\/v2\/product_tag?post=16699"}],"curies":[{"name":"wp","href":"https:\/\/api.w.org\/{rel}","templated":true}]}}