{"id":16703,"date":"2023-05-09T17:20:47","date_gmt":"2023-05-09T15:20:47","guid":{"rendered":"https:\/\/librairie7l.com\/?post_type=product&#038;p=16703"},"modified":"2026-04-17T01:25:45","modified_gmt":"2026-04-16T23:25:45","slug":"art-deco-france-amerique-du-nord","status":"publish","type":"product","link":"https:\/\/librairie7l.com\/en\/produit\/art-deco-france-amerique-du-nord\/","title":{"rendered":"ART D\u00c9CO FRANCE-AM\u00c9RIQUE DU NORD"},"content":{"rendered":"<p>Avec l&#8217;Exposition internationale des arts d\u00e9coratifs et industriels modernes de 1925, l&#8217;Art d\u00e9co s\u00e9duit le monde. De New York \u00e0 Paris, la presse c\u00e9l\u00e8bre cet \u00e9v\u00e9nement qui impose durablement ce style universel.<br \/>\nTraversant l&#8217;Atlantique \u00e0 bord de fastueux paquebots tels \u00cele-de-France et Normandie, des grands d\u00e9corateurs fran\u00e7ais comme Jacques-\u00c9mile Ruhlmann, Jules Leleu, Andr\u00e9 Mare, Jean Dunand et Pierre Chareau exposent dans les grands magasins, de New York \u00e0 Philadelphie.<br \/>\nDu Mexique au Canada, cet engouement est port\u00e9 par des architectes nord-am\u00e9ricains form\u00e9s \u00e0 l&#8217;\u00c9cole nationale des beaux-arts de Paris d\u00e8s le d\u00e9but du xxe si\u00e8cle, puis \u00e0 l&#8217;Art Training Center de Meudon et \u00e0 la Fontainebleau School of Fine Arts, deux \u00e9coles d&#8217;art fond\u00e9es au lendemain d&#8217;une Premi\u00e8re Guerre mondiale qui a renforc\u00e9 les liens entre les deux continents. L&#8217;Am\u00e9rique de Raymond Hood et de Wallace K. Harrison, auteurs du Rockefeller Center, adopte les architectes et artistes fran\u00e7ais L\u00e9on Arnal, Edgar Brandt, Jacques Carlu, Paul Cret, Alfred Janniot&#8230;<br \/>\nLes recherches in\u00e9dites de cet ouvrage d\u00e9voilent une \u00e9mulation r\u00e9ciproque qui s&#8217;illustre aussi bien dans l&#8217;architecture et l&#8217;ornementation des gratte-ciel que dans le cin\u00e9ma, la mode, la presse, le sport et l&#8217;art de vivre. Le nouveau style est port\u00e9 par des figures telles que Paul Iribe et Cecil B. DeMille, Jean Patou et Paul Poiret, Lindbergh, Costes et Bellonte, Jos\u00e9phine Baker ou Johnny Weissmuller.<br \/>\nTrente-sept textes et 350 illustrations permettent de d\u00e9couvrir les liens uniques qui unissent la France et l&#8217;Am\u00e9rique, depuis la statue de la Libert\u00e9 de Bartholdi jusqu&#8217;au Streamline qui succ\u00e8de \u00e0 l&#8217;Art d\u00e9co. Ce nouveau design aux lignes fluides et galb\u00e9es surgit dans les ann\u00e9es 1930 et sera la vedette de la New York World Fair de 1939, qui a pour th\u00e8me \u00ab The World of Tomorrow \u00bb.<\/p>\n","protected":false},"excerpt":{"rendered":"<p>Avec l&#8217;Exposition internationale des arts d\u00e9coratifs et industriels modernes de 1925, l&#8217;Art d\u00e9co s\u00e9duit le monde. De New York \u00e0 Paris, la presse c\u00e9l\u00e8bre cet \u00e9v\u00e9nement qui impose durablement ce style universel. Traversant l&#8217;Atlantique \u00e0 bord de fastueux paquebots tels \u00cele-de-France et Normandie, des grands d\u00e9corateurs fran\u00e7ais comme Jacques-\u00c9mile Ruhlmann, Jules Leleu, Andr\u00e9 Mare, Jean [&hellip;]<\/p>\n","protected":false},"featured_media":16701,"template":"","meta":[],"product_cat":[55,2948,18,2952],"product_tag":[],"acf":[],"yoast_head":"<!-- This site is optimized with the Yoast SEO plugin v20.11 - https:\/\/yoast.com\/wordpress\/plugins\/seo\/ -->\n<title>ART D\u00c9CO FRANCE-AM\u00c9RIQUE DU NORD - Librairie 7L<\/title>\n<meta name=\"robots\" content=\"index, follow, max-snippet:-1, max-image-preview:large, max-video-preview:-1\" \/>\n<link rel=\"canonical\" href=\"https:\/\/librairie7l.com\/en\/produit\/art-deco-france-amerique-du-nord\/\" \/>\n<meta property=\"og:locale\" content=\"en_US\" \/>\n<meta property=\"og:type\" content=\"article\" \/>\n<meta property=\"og:title\" content=\"ART D\u00c9CO FRANCE-AM\u00c9RIQUE DU NORD - Librairie 7L\" \/>\n<meta property=\"og:description\" content=\"Avec l&#8217;Exposition internationale des arts d\u00e9coratifs et industriels modernes de 1925, l&#8217;Art d\u00e9co s\u00e9duit le monde. De New York \u00e0 Paris, la presse c\u00e9l\u00e8bre cet \u00e9v\u00e9nement qui impose durablement ce style universel. Traversant l&#8217;Atlantique \u00e0 bord de fastueux paquebots tels \u00cele-de-France et Normandie, des grands d\u00e9corateurs fran\u00e7ais comme Jacques-\u00c9mile Ruhlmann, Jules Leleu, Andr\u00e9 Mare, Jean [&hellip;]\" \/>\n<meta property=\"og:url\" content=\"https:\/\/librairie7l.com\/en\/produit\/art-deco-france-amerique-du-nord\/\" \/>\n<meta property=\"og:site_name\" content=\"Librairie 7L\" \/>\n<meta property=\"article:modified_time\" content=\"2026-04-16T23:25:45+00:00\" \/>\n<meta property=\"og:image\" content=\"https:\/\/librairie7l.com\/wp-content\/uploads\/2021\/10\/9782376660385_1_75.jpg\" \/>\n\t<meta property=\"og:image:width\" content=\"321\" \/>\n\t<meta property=\"og:image:height\" content=\"382\" \/>\n\t<meta property=\"og:image:type\" content=\"image\/jpeg\" \/>\n<meta name=\"twitter:card\" content=\"summary_large_image\" \/>\n<meta name=\"twitter:label1\" content=\"Est. reading time\" \/>\n\t<meta name=\"twitter:data1\" content=\"2 minutes\" \/>\n<script type=\"application\/ld+json\" class=\"yoast-schema-graph\">{\"@context\":\"https:\/\/schema.org\",\"@graph\":[{\"@type\":\"WebPage\",\"@id\":\"https:\/\/librairie7l.com\/en\/produit\/art-deco-france-amerique-du-nord\/\",\"url\":\"https:\/\/librairie7l.com\/en\/produit\/art-deco-france-amerique-du-nord\/\",\"name\":\"ART D\u00c9CO FRANCE-AM\u00c9RIQUE DU NORD - Librairie 7L\",\"isPartOf\":{\"@id\":\"https:\/\/librairie7l.com\/en\/#website\"},\"datePublished\":\"2023-05-09T15:20:47+00:00\",\"dateModified\":\"2026-04-16T23:25:45+00:00\",\"breadcrumb\":{\"@id\":\"https:\/\/librairie7l.com\/en\/produit\/art-deco-france-amerique-du-nord\/#breadcrumb\"},\"inLanguage\":\"en-US\",\"potentialAction\":[{\"@type\":\"ReadAction\",\"target\":[\"https:\/\/librairie7l.com\/en\/produit\/art-deco-france-amerique-du-nord\/\"]}]},{\"@type\":\"BreadcrumbList\",\"@id\":\"https:\/\/librairie7l.com\/en\/produit\/art-deco-france-amerique-du-nord\/#breadcrumb\",\"itemListElement\":[{\"@type\":\"ListItem\",\"position\":1,\"name\":\"Accueil\",\"item\":\"https:\/\/librairie7l.com\/en\/\"},{\"@type\":\"ListItem\",\"position\":2,\"name\":\"Shop\",\"item\":\"https:\/\/librairie7l.com\/en\/shop\/\"},{\"@type\":\"ListItem\",\"position\":3,\"name\":\"ART D\u00c9CO FRANCE-AM\u00c9RIQUE DU NORD\"}]},{\"@type\":\"WebSite\",\"@id\":\"https:\/\/librairie7l.com\/en\/#website\",\"url\":\"https:\/\/librairie7l.com\/en\/\",\"name\":\"Librairie 7L\",\"description\":\"Librairie fond\u00e9e en 1999 par Karl Lagerfeld \u00e0 Paris\",\"publisher\":{\"@id\":\"https:\/\/librairie7l.com\/en\/#organization\"},\"potentialAction\":[{\"@type\":\"SearchAction\",\"target\":{\"@type\":\"EntryPoint\",\"urlTemplate\":\"https:\/\/librairie7l.com\/en\/?s={search_term_string}\"},\"query-input\":\"required name=search_term_string\"}],\"inLanguage\":\"en-US\"},{\"@type\":\"Organization\",\"@id\":\"https:\/\/librairie7l.com\/en\/#organization\",\"name\":\"Librairie 7L\",\"url\":\"https:\/\/librairie7l.com\/en\/\",\"logo\":{\"@type\":\"ImageObject\",\"inLanguage\":\"en-US\",\"@id\":\"https:\/\/librairie7l.com\/en\/#\/schema\/logo\/image\/\",\"url\":\"https:\/\/librairie7l.com\/wp-content\/uploads\/2022\/08\/logo-1.png\",\"contentUrl\":\"https:\/\/librairie7l.com\/wp-content\/uploads\/2022\/08\/logo-1.png\",\"width\":227,\"height\":301,\"caption\":\"Librairie 7L\"},\"image\":{\"@id\":\"https:\/\/librairie7l.com\/en\/#\/schema\/logo\/image\/\"}}]}<\/script>\n<!-- \/ Yoast SEO plugin. -->","yoast_head_json":{"title":"ART D\u00c9CO FRANCE-AM\u00c9RIQUE DU NORD - Librairie 7L","robots":{"index":"index","follow":"follow","max-snippet":"max-snippet:-1","max-image-preview":"max-image-preview:large","max-video-preview":"max-video-preview:-1"},"canonical":"https:\/\/librairie7l.com\/en\/produit\/art-deco-france-amerique-du-nord\/","og_locale":"en_US","og_type":"article","og_title":"ART D\u00c9CO FRANCE-AM\u00c9RIQUE DU NORD - Librairie 7L","og_description":"Avec l&#8217;Exposition internationale des arts d\u00e9coratifs et industriels modernes de 1925, l&#8217;Art d\u00e9co s\u00e9duit le monde. De New York \u00e0 Paris, la presse c\u00e9l\u00e8bre cet \u00e9v\u00e9nement qui impose durablement ce style universel. Traversant l&#8217;Atlantique \u00e0 bord de fastueux paquebots tels \u00cele-de-France et Normandie, des grands d\u00e9corateurs fran\u00e7ais comme Jacques-\u00c9mile Ruhlmann, Jules Leleu, Andr\u00e9 Mare, Jean [&hellip;]","og_url":"https:\/\/librairie7l.com\/en\/produit\/art-deco-france-amerique-du-nord\/","og_site_name":"Librairie 7L","article_modified_time":"2026-04-16T23:25:45+00:00","og_image":[{"width":321,"height":382,"url":"https:\/\/librairie7l.com\/wp-content\/uploads\/2021\/10\/9782376660385_1_75.jpg","type":"image\/jpeg"}],"twitter_card":"summary_large_image","twitter_misc":{"Est. reading time":"2 minutes"},"schema":{"@context":"https:\/\/schema.org","@graph":[{"@type":"WebPage","@id":"https:\/\/librairie7l.com\/en\/produit\/art-deco-france-amerique-du-nord\/","url":"https:\/\/librairie7l.com\/en\/produit\/art-deco-france-amerique-du-nord\/","name":"ART D\u00c9CO FRANCE-AM\u00c9RIQUE DU NORD - Librairie 7L","isPartOf":{"@id":"https:\/\/librairie7l.com\/en\/#website"},"datePublished":"2023-05-09T15:20:47+00:00","dateModified":"2026-04-16T23:25:45+00:00","breadcrumb":{"@id":"https:\/\/librairie7l.com\/en\/produit\/art-deco-france-amerique-du-nord\/#breadcrumb"},"inLanguage":"en-US","potentialAction":[{"@type":"ReadAction","target":["https:\/\/librairie7l.com\/en\/produit\/art-deco-france-amerique-du-nord\/"]}]},{"@type":"BreadcrumbList","@id":"https:\/\/librairie7l.com\/en\/produit\/art-deco-france-amerique-du-nord\/#breadcrumb","itemListElement":[{"@type":"ListItem","position":1,"name":"Accueil","item":"https:\/\/librairie7l.com\/en\/"},{"@type":"ListItem","position":2,"name":"Shop","item":"https:\/\/librairie7l.com\/en\/shop\/"},{"@type":"ListItem","position":3,"name":"ART D\u00c9CO FRANCE-AM\u00c9RIQUE DU NORD"}]},{"@type":"WebSite","@id":"https:\/\/librairie7l.com\/en\/#website","url":"https:\/\/librairie7l.com\/en\/","name":"Librairie 7L","description":"Librairie fond\u00e9e en 1999 par Karl Lagerfeld \u00e0 Paris","publisher":{"@id":"https:\/\/librairie7l.com\/en\/#organization"},"potentialAction":[{"@type":"SearchAction","target":{"@type":"EntryPoint","urlTemplate":"https:\/\/librairie7l.com\/en\/?s={search_term_string}"},"query-input":"required name=search_term_string"}],"inLanguage":"en-US"},{"@type":"Organization","@id":"https:\/\/librairie7l.com\/en\/#organization","name":"Librairie 7L","url":"https:\/\/librairie7l.com\/en\/","logo":{"@type":"ImageObject","inLanguage":"en-US","@id":"https:\/\/librairie7l.com\/en\/#\/schema\/logo\/image\/","url":"https:\/\/librairie7l.com\/wp-content\/uploads\/2022\/08\/logo-1.png","contentUrl":"https:\/\/librairie7l.com\/wp-content\/uploads\/2022\/08\/logo-1.png","width":227,"height":301,"caption":"Librairie 7L"},"image":{"@id":"https:\/\/librairie7l.com\/en\/#\/schema\/logo\/image\/"}}]}},"_links":{"self":[{"href":"https:\/\/librairie7l.com\/en\/wp-json\/wp\/v2\/product\/16703"}],"collection":[{"href":"https:\/\/librairie7l.com\/en\/wp-json\/wp\/v2\/product"}],"about":[{"href":"https:\/\/librairie7l.com\/en\/wp-json\/wp\/v2\/types\/product"}],"wp:featuredmedia":[{"embeddable":true,"href":"https:\/\/librairie7l.com\/en\/wp-json\/wp\/v2\/media\/16701"}],"wp:attachment":[{"href":"https:\/\/librairie7l.com\/en\/wp-json\/wp\/v2\/media?parent=16703"}],"wp:term":[{"taxonomy":"product_cat","embeddable":true,"href":"https:\/\/librairie7l.com\/en\/wp-json\/wp\/v2\/product_cat?post=16703"},{"taxonomy":"product_tag","embeddable":true,"href":"https:\/\/librairie7l.com\/en\/wp-json\/wp\/v2\/product_tag?post=16703"}],"curies":[{"name":"wp","href":"https:\/\/api.w.org\/{rel}","templated":true}]}}