{"id":16707,"date":"2023-05-09T17:20:50","date_gmt":"2023-05-09T15:20:50","guid":{"rendered":"https:\/\/librairie7l.com\/?post_type=product&#038;p=16707"},"modified":"2026-04-04T16:04:50","modified_gmt":"2026-04-04T14:04:50","slug":"suzanne-valadon","status":"publish","type":"product","link":"https:\/\/librairie7l.com\/en\/produit\/suzanne-valadon\/","title":{"rendered":"SUZANNE VALADON"},"content":{"rendered":"<p>Juin 1894, au petit matin. Suzanne Valadon traverse Montmartre pour se rendre chez Edgar Degas. Elle est venue lui montrer ses oeuvres. Dans sa main, elle serre une lettre de recommandation \u00e9crite par le sculpteur Paul Bartholom\u00e9, un proche du peintre. C&#8217;est Zo\u00e9, la gouvernante, qui lui ouvre la porte. Valadon, trop intimid\u00e9e pour bouger, reste pr\u00e8s de l&#8217;entr\u00e9e. De longues minutes s&#8217;\u00e9coulent. Enfin, Degas arrive. Sans un mot d&#8217;accueil, il s&#8217;assied et, les sourcils fronc\u00e9s, examine un \u00e0 un les dessins que Valadon lui tend d&#8217;une main tremblante. Soudain, il se tourne vers elle et s&#8217;exclame : \u00abVous \u00eates des n\u00f4tres !\u00bb Jusqu&#8217;alors, Valadon gagnait sa vie comme mod\u00e8le. Issue d&#8217;un milieu modeste, elle dessinait depuis l&#8217;\u00e2ge de huit ans. Recevoir l&#8217;accolade du Ma\u00eetre, \u00eatre reconnue comme artiste, transforma sa vie. Sa carri\u00e8re \u00e9tait lanc\u00e9e. Avec l\u00e9g\u00e8ret\u00e9 et po\u00e9sie, Th\u00e9r\u00e8se Diamand Rosinsky d\u00e9peint la vie de cette femme au destin hors du commun. Ses rencontres, ses aventures amoureuses et ses amiti\u00e9s avec les plus grands artistes de l&#8217;\u00e9poque &#8211; Renoir, Degas, Lautrec, Satie&#8230;-, sa qu\u00eate artistique et sa volont\u00e9 de fer font d&#8217;elle un personnage fascinant, emport\u00e9e par le tourbillon de jouissance et de libert\u00e9 qui caract\u00e9rise Montmartre en ce d\u00e9but de XXe si\u00e8cle.<\/p>\n","protected":false},"excerpt":{"rendered":"<p>Juin 1894, au petit matin. Suzanne Valadon traverse Montmartre pour se rendre chez Edgar Degas. Elle est venue lui montrer ses oeuvres. Dans sa main, elle serre une lettre de recommandation \u00e9crite par le sculpteur Paul Bartholom\u00e9, un proche du peintre. C&#8217;est Zo\u00e9, la gouvernante, qui lui ouvre la porte. Valadon, trop intimid\u00e9e pour bouger, [&hellip;]<\/p>\n","protected":false},"featured_media":16705,"template":"","meta":[],"product_cat":[55,2948,47,2953],"product_tag":[],"acf":[],"yoast_head":"<!-- This site is optimized with the Yoast SEO plugin v20.11 - https:\/\/yoast.com\/wordpress\/plugins\/seo\/ -->\n<title>SUZANNE VALADON - Librairie 7L<\/title>\n<meta name=\"robots\" content=\"index, follow, max-snippet:-1, max-image-preview:large, max-video-preview:-1\" \/>\n<link rel=\"canonical\" href=\"https:\/\/librairie7l.com\/en\/produit\/suzanne-valadon\/\" \/>\n<meta property=\"og:locale\" content=\"en_US\" \/>\n<meta property=\"og:type\" content=\"article\" \/>\n<meta property=\"og:title\" content=\"SUZANNE VALADON - Librairie 7L\" \/>\n<meta property=\"og:description\" content=\"Juin 1894, au petit matin. Suzanne Valadon traverse Montmartre pour se rendre chez Edgar Degas. Elle est venue lui montrer ses oeuvres. Dans sa main, elle serre une lettre de recommandation \u00e9crite par le sculpteur Paul Bartholom\u00e9, un proche du peintre. C&#8217;est Zo\u00e9, la gouvernante, qui lui ouvre la porte. Valadon, trop intimid\u00e9e pour bouger, [&hellip;]\" \/>\n<meta property=\"og:url\" content=\"https:\/\/librairie7l.com\/en\/produit\/suzanne-valadon\/\" \/>\n<meta property=\"og:site_name\" content=\"Librairie 7L\" \/>\n<meta property=\"article:modified_time\" content=\"2026-04-04T14:04:50+00:00\" \/>\n<meta property=\"og:image\" content=\"https:\/\/librairie7l.com\/wp-content\/uploads\/2005\/01\/9782080684653_1_75.jpg\" \/>\n\t<meta property=\"og:image:width\" content=\"600\" \/>\n\t<meta property=\"og:image:height\" content=\"935\" \/>\n\t<meta property=\"og:image:type\" content=\"image\/jpeg\" \/>\n<meta name=\"twitter:card\" content=\"summary_large_image\" \/>\n<meta name=\"twitter:label1\" content=\"Est. reading time\" \/>\n\t<meta name=\"twitter:data1\" content=\"1 minute\" \/>\n<script type=\"application\/ld+json\" class=\"yoast-schema-graph\">{\"@context\":\"https:\/\/schema.org\",\"@graph\":[{\"@type\":\"WebPage\",\"@id\":\"https:\/\/librairie7l.com\/en\/produit\/suzanne-valadon\/\",\"url\":\"https:\/\/librairie7l.com\/en\/produit\/suzanne-valadon\/\",\"name\":\"SUZANNE VALADON - Librairie 7L\",\"isPartOf\":{\"@id\":\"https:\/\/librairie7l.com\/en\/#website\"},\"datePublished\":\"2023-05-09T15:20:50+00:00\",\"dateModified\":\"2026-04-04T14:04:50+00:00\",\"breadcrumb\":{\"@id\":\"https:\/\/librairie7l.com\/en\/produit\/suzanne-valadon\/#breadcrumb\"},\"inLanguage\":\"en-US\",\"potentialAction\":[{\"@type\":\"ReadAction\",\"target\":[\"https:\/\/librairie7l.com\/en\/produit\/suzanne-valadon\/\"]}]},{\"@type\":\"BreadcrumbList\",\"@id\":\"https:\/\/librairie7l.com\/en\/produit\/suzanne-valadon\/#breadcrumb\",\"itemListElement\":[{\"@type\":\"ListItem\",\"position\":1,\"name\":\"Accueil\",\"item\":\"https:\/\/librairie7l.com\/en\/\"},{\"@type\":\"ListItem\",\"position\":2,\"name\":\"Shop\",\"item\":\"https:\/\/librairie7l.com\/en\/shop\/\"},{\"@type\":\"ListItem\",\"position\":3,\"name\":\"SUZANNE VALADON\"}]},{\"@type\":\"WebSite\",\"@id\":\"https:\/\/librairie7l.com\/en\/#website\",\"url\":\"https:\/\/librairie7l.com\/en\/\",\"name\":\"Librairie 7L\",\"description\":\"Librairie fond\u00e9e en 1999 par Karl Lagerfeld \u00e0 Paris\",\"publisher\":{\"@id\":\"https:\/\/librairie7l.com\/en\/#organization\"},\"potentialAction\":[{\"@type\":\"SearchAction\",\"target\":{\"@type\":\"EntryPoint\",\"urlTemplate\":\"https:\/\/librairie7l.com\/en\/?s={search_term_string}\"},\"query-input\":\"required name=search_term_string\"}],\"inLanguage\":\"en-US\"},{\"@type\":\"Organization\",\"@id\":\"https:\/\/librairie7l.com\/en\/#organization\",\"name\":\"Librairie 7L\",\"url\":\"https:\/\/librairie7l.com\/en\/\",\"logo\":{\"@type\":\"ImageObject\",\"inLanguage\":\"en-US\",\"@id\":\"https:\/\/librairie7l.com\/en\/#\/schema\/logo\/image\/\",\"url\":\"https:\/\/librairie7l.com\/wp-content\/uploads\/2022\/08\/logo-1.png\",\"contentUrl\":\"https:\/\/librairie7l.com\/wp-content\/uploads\/2022\/08\/logo-1.png\",\"width\":227,\"height\":301,\"caption\":\"Librairie 7L\"},\"image\":{\"@id\":\"https:\/\/librairie7l.com\/en\/#\/schema\/logo\/image\/\"}}]}<\/script>\n<!-- \/ Yoast SEO plugin. -->","yoast_head_json":{"title":"SUZANNE VALADON - Librairie 7L","robots":{"index":"index","follow":"follow","max-snippet":"max-snippet:-1","max-image-preview":"max-image-preview:large","max-video-preview":"max-video-preview:-1"},"canonical":"https:\/\/librairie7l.com\/en\/produit\/suzanne-valadon\/","og_locale":"en_US","og_type":"article","og_title":"SUZANNE VALADON - Librairie 7L","og_description":"Juin 1894, au petit matin. Suzanne Valadon traverse Montmartre pour se rendre chez Edgar Degas. Elle est venue lui montrer ses oeuvres. Dans sa main, elle serre une lettre de recommandation \u00e9crite par le sculpteur Paul Bartholom\u00e9, un proche du peintre. C&#8217;est Zo\u00e9, la gouvernante, qui lui ouvre la porte. Valadon, trop intimid\u00e9e pour bouger, [&hellip;]","og_url":"https:\/\/librairie7l.com\/en\/produit\/suzanne-valadon\/","og_site_name":"Librairie 7L","article_modified_time":"2026-04-04T14:04:50+00:00","og_image":[{"width":600,"height":935,"url":"https:\/\/librairie7l.com\/wp-content\/uploads\/2005\/01\/9782080684653_1_75.jpg","type":"image\/jpeg"}],"twitter_card":"summary_large_image","twitter_misc":{"Est. reading time":"1 minute"},"schema":{"@context":"https:\/\/schema.org","@graph":[{"@type":"WebPage","@id":"https:\/\/librairie7l.com\/en\/produit\/suzanne-valadon\/","url":"https:\/\/librairie7l.com\/en\/produit\/suzanne-valadon\/","name":"SUZANNE VALADON - Librairie 7L","isPartOf":{"@id":"https:\/\/librairie7l.com\/en\/#website"},"datePublished":"2023-05-09T15:20:50+00:00","dateModified":"2026-04-04T14:04:50+00:00","breadcrumb":{"@id":"https:\/\/librairie7l.com\/en\/produit\/suzanne-valadon\/#breadcrumb"},"inLanguage":"en-US","potentialAction":[{"@type":"ReadAction","target":["https:\/\/librairie7l.com\/en\/produit\/suzanne-valadon\/"]}]},{"@type":"BreadcrumbList","@id":"https:\/\/librairie7l.com\/en\/produit\/suzanne-valadon\/#breadcrumb","itemListElement":[{"@type":"ListItem","position":1,"name":"Accueil","item":"https:\/\/librairie7l.com\/en\/"},{"@type":"ListItem","position":2,"name":"Shop","item":"https:\/\/librairie7l.com\/en\/shop\/"},{"@type":"ListItem","position":3,"name":"SUZANNE VALADON"}]},{"@type":"WebSite","@id":"https:\/\/librairie7l.com\/en\/#website","url":"https:\/\/librairie7l.com\/en\/","name":"Librairie 7L","description":"Librairie fond\u00e9e en 1999 par Karl Lagerfeld \u00e0 Paris","publisher":{"@id":"https:\/\/librairie7l.com\/en\/#organization"},"potentialAction":[{"@type":"SearchAction","target":{"@type":"EntryPoint","urlTemplate":"https:\/\/librairie7l.com\/en\/?s={search_term_string}"},"query-input":"required name=search_term_string"}],"inLanguage":"en-US"},{"@type":"Organization","@id":"https:\/\/librairie7l.com\/en\/#organization","name":"Librairie 7L","url":"https:\/\/librairie7l.com\/en\/","logo":{"@type":"ImageObject","inLanguage":"en-US","@id":"https:\/\/librairie7l.com\/en\/#\/schema\/logo\/image\/","url":"https:\/\/librairie7l.com\/wp-content\/uploads\/2022\/08\/logo-1.png","contentUrl":"https:\/\/librairie7l.com\/wp-content\/uploads\/2022\/08\/logo-1.png","width":227,"height":301,"caption":"Librairie 7L"},"image":{"@id":"https:\/\/librairie7l.com\/en\/#\/schema\/logo\/image\/"}}]}},"_links":{"self":[{"href":"https:\/\/librairie7l.com\/en\/wp-json\/wp\/v2\/product\/16707"}],"collection":[{"href":"https:\/\/librairie7l.com\/en\/wp-json\/wp\/v2\/product"}],"about":[{"href":"https:\/\/librairie7l.com\/en\/wp-json\/wp\/v2\/types\/product"}],"wp:featuredmedia":[{"embeddable":true,"href":"https:\/\/librairie7l.com\/en\/wp-json\/wp\/v2\/media\/16705"}],"wp:attachment":[{"href":"https:\/\/librairie7l.com\/en\/wp-json\/wp\/v2\/media?parent=16707"}],"wp:term":[{"taxonomy":"product_cat","embeddable":true,"href":"https:\/\/librairie7l.com\/en\/wp-json\/wp\/v2\/product_cat?post=16707"},{"taxonomy":"product_tag","embeddable":true,"href":"https:\/\/librairie7l.com\/en\/wp-json\/wp\/v2\/product_tag?post=16707"}],"curies":[{"name":"wp","href":"https:\/\/api.w.org\/{rel}","templated":true}]}}