{"id":16723,"date":"2023-05-09T17:21:04","date_gmt":"2023-05-09T15:21:04","guid":{"rendered":"https:\/\/librairie7l.com\/?post_type=product&#038;p=16723"},"modified":"2026-04-14T22:12:42","modified_gmt":"2026-04-14T20:12:42","slug":"frida-kahlo-2","status":"publish","type":"product","link":"https:\/\/librairie7l.com\/en\/produit\/frida-kahlo-2\/","title":{"rendered":"FRIDA KAHLO"},"content":{"rendered":"<p>\u00c0 l&#8217;occasion de l&#8217;exposition sur la garde-robe de Frida Kahlo au Palais Galliera, La Casa Azul-mus\u00e9e Frida Kahlo \u00e0 Mexico et Paris Mus\u00e9es ont donn\u00e9 carte blanche \u00e0 la photographe Katerina Jebb pour qu&#8217;elle confronte son regard \u00e0 l&#8217;univers de Frida Kahlo au sein de la mythique Casa Azul \u00e0 Mexico. Ses photographies des affaires de la vie quotidienne de Frida, r\u00e9v\u00e9latrices de la personnalit\u00e9 de la peintre surr\u00e9aliste, de son combat pour la libert\u00e9, et de celui contre sa maladie sont associ\u00e9s \u00e0 des extraits de lettres de l&#8217;artiste. Son \u00e9criture si vivante et spontan\u00e9e la r\u00e9incarne \u00e0 c\u00f4t\u00e9 des v\u00eatements, bijoux et objets qui ont fabriqu\u00e9 sa l\u00e9gende. Un dialogue intime entre deux artistes par-del\u00e0 le temps qui arrive \u00e0 restituer avec un soucis de v\u00e9rit\u00e9 la personnalit\u00e9 complexe de Frida Kahlo.<\/p>\n","protected":false},"excerpt":{"rendered":"<p>\u00c0 l&#8217;occasion de l&#8217;exposition sur la garde-robe de Frida Kahlo au Palais Galliera, La Casa Azul-mus\u00e9e Frida Kahlo \u00e0 Mexico et Paris Mus\u00e9es ont donn\u00e9 carte blanche \u00e0 la photographe Katerina Jebb pour qu&#8217;elle confronte son regard \u00e0 l&#8217;univers de Frida Kahlo au sein de la mythique Casa Azul \u00e0 Mexico. Ses photographies des affaires [&hellip;]<\/p>\n","protected":false},"featured_media":16721,"template":"","meta":[],"product_cat":[55,2948,47,2953],"product_tag":[],"acf":[],"yoast_head":"<!-- This site is optimized with the Yoast SEO plugin v20.11 - https:\/\/yoast.com\/wordpress\/plugins\/seo\/ -->\n<title>FRIDA KAHLO - Librairie 7L<\/title>\n<meta name=\"robots\" content=\"index, follow, max-snippet:-1, max-image-preview:large, max-video-preview:-1\" \/>\n<link rel=\"canonical\" href=\"https:\/\/librairie7l.com\/en\/produit\/frida-kahlo-2\/\" \/>\n<meta property=\"og:locale\" content=\"en_US\" \/>\n<meta property=\"og:type\" content=\"article\" \/>\n<meta property=\"og:title\" content=\"FRIDA KAHLO - Librairie 7L\" \/>\n<meta property=\"og:description\" content=\"\u00c0 l&#8217;occasion de l&#8217;exposition sur la garde-robe de Frida Kahlo au Palais Galliera, La Casa Azul-mus\u00e9e Frida Kahlo \u00e0 Mexico et Paris Mus\u00e9es ont donn\u00e9 carte blanche \u00e0 la photographe Katerina Jebb pour qu&#8217;elle confronte son regard \u00e0 l&#8217;univers de Frida Kahlo au sein de la mythique Casa Azul \u00e0 Mexico. Ses photographies des affaires [&hellip;]\" \/>\n<meta property=\"og:url\" content=\"https:\/\/librairie7l.com\/en\/produit\/frida-kahlo-2\/\" \/>\n<meta property=\"og:site_name\" content=\"Librairie 7L\" \/>\n<meta property=\"article:modified_time\" content=\"2026-04-14T20:12:42+00:00\" \/>\n<meta property=\"og:image\" content=\"https:\/\/librairie7l.com\/wp-content\/uploads\/2022\/09\/9782759605330_1_75.jpg\" \/>\n\t<meta property=\"og:image:width\" content=\"600\" \/>\n\t<meta property=\"og:image:height\" content=\"790\" \/>\n\t<meta property=\"og:image:type\" content=\"image\/jpeg\" \/>\n<meta name=\"twitter:card\" content=\"summary_large_image\" \/>\n<meta name=\"twitter:label1\" content=\"Est. reading time\" \/>\n\t<meta name=\"twitter:data1\" content=\"1 minute\" \/>\n<script type=\"application\/ld+json\" class=\"yoast-schema-graph\">{\"@context\":\"https:\/\/schema.org\",\"@graph\":[{\"@type\":\"WebPage\",\"@id\":\"https:\/\/librairie7l.com\/en\/produit\/frida-kahlo-2\/\",\"url\":\"https:\/\/librairie7l.com\/en\/produit\/frida-kahlo-2\/\",\"name\":\"FRIDA KAHLO - Librairie 7L\",\"isPartOf\":{\"@id\":\"https:\/\/librairie7l.com\/en\/#website\"},\"datePublished\":\"2023-05-09T15:21:04+00:00\",\"dateModified\":\"2026-04-14T20:12:42+00:00\",\"breadcrumb\":{\"@id\":\"https:\/\/librairie7l.com\/en\/produit\/frida-kahlo-2\/#breadcrumb\"},\"inLanguage\":\"en-US\",\"potentialAction\":[{\"@type\":\"ReadAction\",\"target\":[\"https:\/\/librairie7l.com\/en\/produit\/frida-kahlo-2\/\"]}]},{\"@type\":\"BreadcrumbList\",\"@id\":\"https:\/\/librairie7l.com\/en\/produit\/frida-kahlo-2\/#breadcrumb\",\"itemListElement\":[{\"@type\":\"ListItem\",\"position\":1,\"name\":\"Accueil\",\"item\":\"https:\/\/librairie7l.com\/en\/\"},{\"@type\":\"ListItem\",\"position\":2,\"name\":\"Shop\",\"item\":\"https:\/\/librairie7l.com\/en\/shop\/\"},{\"@type\":\"ListItem\",\"position\":3,\"name\":\"FRIDA KAHLO\"}]},{\"@type\":\"WebSite\",\"@id\":\"https:\/\/librairie7l.com\/en\/#website\",\"url\":\"https:\/\/librairie7l.com\/en\/\",\"name\":\"Librairie 7L\",\"description\":\"Librairie fond\u00e9e en 1999 par Karl Lagerfeld \u00e0 Paris\",\"publisher\":{\"@id\":\"https:\/\/librairie7l.com\/en\/#organization\"},\"potentialAction\":[{\"@type\":\"SearchAction\",\"target\":{\"@type\":\"EntryPoint\",\"urlTemplate\":\"https:\/\/librairie7l.com\/en\/?s={search_term_string}\"},\"query-input\":\"required name=search_term_string\"}],\"inLanguage\":\"en-US\"},{\"@type\":\"Organization\",\"@id\":\"https:\/\/librairie7l.com\/en\/#organization\",\"name\":\"Librairie 7L\",\"url\":\"https:\/\/librairie7l.com\/en\/\",\"logo\":{\"@type\":\"ImageObject\",\"inLanguage\":\"en-US\",\"@id\":\"https:\/\/librairie7l.com\/en\/#\/schema\/logo\/image\/\",\"url\":\"https:\/\/librairie7l.com\/wp-content\/uploads\/2022\/08\/logo-1.png\",\"contentUrl\":\"https:\/\/librairie7l.com\/wp-content\/uploads\/2022\/08\/logo-1.png\",\"width\":227,\"height\":301,\"caption\":\"Librairie 7L\"},\"image\":{\"@id\":\"https:\/\/librairie7l.com\/en\/#\/schema\/logo\/image\/\"}}]}<\/script>\n<!-- \/ Yoast SEO plugin. -->","yoast_head_json":{"title":"FRIDA KAHLO - Librairie 7L","robots":{"index":"index","follow":"follow","max-snippet":"max-snippet:-1","max-image-preview":"max-image-preview:large","max-video-preview":"max-video-preview:-1"},"canonical":"https:\/\/librairie7l.com\/en\/produit\/frida-kahlo-2\/","og_locale":"en_US","og_type":"article","og_title":"FRIDA KAHLO - Librairie 7L","og_description":"\u00c0 l&#8217;occasion de l&#8217;exposition sur la garde-robe de Frida Kahlo au Palais Galliera, La Casa Azul-mus\u00e9e Frida Kahlo \u00e0 Mexico et Paris Mus\u00e9es ont donn\u00e9 carte blanche \u00e0 la photographe Katerina Jebb pour qu&#8217;elle confronte son regard \u00e0 l&#8217;univers de Frida Kahlo au sein de la mythique Casa Azul \u00e0 Mexico. Ses photographies des affaires [&hellip;]","og_url":"https:\/\/librairie7l.com\/en\/produit\/frida-kahlo-2\/","og_site_name":"Librairie 7L","article_modified_time":"2026-04-14T20:12:42+00:00","og_image":[{"width":600,"height":790,"url":"https:\/\/librairie7l.com\/wp-content\/uploads\/2022\/09\/9782759605330_1_75.jpg","type":"image\/jpeg"}],"twitter_card":"summary_large_image","twitter_misc":{"Est. reading time":"1 minute"},"schema":{"@context":"https:\/\/schema.org","@graph":[{"@type":"WebPage","@id":"https:\/\/librairie7l.com\/en\/produit\/frida-kahlo-2\/","url":"https:\/\/librairie7l.com\/en\/produit\/frida-kahlo-2\/","name":"FRIDA KAHLO - Librairie 7L","isPartOf":{"@id":"https:\/\/librairie7l.com\/en\/#website"},"datePublished":"2023-05-09T15:21:04+00:00","dateModified":"2026-04-14T20:12:42+00:00","breadcrumb":{"@id":"https:\/\/librairie7l.com\/en\/produit\/frida-kahlo-2\/#breadcrumb"},"inLanguage":"en-US","potentialAction":[{"@type":"ReadAction","target":["https:\/\/librairie7l.com\/en\/produit\/frida-kahlo-2\/"]}]},{"@type":"BreadcrumbList","@id":"https:\/\/librairie7l.com\/en\/produit\/frida-kahlo-2\/#breadcrumb","itemListElement":[{"@type":"ListItem","position":1,"name":"Accueil","item":"https:\/\/librairie7l.com\/en\/"},{"@type":"ListItem","position":2,"name":"Shop","item":"https:\/\/librairie7l.com\/en\/shop\/"},{"@type":"ListItem","position":3,"name":"FRIDA KAHLO"}]},{"@type":"WebSite","@id":"https:\/\/librairie7l.com\/en\/#website","url":"https:\/\/librairie7l.com\/en\/","name":"Librairie 7L","description":"Librairie fond\u00e9e en 1999 par Karl Lagerfeld \u00e0 Paris","publisher":{"@id":"https:\/\/librairie7l.com\/en\/#organization"},"potentialAction":[{"@type":"SearchAction","target":{"@type":"EntryPoint","urlTemplate":"https:\/\/librairie7l.com\/en\/?s={search_term_string}"},"query-input":"required name=search_term_string"}],"inLanguage":"en-US"},{"@type":"Organization","@id":"https:\/\/librairie7l.com\/en\/#organization","name":"Librairie 7L","url":"https:\/\/librairie7l.com\/en\/","logo":{"@type":"ImageObject","inLanguage":"en-US","@id":"https:\/\/librairie7l.com\/en\/#\/schema\/logo\/image\/","url":"https:\/\/librairie7l.com\/wp-content\/uploads\/2022\/08\/logo-1.png","contentUrl":"https:\/\/librairie7l.com\/wp-content\/uploads\/2022\/08\/logo-1.png","width":227,"height":301,"caption":"Librairie 7L"},"image":{"@id":"https:\/\/librairie7l.com\/en\/#\/schema\/logo\/image\/"}}]}},"_links":{"self":[{"href":"https:\/\/librairie7l.com\/en\/wp-json\/wp\/v2\/product\/16723"}],"collection":[{"href":"https:\/\/librairie7l.com\/en\/wp-json\/wp\/v2\/product"}],"about":[{"href":"https:\/\/librairie7l.com\/en\/wp-json\/wp\/v2\/types\/product"}],"wp:featuredmedia":[{"embeddable":true,"href":"https:\/\/librairie7l.com\/en\/wp-json\/wp\/v2\/media\/16721"}],"wp:attachment":[{"href":"https:\/\/librairie7l.com\/en\/wp-json\/wp\/v2\/media?parent=16723"}],"wp:term":[{"taxonomy":"product_cat","embeddable":true,"href":"https:\/\/librairie7l.com\/en\/wp-json\/wp\/v2\/product_cat?post=16723"},{"taxonomy":"product_tag","embeddable":true,"href":"https:\/\/librairie7l.com\/en\/wp-json\/wp\/v2\/product_tag?post=16723"}],"curies":[{"name":"wp","href":"https:\/\/api.w.org\/{rel}","templated":true}]}}