{"id":16735,"date":"2023-05-09T17:21:18","date_gmt":"2023-05-09T15:21:18","guid":{"rendered":"https:\/\/librairie7l.com\/?post_type=product&#038;p=16735"},"modified":"2026-04-18T19:41:46","modified_gmt":"2026-04-18T17:41:46","slug":"bamiyan-le-temps-et-lhistoire","status":"publish","type":"product","link":"https:\/\/librairie7l.com\/en\/produit\/bamiyan-le-temps-et-lhistoire\/","title":{"rendered":"B\u00c2MIY\u00c2N, LE TEMPS ET L&#8217;HISTOIRE"},"content":{"rendered":"<p>La falaise de B\u00e2miy\u00e2n, inscrite au patrimoine mondial en p\u00e9ril de l&#8217;UNESCO depuis 2003, est longue de 1500m et riche d&#8217;une histoire mill\u00e9naire. C&#8217;est au ve si\u00e8cle qu&#8217;y ont \u00e9t\u00e9 sculpt\u00e9 deux gigantesques bouddhas de 55 et 38m de haut, en parall\u00e8le \u00e0 la perc\u00e9e de pr\u00e8s de 700 grottes qui accueillaient les moines et les voyageurs en qu\u00eate de m\u00e9ditation. Au printemps 2016, l&#8217;Ambassade de France en Afghanistan invite l&#8217;artiste fran\u00e7ais Pascal Convert \u00e0 r\u00e9fl\u00e9chir \u00e0 une oeuvre pour comm\u00e9morer le quinzi\u00e8me anniversaire de la destruction des bouddhas, op\u00e9r\u00e9e en 2001 par les Talibans. Sur place, l&#8217;artiste r\u00e9alise des captations de la falaise d\u00e9figur\u00e9e. De retour en France avec des milliers de relev\u00e9s photographiques et scans 3D, il cr\u00e9e une oeuvre photographique monumentale constitu\u00e9e de 15 panneaux diff\u00e9rents (de 1,10m chacun) formant une vue panoramique de la falaise. Le livre explore l&#8217;incroyable histoire de cet endroit \u00e0 travers un corpus de textes fourni, mais \u00e9galement un nouvelle perception de l&#8217;oeuvre de Pascal Convert. Constitu\u00e9 de fragments du panoramique r\u00e9agenc\u00e9s et agrandis, le d\u00e9roul\u00e9 images du livre propose une vision in\u00e9dite de l&#8217;endroit. Des associations visuelles entre plusieurs zones permettent, gr\u00e2ce \u00e0 la technique photographique, d&#8217;avoir un regard contemporain d&#8217;une pr\u00e9cision hors du commun.<br \/>\nLe livre s&#8217;inscrit dans la continuit\u00e9 de travail de Pascal Convert comme un ouvrage de r\u00e9f\u00e9rence sur le sujet. Entre scientifique et photographique, cet ouvrage demeurera l&#8217;unique t\u00e9moignage de ce qui est amen\u00e9 \u00e0 disparaitre.<\/p>\n","protected":false},"excerpt":{"rendered":"<p>La falaise de B\u00e2miy\u00e2n, inscrite au patrimoine mondial en p\u00e9ril de l&#8217;UNESCO depuis 2003, est longue de 1500m et riche d&#8217;une histoire mill\u00e9naire. C&#8217;est au ve si\u00e8cle qu&#8217;y ont \u00e9t\u00e9 sculpt\u00e9 deux gigantesques bouddhas de 55 et 38m de haut, en parall\u00e8le \u00e0 la perc\u00e9e de pr\u00e8s de 700 grottes qui accueillaient les moines et [&hellip;]<\/p>\n","protected":false},"featured_media":16733,"template":"","meta":[],"product_cat":[55,2948,47,2953],"product_tag":[],"acf":[],"yoast_head":"<!-- This site is optimized with the Yoast SEO plugin v20.11 - https:\/\/yoast.com\/wordpress\/plugins\/seo\/ -->\n<title>B\u00c2MIY\u00c2N, LE TEMPS ET L&#039;HISTOIRE - Librairie 7L<\/title>\n<meta name=\"robots\" content=\"index, follow, max-snippet:-1, max-image-preview:large, max-video-preview:-1\" \/>\n<link rel=\"canonical\" href=\"https:\/\/librairie7l.com\/en\/produit\/bamiyan-le-temps-et-lhistoire\/\" \/>\n<meta property=\"og:locale\" content=\"en_US\" \/>\n<meta property=\"og:type\" content=\"article\" \/>\n<meta property=\"og:title\" content=\"B\u00c2MIY\u00c2N, LE TEMPS ET L&#039;HISTOIRE - Librairie 7L\" \/>\n<meta property=\"og:description\" content=\"La falaise de B\u00e2miy\u00e2n, inscrite au patrimoine mondial en p\u00e9ril de l&#8217;UNESCO depuis 2003, est longue de 1500m et riche d&#8217;une histoire mill\u00e9naire. C&#8217;est au ve si\u00e8cle qu&#8217;y ont \u00e9t\u00e9 sculpt\u00e9 deux gigantesques bouddhas de 55 et 38m de haut, en parall\u00e8le \u00e0 la perc\u00e9e de pr\u00e8s de 700 grottes qui accueillaient les moines et [&hellip;]\" \/>\n<meta property=\"og:url\" content=\"https:\/\/librairie7l.com\/en\/produit\/bamiyan-le-temps-et-lhistoire\/\" \/>\n<meta property=\"og:site_name\" content=\"Librairie 7L\" \/>\n<meta property=\"article:modified_time\" content=\"2026-04-18T17:41:46+00:00\" \/>\n<meta property=\"og:image\" content=\"https:\/\/librairie7l.com\/wp-content\/uploads\/2022\/10\/9782365113328_1_75.jpg\" \/>\n\t<meta property=\"og:image:width\" content=\"400\" \/>\n\t<meta property=\"og:image:height\" content=\"546\" \/>\n\t<meta property=\"og:image:type\" content=\"image\/jpeg\" \/>\n<meta name=\"twitter:card\" content=\"summary_large_image\" \/>\n<meta name=\"twitter:label1\" content=\"Est. reading time\" \/>\n\t<meta name=\"twitter:data1\" content=\"1 minute\" \/>\n<script type=\"application\/ld+json\" class=\"yoast-schema-graph\">{\"@context\":\"https:\/\/schema.org\",\"@graph\":[{\"@type\":\"WebPage\",\"@id\":\"https:\/\/librairie7l.com\/en\/produit\/bamiyan-le-temps-et-lhistoire\/\",\"url\":\"https:\/\/librairie7l.com\/en\/produit\/bamiyan-le-temps-et-lhistoire\/\",\"name\":\"B\u00c2MIY\u00c2N, LE TEMPS ET L'HISTOIRE - Librairie 7L\",\"isPartOf\":{\"@id\":\"https:\/\/librairie7l.com\/en\/#website\"},\"datePublished\":\"2023-05-09T15:21:18+00:00\",\"dateModified\":\"2026-04-18T17:41:46+00:00\",\"breadcrumb\":{\"@id\":\"https:\/\/librairie7l.com\/en\/produit\/bamiyan-le-temps-et-lhistoire\/#breadcrumb\"},\"inLanguage\":\"en-US\",\"potentialAction\":[{\"@type\":\"ReadAction\",\"target\":[\"https:\/\/librairie7l.com\/en\/produit\/bamiyan-le-temps-et-lhistoire\/\"]}]},{\"@type\":\"BreadcrumbList\",\"@id\":\"https:\/\/librairie7l.com\/en\/produit\/bamiyan-le-temps-et-lhistoire\/#breadcrumb\",\"itemListElement\":[{\"@type\":\"ListItem\",\"position\":1,\"name\":\"Accueil\",\"item\":\"https:\/\/librairie7l.com\/en\/\"},{\"@type\":\"ListItem\",\"position\":2,\"name\":\"Shop\",\"item\":\"https:\/\/librairie7l.com\/en\/shop\/\"},{\"@type\":\"ListItem\",\"position\":3,\"name\":\"B\u00c2MIY\u00c2N, LE TEMPS ET L&#8217;HISTOIRE\"}]},{\"@type\":\"WebSite\",\"@id\":\"https:\/\/librairie7l.com\/en\/#website\",\"url\":\"https:\/\/librairie7l.com\/en\/\",\"name\":\"Librairie 7L\",\"description\":\"Librairie fond\u00e9e en 1999 par Karl Lagerfeld \u00e0 Paris\",\"publisher\":{\"@id\":\"https:\/\/librairie7l.com\/en\/#organization\"},\"potentialAction\":[{\"@type\":\"SearchAction\",\"target\":{\"@type\":\"EntryPoint\",\"urlTemplate\":\"https:\/\/librairie7l.com\/en\/?s={search_term_string}\"},\"query-input\":\"required name=search_term_string\"}],\"inLanguage\":\"en-US\"},{\"@type\":\"Organization\",\"@id\":\"https:\/\/librairie7l.com\/en\/#organization\",\"name\":\"Librairie 7L\",\"url\":\"https:\/\/librairie7l.com\/en\/\",\"logo\":{\"@type\":\"ImageObject\",\"inLanguage\":\"en-US\",\"@id\":\"https:\/\/librairie7l.com\/en\/#\/schema\/logo\/image\/\",\"url\":\"https:\/\/librairie7l.com\/wp-content\/uploads\/2022\/08\/logo-1.png\",\"contentUrl\":\"https:\/\/librairie7l.com\/wp-content\/uploads\/2022\/08\/logo-1.png\",\"width\":227,\"height\":301,\"caption\":\"Librairie 7L\"},\"image\":{\"@id\":\"https:\/\/librairie7l.com\/en\/#\/schema\/logo\/image\/\"}}]}<\/script>\n<!-- \/ Yoast SEO plugin. -->","yoast_head_json":{"title":"B\u00c2MIY\u00c2N, LE TEMPS ET L'HISTOIRE - Librairie 7L","robots":{"index":"index","follow":"follow","max-snippet":"max-snippet:-1","max-image-preview":"max-image-preview:large","max-video-preview":"max-video-preview:-1"},"canonical":"https:\/\/librairie7l.com\/en\/produit\/bamiyan-le-temps-et-lhistoire\/","og_locale":"en_US","og_type":"article","og_title":"B\u00c2MIY\u00c2N, LE TEMPS ET L'HISTOIRE - Librairie 7L","og_description":"La falaise de B\u00e2miy\u00e2n, inscrite au patrimoine mondial en p\u00e9ril de l&#8217;UNESCO depuis 2003, est longue de 1500m et riche d&#8217;une histoire mill\u00e9naire. C&#8217;est au ve si\u00e8cle qu&#8217;y ont \u00e9t\u00e9 sculpt\u00e9 deux gigantesques bouddhas de 55 et 38m de haut, en parall\u00e8le \u00e0 la perc\u00e9e de pr\u00e8s de 700 grottes qui accueillaient les moines et [&hellip;]","og_url":"https:\/\/librairie7l.com\/en\/produit\/bamiyan-le-temps-et-lhistoire\/","og_site_name":"Librairie 7L","article_modified_time":"2026-04-18T17:41:46+00:00","og_image":[{"width":400,"height":546,"url":"https:\/\/librairie7l.com\/wp-content\/uploads\/2022\/10\/9782365113328_1_75.jpg","type":"image\/jpeg"}],"twitter_card":"summary_large_image","twitter_misc":{"Est. reading time":"1 minute"},"schema":{"@context":"https:\/\/schema.org","@graph":[{"@type":"WebPage","@id":"https:\/\/librairie7l.com\/en\/produit\/bamiyan-le-temps-et-lhistoire\/","url":"https:\/\/librairie7l.com\/en\/produit\/bamiyan-le-temps-et-lhistoire\/","name":"B\u00c2MIY\u00c2N, LE TEMPS ET L'HISTOIRE - Librairie 7L","isPartOf":{"@id":"https:\/\/librairie7l.com\/en\/#website"},"datePublished":"2023-05-09T15:21:18+00:00","dateModified":"2026-04-18T17:41:46+00:00","breadcrumb":{"@id":"https:\/\/librairie7l.com\/en\/produit\/bamiyan-le-temps-et-lhistoire\/#breadcrumb"},"inLanguage":"en-US","potentialAction":[{"@type":"ReadAction","target":["https:\/\/librairie7l.com\/en\/produit\/bamiyan-le-temps-et-lhistoire\/"]}]},{"@type":"BreadcrumbList","@id":"https:\/\/librairie7l.com\/en\/produit\/bamiyan-le-temps-et-lhistoire\/#breadcrumb","itemListElement":[{"@type":"ListItem","position":1,"name":"Accueil","item":"https:\/\/librairie7l.com\/en\/"},{"@type":"ListItem","position":2,"name":"Shop","item":"https:\/\/librairie7l.com\/en\/shop\/"},{"@type":"ListItem","position":3,"name":"B\u00c2MIY\u00c2N, LE TEMPS ET L&#8217;HISTOIRE"}]},{"@type":"WebSite","@id":"https:\/\/librairie7l.com\/en\/#website","url":"https:\/\/librairie7l.com\/en\/","name":"Librairie 7L","description":"Librairie fond\u00e9e en 1999 par Karl Lagerfeld \u00e0 Paris","publisher":{"@id":"https:\/\/librairie7l.com\/en\/#organization"},"potentialAction":[{"@type":"SearchAction","target":{"@type":"EntryPoint","urlTemplate":"https:\/\/librairie7l.com\/en\/?s={search_term_string}"},"query-input":"required name=search_term_string"}],"inLanguage":"en-US"},{"@type":"Organization","@id":"https:\/\/librairie7l.com\/en\/#organization","name":"Librairie 7L","url":"https:\/\/librairie7l.com\/en\/","logo":{"@type":"ImageObject","inLanguage":"en-US","@id":"https:\/\/librairie7l.com\/en\/#\/schema\/logo\/image\/","url":"https:\/\/librairie7l.com\/wp-content\/uploads\/2022\/08\/logo-1.png","contentUrl":"https:\/\/librairie7l.com\/wp-content\/uploads\/2022\/08\/logo-1.png","width":227,"height":301,"caption":"Librairie 7L"},"image":{"@id":"https:\/\/librairie7l.com\/en\/#\/schema\/logo\/image\/"}}]}},"_links":{"self":[{"href":"https:\/\/librairie7l.com\/en\/wp-json\/wp\/v2\/product\/16735"}],"collection":[{"href":"https:\/\/librairie7l.com\/en\/wp-json\/wp\/v2\/product"}],"about":[{"href":"https:\/\/librairie7l.com\/en\/wp-json\/wp\/v2\/types\/product"}],"wp:featuredmedia":[{"embeddable":true,"href":"https:\/\/librairie7l.com\/en\/wp-json\/wp\/v2\/media\/16733"}],"wp:attachment":[{"href":"https:\/\/librairie7l.com\/en\/wp-json\/wp\/v2\/media?parent=16735"}],"wp:term":[{"taxonomy":"product_cat","embeddable":true,"href":"https:\/\/librairie7l.com\/en\/wp-json\/wp\/v2\/product_cat?post=16735"},{"taxonomy":"product_tag","embeddable":true,"href":"https:\/\/librairie7l.com\/en\/wp-json\/wp\/v2\/product_tag?post=16735"}],"curies":[{"name":"wp","href":"https:\/\/api.w.org\/{rel}","templated":true}]}}