{"id":16739,"date":"2023-05-09T17:21:22","date_gmt":"2023-05-09T15:21:22","guid":{"rendered":"https:\/\/librairie7l.com\/?post_type=product&#038;p=16739"},"modified":"2026-04-19T02:06:10","modified_gmt":"2026-04-19T00:06:10","slug":"paris-des-peintres-et-des-ecrivains","status":"publish","type":"product","link":"https:\/\/librairie7l.com\/en\/produit\/paris-des-peintres-et-des-ecrivains\/","title":{"rendered":"PARIS DES PEINTRES ET DES \u00c9CRIVAINS"},"content":{"rendered":"<p>Cet ouvrage se veut une v\u00e9ritable d\u00e9claration d&#8217;amour \u00e0 Paris, un inventaire intime et \u00e9motionnel d&#8217;un Paris de toutes les histoires et de la grande Histoire. L&#8217;auteur, Sophie Chauveau, part en exploratrice arpenter ses rues, ses places et ses caf\u00e9s, ses jardins, ses monuments et ses mus\u00e9es, y trouver la magie des lieux o\u00f9 v\u00e9curent les peintres et les \u00e9crivains qui ont \u00e9crit et immortalis\u00e9 pour toujours la ville. Elle part \u00e0 la recherche de tous les Paris, aim\u00e9s ou d\u00e9test\u00e9s. Elle part \u00e0 la recherche de ses souvenirs et des n\u00f4tres aussi.<br \/>\nDu Paris iconique de Montmartre, des Champs-\u00c9lys\u00e9es, de Notre-Dame ou de la tour Eiffel, au Paris des rues et de la Seine, l&#8217;auteur fl\u00e2ne et red\u00e9couvre l&#8217;\u00e2me d&#8217;une ville \u00e0 travers les plus beaux textes de Proust, Balzac, Maupassant, Hugo, Modiano, et des chefs-d&#8217;oeuvre de Raguenet, Pissarro, Caillebotte, Manet, Renoir, B\u00e9raud, Monet, Van Gogh et de bien d&#8217;autres encore.<br \/>\nCe livre propose une anthologie illustr\u00e9e in\u00e9dite, qui puise dans la litt\u00e9rature et la peinture, du xvie si\u00e8cle \u00e0 nos jours, et met en valeur toute la beaut\u00e9 de Paris. Ce dialogue riche et contrast\u00e9 entre citations choisies et peintures c\u00e9l\u00e8bres r\u00e9v\u00e8le un Paris qui a su attirer les plus grands artistes du monde, qui a nourri leur imaginaire et leur cr\u00e9ativit\u00e9.<\/p>\n<p>\u00ab  Il existe mille lieux \u00e0 Paris dont le talent des hommes a marqu\u00e9 l&#8217;histoire. Paris est si petit qu&#8217;il y fleurit une \u00e9tonnante accumulation de g\u00e9nies au m\u00e8tre carr\u00e9. Au 50, rue de Vaugirard, madame de Lafayette r\u00e9digea la Princesse de Cl\u00e8ves, Balzac \u00e9crivit La Peau de Chagrin, rue Cassini, et Alain Fournier y acheva Le Grand Meaulnes. Pascal v\u00e9cut sa nuit de feu  au 54 rue Monsieur. Mallarm\u00e9, Zola et Manet vivaient et cr\u00e9aient sans quitter les Batignolles, o\u00f9 le mouvement impressionniste se tenait en embuscade.  \u00bb<\/p>\n","protected":false},"excerpt":{"rendered":"<p>Cet ouvrage se veut une v\u00e9ritable d\u00e9claration d&#8217;amour \u00e0 Paris, un inventaire intime et \u00e9motionnel d&#8217;un Paris de toutes les histoires et de la grande Histoire. L&#8217;auteur, Sophie Chauveau, part en exploratrice arpenter ses rues, ses places et ses caf\u00e9s, ses jardins, ses monuments et ses mus\u00e9es, y trouver la magie des lieux o\u00f9 v\u00e9curent [&hellip;]<\/p>\n","protected":false},"featured_media":16737,"template":"","meta":[],"product_cat":[55,2948,47,2953],"product_tag":[],"acf":[],"yoast_head":"<!-- This site is optimized with the Yoast SEO plugin v20.11 - https:\/\/yoast.com\/wordpress\/plugins\/seo\/ -->\n<title>PARIS DES PEINTRES ET DES \u00c9CRIVAINS - Librairie 7L<\/title>\n<meta name=\"robots\" content=\"index, follow, max-snippet:-1, max-image-preview:large, max-video-preview:-1\" \/>\n<link rel=\"canonical\" href=\"https:\/\/librairie7l.com\/en\/produit\/paris-des-peintres-et-des-ecrivains\/\" \/>\n<meta property=\"og:locale\" content=\"en_US\" \/>\n<meta property=\"og:type\" content=\"article\" \/>\n<meta property=\"og:title\" content=\"PARIS DES PEINTRES ET DES \u00c9CRIVAINS - Librairie 7L\" \/>\n<meta property=\"og:description\" content=\"Cet ouvrage se veut une v\u00e9ritable d\u00e9claration d&#8217;amour \u00e0 Paris, un inventaire intime et \u00e9motionnel d&#8217;un Paris de toutes les histoires et de la grande Histoire. L&#8217;auteur, Sophie Chauveau, part en exploratrice arpenter ses rues, ses places et ses caf\u00e9s, ses jardins, ses monuments et ses mus\u00e9es, y trouver la magie des lieux o\u00f9 v\u00e9curent [&hellip;]\" \/>\n<meta property=\"og:url\" content=\"https:\/\/librairie7l.com\/en\/produit\/paris-des-peintres-et-des-ecrivains\/\" \/>\n<meta property=\"og:site_name\" content=\"Librairie 7L\" \/>\n<meta property=\"article:modified_time\" content=\"2026-04-19T00:06:10+00:00\" \/>\n<meta property=\"og:image\" content=\"https:\/\/librairie7l.com\/wp-content\/uploads\/2020\/10\/9782754111621_1_75.jpg\" \/>\n\t<meta property=\"og:image:width\" content=\"600\" \/>\n\t<meta property=\"og:image:height\" content=\"736\" \/>\n\t<meta property=\"og:image:type\" content=\"image\/jpeg\" \/>\n<meta name=\"twitter:card\" content=\"summary_large_image\" \/>\n<meta name=\"twitter:label1\" content=\"Est. reading time\" \/>\n\t<meta name=\"twitter:data1\" content=\"2 minutes\" \/>\n<script type=\"application\/ld+json\" class=\"yoast-schema-graph\">{\"@context\":\"https:\/\/schema.org\",\"@graph\":[{\"@type\":\"WebPage\",\"@id\":\"https:\/\/librairie7l.com\/en\/produit\/paris-des-peintres-et-des-ecrivains\/\",\"url\":\"https:\/\/librairie7l.com\/en\/produit\/paris-des-peintres-et-des-ecrivains\/\",\"name\":\"PARIS DES PEINTRES ET DES \u00c9CRIVAINS - Librairie 7L\",\"isPartOf\":{\"@id\":\"https:\/\/librairie7l.com\/en\/#website\"},\"datePublished\":\"2023-05-09T15:21:22+00:00\",\"dateModified\":\"2026-04-19T00:06:10+00:00\",\"breadcrumb\":{\"@id\":\"https:\/\/librairie7l.com\/en\/produit\/paris-des-peintres-et-des-ecrivains\/#breadcrumb\"},\"inLanguage\":\"en-US\",\"potentialAction\":[{\"@type\":\"ReadAction\",\"target\":[\"https:\/\/librairie7l.com\/en\/produit\/paris-des-peintres-et-des-ecrivains\/\"]}]},{\"@type\":\"BreadcrumbList\",\"@id\":\"https:\/\/librairie7l.com\/en\/produit\/paris-des-peintres-et-des-ecrivains\/#breadcrumb\",\"itemListElement\":[{\"@type\":\"ListItem\",\"position\":1,\"name\":\"Accueil\",\"item\":\"https:\/\/librairie7l.com\/en\/\"},{\"@type\":\"ListItem\",\"position\":2,\"name\":\"Shop\",\"item\":\"https:\/\/librairie7l.com\/en\/shop\/\"},{\"@type\":\"ListItem\",\"position\":3,\"name\":\"PARIS DES PEINTRES ET DES \u00c9CRIVAINS\"}]},{\"@type\":\"WebSite\",\"@id\":\"https:\/\/librairie7l.com\/en\/#website\",\"url\":\"https:\/\/librairie7l.com\/en\/\",\"name\":\"Librairie 7L\",\"description\":\"Librairie fond\u00e9e en 1999 par Karl Lagerfeld \u00e0 Paris\",\"publisher\":{\"@id\":\"https:\/\/librairie7l.com\/en\/#organization\"},\"potentialAction\":[{\"@type\":\"SearchAction\",\"target\":{\"@type\":\"EntryPoint\",\"urlTemplate\":\"https:\/\/librairie7l.com\/en\/?s={search_term_string}\"},\"query-input\":\"required name=search_term_string\"}],\"inLanguage\":\"en-US\"},{\"@type\":\"Organization\",\"@id\":\"https:\/\/librairie7l.com\/en\/#organization\",\"name\":\"Librairie 7L\",\"url\":\"https:\/\/librairie7l.com\/en\/\",\"logo\":{\"@type\":\"ImageObject\",\"inLanguage\":\"en-US\",\"@id\":\"https:\/\/librairie7l.com\/en\/#\/schema\/logo\/image\/\",\"url\":\"https:\/\/librairie7l.com\/wp-content\/uploads\/2022\/08\/logo-1.png\",\"contentUrl\":\"https:\/\/librairie7l.com\/wp-content\/uploads\/2022\/08\/logo-1.png\",\"width\":227,\"height\":301,\"caption\":\"Librairie 7L\"},\"image\":{\"@id\":\"https:\/\/librairie7l.com\/en\/#\/schema\/logo\/image\/\"}}]}<\/script>\n<!-- \/ Yoast SEO plugin. -->","yoast_head_json":{"title":"PARIS DES PEINTRES ET DES \u00c9CRIVAINS - Librairie 7L","robots":{"index":"index","follow":"follow","max-snippet":"max-snippet:-1","max-image-preview":"max-image-preview:large","max-video-preview":"max-video-preview:-1"},"canonical":"https:\/\/librairie7l.com\/en\/produit\/paris-des-peintres-et-des-ecrivains\/","og_locale":"en_US","og_type":"article","og_title":"PARIS DES PEINTRES ET DES \u00c9CRIVAINS - Librairie 7L","og_description":"Cet ouvrage se veut une v\u00e9ritable d\u00e9claration d&#8217;amour \u00e0 Paris, un inventaire intime et \u00e9motionnel d&#8217;un Paris de toutes les histoires et de la grande Histoire. L&#8217;auteur, Sophie Chauveau, part en exploratrice arpenter ses rues, ses places et ses caf\u00e9s, ses jardins, ses monuments et ses mus\u00e9es, y trouver la magie des lieux o\u00f9 v\u00e9curent [&hellip;]","og_url":"https:\/\/librairie7l.com\/en\/produit\/paris-des-peintres-et-des-ecrivains\/","og_site_name":"Librairie 7L","article_modified_time":"2026-04-19T00:06:10+00:00","og_image":[{"width":600,"height":736,"url":"https:\/\/librairie7l.com\/wp-content\/uploads\/2020\/10\/9782754111621_1_75.jpg","type":"image\/jpeg"}],"twitter_card":"summary_large_image","twitter_misc":{"Est. reading time":"2 minutes"},"schema":{"@context":"https:\/\/schema.org","@graph":[{"@type":"WebPage","@id":"https:\/\/librairie7l.com\/en\/produit\/paris-des-peintres-et-des-ecrivains\/","url":"https:\/\/librairie7l.com\/en\/produit\/paris-des-peintres-et-des-ecrivains\/","name":"PARIS DES PEINTRES ET DES \u00c9CRIVAINS - Librairie 7L","isPartOf":{"@id":"https:\/\/librairie7l.com\/en\/#website"},"datePublished":"2023-05-09T15:21:22+00:00","dateModified":"2026-04-19T00:06:10+00:00","breadcrumb":{"@id":"https:\/\/librairie7l.com\/en\/produit\/paris-des-peintres-et-des-ecrivains\/#breadcrumb"},"inLanguage":"en-US","potentialAction":[{"@type":"ReadAction","target":["https:\/\/librairie7l.com\/en\/produit\/paris-des-peintres-et-des-ecrivains\/"]}]},{"@type":"BreadcrumbList","@id":"https:\/\/librairie7l.com\/en\/produit\/paris-des-peintres-et-des-ecrivains\/#breadcrumb","itemListElement":[{"@type":"ListItem","position":1,"name":"Accueil","item":"https:\/\/librairie7l.com\/en\/"},{"@type":"ListItem","position":2,"name":"Shop","item":"https:\/\/librairie7l.com\/en\/shop\/"},{"@type":"ListItem","position":3,"name":"PARIS DES PEINTRES ET DES \u00c9CRIVAINS"}]},{"@type":"WebSite","@id":"https:\/\/librairie7l.com\/en\/#website","url":"https:\/\/librairie7l.com\/en\/","name":"Librairie 7L","description":"Librairie fond\u00e9e en 1999 par Karl Lagerfeld \u00e0 Paris","publisher":{"@id":"https:\/\/librairie7l.com\/en\/#organization"},"potentialAction":[{"@type":"SearchAction","target":{"@type":"EntryPoint","urlTemplate":"https:\/\/librairie7l.com\/en\/?s={search_term_string}"},"query-input":"required name=search_term_string"}],"inLanguage":"en-US"},{"@type":"Organization","@id":"https:\/\/librairie7l.com\/en\/#organization","name":"Librairie 7L","url":"https:\/\/librairie7l.com\/en\/","logo":{"@type":"ImageObject","inLanguage":"en-US","@id":"https:\/\/librairie7l.com\/en\/#\/schema\/logo\/image\/","url":"https:\/\/librairie7l.com\/wp-content\/uploads\/2022\/08\/logo-1.png","contentUrl":"https:\/\/librairie7l.com\/wp-content\/uploads\/2022\/08\/logo-1.png","width":227,"height":301,"caption":"Librairie 7L"},"image":{"@id":"https:\/\/librairie7l.com\/en\/#\/schema\/logo\/image\/"}}]}},"_links":{"self":[{"href":"https:\/\/librairie7l.com\/en\/wp-json\/wp\/v2\/product\/16739"}],"collection":[{"href":"https:\/\/librairie7l.com\/en\/wp-json\/wp\/v2\/product"}],"about":[{"href":"https:\/\/librairie7l.com\/en\/wp-json\/wp\/v2\/types\/product"}],"wp:featuredmedia":[{"embeddable":true,"href":"https:\/\/librairie7l.com\/en\/wp-json\/wp\/v2\/media\/16737"}],"wp:attachment":[{"href":"https:\/\/librairie7l.com\/en\/wp-json\/wp\/v2\/media?parent=16739"}],"wp:term":[{"taxonomy":"product_cat","embeddable":true,"href":"https:\/\/librairie7l.com\/en\/wp-json\/wp\/v2\/product_cat?post=16739"},{"taxonomy":"product_tag","embeddable":true,"href":"https:\/\/librairie7l.com\/en\/wp-json\/wp\/v2\/product_tag?post=16739"}],"curies":[{"name":"wp","href":"https:\/\/api.w.org\/{rel}","templated":true}]}}