{"id":16743,"date":"2023-05-09T17:21:25","date_gmt":"2023-05-09T15:21:25","guid":{"rendered":"https:\/\/librairie7l.com\/?post_type=product&#038;p=16743"},"modified":"2026-04-15T23:06:19","modified_gmt":"2026-04-15T21:06:19","slug":"pierre-chareau-t-2-amenagements-interieurs-architecture","status":"publish","type":"product","link":"https:\/\/librairie7l.com\/en\/produit\/pierre-chareau-t-2-amenagements-interieurs-architecture\/","title":{"rendered":"PIERRE CHAREAU T.2 : AM\u00c9NAGEMENTS INT\u00c9RIEURS, ARCHITECTURE"},"content":{"rendered":"<p>Pierre Chareau, am\u00e9nagements et architecture, op\u00e8re une synth\u00e8se sans pr\u00e9c\u00e9dent de pr\u00e8s de de 80 chantiers d&#8217;architecture d&#8217;int\u00e9rieur (1908-1938), priv\u00e9s ou publics, comme de ses projets architecturaux (1925-1950). Il d\u00e9voile l&#8217;\u00e9volution de l&#8217;approche de Pierre Chareau en mati\u00e8re d&#8217;am\u00e9nagement int\u00e9rieur, de ses d\u00e9buts de d\u00e9corateur int\u00e9grant dans des espaces existants son mobilier, \u00e0 l&#8217;av\u00e8nement, au fil des projets, d&#8217;une approche r\u00e9solument architecturale de l&#8217;espace, dans laquelle le meuble s&#8217;anime et devient architecture \u00e0 part enti\u00e8re. Listant l&#8217;ensemble de ces chantiers, il livre une analyse d\u00e9taill\u00e9e et illustr\u00e9e de vingt-cinq d&#8217;entre eux, en majorit\u00e9 commandit\u00e9s par trois familles, les Dalsace, les Bernheim et les Dreyfus. Ce second volume permet de d\u00e9couvrir l&#8217;engagement de longue haleine du cr\u00e9ateur pour l&#8217;architecture. Il revient sur sa participation aux CIAM comme \u00e0 la Soci\u00e9t\u00e9 des architectes modernes ou au Rassemblement des architectes, ainsi que sa collaboration avec la revue L&#8217;Architecture d&#8217;aujourd&#8217;hui. Il offre une analyse critique sur l&#8217;activit\u00e9 de Pierre Chareau architecte, en d\u00e9cryptant les 13 projets sur lesquels il a travaill\u00e9, en France, de 1923 \u00e0 1938, puis aux \u00c9tats-Unis, de 1945 \u00e0 1950, du cabanon de Djemil Anik \u00e0 l&#8217;atelier de Robert Motherwell \u00e0 East Hampton. Ce livre offre enfin une analyse approfondie de la Maison de verre. En dressant le portrait de Jean Dalsace et de son \u00e9pouse Annie, il permet de comprendre le r\u00f4le central des commanditaires dans ce projet. Il revient sur le contexte architectural et soci\u00e9tal de l&#8217;\u00e9poque, expliquant l&#8217;importance de la lumi\u00e8re et de l&#8217;hygi\u00e8ne dans la Maison de verre. Le chantier et ses vicissitudes sont restitu\u00e9s avant que ne soient d\u00e9crits les grands principes qui ont pr\u00e9sid\u00e9 \u00e0 la conception de la maison, suivies d&#8217;une analyse de ses volumes et de ses espaces.<\/p>\n","protected":false},"excerpt":{"rendered":"<p>Pierre Chareau, am\u00e9nagements et architecture, op\u00e8re une synth\u00e8se sans pr\u00e9c\u00e9dent de pr\u00e8s de de 80 chantiers d&#8217;architecture d&#8217;int\u00e9rieur (1908-1938), priv\u00e9s ou publics, comme de ses projets architecturaux (1925-1950). Il d\u00e9voile l&#8217;\u00e9volution de l&#8217;approche de Pierre Chareau en mati\u00e8re d&#8217;am\u00e9nagement int\u00e9rieur, de ses d\u00e9buts de d\u00e9corateur int\u00e9grant dans des espaces existants son mobilier, \u00e0 l&#8217;av\u00e8nement, au [&hellip;]<\/p>\n","protected":false},"featured_media":16741,"template":"","meta":[],"product_cat":[55,2948,18,2952],"product_tag":[],"acf":[],"yoast_head":"<!-- This site is optimized with the Yoast SEO plugin v20.11 - https:\/\/yoast.com\/wordpress\/plugins\/seo\/ -->\n<title>PIERRE CHAREAU T.2 : AM\u00c9NAGEMENTS INT\u00c9RIEURS, ARCHITECTURE - Librairie 7L<\/title>\n<meta name=\"robots\" content=\"index, follow, max-snippet:-1, max-image-preview:large, max-video-preview:-1\" \/>\n<link rel=\"canonical\" href=\"https:\/\/librairie7l.com\/en\/produit\/pierre-chareau-t-2-amenagements-interieurs-architecture\/\" \/>\n<meta property=\"og:locale\" content=\"en_US\" \/>\n<meta property=\"og:type\" content=\"article\" \/>\n<meta property=\"og:title\" content=\"PIERRE CHAREAU T.2 : AM\u00c9NAGEMENTS INT\u00c9RIEURS, ARCHITECTURE - Librairie 7L\" \/>\n<meta property=\"og:description\" content=\"Pierre Chareau, am\u00e9nagements et architecture, op\u00e8re une synth\u00e8se sans pr\u00e9c\u00e9dent de pr\u00e8s de de 80 chantiers d&#8217;architecture d&#8217;int\u00e9rieur (1908-1938), priv\u00e9s ou publics, comme de ses projets architecturaux (1925-1950). Il d\u00e9voile l&#8217;\u00e9volution de l&#8217;approche de Pierre Chareau en mati\u00e8re d&#8217;am\u00e9nagement int\u00e9rieur, de ses d\u00e9buts de d\u00e9corateur int\u00e9grant dans des espaces existants son mobilier, \u00e0 l&#8217;av\u00e8nement, au [&hellip;]\" \/>\n<meta property=\"og:url\" content=\"https:\/\/librairie7l.com\/en\/produit\/pierre-chareau-t-2-amenagements-interieurs-architecture\/\" \/>\n<meta property=\"og:site_name\" content=\"Librairie 7L\" \/>\n<meta property=\"article:modified_time\" content=\"2026-04-15T21:06:19+00:00\" \/>\n<meta property=\"og:image\" content=\"https:\/\/librairie7l.com\/wp-content\/uploads\/2023\/04\/9782376660538_1_75.jpg\" \/>\n\t<meta property=\"og:image:width\" content=\"400\" \/>\n\t<meta property=\"og:image:height\" content=\"524\" \/>\n\t<meta property=\"og:image:type\" content=\"image\/jpeg\" \/>\n<meta name=\"twitter:card\" content=\"summary_large_image\" \/>\n<meta name=\"twitter:label1\" content=\"Est. reading time\" \/>\n\t<meta name=\"twitter:data1\" content=\"2 minutes\" \/>\n<script type=\"application\/ld+json\" class=\"yoast-schema-graph\">{\"@context\":\"https:\/\/schema.org\",\"@graph\":[{\"@type\":\"WebPage\",\"@id\":\"https:\/\/librairie7l.com\/en\/produit\/pierre-chareau-t-2-amenagements-interieurs-architecture\/\",\"url\":\"https:\/\/librairie7l.com\/en\/produit\/pierre-chareau-t-2-amenagements-interieurs-architecture\/\",\"name\":\"PIERRE CHAREAU T.2 : AM\u00c9NAGEMENTS INT\u00c9RIEURS, ARCHITECTURE - Librairie 7L\",\"isPartOf\":{\"@id\":\"https:\/\/librairie7l.com\/en\/#website\"},\"datePublished\":\"2023-05-09T15:21:25+00:00\",\"dateModified\":\"2026-04-15T21:06:19+00:00\",\"breadcrumb\":{\"@id\":\"https:\/\/librairie7l.com\/en\/produit\/pierre-chareau-t-2-amenagements-interieurs-architecture\/#breadcrumb\"},\"inLanguage\":\"en-US\",\"potentialAction\":[{\"@type\":\"ReadAction\",\"target\":[\"https:\/\/librairie7l.com\/en\/produit\/pierre-chareau-t-2-amenagements-interieurs-architecture\/\"]}]},{\"@type\":\"BreadcrumbList\",\"@id\":\"https:\/\/librairie7l.com\/en\/produit\/pierre-chareau-t-2-amenagements-interieurs-architecture\/#breadcrumb\",\"itemListElement\":[{\"@type\":\"ListItem\",\"position\":1,\"name\":\"Accueil\",\"item\":\"https:\/\/librairie7l.com\/en\/\"},{\"@type\":\"ListItem\",\"position\":2,\"name\":\"Shop\",\"item\":\"https:\/\/librairie7l.com\/en\/shop\/\"},{\"@type\":\"ListItem\",\"position\":3,\"name\":\"PIERRE CHAREAU T.2 : AM\u00c9NAGEMENTS INT\u00c9RIEURS, ARCHITECTURE\"}]},{\"@type\":\"WebSite\",\"@id\":\"https:\/\/librairie7l.com\/en\/#website\",\"url\":\"https:\/\/librairie7l.com\/en\/\",\"name\":\"Librairie 7L\",\"description\":\"Librairie fond\u00e9e en 1999 par Karl Lagerfeld \u00e0 Paris\",\"publisher\":{\"@id\":\"https:\/\/librairie7l.com\/en\/#organization\"},\"potentialAction\":[{\"@type\":\"SearchAction\",\"target\":{\"@type\":\"EntryPoint\",\"urlTemplate\":\"https:\/\/librairie7l.com\/en\/?s={search_term_string}\"},\"query-input\":\"required name=search_term_string\"}],\"inLanguage\":\"en-US\"},{\"@type\":\"Organization\",\"@id\":\"https:\/\/librairie7l.com\/en\/#organization\",\"name\":\"Librairie 7L\",\"url\":\"https:\/\/librairie7l.com\/en\/\",\"logo\":{\"@type\":\"ImageObject\",\"inLanguage\":\"en-US\",\"@id\":\"https:\/\/librairie7l.com\/en\/#\/schema\/logo\/image\/\",\"url\":\"https:\/\/librairie7l.com\/wp-content\/uploads\/2022\/08\/logo-1.png\",\"contentUrl\":\"https:\/\/librairie7l.com\/wp-content\/uploads\/2022\/08\/logo-1.png\",\"width\":227,\"height\":301,\"caption\":\"Librairie 7L\"},\"image\":{\"@id\":\"https:\/\/librairie7l.com\/en\/#\/schema\/logo\/image\/\"}}]}<\/script>\n<!-- \/ Yoast SEO plugin. -->","yoast_head_json":{"title":"PIERRE CHAREAU T.2 : AM\u00c9NAGEMENTS INT\u00c9RIEURS, ARCHITECTURE - Librairie 7L","robots":{"index":"index","follow":"follow","max-snippet":"max-snippet:-1","max-image-preview":"max-image-preview:large","max-video-preview":"max-video-preview:-1"},"canonical":"https:\/\/librairie7l.com\/en\/produit\/pierre-chareau-t-2-amenagements-interieurs-architecture\/","og_locale":"en_US","og_type":"article","og_title":"PIERRE CHAREAU T.2 : AM\u00c9NAGEMENTS INT\u00c9RIEURS, ARCHITECTURE - Librairie 7L","og_description":"Pierre Chareau, am\u00e9nagements et architecture, op\u00e8re une synth\u00e8se sans pr\u00e9c\u00e9dent de pr\u00e8s de de 80 chantiers d&#8217;architecture d&#8217;int\u00e9rieur (1908-1938), priv\u00e9s ou publics, comme de ses projets architecturaux (1925-1950). Il d\u00e9voile l&#8217;\u00e9volution de l&#8217;approche de Pierre Chareau en mati\u00e8re d&#8217;am\u00e9nagement int\u00e9rieur, de ses d\u00e9buts de d\u00e9corateur int\u00e9grant dans des espaces existants son mobilier, \u00e0 l&#8217;av\u00e8nement, au [&hellip;]","og_url":"https:\/\/librairie7l.com\/en\/produit\/pierre-chareau-t-2-amenagements-interieurs-architecture\/","og_site_name":"Librairie 7L","article_modified_time":"2026-04-15T21:06:19+00:00","og_image":[{"width":400,"height":524,"url":"https:\/\/librairie7l.com\/wp-content\/uploads\/2023\/04\/9782376660538_1_75.jpg","type":"image\/jpeg"}],"twitter_card":"summary_large_image","twitter_misc":{"Est. reading time":"2 minutes"},"schema":{"@context":"https:\/\/schema.org","@graph":[{"@type":"WebPage","@id":"https:\/\/librairie7l.com\/en\/produit\/pierre-chareau-t-2-amenagements-interieurs-architecture\/","url":"https:\/\/librairie7l.com\/en\/produit\/pierre-chareau-t-2-amenagements-interieurs-architecture\/","name":"PIERRE CHAREAU T.2 : AM\u00c9NAGEMENTS INT\u00c9RIEURS, ARCHITECTURE - Librairie 7L","isPartOf":{"@id":"https:\/\/librairie7l.com\/en\/#website"},"datePublished":"2023-05-09T15:21:25+00:00","dateModified":"2026-04-15T21:06:19+00:00","breadcrumb":{"@id":"https:\/\/librairie7l.com\/en\/produit\/pierre-chareau-t-2-amenagements-interieurs-architecture\/#breadcrumb"},"inLanguage":"en-US","potentialAction":[{"@type":"ReadAction","target":["https:\/\/librairie7l.com\/en\/produit\/pierre-chareau-t-2-amenagements-interieurs-architecture\/"]}]},{"@type":"BreadcrumbList","@id":"https:\/\/librairie7l.com\/en\/produit\/pierre-chareau-t-2-amenagements-interieurs-architecture\/#breadcrumb","itemListElement":[{"@type":"ListItem","position":1,"name":"Accueil","item":"https:\/\/librairie7l.com\/en\/"},{"@type":"ListItem","position":2,"name":"Shop","item":"https:\/\/librairie7l.com\/en\/shop\/"},{"@type":"ListItem","position":3,"name":"PIERRE CHAREAU T.2 : AM\u00c9NAGEMENTS INT\u00c9RIEURS, ARCHITECTURE"}]},{"@type":"WebSite","@id":"https:\/\/librairie7l.com\/en\/#website","url":"https:\/\/librairie7l.com\/en\/","name":"Librairie 7L","description":"Librairie fond\u00e9e en 1999 par Karl Lagerfeld \u00e0 Paris","publisher":{"@id":"https:\/\/librairie7l.com\/en\/#organization"},"potentialAction":[{"@type":"SearchAction","target":{"@type":"EntryPoint","urlTemplate":"https:\/\/librairie7l.com\/en\/?s={search_term_string}"},"query-input":"required name=search_term_string"}],"inLanguage":"en-US"},{"@type":"Organization","@id":"https:\/\/librairie7l.com\/en\/#organization","name":"Librairie 7L","url":"https:\/\/librairie7l.com\/en\/","logo":{"@type":"ImageObject","inLanguage":"en-US","@id":"https:\/\/librairie7l.com\/en\/#\/schema\/logo\/image\/","url":"https:\/\/librairie7l.com\/wp-content\/uploads\/2022\/08\/logo-1.png","contentUrl":"https:\/\/librairie7l.com\/wp-content\/uploads\/2022\/08\/logo-1.png","width":227,"height":301,"caption":"Librairie 7L"},"image":{"@id":"https:\/\/librairie7l.com\/en\/#\/schema\/logo\/image\/"}}]}},"_links":{"self":[{"href":"https:\/\/librairie7l.com\/en\/wp-json\/wp\/v2\/product\/16743"}],"collection":[{"href":"https:\/\/librairie7l.com\/en\/wp-json\/wp\/v2\/product"}],"about":[{"href":"https:\/\/librairie7l.com\/en\/wp-json\/wp\/v2\/types\/product"}],"wp:featuredmedia":[{"embeddable":true,"href":"https:\/\/librairie7l.com\/en\/wp-json\/wp\/v2\/media\/16741"}],"wp:attachment":[{"href":"https:\/\/librairie7l.com\/en\/wp-json\/wp\/v2\/media?parent=16743"}],"wp:term":[{"taxonomy":"product_cat","embeddable":true,"href":"https:\/\/librairie7l.com\/en\/wp-json\/wp\/v2\/product_cat?post=16743"},{"taxonomy":"product_tag","embeddable":true,"href":"https:\/\/librairie7l.com\/en\/wp-json\/wp\/v2\/product_tag?post=16743"}],"curies":[{"name":"wp","href":"https:\/\/api.w.org\/{rel}","templated":true}]}}