{"id":16751,"date":"2023-05-09T17:21:31","date_gmt":"2023-05-09T15:21:31","guid":{"rendered":"https:\/\/librairie7l.com\/?post_type=product&#038;p=16751"},"modified":"2026-05-12T02:22:47","modified_gmt":"2026-05-12T00:22:47","slug":"du-grand-canal-a-lhotel-de-la-marine-chefs-d-oeuvre-de-la-ca-doro","status":"publish","type":"product","link":"https:\/\/librairie7l.com\/en\/produit\/du-grand-canal-a-lhotel-de-la-marine-chefs-d-oeuvre-de-la-ca-doro\/","title":{"rendered":"DU GRAND CANAL \u00c0 L&#8217;HOTEL DE LA MARINE : CHEFS D&#8217; OEUVRE DE LA CA&#8217; D&#8217;ORO"},"content":{"rendered":"<p>Cette nouvelle exposition organis\u00e9e au sein des galeries Al Thani, \u00e0 l&#8217;H\u00f4tel de la Marine, pr\u00e9sente les chefs d&#8217;oeuvres de la galerie v\u00e9nitienne Giorgio Franchetti alla Ca&#8217; d&#8217;Oro, dont la fermeture temporaire donne l&#8217;opportunit\u00e9 au public parisien de d\u00e9couvrir un ensemble exceptionnel.<\/p>\n<p>Le catalogue permet au lecteur d&#8217;explorer l&#8217;art et l&#8217;histoire de la S\u00e9r\u00e9nissime. Peintures, sculptures et objets d&#8217;art \u00e9voquent tous le faste exceptionnel et la virtuosit\u00e9 artistique de la ville, \u00e0 travers le regard d&#8217;un amoureux de l&#8217;art, Giorgio Franchetti.<\/p>\n<p>Une premi\u00e8re partie est consacr\u00e9e \u00e0 l&#8217;histoire de ce magnifique palais v\u00e9nitien du XVe si\u00e8cle, qui ouvre sur le Grand Canal, dans le sestiere de Cannareggio, d\u00e9labr\u00e9 quand le baron Giorgio Franchetti le transforma en mus\u00e9e. Le riche m\u00e9c\u00e8ne y installe sa collection, trente ans apr\u00e8s l&#8217;avoir acquis. Issu d&#8217;une famille de banquiers et d&#8217;entrepreneurs fortun\u00e9s, Franchetti se passionnait pour la musique et pour l&#8217;art, et ses go\u00fbts l&#8217;avaient conduit \u00e0 parcourir l&#8217;Europe enti\u00e8re.<\/p>\n<p>L&#8217;ensemble pr\u00e9sent\u00e9 ici r\u00e9unit une cinquantaine des plus grands artistes italiens, essentiellement v\u00e9nitiens, tels que Pietro Lombardo, Gentile Bellini, Jacopo Sansovino, Mantegna, Titien, Tintoret ou Le Bernin.<\/p>\n","protected":false},"excerpt":{"rendered":"<p>Cette nouvelle exposition organis\u00e9e au sein des galeries Al Thani, \u00e0 l&#8217;H\u00f4tel de la Marine, pr\u00e9sente les chefs d&#8217;oeuvres de la galerie v\u00e9nitienne Giorgio Franchetti alla Ca&#8217; d&#8217;Oro, dont la fermeture temporaire donne l&#8217;opportunit\u00e9 au public parisien de d\u00e9couvrir un ensemble exceptionnel. Le catalogue permet au lecteur d&#8217;explorer l&#8217;art et l&#8217;histoire de la S\u00e9r\u00e9nissime. Peintures, [&hellip;]<\/p>\n","protected":false},"featured_media":16749,"template":"","meta":[],"product_cat":[55,2948,47,2953],"product_tag":[],"acf":[],"yoast_head":"<!-- This site is optimized with the Yoast SEO plugin v20.11 - https:\/\/yoast.com\/wordpress\/plugins\/seo\/ -->\n<title>DU GRAND CANAL \u00c0 L&#039;HOTEL DE LA MARINE : CHEFS D&#039; OEUVRE DE LA CA&#039; D&#039;ORO - Librairie 7L<\/title>\n<meta name=\"robots\" content=\"index, follow, max-snippet:-1, max-image-preview:large, max-video-preview:-1\" \/>\n<link rel=\"canonical\" href=\"https:\/\/librairie7l.com\/en\/produit\/du-grand-canal-a-lhotel-de-la-marine-chefs-d-oeuvre-de-la-ca-doro\/\" \/>\n<meta property=\"og:locale\" content=\"en_US\" \/>\n<meta property=\"og:type\" content=\"article\" \/>\n<meta property=\"og:title\" content=\"DU GRAND CANAL \u00c0 L&#039;HOTEL DE LA MARINE : CHEFS D&#039; OEUVRE DE LA CA&#039; D&#039;ORO - Librairie 7L\" \/>\n<meta property=\"og:description\" content=\"Cette nouvelle exposition organis\u00e9e au sein des galeries Al Thani, \u00e0 l&#8217;H\u00f4tel de la Marine, pr\u00e9sente les chefs d&#8217;oeuvres de la galerie v\u00e9nitienne Giorgio Franchetti alla Ca&#8217; d&#8217;Oro, dont la fermeture temporaire donne l&#8217;opportunit\u00e9 au public parisien de d\u00e9couvrir un ensemble exceptionnel. Le catalogue permet au lecteur d&#8217;explorer l&#8217;art et l&#8217;histoire de la S\u00e9r\u00e9nissime. Peintures, [&hellip;]\" \/>\n<meta property=\"og:url\" content=\"https:\/\/librairie7l.com\/en\/produit\/du-grand-canal-a-lhotel-de-la-marine-chefs-d-oeuvre-de-la-ca-doro\/\" \/>\n<meta property=\"og:site_name\" content=\"Librairie 7L\" \/>\n<meta property=\"article:modified_time\" content=\"2026-05-12T00:22:47+00:00\" \/>\n<meta property=\"og:image\" content=\"https:\/\/librairie7l.com\/wp-content\/uploads\/2022\/11\/9782757708439_1_75.jpg\" \/>\n\t<meta property=\"og:image:width\" content=\"400\" \/>\n\t<meta property=\"og:image:height\" content=\"503\" \/>\n\t<meta property=\"og:image:type\" content=\"image\/jpeg\" \/>\n<meta name=\"twitter:card\" content=\"summary_large_image\" \/>\n<meta name=\"twitter:label1\" content=\"Est. reading time\" \/>\n\t<meta name=\"twitter:data1\" content=\"1 minute\" \/>\n<script type=\"application\/ld+json\" class=\"yoast-schema-graph\">{\"@context\":\"https:\/\/schema.org\",\"@graph\":[{\"@type\":\"WebPage\",\"@id\":\"https:\/\/librairie7l.com\/en\/produit\/du-grand-canal-a-lhotel-de-la-marine-chefs-d-oeuvre-de-la-ca-doro\/\",\"url\":\"https:\/\/librairie7l.com\/en\/produit\/du-grand-canal-a-lhotel-de-la-marine-chefs-d-oeuvre-de-la-ca-doro\/\",\"name\":\"DU GRAND CANAL \u00c0 L'HOTEL DE LA MARINE : CHEFS D' OEUVRE DE LA CA' D'ORO - Librairie 7L\",\"isPartOf\":{\"@id\":\"https:\/\/librairie7l.com\/en\/#website\"},\"datePublished\":\"2023-05-09T15:21:31+00:00\",\"dateModified\":\"2026-05-12T00:22:47+00:00\",\"breadcrumb\":{\"@id\":\"https:\/\/librairie7l.com\/en\/produit\/du-grand-canal-a-lhotel-de-la-marine-chefs-d-oeuvre-de-la-ca-doro\/#breadcrumb\"},\"inLanguage\":\"en-US\",\"potentialAction\":[{\"@type\":\"ReadAction\",\"target\":[\"https:\/\/librairie7l.com\/en\/produit\/du-grand-canal-a-lhotel-de-la-marine-chefs-d-oeuvre-de-la-ca-doro\/\"]}]},{\"@type\":\"BreadcrumbList\",\"@id\":\"https:\/\/librairie7l.com\/en\/produit\/du-grand-canal-a-lhotel-de-la-marine-chefs-d-oeuvre-de-la-ca-doro\/#breadcrumb\",\"itemListElement\":[{\"@type\":\"ListItem\",\"position\":1,\"name\":\"Accueil\",\"item\":\"https:\/\/librairie7l.com\/en\/\"},{\"@type\":\"ListItem\",\"position\":2,\"name\":\"Shop\",\"item\":\"https:\/\/librairie7l.com\/en\/shop\/\"},{\"@type\":\"ListItem\",\"position\":3,\"name\":\"DU GRAND CANAL \u00c0 L&#8217;HOTEL DE LA MARINE : CHEFS D&#8217; OEUVRE DE LA CA&#8217; D&#8217;ORO\"}]},{\"@type\":\"WebSite\",\"@id\":\"https:\/\/librairie7l.com\/en\/#website\",\"url\":\"https:\/\/librairie7l.com\/en\/\",\"name\":\"Librairie 7L\",\"description\":\"Librairie fond\u00e9e en 1999 par Karl Lagerfeld \u00e0 Paris\",\"publisher\":{\"@id\":\"https:\/\/librairie7l.com\/en\/#organization\"},\"potentialAction\":[{\"@type\":\"SearchAction\",\"target\":{\"@type\":\"EntryPoint\",\"urlTemplate\":\"https:\/\/librairie7l.com\/en\/?s={search_term_string}\"},\"query-input\":\"required name=search_term_string\"}],\"inLanguage\":\"en-US\"},{\"@type\":\"Organization\",\"@id\":\"https:\/\/librairie7l.com\/en\/#organization\",\"name\":\"Librairie 7L\",\"url\":\"https:\/\/librairie7l.com\/en\/\",\"logo\":{\"@type\":\"ImageObject\",\"inLanguage\":\"en-US\",\"@id\":\"https:\/\/librairie7l.com\/en\/#\/schema\/logo\/image\/\",\"url\":\"https:\/\/librairie7l.com\/wp-content\/uploads\/2022\/08\/logo-1.png\",\"contentUrl\":\"https:\/\/librairie7l.com\/wp-content\/uploads\/2022\/08\/logo-1.png\",\"width\":227,\"height\":301,\"caption\":\"Librairie 7L\"},\"image\":{\"@id\":\"https:\/\/librairie7l.com\/en\/#\/schema\/logo\/image\/\"}}]}<\/script>\n<!-- \/ Yoast SEO plugin. -->","yoast_head_json":{"title":"DU GRAND CANAL \u00c0 L'HOTEL DE LA MARINE : CHEFS D' OEUVRE DE LA CA' D'ORO - Librairie 7L","robots":{"index":"index","follow":"follow","max-snippet":"max-snippet:-1","max-image-preview":"max-image-preview:large","max-video-preview":"max-video-preview:-1"},"canonical":"https:\/\/librairie7l.com\/en\/produit\/du-grand-canal-a-lhotel-de-la-marine-chefs-d-oeuvre-de-la-ca-doro\/","og_locale":"en_US","og_type":"article","og_title":"DU GRAND CANAL \u00c0 L'HOTEL DE LA MARINE : CHEFS D' OEUVRE DE LA CA' D'ORO - Librairie 7L","og_description":"Cette nouvelle exposition organis\u00e9e au sein des galeries Al Thani, \u00e0 l&#8217;H\u00f4tel de la Marine, pr\u00e9sente les chefs d&#8217;oeuvres de la galerie v\u00e9nitienne Giorgio Franchetti alla Ca&#8217; d&#8217;Oro, dont la fermeture temporaire donne l&#8217;opportunit\u00e9 au public parisien de d\u00e9couvrir un ensemble exceptionnel. Le catalogue permet au lecteur d&#8217;explorer l&#8217;art et l&#8217;histoire de la S\u00e9r\u00e9nissime. Peintures, [&hellip;]","og_url":"https:\/\/librairie7l.com\/en\/produit\/du-grand-canal-a-lhotel-de-la-marine-chefs-d-oeuvre-de-la-ca-doro\/","og_site_name":"Librairie 7L","article_modified_time":"2026-05-12T00:22:47+00:00","og_image":[{"width":400,"height":503,"url":"https:\/\/librairie7l.com\/wp-content\/uploads\/2022\/11\/9782757708439_1_75.jpg","type":"image\/jpeg"}],"twitter_card":"summary_large_image","twitter_misc":{"Est. reading time":"1 minute"},"schema":{"@context":"https:\/\/schema.org","@graph":[{"@type":"WebPage","@id":"https:\/\/librairie7l.com\/en\/produit\/du-grand-canal-a-lhotel-de-la-marine-chefs-d-oeuvre-de-la-ca-doro\/","url":"https:\/\/librairie7l.com\/en\/produit\/du-grand-canal-a-lhotel-de-la-marine-chefs-d-oeuvre-de-la-ca-doro\/","name":"DU GRAND CANAL \u00c0 L'HOTEL DE LA MARINE : CHEFS D' OEUVRE DE LA CA' D'ORO - Librairie 7L","isPartOf":{"@id":"https:\/\/librairie7l.com\/en\/#website"},"datePublished":"2023-05-09T15:21:31+00:00","dateModified":"2026-05-12T00:22:47+00:00","breadcrumb":{"@id":"https:\/\/librairie7l.com\/en\/produit\/du-grand-canal-a-lhotel-de-la-marine-chefs-d-oeuvre-de-la-ca-doro\/#breadcrumb"},"inLanguage":"en-US","potentialAction":[{"@type":"ReadAction","target":["https:\/\/librairie7l.com\/en\/produit\/du-grand-canal-a-lhotel-de-la-marine-chefs-d-oeuvre-de-la-ca-doro\/"]}]},{"@type":"BreadcrumbList","@id":"https:\/\/librairie7l.com\/en\/produit\/du-grand-canal-a-lhotel-de-la-marine-chefs-d-oeuvre-de-la-ca-doro\/#breadcrumb","itemListElement":[{"@type":"ListItem","position":1,"name":"Accueil","item":"https:\/\/librairie7l.com\/en\/"},{"@type":"ListItem","position":2,"name":"Shop","item":"https:\/\/librairie7l.com\/en\/shop\/"},{"@type":"ListItem","position":3,"name":"DU GRAND CANAL \u00c0 L&#8217;HOTEL DE LA MARINE : CHEFS D&#8217; OEUVRE DE LA CA&#8217; D&#8217;ORO"}]},{"@type":"WebSite","@id":"https:\/\/librairie7l.com\/en\/#website","url":"https:\/\/librairie7l.com\/en\/","name":"Librairie 7L","description":"Librairie fond\u00e9e en 1999 par Karl Lagerfeld \u00e0 Paris","publisher":{"@id":"https:\/\/librairie7l.com\/en\/#organization"},"potentialAction":[{"@type":"SearchAction","target":{"@type":"EntryPoint","urlTemplate":"https:\/\/librairie7l.com\/en\/?s={search_term_string}"},"query-input":"required name=search_term_string"}],"inLanguage":"en-US"},{"@type":"Organization","@id":"https:\/\/librairie7l.com\/en\/#organization","name":"Librairie 7L","url":"https:\/\/librairie7l.com\/en\/","logo":{"@type":"ImageObject","inLanguage":"en-US","@id":"https:\/\/librairie7l.com\/en\/#\/schema\/logo\/image\/","url":"https:\/\/librairie7l.com\/wp-content\/uploads\/2022\/08\/logo-1.png","contentUrl":"https:\/\/librairie7l.com\/wp-content\/uploads\/2022\/08\/logo-1.png","width":227,"height":301,"caption":"Librairie 7L"},"image":{"@id":"https:\/\/librairie7l.com\/en\/#\/schema\/logo\/image\/"}}]}},"_links":{"self":[{"href":"https:\/\/librairie7l.com\/en\/wp-json\/wp\/v2\/product\/16751"}],"collection":[{"href":"https:\/\/librairie7l.com\/en\/wp-json\/wp\/v2\/product"}],"about":[{"href":"https:\/\/librairie7l.com\/en\/wp-json\/wp\/v2\/types\/product"}],"wp:featuredmedia":[{"embeddable":true,"href":"https:\/\/librairie7l.com\/en\/wp-json\/wp\/v2\/media\/16749"}],"wp:attachment":[{"href":"https:\/\/librairie7l.com\/en\/wp-json\/wp\/v2\/media?parent=16751"}],"wp:term":[{"taxonomy":"product_cat","embeddable":true,"href":"https:\/\/librairie7l.com\/en\/wp-json\/wp\/v2\/product_cat?post=16751"},{"taxonomy":"product_tag","embeddable":true,"href":"https:\/\/librairie7l.com\/en\/wp-json\/wp\/v2\/product_tag?post=16751"}],"curies":[{"name":"wp","href":"https:\/\/api.w.org\/{rel}","templated":true}]}}