{"id":16755,"date":"2023-05-09T17:21:35","date_gmt":"2023-05-09T15:21:35","guid":{"rendered":"https:\/\/librairie7l.com\/?post_type=product&#038;p=16755"},"modified":"2026-04-18T02:06:37","modified_gmt":"2026-04-18T00:06:37","slug":"northern-silence","status":"publish","type":"product","link":"https:\/\/librairie7l.com\/en\/produit\/northern-silence\/","title":{"rendered":"NORTHERN SILENCE"},"content":{"rendered":"<p>L&#8217;oc\u00e9an Arctique, illumin\u00e9 par la pleine lune ou par des aurores bor\u00e9ales aux couleurs dansantes. Un aigle royal sur un rocher, ou la mer de Barents, comme une aigue-marine brillante pos\u00e9e sur une neige blanche et \u00e9blouissante. Il est difficile de ne pas s&#8217;abandonner au spectacle grandiose de cette nature, et le Finnmark, dans le nord de la Norv\u00e8ge, ne manque pas d&#8217;interpr\u00e8tes photographiques. Cato Lein, qui a grandi dans le minuscule village de p\u00eacheurs de B\u00e5tsfjord, sur la p\u00e9ninsule de Varanger qui se trouve au bout de la toundra russe et du Gulf Stream, n&#8217;\u00e9tait d&#8217;abord que peu convaincu par sa contribution en tant que photographe. L&#8217;entassement des clich\u00e9s de cartes postales a impos\u00e9 une forme de silence en lui &#8211; une peur d&#8217;avoir perdu le contact avec l&#8217;esprit du lieu.<br \/>\nCe n&#8217;est qu&#8217;apr\u00e8s avoir travaill\u00e9 comme photographe pendant plusieurs ann\u00e9es \u00e0 Stockholm qu&#8217;il s&#8217;est trouv\u00e9 pr\u00eat \u00e0 affronter \u00e0 nouveau le paysage du Finnmark, cette fois avec son expression et son esth\u00e9tique propre. Il a \u00e9galement d\u00e9cid\u00e9 d&#8217;arpenter la r\u00e9gion samie du Finnmark int\u00e9rieur, qui lui \u00e9tait totalement inconnue. Les images de Northern Silence ont \u00e9t\u00e9 prises sur une p\u00e9riode de vingt-cinq ans, du milieu des ann\u00e9es 1980 \u00e0 2012, mais ce n&#8217;est que r\u00e9cemment qu&#8217;elles ont pu \u00eatre trait\u00e9es dans l&#8217;une des rares chambres noires accessibles \u00e0 Stockholm. \u00c0 l&#8217;exception de la puissante photographie panoramique d&#8217;un bateau naviguant sur le fjord qui m\u00e8ne \u00e0 son village natal, la fougue du photographe est contenue. L&#8217;ambiance se fait terne, d\u00e9ployant une opacit\u00e9 qui rappelle plus les contrastes marqu\u00e9s de la photographie documentaire sociale que ceux des paysages classiques. Dans Northern Silence, Cato Lein a articul\u00e9 sa propre histoire au-del\u00e0 des clich\u00e9s de soleils de minuit et de rennes face \u00e0 des horizons flamboyants. La co\u00efncidence joue un r\u00f4le important, notamment du fait du n\u00e9gatif hypersensible de l&#8217;appareil polaroid, qu&#8217;il faut imm\u00e9diatement prot\u00e9ger apr\u00e8s la prise de vue. Lorsqu&#8217;il se promenait avec son tr\u00e9pied au fil du paysage, il gardait les cartouches de film dans un sac pr\u00e8s de sa poitrine pour \u00e9viter que la g\u00e9latine ne g\u00e8le. De temps en temps, un bref moment d&#8217;inattention faisait coaguler la couche r\u00e9active du film. Une rare fois, l&#8217;\u00e9mulsion du n\u00e9gatif a au contraire \u00e9t\u00e9 endommag\u00e9e par une eau trop chaude.<br \/>\nL&#8217;image des ronces des tourbi\u00e8res couvertes de fleurs blanches, avec sa lumi\u00e8re bless\u00e9e, montre une d\u00e9licatesse inattendue. Dans une autre image, alors que le papier \u00e9tait vraisemblablement rest\u00e9 coll\u00e9 dans l&#8217;\u00e9mulsion, l&#8217;oeuvre pr\u00e9sente ses qualit\u00e9s graphiques.<br \/>\nLe paysage du Finnmark n&#8217;est plus le m\u00eame que lorsque Cato Lein a grandi. Au cours des cinquante derni\u00e8res ann\u00e9es, il s&#8217;est r\u00e9chauff\u00e9 et la toundra est sur le point de dispara\u00eetre. Sur les montagnes de granit d\u00e9nud\u00e9es du pass\u00e9, la mousse pousse maintenant et les bouleaux arctiques ont \u00e9t\u00e9 remplac\u00e9s par des arbres \u00e9lanc\u00e9s. Le livre capture ce paysage transform\u00e9, avec son imagerie saisissante et sombre qui se d\u00e9ploie au fil des doubles pages.<\/p>\n","protected":false},"excerpt":{"rendered":"<p>L&#8217;oc\u00e9an Arctique, illumin\u00e9 par la pleine lune ou par des aurores bor\u00e9ales aux couleurs dansantes. Un aigle royal sur un rocher, ou la mer de Barents, comme une aigue-marine brillante pos\u00e9e sur une neige blanche et \u00e9blouissante. Il est difficile de ne pas s&#8217;abandonner au spectacle grandiose de cette nature, et le Finnmark, dans le [&hellip;]<\/p>\n","protected":false},"featured_media":16753,"template":"","meta":[],"product_cat":[55,2948,2958,17],"product_tag":[],"acf":[],"yoast_head":"<!-- This site is optimized with the Yoast SEO plugin v20.11 - https:\/\/yoast.com\/wordpress\/plugins\/seo\/ -->\n<title>NORTHERN SILENCE - Librairie 7L<\/title>\n<meta name=\"robots\" content=\"index, follow, max-snippet:-1, max-image-preview:large, max-video-preview:-1\" \/>\n<link rel=\"canonical\" href=\"https:\/\/librairie7l.com\/en\/produit\/northern-silence\/\" \/>\n<meta property=\"og:locale\" content=\"en_US\" \/>\n<meta property=\"og:type\" content=\"article\" \/>\n<meta property=\"og:title\" content=\"NORTHERN SILENCE - Librairie 7L\" \/>\n<meta property=\"og:description\" content=\"L&#8217;oc\u00e9an Arctique, illumin\u00e9 par la pleine lune ou par des aurores bor\u00e9ales aux couleurs dansantes. Un aigle royal sur un rocher, ou la mer de Barents, comme une aigue-marine brillante pos\u00e9e sur une neige blanche et \u00e9blouissante. Il est difficile de ne pas s&#8217;abandonner au spectacle grandiose de cette nature, et le Finnmark, dans le [&hellip;]\" \/>\n<meta property=\"og:url\" content=\"https:\/\/librairie7l.com\/en\/produit\/northern-silence\/\" \/>\n<meta property=\"og:site_name\" content=\"Librairie 7L\" \/>\n<meta property=\"article:modified_time\" content=\"2026-04-18T00:06:37+00:00\" \/>\n<meta property=\"og:image\" content=\"https:\/\/librairie7l.com\/wp-content\/uploads\/2022\/11\/9782492696091_1_75.jpg\" \/>\n\t<meta property=\"og:image:width\" content=\"600\" \/>\n\t<meta property=\"og:image:height\" content=\"740\" \/>\n\t<meta property=\"og:image:type\" content=\"image\/jpeg\" \/>\n<meta name=\"twitter:card\" content=\"summary_large_image\" \/>\n<meta name=\"twitter:label1\" content=\"Est. reading time\" \/>\n\t<meta name=\"twitter:data1\" content=\"3 minutes\" \/>\n<script type=\"application\/ld+json\" class=\"yoast-schema-graph\">{\"@context\":\"https:\/\/schema.org\",\"@graph\":[{\"@type\":\"WebPage\",\"@id\":\"https:\/\/librairie7l.com\/en\/produit\/northern-silence\/\",\"url\":\"https:\/\/librairie7l.com\/en\/produit\/northern-silence\/\",\"name\":\"NORTHERN SILENCE - Librairie 7L\",\"isPartOf\":{\"@id\":\"https:\/\/librairie7l.com\/en\/#website\"},\"datePublished\":\"2023-05-09T15:21:35+00:00\",\"dateModified\":\"2026-04-18T00:06:37+00:00\",\"breadcrumb\":{\"@id\":\"https:\/\/librairie7l.com\/en\/produit\/northern-silence\/#breadcrumb\"},\"inLanguage\":\"en-US\",\"potentialAction\":[{\"@type\":\"ReadAction\",\"target\":[\"https:\/\/librairie7l.com\/en\/produit\/northern-silence\/\"]}]},{\"@type\":\"BreadcrumbList\",\"@id\":\"https:\/\/librairie7l.com\/en\/produit\/northern-silence\/#breadcrumb\",\"itemListElement\":[{\"@type\":\"ListItem\",\"position\":1,\"name\":\"Accueil\",\"item\":\"https:\/\/librairie7l.com\/en\/\"},{\"@type\":\"ListItem\",\"position\":2,\"name\":\"Shop\",\"item\":\"https:\/\/librairie7l.com\/en\/shop\/\"},{\"@type\":\"ListItem\",\"position\":3,\"name\":\"NORTHERN SILENCE\"}]},{\"@type\":\"WebSite\",\"@id\":\"https:\/\/librairie7l.com\/en\/#website\",\"url\":\"https:\/\/librairie7l.com\/en\/\",\"name\":\"Librairie 7L\",\"description\":\"Librairie fond\u00e9e en 1999 par Karl Lagerfeld \u00e0 Paris\",\"publisher\":{\"@id\":\"https:\/\/librairie7l.com\/en\/#organization\"},\"potentialAction\":[{\"@type\":\"SearchAction\",\"target\":{\"@type\":\"EntryPoint\",\"urlTemplate\":\"https:\/\/librairie7l.com\/en\/?s={search_term_string}\"},\"query-input\":\"required name=search_term_string\"}],\"inLanguage\":\"en-US\"},{\"@type\":\"Organization\",\"@id\":\"https:\/\/librairie7l.com\/en\/#organization\",\"name\":\"Librairie 7L\",\"url\":\"https:\/\/librairie7l.com\/en\/\",\"logo\":{\"@type\":\"ImageObject\",\"inLanguage\":\"en-US\",\"@id\":\"https:\/\/librairie7l.com\/en\/#\/schema\/logo\/image\/\",\"url\":\"https:\/\/librairie7l.com\/wp-content\/uploads\/2022\/08\/logo-1.png\",\"contentUrl\":\"https:\/\/librairie7l.com\/wp-content\/uploads\/2022\/08\/logo-1.png\",\"width\":227,\"height\":301,\"caption\":\"Librairie 7L\"},\"image\":{\"@id\":\"https:\/\/librairie7l.com\/en\/#\/schema\/logo\/image\/\"}}]}<\/script>\n<!-- \/ Yoast SEO plugin. -->","yoast_head_json":{"title":"NORTHERN SILENCE - Librairie 7L","robots":{"index":"index","follow":"follow","max-snippet":"max-snippet:-1","max-image-preview":"max-image-preview:large","max-video-preview":"max-video-preview:-1"},"canonical":"https:\/\/librairie7l.com\/en\/produit\/northern-silence\/","og_locale":"en_US","og_type":"article","og_title":"NORTHERN SILENCE - Librairie 7L","og_description":"L&#8217;oc\u00e9an Arctique, illumin\u00e9 par la pleine lune ou par des aurores bor\u00e9ales aux couleurs dansantes. Un aigle royal sur un rocher, ou la mer de Barents, comme une aigue-marine brillante pos\u00e9e sur une neige blanche et \u00e9blouissante. Il est difficile de ne pas s&#8217;abandonner au spectacle grandiose de cette nature, et le Finnmark, dans le [&hellip;]","og_url":"https:\/\/librairie7l.com\/en\/produit\/northern-silence\/","og_site_name":"Librairie 7L","article_modified_time":"2026-04-18T00:06:37+00:00","og_image":[{"width":600,"height":740,"url":"https:\/\/librairie7l.com\/wp-content\/uploads\/2022\/11\/9782492696091_1_75.jpg","type":"image\/jpeg"}],"twitter_card":"summary_large_image","twitter_misc":{"Est. reading time":"3 minutes"},"schema":{"@context":"https:\/\/schema.org","@graph":[{"@type":"WebPage","@id":"https:\/\/librairie7l.com\/en\/produit\/northern-silence\/","url":"https:\/\/librairie7l.com\/en\/produit\/northern-silence\/","name":"NORTHERN SILENCE - Librairie 7L","isPartOf":{"@id":"https:\/\/librairie7l.com\/en\/#website"},"datePublished":"2023-05-09T15:21:35+00:00","dateModified":"2026-04-18T00:06:37+00:00","breadcrumb":{"@id":"https:\/\/librairie7l.com\/en\/produit\/northern-silence\/#breadcrumb"},"inLanguage":"en-US","potentialAction":[{"@type":"ReadAction","target":["https:\/\/librairie7l.com\/en\/produit\/northern-silence\/"]}]},{"@type":"BreadcrumbList","@id":"https:\/\/librairie7l.com\/en\/produit\/northern-silence\/#breadcrumb","itemListElement":[{"@type":"ListItem","position":1,"name":"Accueil","item":"https:\/\/librairie7l.com\/en\/"},{"@type":"ListItem","position":2,"name":"Shop","item":"https:\/\/librairie7l.com\/en\/shop\/"},{"@type":"ListItem","position":3,"name":"NORTHERN SILENCE"}]},{"@type":"WebSite","@id":"https:\/\/librairie7l.com\/en\/#website","url":"https:\/\/librairie7l.com\/en\/","name":"Librairie 7L","description":"Librairie fond\u00e9e en 1999 par Karl Lagerfeld \u00e0 Paris","publisher":{"@id":"https:\/\/librairie7l.com\/en\/#organization"},"potentialAction":[{"@type":"SearchAction","target":{"@type":"EntryPoint","urlTemplate":"https:\/\/librairie7l.com\/en\/?s={search_term_string}"},"query-input":"required name=search_term_string"}],"inLanguage":"en-US"},{"@type":"Organization","@id":"https:\/\/librairie7l.com\/en\/#organization","name":"Librairie 7L","url":"https:\/\/librairie7l.com\/en\/","logo":{"@type":"ImageObject","inLanguage":"en-US","@id":"https:\/\/librairie7l.com\/en\/#\/schema\/logo\/image\/","url":"https:\/\/librairie7l.com\/wp-content\/uploads\/2022\/08\/logo-1.png","contentUrl":"https:\/\/librairie7l.com\/wp-content\/uploads\/2022\/08\/logo-1.png","width":227,"height":301,"caption":"Librairie 7L"},"image":{"@id":"https:\/\/librairie7l.com\/en\/#\/schema\/logo\/image\/"}}]}},"_links":{"self":[{"href":"https:\/\/librairie7l.com\/en\/wp-json\/wp\/v2\/product\/16755"}],"collection":[{"href":"https:\/\/librairie7l.com\/en\/wp-json\/wp\/v2\/product"}],"about":[{"href":"https:\/\/librairie7l.com\/en\/wp-json\/wp\/v2\/types\/product"}],"wp:featuredmedia":[{"embeddable":true,"href":"https:\/\/librairie7l.com\/en\/wp-json\/wp\/v2\/media\/16753"}],"wp:attachment":[{"href":"https:\/\/librairie7l.com\/en\/wp-json\/wp\/v2\/media?parent=16755"}],"wp:term":[{"taxonomy":"product_cat","embeddable":true,"href":"https:\/\/librairie7l.com\/en\/wp-json\/wp\/v2\/product_cat?post=16755"},{"taxonomy":"product_tag","embeddable":true,"href":"https:\/\/librairie7l.com\/en\/wp-json\/wp\/v2\/product_tag?post=16755"}],"curies":[{"name":"wp","href":"https:\/\/api.w.org\/{rel}","templated":true}]}}