{"id":16775,"date":"2023-05-09T17:21:52","date_gmt":"2023-05-09T15:21:52","guid":{"rendered":"https:\/\/librairie7l.com\/?post_type=product&#038;p=16775"},"modified":"2026-04-16T21:42:23","modified_gmt":"2026-04-16T19:42:23","slug":"huldufolk","status":"publish","type":"product","link":"https:\/\/librairie7l.com\/en\/produit\/huldufolk\/","title":{"rendered":"HULDUFOLK"},"content":{"rendered":"<p>En Islande, la force du territoire impose le respect, m\u00eal\u00e9 \u00e0 ce sentiment \u00e9trange que ces paysages sont habit\u00e9s. Au fil des routes, aux d\u00e9tours des champs de lave et des falaises de basalte, s&#8217;\u00e9gr\u00e8nent des sites aux histoires troublantes, peupl\u00e9s de trolls, d&#8217;elfes et d&#8217;hulduf\u00f3lk (\u00ab le peuple cach\u00e9 \u00bb). Mais il en est de m\u00eame \u00e0 Reykjavik, dans les villes-banlieues ou les villages recul\u00e9s. \u00c7a et l\u00e0, des rochers de lave sont laiss\u00e9s intacts entre deux immeubles, \u00e0 quelques m\u00e8tres d&#8217;une villa ou encore au centre d&#8217;un \u00eelot de r\u00e9sidences. La toponymie des rues ou des quartiers confirme la personnification de ces lieux : \u00c1lfh\u00f3ll \u00ab la butte de l&#8217;Elfe \u00bb, Enbui \u00ab l&#8217;ermite \u00bb, Borgir \u00ab la Cit\u00e9 \u00bb, la pierre Latur \u00ab le paresseux \u00bb, Dvergastein \u00ab la pierre \u00e0 nain \u00bb&#8230; Cette cohabitation \u00e9tonnante au premier regard et qui pr\u00eate \u00e0 sourire illustre pourtant une double r\u00e9alit\u00e9 : la modernit\u00e9 de la soci\u00e9t\u00e9 islandaise et son urbanisme en plein d\u00e9veloppement depuis les ann\u00e9es 80, et la pr\u00e9gnance de la tradition et des croyances mill\u00e9naires. Michel Eisenlohr, photographe de la trace, de la lumi\u00e8re et du sensible, entreprend ici de relever un d\u00e9fi : photographier l&#8217;invisible&#8230; Inspir\u00e9 par les contes et l\u00e9gendes, guid\u00e9 par les recherches des ethnologues, g\u00e9ographes et arch\u00e9ologues, il nous offre une immersion dans ces lieux naturels ou urbains et nous rend compte par l&#8217;image de cet h\u00e9ritage immat\u00e9riel. Un dialogue in\u00e9dit entre modernit\u00e9 et croyances.<\/p>\n","protected":false},"excerpt":{"rendered":"<p>En Islande, la force du territoire impose le respect, m\u00eal\u00e9 \u00e0 ce sentiment \u00e9trange que ces paysages sont habit\u00e9s. Au fil des routes, aux d\u00e9tours des champs de lave et des falaises de basalte, s&#8217;\u00e9gr\u00e8nent des sites aux histoires troublantes, peupl\u00e9s de trolls, d&#8217;elfes et d&#8217;hulduf\u00f3lk (\u00ab le peuple cach\u00e9 \u00bb). Mais il en est [&hellip;]<\/p>\n","protected":false},"featured_media":16773,"template":"","meta":[],"product_cat":[55,2948,2958,17],"product_tag":[],"acf":[],"yoast_head":"<!-- This site is optimized with the Yoast SEO plugin v20.11 - https:\/\/yoast.com\/wordpress\/plugins\/seo\/ -->\n<title>HULDUFOLK - Librairie 7L<\/title>\n<meta name=\"robots\" content=\"index, follow, max-snippet:-1, max-image-preview:large, max-video-preview:-1\" \/>\n<link rel=\"canonical\" href=\"https:\/\/librairie7l.com\/en\/produit\/huldufolk\/\" \/>\n<meta property=\"og:locale\" content=\"en_US\" \/>\n<meta property=\"og:type\" content=\"article\" \/>\n<meta property=\"og:title\" content=\"HULDUFOLK - Librairie 7L\" \/>\n<meta property=\"og:description\" content=\"En Islande, la force du territoire impose le respect, m\u00eal\u00e9 \u00e0 ce sentiment \u00e9trange que ces paysages sont habit\u00e9s. Au fil des routes, aux d\u00e9tours des champs de lave et des falaises de basalte, s&#8217;\u00e9gr\u00e8nent des sites aux histoires troublantes, peupl\u00e9s de trolls, d&#8217;elfes et d&#8217;hulduf\u00f3lk (\u00ab le peuple cach\u00e9 \u00bb). Mais il en est [&hellip;]\" \/>\n<meta property=\"og:url\" content=\"https:\/\/librairie7l.com\/en\/produit\/huldufolk\/\" \/>\n<meta property=\"og:site_name\" content=\"Librairie 7L\" \/>\n<meta property=\"article:modified_time\" content=\"2026-04-16T19:42:23+00:00\" \/>\n<meta property=\"og:image\" content=\"https:\/\/librairie7l.com\/wp-content\/uploads\/2022\/11\/9782369801344_1_75.jpg\" \/>\n\t<meta property=\"og:image:width\" content=\"866\" \/>\n\t<meta property=\"og:image:height\" content=\"600\" \/>\n\t<meta property=\"og:image:type\" content=\"image\/jpeg\" \/>\n<meta name=\"twitter:card\" content=\"summary_large_image\" \/>\n<meta name=\"twitter:label1\" content=\"Est. reading time\" \/>\n\t<meta name=\"twitter:data1\" content=\"1 minute\" \/>\n<script type=\"application\/ld+json\" class=\"yoast-schema-graph\">{\"@context\":\"https:\/\/schema.org\",\"@graph\":[{\"@type\":\"WebPage\",\"@id\":\"https:\/\/librairie7l.com\/en\/produit\/huldufolk\/\",\"url\":\"https:\/\/librairie7l.com\/en\/produit\/huldufolk\/\",\"name\":\"HULDUFOLK - Librairie 7L\",\"isPartOf\":{\"@id\":\"https:\/\/librairie7l.com\/en\/#website\"},\"datePublished\":\"2023-05-09T15:21:52+00:00\",\"dateModified\":\"2026-04-16T19:42:23+00:00\",\"breadcrumb\":{\"@id\":\"https:\/\/librairie7l.com\/en\/produit\/huldufolk\/#breadcrumb\"},\"inLanguage\":\"en-US\",\"potentialAction\":[{\"@type\":\"ReadAction\",\"target\":[\"https:\/\/librairie7l.com\/en\/produit\/huldufolk\/\"]}]},{\"@type\":\"BreadcrumbList\",\"@id\":\"https:\/\/librairie7l.com\/en\/produit\/huldufolk\/#breadcrumb\",\"itemListElement\":[{\"@type\":\"ListItem\",\"position\":1,\"name\":\"Accueil\",\"item\":\"https:\/\/librairie7l.com\/en\/\"},{\"@type\":\"ListItem\",\"position\":2,\"name\":\"Shop\",\"item\":\"https:\/\/librairie7l.com\/en\/shop\/\"},{\"@type\":\"ListItem\",\"position\":3,\"name\":\"HULDUFOLK\"}]},{\"@type\":\"WebSite\",\"@id\":\"https:\/\/librairie7l.com\/en\/#website\",\"url\":\"https:\/\/librairie7l.com\/en\/\",\"name\":\"Librairie 7L\",\"description\":\"Librairie fond\u00e9e en 1999 par Karl Lagerfeld \u00e0 Paris\",\"publisher\":{\"@id\":\"https:\/\/librairie7l.com\/en\/#organization\"},\"potentialAction\":[{\"@type\":\"SearchAction\",\"target\":{\"@type\":\"EntryPoint\",\"urlTemplate\":\"https:\/\/librairie7l.com\/en\/?s={search_term_string}\"},\"query-input\":\"required name=search_term_string\"}],\"inLanguage\":\"en-US\"},{\"@type\":\"Organization\",\"@id\":\"https:\/\/librairie7l.com\/en\/#organization\",\"name\":\"Librairie 7L\",\"url\":\"https:\/\/librairie7l.com\/en\/\",\"logo\":{\"@type\":\"ImageObject\",\"inLanguage\":\"en-US\",\"@id\":\"https:\/\/librairie7l.com\/en\/#\/schema\/logo\/image\/\",\"url\":\"https:\/\/librairie7l.com\/wp-content\/uploads\/2022\/08\/logo-1.png\",\"contentUrl\":\"https:\/\/librairie7l.com\/wp-content\/uploads\/2022\/08\/logo-1.png\",\"width\":227,\"height\":301,\"caption\":\"Librairie 7L\"},\"image\":{\"@id\":\"https:\/\/librairie7l.com\/en\/#\/schema\/logo\/image\/\"}}]}<\/script>\n<!-- \/ Yoast SEO plugin. -->","yoast_head_json":{"title":"HULDUFOLK - Librairie 7L","robots":{"index":"index","follow":"follow","max-snippet":"max-snippet:-1","max-image-preview":"max-image-preview:large","max-video-preview":"max-video-preview:-1"},"canonical":"https:\/\/librairie7l.com\/en\/produit\/huldufolk\/","og_locale":"en_US","og_type":"article","og_title":"HULDUFOLK - Librairie 7L","og_description":"En Islande, la force du territoire impose le respect, m\u00eal\u00e9 \u00e0 ce sentiment \u00e9trange que ces paysages sont habit\u00e9s. Au fil des routes, aux d\u00e9tours des champs de lave et des falaises de basalte, s&#8217;\u00e9gr\u00e8nent des sites aux histoires troublantes, peupl\u00e9s de trolls, d&#8217;elfes et d&#8217;hulduf\u00f3lk (\u00ab le peuple cach\u00e9 \u00bb). Mais il en est [&hellip;]","og_url":"https:\/\/librairie7l.com\/en\/produit\/huldufolk\/","og_site_name":"Librairie 7L","article_modified_time":"2026-04-16T19:42:23+00:00","og_image":[{"width":866,"height":600,"url":"https:\/\/librairie7l.com\/wp-content\/uploads\/2022\/11\/9782369801344_1_75.jpg","type":"image\/jpeg"}],"twitter_card":"summary_large_image","twitter_misc":{"Est. reading time":"1 minute"},"schema":{"@context":"https:\/\/schema.org","@graph":[{"@type":"WebPage","@id":"https:\/\/librairie7l.com\/en\/produit\/huldufolk\/","url":"https:\/\/librairie7l.com\/en\/produit\/huldufolk\/","name":"HULDUFOLK - Librairie 7L","isPartOf":{"@id":"https:\/\/librairie7l.com\/en\/#website"},"datePublished":"2023-05-09T15:21:52+00:00","dateModified":"2026-04-16T19:42:23+00:00","breadcrumb":{"@id":"https:\/\/librairie7l.com\/en\/produit\/huldufolk\/#breadcrumb"},"inLanguage":"en-US","potentialAction":[{"@type":"ReadAction","target":["https:\/\/librairie7l.com\/en\/produit\/huldufolk\/"]}]},{"@type":"BreadcrumbList","@id":"https:\/\/librairie7l.com\/en\/produit\/huldufolk\/#breadcrumb","itemListElement":[{"@type":"ListItem","position":1,"name":"Accueil","item":"https:\/\/librairie7l.com\/en\/"},{"@type":"ListItem","position":2,"name":"Shop","item":"https:\/\/librairie7l.com\/en\/shop\/"},{"@type":"ListItem","position":3,"name":"HULDUFOLK"}]},{"@type":"WebSite","@id":"https:\/\/librairie7l.com\/en\/#website","url":"https:\/\/librairie7l.com\/en\/","name":"Librairie 7L","description":"Librairie fond\u00e9e en 1999 par Karl Lagerfeld \u00e0 Paris","publisher":{"@id":"https:\/\/librairie7l.com\/en\/#organization"},"potentialAction":[{"@type":"SearchAction","target":{"@type":"EntryPoint","urlTemplate":"https:\/\/librairie7l.com\/en\/?s={search_term_string}"},"query-input":"required name=search_term_string"}],"inLanguage":"en-US"},{"@type":"Organization","@id":"https:\/\/librairie7l.com\/en\/#organization","name":"Librairie 7L","url":"https:\/\/librairie7l.com\/en\/","logo":{"@type":"ImageObject","inLanguage":"en-US","@id":"https:\/\/librairie7l.com\/en\/#\/schema\/logo\/image\/","url":"https:\/\/librairie7l.com\/wp-content\/uploads\/2022\/08\/logo-1.png","contentUrl":"https:\/\/librairie7l.com\/wp-content\/uploads\/2022\/08\/logo-1.png","width":227,"height":301,"caption":"Librairie 7L"},"image":{"@id":"https:\/\/librairie7l.com\/en\/#\/schema\/logo\/image\/"}}]}},"_links":{"self":[{"href":"https:\/\/librairie7l.com\/en\/wp-json\/wp\/v2\/product\/16775"}],"collection":[{"href":"https:\/\/librairie7l.com\/en\/wp-json\/wp\/v2\/product"}],"about":[{"href":"https:\/\/librairie7l.com\/en\/wp-json\/wp\/v2\/types\/product"}],"wp:featuredmedia":[{"embeddable":true,"href":"https:\/\/librairie7l.com\/en\/wp-json\/wp\/v2\/media\/16773"}],"wp:attachment":[{"href":"https:\/\/librairie7l.com\/en\/wp-json\/wp\/v2\/media?parent=16775"}],"wp:term":[{"taxonomy":"product_cat","embeddable":true,"href":"https:\/\/librairie7l.com\/en\/wp-json\/wp\/v2\/product_cat?post=16775"},{"taxonomy":"product_tag","embeddable":true,"href":"https:\/\/librairie7l.com\/en\/wp-json\/wp\/v2\/product_tag?post=16775"}],"curies":[{"name":"wp","href":"https:\/\/api.w.org\/{rel}","templated":true}]}}