{"id":16779,"date":"2023-05-09T17:21:55","date_gmt":"2023-05-09T15:21:55","guid":{"rendered":"https:\/\/librairie7l.com\/?post_type=product&#038;p=16779"},"modified":"2026-04-15T22:27:26","modified_gmt":"2026-04-15T20:27:26","slug":"la-beaute-du-seuil-esthetique-japonaise-de-la-limite","status":"publish","type":"product","link":"https:\/\/librairie7l.com\/en\/produit\/la-beaute-du-seuil-esthetique-japonaise-de-la-limite\/","title":{"rendered":"LA BEAUT\u00c9 DU SEUIL : ESTH\u00c9TIQUE JAPONAISE DE LA LIMITE"},"content":{"rendered":"<p>\u00ab \u00c9tablir une limite \u00bb est l&#8217;un des concepts majeurs de la pens\u00e9e de l&#8217;espace-temps japonais, l&#8217;une des racines de son esth\u00e9tique. Dans les sanctuaires et les maisons, cette notion du seuil, du kekkai, conduit l&#8217;agencement de la charpenterie et des ouvertures, tout en guidant la conception des jardins, des paysages, de la peinture, intimement li\u00e9e \u00e0 la litt\u00e9rature, aux rites ou \u00e0 la po\u00e9sie.<br \/>\nEn 1966, en pleine furie moderniste, un historien japonais, \u00e9minent sp\u00e9cialiste de la maison m\u00e9di\u00e9vale, Ito Teiji, publie une oeuvre majeure consacr\u00e9e au kekkai, qui puise ses exemples dans toute l&#8217;histoire de l&#8217;architecture japonaise. C&#8217;est ce livre, Kekkai no bi, que Philippe Bonnin et son \u00e9quipe traduisent, rendant accessible pour la premi\u00e8re fois cet ouvrage essentiel. L&#8217;abondante iconographie permet en outre de visualiser les lieux et les dispositifs \u00e9voqu\u00e9s, tandis que l&#8217;appareil de notes et de commentaires, la chronologie et les cartes en font un outil de travail tr\u00e8s commode et solidement \u00e9tay\u00e9.<br \/>\nUne invitation \u00e0 nouer le kekkai et \u00e0 entrer dans un univers sensible et complexe qui intrigue et fascine toujours l&#8217;Occident.<\/p>\n","protected":false},"excerpt":{"rendered":"<p>\u00ab \u00c9tablir une limite \u00bb est l&#8217;un des concepts majeurs de la pens\u00e9e de l&#8217;espace-temps japonais, l&#8217;une des racines de son esth\u00e9tique. Dans les sanctuaires et les maisons, cette notion du seuil, du kekkai, conduit l&#8217;agencement de la charpenterie et des ouvertures, tout en guidant la conception des jardins, des paysages, de la peinture, intimement [&hellip;]<\/p>\n","protected":false},"featured_media":16777,"template":"","meta":[],"product_cat":[55,2948,2956,23],"product_tag":[],"acf":[],"yoast_head":"<!-- This site is optimized with the Yoast SEO plugin v20.11 - https:\/\/yoast.com\/wordpress\/plugins\/seo\/ -->\n<title>LA BEAUT\u00c9 DU SEUIL : ESTH\u00c9TIQUE JAPONAISE DE LA LIMITE - Librairie 7L<\/title>\n<meta name=\"robots\" content=\"index, follow, max-snippet:-1, max-image-preview:large, max-video-preview:-1\" \/>\n<link rel=\"canonical\" href=\"https:\/\/librairie7l.com\/en\/produit\/la-beaute-du-seuil-esthetique-japonaise-de-la-limite\/\" \/>\n<meta property=\"og:locale\" content=\"en_US\" \/>\n<meta property=\"og:type\" content=\"article\" \/>\n<meta property=\"og:title\" content=\"LA BEAUT\u00c9 DU SEUIL : ESTH\u00c9TIQUE JAPONAISE DE LA LIMITE - Librairie 7L\" \/>\n<meta property=\"og:description\" content=\"\u00ab \u00c9tablir une limite \u00bb est l&#8217;un des concepts majeurs de la pens\u00e9e de l&#8217;espace-temps japonais, l&#8217;une des racines de son esth\u00e9tique. Dans les sanctuaires et les maisons, cette notion du seuil, du kekkai, conduit l&#8217;agencement de la charpenterie et des ouvertures, tout en guidant la conception des jardins, des paysages, de la peinture, intimement [&hellip;]\" \/>\n<meta property=\"og:url\" content=\"https:\/\/librairie7l.com\/en\/produit\/la-beaute-du-seuil-esthetique-japonaise-de-la-limite\/\" \/>\n<meta property=\"og:site_name\" content=\"Librairie 7L\" \/>\n<meta property=\"article:modified_time\" content=\"2026-04-15T20:27:26+00:00\" \/>\n<meta property=\"og:image\" content=\"https:\/\/librairie7l.com\/wp-content\/uploads\/2021\/10\/9782271138934_1_75.jpg\" \/>\n\t<meta property=\"og:image:width\" content=\"600\" \/>\n\t<meta property=\"og:image:height\" content=\"901\" \/>\n\t<meta property=\"og:image:type\" content=\"image\/jpeg\" \/>\n<meta name=\"twitter:card\" content=\"summary_large_image\" \/>\n<meta name=\"twitter:label1\" content=\"Est. reading time\" \/>\n\t<meta name=\"twitter:data1\" content=\"1 minute\" \/>\n<script type=\"application\/ld+json\" class=\"yoast-schema-graph\">{\"@context\":\"https:\/\/schema.org\",\"@graph\":[{\"@type\":\"WebPage\",\"@id\":\"https:\/\/librairie7l.com\/en\/produit\/la-beaute-du-seuil-esthetique-japonaise-de-la-limite\/\",\"url\":\"https:\/\/librairie7l.com\/en\/produit\/la-beaute-du-seuil-esthetique-japonaise-de-la-limite\/\",\"name\":\"LA BEAUT\u00c9 DU SEUIL : ESTH\u00c9TIQUE JAPONAISE DE LA LIMITE - Librairie 7L\",\"isPartOf\":{\"@id\":\"https:\/\/librairie7l.com\/en\/#website\"},\"datePublished\":\"2023-05-09T15:21:55+00:00\",\"dateModified\":\"2026-04-15T20:27:26+00:00\",\"breadcrumb\":{\"@id\":\"https:\/\/librairie7l.com\/en\/produit\/la-beaute-du-seuil-esthetique-japonaise-de-la-limite\/#breadcrumb\"},\"inLanguage\":\"en-US\",\"potentialAction\":[{\"@type\":\"ReadAction\",\"target\":[\"https:\/\/librairie7l.com\/en\/produit\/la-beaute-du-seuil-esthetique-japonaise-de-la-limite\/\"]}]},{\"@type\":\"BreadcrumbList\",\"@id\":\"https:\/\/librairie7l.com\/en\/produit\/la-beaute-du-seuil-esthetique-japonaise-de-la-limite\/#breadcrumb\",\"itemListElement\":[{\"@type\":\"ListItem\",\"position\":1,\"name\":\"Accueil\",\"item\":\"https:\/\/librairie7l.com\/en\/\"},{\"@type\":\"ListItem\",\"position\":2,\"name\":\"Shop\",\"item\":\"https:\/\/librairie7l.com\/en\/shop\/\"},{\"@type\":\"ListItem\",\"position\":3,\"name\":\"LA BEAUT\u00c9 DU SEUIL : ESTH\u00c9TIQUE JAPONAISE DE LA LIMITE\"}]},{\"@type\":\"WebSite\",\"@id\":\"https:\/\/librairie7l.com\/en\/#website\",\"url\":\"https:\/\/librairie7l.com\/en\/\",\"name\":\"Librairie 7L\",\"description\":\"Librairie fond\u00e9e en 1999 par Karl Lagerfeld \u00e0 Paris\",\"publisher\":{\"@id\":\"https:\/\/librairie7l.com\/en\/#organization\"},\"potentialAction\":[{\"@type\":\"SearchAction\",\"target\":{\"@type\":\"EntryPoint\",\"urlTemplate\":\"https:\/\/librairie7l.com\/en\/?s={search_term_string}\"},\"query-input\":\"required name=search_term_string\"}],\"inLanguage\":\"en-US\"},{\"@type\":\"Organization\",\"@id\":\"https:\/\/librairie7l.com\/en\/#organization\",\"name\":\"Librairie 7L\",\"url\":\"https:\/\/librairie7l.com\/en\/\",\"logo\":{\"@type\":\"ImageObject\",\"inLanguage\":\"en-US\",\"@id\":\"https:\/\/librairie7l.com\/en\/#\/schema\/logo\/image\/\",\"url\":\"https:\/\/librairie7l.com\/wp-content\/uploads\/2022\/08\/logo-1.png\",\"contentUrl\":\"https:\/\/librairie7l.com\/wp-content\/uploads\/2022\/08\/logo-1.png\",\"width\":227,\"height\":301,\"caption\":\"Librairie 7L\"},\"image\":{\"@id\":\"https:\/\/librairie7l.com\/en\/#\/schema\/logo\/image\/\"}}]}<\/script>\n<!-- \/ Yoast SEO plugin. -->","yoast_head_json":{"title":"LA BEAUT\u00c9 DU SEUIL : ESTH\u00c9TIQUE JAPONAISE DE LA LIMITE - Librairie 7L","robots":{"index":"index","follow":"follow","max-snippet":"max-snippet:-1","max-image-preview":"max-image-preview:large","max-video-preview":"max-video-preview:-1"},"canonical":"https:\/\/librairie7l.com\/en\/produit\/la-beaute-du-seuil-esthetique-japonaise-de-la-limite\/","og_locale":"en_US","og_type":"article","og_title":"LA BEAUT\u00c9 DU SEUIL : ESTH\u00c9TIQUE JAPONAISE DE LA LIMITE - Librairie 7L","og_description":"\u00ab \u00c9tablir une limite \u00bb est l&#8217;un des concepts majeurs de la pens\u00e9e de l&#8217;espace-temps japonais, l&#8217;une des racines de son esth\u00e9tique. Dans les sanctuaires et les maisons, cette notion du seuil, du kekkai, conduit l&#8217;agencement de la charpenterie et des ouvertures, tout en guidant la conception des jardins, des paysages, de la peinture, intimement [&hellip;]","og_url":"https:\/\/librairie7l.com\/en\/produit\/la-beaute-du-seuil-esthetique-japonaise-de-la-limite\/","og_site_name":"Librairie 7L","article_modified_time":"2026-04-15T20:27:26+00:00","og_image":[{"width":600,"height":901,"url":"https:\/\/librairie7l.com\/wp-content\/uploads\/2021\/10\/9782271138934_1_75.jpg","type":"image\/jpeg"}],"twitter_card":"summary_large_image","twitter_misc":{"Est. reading time":"1 minute"},"schema":{"@context":"https:\/\/schema.org","@graph":[{"@type":"WebPage","@id":"https:\/\/librairie7l.com\/en\/produit\/la-beaute-du-seuil-esthetique-japonaise-de-la-limite\/","url":"https:\/\/librairie7l.com\/en\/produit\/la-beaute-du-seuil-esthetique-japonaise-de-la-limite\/","name":"LA BEAUT\u00c9 DU SEUIL : ESTH\u00c9TIQUE JAPONAISE DE LA LIMITE - Librairie 7L","isPartOf":{"@id":"https:\/\/librairie7l.com\/en\/#website"},"datePublished":"2023-05-09T15:21:55+00:00","dateModified":"2026-04-15T20:27:26+00:00","breadcrumb":{"@id":"https:\/\/librairie7l.com\/en\/produit\/la-beaute-du-seuil-esthetique-japonaise-de-la-limite\/#breadcrumb"},"inLanguage":"en-US","potentialAction":[{"@type":"ReadAction","target":["https:\/\/librairie7l.com\/en\/produit\/la-beaute-du-seuil-esthetique-japonaise-de-la-limite\/"]}]},{"@type":"BreadcrumbList","@id":"https:\/\/librairie7l.com\/en\/produit\/la-beaute-du-seuil-esthetique-japonaise-de-la-limite\/#breadcrumb","itemListElement":[{"@type":"ListItem","position":1,"name":"Accueil","item":"https:\/\/librairie7l.com\/en\/"},{"@type":"ListItem","position":2,"name":"Shop","item":"https:\/\/librairie7l.com\/en\/shop\/"},{"@type":"ListItem","position":3,"name":"LA BEAUT\u00c9 DU SEUIL : ESTH\u00c9TIQUE JAPONAISE DE LA LIMITE"}]},{"@type":"WebSite","@id":"https:\/\/librairie7l.com\/en\/#website","url":"https:\/\/librairie7l.com\/en\/","name":"Librairie 7L","description":"Librairie fond\u00e9e en 1999 par Karl Lagerfeld \u00e0 Paris","publisher":{"@id":"https:\/\/librairie7l.com\/en\/#organization"},"potentialAction":[{"@type":"SearchAction","target":{"@type":"EntryPoint","urlTemplate":"https:\/\/librairie7l.com\/en\/?s={search_term_string}"},"query-input":"required name=search_term_string"}],"inLanguage":"en-US"},{"@type":"Organization","@id":"https:\/\/librairie7l.com\/en\/#organization","name":"Librairie 7L","url":"https:\/\/librairie7l.com\/en\/","logo":{"@type":"ImageObject","inLanguage":"en-US","@id":"https:\/\/librairie7l.com\/en\/#\/schema\/logo\/image\/","url":"https:\/\/librairie7l.com\/wp-content\/uploads\/2022\/08\/logo-1.png","contentUrl":"https:\/\/librairie7l.com\/wp-content\/uploads\/2022\/08\/logo-1.png","width":227,"height":301,"caption":"Librairie 7L"},"image":{"@id":"https:\/\/librairie7l.com\/en\/#\/schema\/logo\/image\/"}}]}},"_links":{"self":[{"href":"https:\/\/librairie7l.com\/en\/wp-json\/wp\/v2\/product\/16779"}],"collection":[{"href":"https:\/\/librairie7l.com\/en\/wp-json\/wp\/v2\/product"}],"about":[{"href":"https:\/\/librairie7l.com\/en\/wp-json\/wp\/v2\/types\/product"}],"wp:featuredmedia":[{"embeddable":true,"href":"https:\/\/librairie7l.com\/en\/wp-json\/wp\/v2\/media\/16777"}],"wp:attachment":[{"href":"https:\/\/librairie7l.com\/en\/wp-json\/wp\/v2\/media?parent=16779"}],"wp:term":[{"taxonomy":"product_cat","embeddable":true,"href":"https:\/\/librairie7l.com\/en\/wp-json\/wp\/v2\/product_cat?post=16779"},{"taxonomy":"product_tag","embeddable":true,"href":"https:\/\/librairie7l.com\/en\/wp-json\/wp\/v2\/product_tag?post=16779"}],"curies":[{"name":"wp","href":"https:\/\/api.w.org\/{rel}","templated":true}]}}