{"id":16803,"date":"2023-05-09T17:22:14","date_gmt":"2023-05-09T15:22:14","guid":{"rendered":"https:\/\/librairie7l.com\/?post_type=product&#038;p=16803"},"modified":"2026-04-17T01:26:11","modified_gmt":"2026-04-16T23:26:11","slug":"egyptomanie-arts-deco","status":"publish","type":"product","link":"https:\/\/librairie7l.com\/en\/produit\/egyptomanie-arts-deco\/","title":{"rendered":"\u00c9GYPTOMANIE ARTS D\u00c9CO"},"content":{"rendered":"<p>Publi\u00e9 \u00e0 l&#8217;occasion des 100 ans de la d\u00e9couverte de la tombe de Toutankhamon et des 200 ans du d\u00e9chiffrage de la pierre de Rosette, ce livre r\u00e9pond \u00e0 un engouement et une curiosit\u00e9 toujours consid\u00e9rables pour l&#8217;\u00c9gyptomanie. Ce concept renvoie \u00e0 un imaginaire collectif suscit\u00e9 par le songe, qui a \u00e9t\u00e9 nourri tout au long des XIXe et XXe si\u00e8cles par les fouilles arch\u00e9ologiques et les grands voyages. Ces d\u00e9couvertes majeures ont \u00e9t\u00e9 un terreau fertile pour la cr\u00e9ation et particuli\u00e8rement pour les artistes Art d\u00e9co qui trouv\u00e8rent dans ses lignes et ses motifs, l&#8217;inspiration. \u00c9gyptomanie Art d\u00e9co explore les origines et le fonctionnement de ce processus culturel et artistique, fa\u00e7onn\u00e9 par une multitude de champs. Publique, fun\u00e9raire ou m\u00eame \u00e9sot\u00e9rique, l&#8217;architecture en est un t\u00e9moin majeur. Le cin\u00e9ma parisien le Louxor, du nom de la ville \u00e9ponyme arbore d\u00e8s 1921, des formes et des d\u00e9cors emprunt\u00e9s au monde des pharaons. Figures monumentales prot\u00e9geant le canal de Suez ou bestiaire d&#8217;inspiration \u00e9gyptienne, les sculpteurs prennent part au jeu. L&#8217;art populaire qui s&#8217;immisce dans la maison en est \u00e9galement impr\u00e9gn\u00e9 : bougeoirs et pendulettes sont d\u00e9cor\u00e9s d&#8217;oeil d&#8217;Horus et de fleurs de lotus. Affiches, d\u00e9cors et costumes pour les arts de la sc\u00e8ne se mettent au go\u00fbt du jour, quant au m\u00eame moment, Claudette Colbert incarne Cl\u00e9op\u00e2tre. Enfin, les cr\u00e9ations des grandes maisons telles que Lanvin ou Cartier associent dans leurs mod\u00e8les, l&#8217;antique et l&#8217;esprit des ann\u00e9es 20. \u00c9gyptomanie Art d\u00e9co est agr\u00e9ment\u00e9 d&#8217;une iconographie explicite et in\u00e9dite et s&#8217;inscrit dans la collection Art d\u00e9co, d\u00e9j\u00e0 compos\u00e9 de deux livres : 1925, quand l&#8217;Art d\u00e9co s\u00e9duit le monde et Art d\u00e9co France-Am\u00e9rique du Nord.<\/p>\n","protected":false},"excerpt":{"rendered":"<p>Publi\u00e9 \u00e0 l&#8217;occasion des 100 ans de la d\u00e9couverte de la tombe de Toutankhamon et des 200 ans du d\u00e9chiffrage de la pierre de Rosette, ce livre r\u00e9pond \u00e0 un engouement et une curiosit\u00e9 toujours consid\u00e9rables pour l&#8217;\u00c9gyptomanie. Ce concept renvoie \u00e0 un imaginaire collectif suscit\u00e9 par le songe, qui a \u00e9t\u00e9 nourri tout au [&hellip;]<\/p>\n","protected":false},"featured_media":16801,"template":"","meta":[],"product_cat":[55,2948,18,2952],"product_tag":[],"acf":[],"yoast_head":"<!-- This site is optimized with the Yoast SEO plugin v20.11 - https:\/\/yoast.com\/wordpress\/plugins\/seo\/ -->\n<title>\u00c9GYPTOMANIE ARTS D\u00c9CO - Librairie 7L<\/title>\n<meta name=\"robots\" content=\"index, follow, max-snippet:-1, max-image-preview:large, max-video-preview:-1\" \/>\n<link rel=\"canonical\" href=\"https:\/\/librairie7l.com\/en\/produit\/egyptomanie-arts-deco\/\" \/>\n<meta property=\"og:locale\" content=\"en_US\" \/>\n<meta property=\"og:type\" content=\"article\" \/>\n<meta property=\"og:title\" content=\"\u00c9GYPTOMANIE ARTS D\u00c9CO - Librairie 7L\" \/>\n<meta property=\"og:description\" content=\"Publi\u00e9 \u00e0 l&#8217;occasion des 100 ans de la d\u00e9couverte de la tombe de Toutankhamon et des 200 ans du d\u00e9chiffrage de la pierre de Rosette, ce livre r\u00e9pond \u00e0 un engouement et une curiosit\u00e9 toujours consid\u00e9rables pour l&#8217;\u00c9gyptomanie. Ce concept renvoie \u00e0 un imaginaire collectif suscit\u00e9 par le songe, qui a \u00e9t\u00e9 nourri tout au [&hellip;]\" \/>\n<meta property=\"og:url\" content=\"https:\/\/librairie7l.com\/en\/produit\/egyptomanie-arts-deco\/\" \/>\n<meta property=\"og:site_name\" content=\"Librairie 7L\" \/>\n<meta property=\"article:modified_time\" content=\"2026-04-16T23:26:11+00:00\" \/>\n<meta property=\"og:image\" content=\"https:\/\/librairie7l.com\/wp-content\/uploads\/2022\/11\/9782376660644_1_75.jpg\" \/>\n\t<meta property=\"og:image:width\" content=\"600\" \/>\n\t<meta property=\"og:image:height\" content=\"743\" \/>\n\t<meta property=\"og:image:type\" content=\"image\/jpeg\" \/>\n<meta name=\"twitter:card\" content=\"summary_large_image\" \/>\n<meta name=\"twitter:label1\" content=\"Est. reading time\" \/>\n\t<meta name=\"twitter:data1\" content=\"2 minutes\" \/>\n<script type=\"application\/ld+json\" class=\"yoast-schema-graph\">{\"@context\":\"https:\/\/schema.org\",\"@graph\":[{\"@type\":\"WebPage\",\"@id\":\"https:\/\/librairie7l.com\/en\/produit\/egyptomanie-arts-deco\/\",\"url\":\"https:\/\/librairie7l.com\/en\/produit\/egyptomanie-arts-deco\/\",\"name\":\"\u00c9GYPTOMANIE ARTS D\u00c9CO - Librairie 7L\",\"isPartOf\":{\"@id\":\"https:\/\/librairie7l.com\/en\/#website\"},\"datePublished\":\"2023-05-09T15:22:14+00:00\",\"dateModified\":\"2026-04-16T23:26:11+00:00\",\"breadcrumb\":{\"@id\":\"https:\/\/librairie7l.com\/en\/produit\/egyptomanie-arts-deco\/#breadcrumb\"},\"inLanguage\":\"en-US\",\"potentialAction\":[{\"@type\":\"ReadAction\",\"target\":[\"https:\/\/librairie7l.com\/en\/produit\/egyptomanie-arts-deco\/\"]}]},{\"@type\":\"BreadcrumbList\",\"@id\":\"https:\/\/librairie7l.com\/en\/produit\/egyptomanie-arts-deco\/#breadcrumb\",\"itemListElement\":[{\"@type\":\"ListItem\",\"position\":1,\"name\":\"Accueil\",\"item\":\"https:\/\/librairie7l.com\/en\/\"},{\"@type\":\"ListItem\",\"position\":2,\"name\":\"Shop\",\"item\":\"https:\/\/librairie7l.com\/en\/shop\/\"},{\"@type\":\"ListItem\",\"position\":3,\"name\":\"\u00c9GYPTOMANIE ARTS D\u00c9CO\"}]},{\"@type\":\"WebSite\",\"@id\":\"https:\/\/librairie7l.com\/en\/#website\",\"url\":\"https:\/\/librairie7l.com\/en\/\",\"name\":\"Librairie 7L\",\"description\":\"Librairie fond\u00e9e en 1999 par Karl Lagerfeld \u00e0 Paris\",\"publisher\":{\"@id\":\"https:\/\/librairie7l.com\/en\/#organization\"},\"potentialAction\":[{\"@type\":\"SearchAction\",\"target\":{\"@type\":\"EntryPoint\",\"urlTemplate\":\"https:\/\/librairie7l.com\/en\/?s={search_term_string}\"},\"query-input\":\"required name=search_term_string\"}],\"inLanguage\":\"en-US\"},{\"@type\":\"Organization\",\"@id\":\"https:\/\/librairie7l.com\/en\/#organization\",\"name\":\"Librairie 7L\",\"url\":\"https:\/\/librairie7l.com\/en\/\",\"logo\":{\"@type\":\"ImageObject\",\"inLanguage\":\"en-US\",\"@id\":\"https:\/\/librairie7l.com\/en\/#\/schema\/logo\/image\/\",\"url\":\"https:\/\/librairie7l.com\/wp-content\/uploads\/2022\/08\/logo-1.png\",\"contentUrl\":\"https:\/\/librairie7l.com\/wp-content\/uploads\/2022\/08\/logo-1.png\",\"width\":227,\"height\":301,\"caption\":\"Librairie 7L\"},\"image\":{\"@id\":\"https:\/\/librairie7l.com\/en\/#\/schema\/logo\/image\/\"}}]}<\/script>\n<!-- \/ Yoast SEO plugin. -->","yoast_head_json":{"title":"\u00c9GYPTOMANIE ARTS D\u00c9CO - Librairie 7L","robots":{"index":"index","follow":"follow","max-snippet":"max-snippet:-1","max-image-preview":"max-image-preview:large","max-video-preview":"max-video-preview:-1"},"canonical":"https:\/\/librairie7l.com\/en\/produit\/egyptomanie-arts-deco\/","og_locale":"en_US","og_type":"article","og_title":"\u00c9GYPTOMANIE ARTS D\u00c9CO - Librairie 7L","og_description":"Publi\u00e9 \u00e0 l&#8217;occasion des 100 ans de la d\u00e9couverte de la tombe de Toutankhamon et des 200 ans du d\u00e9chiffrage de la pierre de Rosette, ce livre r\u00e9pond \u00e0 un engouement et une curiosit\u00e9 toujours consid\u00e9rables pour l&#8217;\u00c9gyptomanie. Ce concept renvoie \u00e0 un imaginaire collectif suscit\u00e9 par le songe, qui a \u00e9t\u00e9 nourri tout au [&hellip;]","og_url":"https:\/\/librairie7l.com\/en\/produit\/egyptomanie-arts-deco\/","og_site_name":"Librairie 7L","article_modified_time":"2026-04-16T23:26:11+00:00","og_image":[{"width":600,"height":743,"url":"https:\/\/librairie7l.com\/wp-content\/uploads\/2022\/11\/9782376660644_1_75.jpg","type":"image\/jpeg"}],"twitter_card":"summary_large_image","twitter_misc":{"Est. reading time":"2 minutes"},"schema":{"@context":"https:\/\/schema.org","@graph":[{"@type":"WebPage","@id":"https:\/\/librairie7l.com\/en\/produit\/egyptomanie-arts-deco\/","url":"https:\/\/librairie7l.com\/en\/produit\/egyptomanie-arts-deco\/","name":"\u00c9GYPTOMANIE ARTS D\u00c9CO - Librairie 7L","isPartOf":{"@id":"https:\/\/librairie7l.com\/en\/#website"},"datePublished":"2023-05-09T15:22:14+00:00","dateModified":"2026-04-16T23:26:11+00:00","breadcrumb":{"@id":"https:\/\/librairie7l.com\/en\/produit\/egyptomanie-arts-deco\/#breadcrumb"},"inLanguage":"en-US","potentialAction":[{"@type":"ReadAction","target":["https:\/\/librairie7l.com\/en\/produit\/egyptomanie-arts-deco\/"]}]},{"@type":"BreadcrumbList","@id":"https:\/\/librairie7l.com\/en\/produit\/egyptomanie-arts-deco\/#breadcrumb","itemListElement":[{"@type":"ListItem","position":1,"name":"Accueil","item":"https:\/\/librairie7l.com\/en\/"},{"@type":"ListItem","position":2,"name":"Shop","item":"https:\/\/librairie7l.com\/en\/shop\/"},{"@type":"ListItem","position":3,"name":"\u00c9GYPTOMANIE ARTS D\u00c9CO"}]},{"@type":"WebSite","@id":"https:\/\/librairie7l.com\/en\/#website","url":"https:\/\/librairie7l.com\/en\/","name":"Librairie 7L","description":"Librairie fond\u00e9e en 1999 par Karl Lagerfeld \u00e0 Paris","publisher":{"@id":"https:\/\/librairie7l.com\/en\/#organization"},"potentialAction":[{"@type":"SearchAction","target":{"@type":"EntryPoint","urlTemplate":"https:\/\/librairie7l.com\/en\/?s={search_term_string}"},"query-input":"required name=search_term_string"}],"inLanguage":"en-US"},{"@type":"Organization","@id":"https:\/\/librairie7l.com\/en\/#organization","name":"Librairie 7L","url":"https:\/\/librairie7l.com\/en\/","logo":{"@type":"ImageObject","inLanguage":"en-US","@id":"https:\/\/librairie7l.com\/en\/#\/schema\/logo\/image\/","url":"https:\/\/librairie7l.com\/wp-content\/uploads\/2022\/08\/logo-1.png","contentUrl":"https:\/\/librairie7l.com\/wp-content\/uploads\/2022\/08\/logo-1.png","width":227,"height":301,"caption":"Librairie 7L"},"image":{"@id":"https:\/\/librairie7l.com\/en\/#\/schema\/logo\/image\/"}}]}},"_links":{"self":[{"href":"https:\/\/librairie7l.com\/en\/wp-json\/wp\/v2\/product\/16803"}],"collection":[{"href":"https:\/\/librairie7l.com\/en\/wp-json\/wp\/v2\/product"}],"about":[{"href":"https:\/\/librairie7l.com\/en\/wp-json\/wp\/v2\/types\/product"}],"wp:featuredmedia":[{"embeddable":true,"href":"https:\/\/librairie7l.com\/en\/wp-json\/wp\/v2\/media\/16801"}],"wp:attachment":[{"href":"https:\/\/librairie7l.com\/en\/wp-json\/wp\/v2\/media?parent=16803"}],"wp:term":[{"taxonomy":"product_cat","embeddable":true,"href":"https:\/\/librairie7l.com\/en\/wp-json\/wp\/v2\/product_cat?post=16803"},{"taxonomy":"product_tag","embeddable":true,"href":"https:\/\/librairie7l.com\/en\/wp-json\/wp\/v2\/product_tag?post=16803"}],"curies":[{"name":"wp","href":"https:\/\/api.w.org\/{rel}","templated":true}]}}