{"id":16823,"date":"2023-05-09T17:22:30","date_gmt":"2023-05-09T15:22:30","guid":{"rendered":"https:\/\/librairie7l.com\/?post_type=product&#038;p=16823"},"modified":"2026-04-18T18:07:19","modified_gmt":"2026-04-18T16:07:19","slug":"la-collection-destampes-japonaises-de-claude-monet","status":"publish","type":"product","link":"https:\/\/librairie7l.com\/en\/produit\/la-collection-destampes-japonaises-de-claude-monet\/","title":{"rendered":"LA COLLECTION D&#8217;ESTAMPES JAPONAISES DE CLAUDE MONET"},"content":{"rendered":"<p>Genevi\u00e8ve Aitken et Marianne Delafond ont \u00e9tabli avec pr\u00e9cision le catalogue de l&#8217;exceptionnelle collection d&#8217;estampes japonaises r\u00e9unie par Claude Monet et conserv\u00e9e \u00e0 Giverny. Voici une nouvelle \u00e9dition exhaustive et enrichie de cet ouvrage qui est un pr\u00e9cieux t\u00e9moignage du go\u00fbt et de la passion de l&#8217;artiste pour le style ukiyo-e, ces &#8220;images d&#8217;un monde flottant&#8221; qui semble \u00eatre la parfaite d\u00e9finition de l&#8217;impressionnisme et des ultimes peintures des Nymph\u00e9as&#8230;<\/p>\n","protected":false},"excerpt":{"rendered":"<p>Genevi\u00e8ve Aitken et Marianne Delafond ont \u00e9tabli avec pr\u00e9cision le catalogue de l&#8217;exceptionnelle collection d&#8217;estampes japonaises r\u00e9unie par Claude Monet et conserv\u00e9e \u00e0 Giverny. Voici une nouvelle \u00e9dition exhaustive et enrichie de cet ouvrage qui est un pr\u00e9cieux t\u00e9moignage du go\u00fbt et de la passion de l&#8217;artiste pour le style ukiyo-e, ces &#8220;images d&#8217;un monde [&hellip;]<\/p>\n","protected":false},"featured_media":16821,"template":"","meta":[],"product_cat":[55,2948,47,2953],"product_tag":[],"acf":[],"yoast_head":"<!-- This site is optimized with the Yoast SEO plugin v20.11 - https:\/\/yoast.com\/wordpress\/plugins\/seo\/ -->\n<title>LA COLLECTION D&#039;ESTAMPES JAPONAISES DE CLAUDE MONET - Librairie 7L<\/title>\n<meta name=\"robots\" content=\"index, follow, max-snippet:-1, max-image-preview:large, max-video-preview:-1\" \/>\n<link rel=\"canonical\" href=\"https:\/\/librairie7l.com\/en\/produit\/la-collection-destampes-japonaises-de-claude-monet\/\" \/>\n<meta property=\"og:locale\" content=\"en_US\" \/>\n<meta property=\"og:type\" content=\"article\" \/>\n<meta property=\"og:title\" content=\"LA COLLECTION D&#039;ESTAMPES JAPONAISES DE CLAUDE MONET - Librairie 7L\" \/>\n<meta property=\"og:description\" content=\"Genevi\u00e8ve Aitken et Marianne Delafond ont \u00e9tabli avec pr\u00e9cision le catalogue de l&#8217;exceptionnelle collection d&#8217;estampes japonaises r\u00e9unie par Claude Monet et conserv\u00e9e \u00e0 Giverny. Voici une nouvelle \u00e9dition exhaustive et enrichie de cet ouvrage qui est un pr\u00e9cieux t\u00e9moignage du go\u00fbt et de la passion de l&#8217;artiste pour le style ukiyo-e, ces &#8220;images d&#8217;un monde [&hellip;]\" \/>\n<meta property=\"og:url\" content=\"https:\/\/librairie7l.com\/en\/produit\/la-collection-destampes-japonaises-de-claude-monet\/\" \/>\n<meta property=\"og:site_name\" content=\"Librairie 7L\" \/>\n<meta property=\"article:modified_time\" content=\"2026-04-18T16:07:19+00:00\" \/>\n<meta property=\"og:image\" content=\"https:\/\/librairie7l.com\/wp-content\/uploads\/2022\/06\/9782353403615_1_75.jpg\" \/>\n\t<meta property=\"og:image:width\" content=\"400\" \/>\n\t<meta property=\"og:image:height\" content=\"500\" \/>\n\t<meta property=\"og:image:type\" content=\"image\/jpeg\" \/>\n<meta name=\"twitter:card\" content=\"summary_large_image\" \/>\n<script type=\"application\/ld+json\" class=\"yoast-schema-graph\">{\"@context\":\"https:\/\/schema.org\",\"@graph\":[{\"@type\":\"WebPage\",\"@id\":\"https:\/\/librairie7l.com\/en\/produit\/la-collection-destampes-japonaises-de-claude-monet\/\",\"url\":\"https:\/\/librairie7l.com\/en\/produit\/la-collection-destampes-japonaises-de-claude-monet\/\",\"name\":\"LA COLLECTION D'ESTAMPES JAPONAISES DE CLAUDE MONET - Librairie 7L\",\"isPartOf\":{\"@id\":\"https:\/\/librairie7l.com\/en\/#website\"},\"datePublished\":\"2023-05-09T15:22:30+00:00\",\"dateModified\":\"2026-04-18T16:07:19+00:00\",\"breadcrumb\":{\"@id\":\"https:\/\/librairie7l.com\/en\/produit\/la-collection-destampes-japonaises-de-claude-monet\/#breadcrumb\"},\"inLanguage\":\"en-US\",\"potentialAction\":[{\"@type\":\"ReadAction\",\"target\":[\"https:\/\/librairie7l.com\/en\/produit\/la-collection-destampes-japonaises-de-claude-monet\/\"]}]},{\"@type\":\"BreadcrumbList\",\"@id\":\"https:\/\/librairie7l.com\/en\/produit\/la-collection-destampes-japonaises-de-claude-monet\/#breadcrumb\",\"itemListElement\":[{\"@type\":\"ListItem\",\"position\":1,\"name\":\"Accueil\",\"item\":\"https:\/\/librairie7l.com\/en\/\"},{\"@type\":\"ListItem\",\"position\":2,\"name\":\"Shop\",\"item\":\"https:\/\/librairie7l.com\/en\/shop\/\"},{\"@type\":\"ListItem\",\"position\":3,\"name\":\"LA COLLECTION D&#8217;ESTAMPES JAPONAISES DE CLAUDE MONET\"}]},{\"@type\":\"WebSite\",\"@id\":\"https:\/\/librairie7l.com\/en\/#website\",\"url\":\"https:\/\/librairie7l.com\/en\/\",\"name\":\"Librairie 7L\",\"description\":\"Librairie fond\u00e9e en 1999 par Karl Lagerfeld \u00e0 Paris\",\"publisher\":{\"@id\":\"https:\/\/librairie7l.com\/en\/#organization\"},\"potentialAction\":[{\"@type\":\"SearchAction\",\"target\":{\"@type\":\"EntryPoint\",\"urlTemplate\":\"https:\/\/librairie7l.com\/en\/?s={search_term_string}\"},\"query-input\":\"required name=search_term_string\"}],\"inLanguage\":\"en-US\"},{\"@type\":\"Organization\",\"@id\":\"https:\/\/librairie7l.com\/en\/#organization\",\"name\":\"Librairie 7L\",\"url\":\"https:\/\/librairie7l.com\/en\/\",\"logo\":{\"@type\":\"ImageObject\",\"inLanguage\":\"en-US\",\"@id\":\"https:\/\/librairie7l.com\/en\/#\/schema\/logo\/image\/\",\"url\":\"https:\/\/librairie7l.com\/wp-content\/uploads\/2022\/08\/logo-1.png\",\"contentUrl\":\"https:\/\/librairie7l.com\/wp-content\/uploads\/2022\/08\/logo-1.png\",\"width\":227,\"height\":301,\"caption\":\"Librairie 7L\"},\"image\":{\"@id\":\"https:\/\/librairie7l.com\/en\/#\/schema\/logo\/image\/\"}}]}<\/script>\n<!-- \/ Yoast SEO plugin. -->","yoast_head_json":{"title":"LA COLLECTION D'ESTAMPES JAPONAISES DE CLAUDE MONET - Librairie 7L","robots":{"index":"index","follow":"follow","max-snippet":"max-snippet:-1","max-image-preview":"max-image-preview:large","max-video-preview":"max-video-preview:-1"},"canonical":"https:\/\/librairie7l.com\/en\/produit\/la-collection-destampes-japonaises-de-claude-monet\/","og_locale":"en_US","og_type":"article","og_title":"LA COLLECTION D'ESTAMPES JAPONAISES DE CLAUDE MONET - Librairie 7L","og_description":"Genevi\u00e8ve Aitken et Marianne Delafond ont \u00e9tabli avec pr\u00e9cision le catalogue de l&#8217;exceptionnelle collection d&#8217;estampes japonaises r\u00e9unie par Claude Monet et conserv\u00e9e \u00e0 Giverny. Voici une nouvelle \u00e9dition exhaustive et enrichie de cet ouvrage qui est un pr\u00e9cieux t\u00e9moignage du go\u00fbt et de la passion de l&#8217;artiste pour le style ukiyo-e, ces &#8220;images d&#8217;un monde [&hellip;]","og_url":"https:\/\/librairie7l.com\/en\/produit\/la-collection-destampes-japonaises-de-claude-monet\/","og_site_name":"Librairie 7L","article_modified_time":"2026-04-18T16:07:19+00:00","og_image":[{"width":400,"height":500,"url":"https:\/\/librairie7l.com\/wp-content\/uploads\/2022\/06\/9782353403615_1_75.jpg","type":"image\/jpeg"}],"twitter_card":"summary_large_image","schema":{"@context":"https:\/\/schema.org","@graph":[{"@type":"WebPage","@id":"https:\/\/librairie7l.com\/en\/produit\/la-collection-destampes-japonaises-de-claude-monet\/","url":"https:\/\/librairie7l.com\/en\/produit\/la-collection-destampes-japonaises-de-claude-monet\/","name":"LA COLLECTION D'ESTAMPES JAPONAISES DE CLAUDE MONET - Librairie 7L","isPartOf":{"@id":"https:\/\/librairie7l.com\/en\/#website"},"datePublished":"2023-05-09T15:22:30+00:00","dateModified":"2026-04-18T16:07:19+00:00","breadcrumb":{"@id":"https:\/\/librairie7l.com\/en\/produit\/la-collection-destampes-japonaises-de-claude-monet\/#breadcrumb"},"inLanguage":"en-US","potentialAction":[{"@type":"ReadAction","target":["https:\/\/librairie7l.com\/en\/produit\/la-collection-destampes-japonaises-de-claude-monet\/"]}]},{"@type":"BreadcrumbList","@id":"https:\/\/librairie7l.com\/en\/produit\/la-collection-destampes-japonaises-de-claude-monet\/#breadcrumb","itemListElement":[{"@type":"ListItem","position":1,"name":"Accueil","item":"https:\/\/librairie7l.com\/en\/"},{"@type":"ListItem","position":2,"name":"Shop","item":"https:\/\/librairie7l.com\/en\/shop\/"},{"@type":"ListItem","position":3,"name":"LA COLLECTION D&#8217;ESTAMPES JAPONAISES DE CLAUDE MONET"}]},{"@type":"WebSite","@id":"https:\/\/librairie7l.com\/en\/#website","url":"https:\/\/librairie7l.com\/en\/","name":"Librairie 7L","description":"Librairie fond\u00e9e en 1999 par Karl Lagerfeld \u00e0 Paris","publisher":{"@id":"https:\/\/librairie7l.com\/en\/#organization"},"potentialAction":[{"@type":"SearchAction","target":{"@type":"EntryPoint","urlTemplate":"https:\/\/librairie7l.com\/en\/?s={search_term_string}"},"query-input":"required name=search_term_string"}],"inLanguage":"en-US"},{"@type":"Organization","@id":"https:\/\/librairie7l.com\/en\/#organization","name":"Librairie 7L","url":"https:\/\/librairie7l.com\/en\/","logo":{"@type":"ImageObject","inLanguage":"en-US","@id":"https:\/\/librairie7l.com\/en\/#\/schema\/logo\/image\/","url":"https:\/\/librairie7l.com\/wp-content\/uploads\/2022\/08\/logo-1.png","contentUrl":"https:\/\/librairie7l.com\/wp-content\/uploads\/2022\/08\/logo-1.png","width":227,"height":301,"caption":"Librairie 7L"},"image":{"@id":"https:\/\/librairie7l.com\/en\/#\/schema\/logo\/image\/"}}]}},"_links":{"self":[{"href":"https:\/\/librairie7l.com\/en\/wp-json\/wp\/v2\/product\/16823"}],"collection":[{"href":"https:\/\/librairie7l.com\/en\/wp-json\/wp\/v2\/product"}],"about":[{"href":"https:\/\/librairie7l.com\/en\/wp-json\/wp\/v2\/types\/product"}],"wp:featuredmedia":[{"embeddable":true,"href":"https:\/\/librairie7l.com\/en\/wp-json\/wp\/v2\/media\/16821"}],"wp:attachment":[{"href":"https:\/\/librairie7l.com\/en\/wp-json\/wp\/v2\/media?parent=16823"}],"wp:term":[{"taxonomy":"product_cat","embeddable":true,"href":"https:\/\/librairie7l.com\/en\/wp-json\/wp\/v2\/product_cat?post=16823"},{"taxonomy":"product_tag","embeddable":true,"href":"https:\/\/librairie7l.com\/en\/wp-json\/wp\/v2\/product_tag?post=16823"}],"curies":[{"name":"wp","href":"https:\/\/api.w.org\/{rel}","templated":true}]}}