{"id":16827,"date":"2023-05-09T17:22:34","date_gmt":"2023-05-09T15:22:34","guid":{"rendered":"https:\/\/librairie7l.com\/?post_type=product&#038;p=16827"},"modified":"2026-04-29T00:53:58","modified_gmt":"2026-04-28T22:53:58","slug":"edouard-albert","status":"publish","type":"product","link":"https:\/\/librairie7l.com\/en\/produit\/edouard-albert\/","title":{"rendered":"EDOUARD ALBERT"},"content":{"rendered":"<p>\u00c9douard Albert (1910-1968), connu pour avoir con\u00e7u le premier &#8221; gratte-ciel &#8221; de Paris, a marqu\u00e9 l&#8217;histoire de l&#8217;architecture en France en d\u00e9veloppant le principe de la construction tubulaire, qui associe tubes d&#8217;acier et b\u00e9ton.<br \/>\n\u00c9douard Albert (1910-1968) a marqu\u00e9 l&#8217;histoire de l&#8217;architecture en France en d\u00e9veloppant le principe de la construction tubulaire, qui associe tubes d&#8217;acier et b\u00e9ton. L&#8217;architecte \u00e9l\u00e8ve ainsi en 1961, rue Croulebarbe, le premier immeuble de grande hauteur de Paris, surnomm\u00e9 &#8221; gratte-ciel no 1 &#8220;. Au coeur de la capitale, le campus universitaire de Jussieu sera b\u00e2ti selon le m\u00eame principe alliant l\u00e9g\u00e8ret\u00e9 et flexibilit\u00e9.<\/p>\n<p>Dans ces deux r\u00e9alisations manifestes, comme dans la plupart de ses projets, Albert exprime son attachement \u00e0 la synth\u00e8se des arts en invitant peintres, sculpteurs, muralistes \u00e0 compl\u00e9ter son travail d&#8217;architecte.<\/p>\n<p>Cet ouvrage pr\u00e9sente pour la premi\u00e8re fois l&#8217;ensemble de ce parcours singulier, marqu\u00e9 par la recherche constante de l&#8217;invention : des projets d&#8217;\u00e9glises aux propositions futuristes pour le commandant Cousteau en passant par la construction de maisons pr\u00e9fabriqu\u00e9es (Minimax) et d&#8217;une superbe biblioth\u00e8que universitaire \u00e0 Nanterre. \u00c9douard Albert a exp\u00e9riment\u00e9 tous les mat\u00e9riaux et une grande vari\u00e9t\u00e9 de formes. Th\u00e9oricien, designer, enseignant, il a pleinement incarn\u00e9 les aspirations de son temps.<\/p>\n","protected":false},"excerpt":{"rendered":"<p>\u00c9douard Albert (1910-1968), connu pour avoir con\u00e7u le premier &#8221; gratte-ciel &#8221; de Paris, a marqu\u00e9 l&#8217;histoire de l&#8217;architecture en France en d\u00e9veloppant le principe de la construction tubulaire, qui associe tubes d&#8217;acier et b\u00e9ton. \u00c9douard Albert (1910-1968) a marqu\u00e9 l&#8217;histoire de l&#8217;architecture en France en d\u00e9veloppant le principe de la construction tubulaire, qui associe [&hellip;]<\/p>\n","protected":false},"featured_media":16825,"template":"","meta":[],"product_cat":[55,2948,22,2950],"product_tag":[],"acf":[],"yoast_head":"<!-- This site is optimized with the Yoast SEO plugin v20.11 - https:\/\/yoast.com\/wordpress\/plugins\/seo\/ -->\n<title>EDOUARD ALBERT - Librairie 7L<\/title>\n<meta name=\"robots\" content=\"index, follow, max-snippet:-1, max-image-preview:large, max-video-preview:-1\" \/>\n<link rel=\"canonical\" href=\"https:\/\/librairie7l.com\/en\/produit\/edouard-albert\/\" \/>\n<meta property=\"og:locale\" content=\"en_US\" \/>\n<meta property=\"og:type\" content=\"article\" \/>\n<meta property=\"og:title\" content=\"EDOUARD ALBERT - Librairie 7L\" \/>\n<meta property=\"og:description\" content=\"\u00c9douard Albert (1910-1968), connu pour avoir con\u00e7u le premier &#8221; gratte-ciel &#8221; de Paris, a marqu\u00e9 l&#8217;histoire de l&#8217;architecture en France en d\u00e9veloppant le principe de la construction tubulaire, qui associe tubes d&#8217;acier et b\u00e9ton. \u00c9douard Albert (1910-1968) a marqu\u00e9 l&#8217;histoire de l&#8217;architecture en France en d\u00e9veloppant le principe de la construction tubulaire, qui associe [&hellip;]\" \/>\n<meta property=\"og:url\" content=\"https:\/\/librairie7l.com\/en\/produit\/edouard-albert\/\" \/>\n<meta property=\"og:site_name\" content=\"Librairie 7L\" \/>\n<meta property=\"article:modified_time\" content=\"2026-04-28T22:53:58+00:00\" \/>\n<meta property=\"og:image\" content=\"https:\/\/librairie7l.com\/wp-content\/uploads\/2023\/04\/9782757708460_1_75.jpg\" \/>\n\t<meta property=\"og:image:width\" content=\"400\" \/>\n\t<meta property=\"og:image:height\" content=\"509\" \/>\n\t<meta property=\"og:image:type\" content=\"image\/jpeg\" \/>\n<meta name=\"twitter:card\" content=\"summary_large_image\" \/>\n<meta name=\"twitter:label1\" content=\"Est. reading time\" \/>\n\t<meta name=\"twitter:data1\" content=\"1 minute\" \/>\n<script type=\"application\/ld+json\" class=\"yoast-schema-graph\">{\"@context\":\"https:\/\/schema.org\",\"@graph\":[{\"@type\":\"WebPage\",\"@id\":\"https:\/\/librairie7l.com\/en\/produit\/edouard-albert\/\",\"url\":\"https:\/\/librairie7l.com\/en\/produit\/edouard-albert\/\",\"name\":\"EDOUARD ALBERT - Librairie 7L\",\"isPartOf\":{\"@id\":\"https:\/\/librairie7l.com\/en\/#website\"},\"datePublished\":\"2023-05-09T15:22:34+00:00\",\"dateModified\":\"2026-04-28T22:53:58+00:00\",\"breadcrumb\":{\"@id\":\"https:\/\/librairie7l.com\/en\/produit\/edouard-albert\/#breadcrumb\"},\"inLanguage\":\"en-US\",\"potentialAction\":[{\"@type\":\"ReadAction\",\"target\":[\"https:\/\/librairie7l.com\/en\/produit\/edouard-albert\/\"]}]},{\"@type\":\"BreadcrumbList\",\"@id\":\"https:\/\/librairie7l.com\/en\/produit\/edouard-albert\/#breadcrumb\",\"itemListElement\":[{\"@type\":\"ListItem\",\"position\":1,\"name\":\"Accueil\",\"item\":\"https:\/\/librairie7l.com\/en\/\"},{\"@type\":\"ListItem\",\"position\":2,\"name\":\"Shop\",\"item\":\"https:\/\/librairie7l.com\/en\/shop\/\"},{\"@type\":\"ListItem\",\"position\":3,\"name\":\"EDOUARD ALBERT\"}]},{\"@type\":\"WebSite\",\"@id\":\"https:\/\/librairie7l.com\/en\/#website\",\"url\":\"https:\/\/librairie7l.com\/en\/\",\"name\":\"Librairie 7L\",\"description\":\"Librairie fond\u00e9e en 1999 par Karl Lagerfeld \u00e0 Paris\",\"publisher\":{\"@id\":\"https:\/\/librairie7l.com\/en\/#organization\"},\"potentialAction\":[{\"@type\":\"SearchAction\",\"target\":{\"@type\":\"EntryPoint\",\"urlTemplate\":\"https:\/\/librairie7l.com\/en\/?s={search_term_string}\"},\"query-input\":\"required name=search_term_string\"}],\"inLanguage\":\"en-US\"},{\"@type\":\"Organization\",\"@id\":\"https:\/\/librairie7l.com\/en\/#organization\",\"name\":\"Librairie 7L\",\"url\":\"https:\/\/librairie7l.com\/en\/\",\"logo\":{\"@type\":\"ImageObject\",\"inLanguage\":\"en-US\",\"@id\":\"https:\/\/librairie7l.com\/en\/#\/schema\/logo\/image\/\",\"url\":\"https:\/\/librairie7l.com\/wp-content\/uploads\/2022\/08\/logo-1.png\",\"contentUrl\":\"https:\/\/librairie7l.com\/wp-content\/uploads\/2022\/08\/logo-1.png\",\"width\":227,\"height\":301,\"caption\":\"Librairie 7L\"},\"image\":{\"@id\":\"https:\/\/librairie7l.com\/en\/#\/schema\/logo\/image\/\"}}]}<\/script>\n<!-- \/ Yoast SEO plugin. -->","yoast_head_json":{"title":"EDOUARD ALBERT - Librairie 7L","robots":{"index":"index","follow":"follow","max-snippet":"max-snippet:-1","max-image-preview":"max-image-preview:large","max-video-preview":"max-video-preview:-1"},"canonical":"https:\/\/librairie7l.com\/en\/produit\/edouard-albert\/","og_locale":"en_US","og_type":"article","og_title":"EDOUARD ALBERT - Librairie 7L","og_description":"\u00c9douard Albert (1910-1968), connu pour avoir con\u00e7u le premier &#8221; gratte-ciel &#8221; de Paris, a marqu\u00e9 l&#8217;histoire de l&#8217;architecture en France en d\u00e9veloppant le principe de la construction tubulaire, qui associe tubes d&#8217;acier et b\u00e9ton. \u00c9douard Albert (1910-1968) a marqu\u00e9 l&#8217;histoire de l&#8217;architecture en France en d\u00e9veloppant le principe de la construction tubulaire, qui associe [&hellip;]","og_url":"https:\/\/librairie7l.com\/en\/produit\/edouard-albert\/","og_site_name":"Librairie 7L","article_modified_time":"2026-04-28T22:53:58+00:00","og_image":[{"width":400,"height":509,"url":"https:\/\/librairie7l.com\/wp-content\/uploads\/2023\/04\/9782757708460_1_75.jpg","type":"image\/jpeg"}],"twitter_card":"summary_large_image","twitter_misc":{"Est. reading time":"1 minute"},"schema":{"@context":"https:\/\/schema.org","@graph":[{"@type":"WebPage","@id":"https:\/\/librairie7l.com\/en\/produit\/edouard-albert\/","url":"https:\/\/librairie7l.com\/en\/produit\/edouard-albert\/","name":"EDOUARD ALBERT - Librairie 7L","isPartOf":{"@id":"https:\/\/librairie7l.com\/en\/#website"},"datePublished":"2023-05-09T15:22:34+00:00","dateModified":"2026-04-28T22:53:58+00:00","breadcrumb":{"@id":"https:\/\/librairie7l.com\/en\/produit\/edouard-albert\/#breadcrumb"},"inLanguage":"en-US","potentialAction":[{"@type":"ReadAction","target":["https:\/\/librairie7l.com\/en\/produit\/edouard-albert\/"]}]},{"@type":"BreadcrumbList","@id":"https:\/\/librairie7l.com\/en\/produit\/edouard-albert\/#breadcrumb","itemListElement":[{"@type":"ListItem","position":1,"name":"Accueil","item":"https:\/\/librairie7l.com\/en\/"},{"@type":"ListItem","position":2,"name":"Shop","item":"https:\/\/librairie7l.com\/en\/shop\/"},{"@type":"ListItem","position":3,"name":"EDOUARD ALBERT"}]},{"@type":"WebSite","@id":"https:\/\/librairie7l.com\/en\/#website","url":"https:\/\/librairie7l.com\/en\/","name":"Librairie 7L","description":"Librairie fond\u00e9e en 1999 par Karl Lagerfeld \u00e0 Paris","publisher":{"@id":"https:\/\/librairie7l.com\/en\/#organization"},"potentialAction":[{"@type":"SearchAction","target":{"@type":"EntryPoint","urlTemplate":"https:\/\/librairie7l.com\/en\/?s={search_term_string}"},"query-input":"required name=search_term_string"}],"inLanguage":"en-US"},{"@type":"Organization","@id":"https:\/\/librairie7l.com\/en\/#organization","name":"Librairie 7L","url":"https:\/\/librairie7l.com\/en\/","logo":{"@type":"ImageObject","inLanguage":"en-US","@id":"https:\/\/librairie7l.com\/en\/#\/schema\/logo\/image\/","url":"https:\/\/librairie7l.com\/wp-content\/uploads\/2022\/08\/logo-1.png","contentUrl":"https:\/\/librairie7l.com\/wp-content\/uploads\/2022\/08\/logo-1.png","width":227,"height":301,"caption":"Librairie 7L"},"image":{"@id":"https:\/\/librairie7l.com\/en\/#\/schema\/logo\/image\/"}}]}},"_links":{"self":[{"href":"https:\/\/librairie7l.com\/en\/wp-json\/wp\/v2\/product\/16827"}],"collection":[{"href":"https:\/\/librairie7l.com\/en\/wp-json\/wp\/v2\/product"}],"about":[{"href":"https:\/\/librairie7l.com\/en\/wp-json\/wp\/v2\/types\/product"}],"wp:featuredmedia":[{"embeddable":true,"href":"https:\/\/librairie7l.com\/en\/wp-json\/wp\/v2\/media\/16825"}],"wp:attachment":[{"href":"https:\/\/librairie7l.com\/en\/wp-json\/wp\/v2\/media?parent=16827"}],"wp:term":[{"taxonomy":"product_cat","embeddable":true,"href":"https:\/\/librairie7l.com\/en\/wp-json\/wp\/v2\/product_cat?post=16827"},{"taxonomy":"product_tag","embeddable":true,"href":"https:\/\/librairie7l.com\/en\/wp-json\/wp\/v2\/product_tag?post=16827"}],"curies":[{"name":"wp","href":"https:\/\/api.w.org\/{rel}","templated":true}]}}