{"id":16843,"date":"2023-05-09T17:22:46","date_gmt":"2023-05-09T15:22:46","guid":{"rendered":"https:\/\/librairie7l.com\/?post_type=product&#038;p=16843"},"modified":"2026-04-16T18:51:56","modified_gmt":"2026-04-16T16:51:56","slug":"george-condo-humanoids","status":"publish","type":"product","link":"https:\/\/librairie7l.com\/en\/produit\/george-condo-humanoids\/","title":{"rendered":"GEORGE CONDO, HUMANOIDS"},"content":{"rendered":"<p>\u00abLes Humano\u00efdes sont mes \u00eatres imaginaires, ils peuvent endosser tous les r\u00f4les, ma\u00eetresses, fous et solitaires, puissants et faibles&#8230;\u00bbGeorge CondoGeorge Condo est connu pour ses hybridations d&#8217;influences artistiques empruntant aussi bien aux ma\u00eetres anciens qu&#8217;au cubisme ou au pop art. L&#8217;artiste am\u00e9ricain, inventeur de la notion de \u00abr\u00e9alisme artificiel\u00bb, m\u00eale les images, les styles et les courants dans des oeuvres qui invitent \u00e0 porter un regard critique sur la culture occidentale contemporaine et ses d\u00e9bordements. Les peintures et sculptures pr\u00e9sent\u00e9es dans ce catalogue retracent ses voyages dans l&#8217;univers parall\u00e8le des Humano\u00efdes : m\u00e9taphores de notre humanit\u00e9, ces cr\u00e9atures en exacerbent les \u00e9motions et les vicissitudes. George Condo revient ici, dans des \u00e9crits in\u00e9dits, sur la gen\u00e8se et la signification de son oeuvre, et d\u00e9voile des tableaux cr\u00e9\u00e9s sous la double influence de la pand\u00e9mie et de la d\u00e9b\u00e2cle politique aux \u00c9tats-Unis.Didier Ottinger, historien de l&#8217;art, sp\u00e9cialiste de la peinture moderne et contemporaine, examine la carri\u00e8re, les influences et l&#8217;oeuvre de cet artiste unique, qui navigue entre reformulation de l&#8217;histoire de l&#8217;art et caricature des exc\u00e8s du monde moderne.Cet ouvrage est publi\u00e9 \u00e0 l&#8217;occasion de l&#8217;exposition Humano\u00efdes pr\u00e9sent\u00e9e par George Condo au Nouveau Mus\u00e9e National de Monaco, pr\u00e8s de vingt-cinq ans apr\u00e8s ses collaborations avec Les Ballets de Monte-Carlo pour lesquels il avait cr\u00e9\u00e9 un rideau de sc\u00e8ne, une sc\u00e9nographie et des costumes.<\/p>\n","protected":false},"excerpt":{"rendered":"<p>\u00abLes Humano\u00efdes sont mes \u00eatres imaginaires, ils peuvent endosser tous les r\u00f4les, ma\u00eetresses, fous et solitaires, puissants et faibles&#8230;\u00bbGeorge CondoGeorge Condo est connu pour ses hybridations d&#8217;influences artistiques empruntant aussi bien aux ma\u00eetres anciens qu&#8217;au cubisme ou au pop art. L&#8217;artiste am\u00e9ricain, inventeur de la notion de \u00abr\u00e9alisme artificiel\u00bb, m\u00eale les images, les styles et [&hellip;]<\/p>\n","protected":false},"featured_media":16841,"template":"","meta":[],"product_cat":[55,2948,47,2953],"product_tag":[],"acf":[],"yoast_head":"<!-- This site is optimized with the Yoast SEO plugin v20.11 - https:\/\/yoast.com\/wordpress\/plugins\/seo\/ -->\n<title>GEORGE CONDO, HUMANOIDS - Librairie 7L<\/title>\n<meta name=\"robots\" content=\"index, follow, max-snippet:-1, max-image-preview:large, max-video-preview:-1\" \/>\n<link rel=\"canonical\" href=\"https:\/\/librairie7l.com\/en\/produit\/george-condo-humanoids\/\" \/>\n<meta property=\"og:locale\" content=\"en_US\" \/>\n<meta property=\"og:type\" content=\"article\" \/>\n<meta property=\"og:title\" content=\"GEORGE CONDO, HUMANOIDS - Librairie 7L\" \/>\n<meta property=\"og:description\" content=\"\u00abLes Humano\u00efdes sont mes \u00eatres imaginaires, ils peuvent endosser tous les r\u00f4les, ma\u00eetresses, fous et solitaires, puissants et faibles&#8230;\u00bbGeorge CondoGeorge Condo est connu pour ses hybridations d&#8217;influences artistiques empruntant aussi bien aux ma\u00eetres anciens qu&#8217;au cubisme ou au pop art. L&#8217;artiste am\u00e9ricain, inventeur de la notion de \u00abr\u00e9alisme artificiel\u00bb, m\u00eale les images, les styles et [&hellip;]\" \/>\n<meta property=\"og:url\" content=\"https:\/\/librairie7l.com\/en\/produit\/george-condo-humanoids\/\" \/>\n<meta property=\"og:site_name\" content=\"Librairie 7L\" \/>\n<meta property=\"article:modified_time\" content=\"2026-04-16T16:51:56+00:00\" \/>\n<meta property=\"og:image\" content=\"https:\/\/librairie7l.com\/wp-content\/uploads\/2023\/04\/9782080414793_1_75.jpg\" \/>\n\t<meta property=\"og:image:width\" content=\"600\" \/>\n\t<meta property=\"og:image:height\" content=\"693\" \/>\n\t<meta property=\"og:image:type\" content=\"image\/jpeg\" \/>\n<meta name=\"twitter:card\" content=\"summary_large_image\" \/>\n<meta name=\"twitter:label1\" content=\"Est. reading time\" \/>\n\t<meta name=\"twitter:data1\" content=\"1 minute\" \/>\n<script type=\"application\/ld+json\" class=\"yoast-schema-graph\">{\"@context\":\"https:\/\/schema.org\",\"@graph\":[{\"@type\":\"WebPage\",\"@id\":\"https:\/\/librairie7l.com\/en\/produit\/george-condo-humanoids\/\",\"url\":\"https:\/\/librairie7l.com\/en\/produit\/george-condo-humanoids\/\",\"name\":\"GEORGE CONDO, HUMANOIDS - Librairie 7L\",\"isPartOf\":{\"@id\":\"https:\/\/librairie7l.com\/en\/#website\"},\"datePublished\":\"2023-05-09T15:22:46+00:00\",\"dateModified\":\"2026-04-16T16:51:56+00:00\",\"breadcrumb\":{\"@id\":\"https:\/\/librairie7l.com\/en\/produit\/george-condo-humanoids\/#breadcrumb\"},\"inLanguage\":\"en-US\",\"potentialAction\":[{\"@type\":\"ReadAction\",\"target\":[\"https:\/\/librairie7l.com\/en\/produit\/george-condo-humanoids\/\"]}]},{\"@type\":\"BreadcrumbList\",\"@id\":\"https:\/\/librairie7l.com\/en\/produit\/george-condo-humanoids\/#breadcrumb\",\"itemListElement\":[{\"@type\":\"ListItem\",\"position\":1,\"name\":\"Accueil\",\"item\":\"https:\/\/librairie7l.com\/en\/\"},{\"@type\":\"ListItem\",\"position\":2,\"name\":\"Shop\",\"item\":\"https:\/\/librairie7l.com\/en\/shop\/\"},{\"@type\":\"ListItem\",\"position\":3,\"name\":\"GEORGE CONDO, HUMANOIDS\"}]},{\"@type\":\"WebSite\",\"@id\":\"https:\/\/librairie7l.com\/en\/#website\",\"url\":\"https:\/\/librairie7l.com\/en\/\",\"name\":\"Librairie 7L\",\"description\":\"Librairie fond\u00e9e en 1999 par Karl Lagerfeld \u00e0 Paris\",\"publisher\":{\"@id\":\"https:\/\/librairie7l.com\/en\/#organization\"},\"potentialAction\":[{\"@type\":\"SearchAction\",\"target\":{\"@type\":\"EntryPoint\",\"urlTemplate\":\"https:\/\/librairie7l.com\/en\/?s={search_term_string}\"},\"query-input\":\"required name=search_term_string\"}],\"inLanguage\":\"en-US\"},{\"@type\":\"Organization\",\"@id\":\"https:\/\/librairie7l.com\/en\/#organization\",\"name\":\"Librairie 7L\",\"url\":\"https:\/\/librairie7l.com\/en\/\",\"logo\":{\"@type\":\"ImageObject\",\"inLanguage\":\"en-US\",\"@id\":\"https:\/\/librairie7l.com\/en\/#\/schema\/logo\/image\/\",\"url\":\"https:\/\/librairie7l.com\/wp-content\/uploads\/2022\/08\/logo-1.png\",\"contentUrl\":\"https:\/\/librairie7l.com\/wp-content\/uploads\/2022\/08\/logo-1.png\",\"width\":227,\"height\":301,\"caption\":\"Librairie 7L\"},\"image\":{\"@id\":\"https:\/\/librairie7l.com\/en\/#\/schema\/logo\/image\/\"}}]}<\/script>\n<!-- \/ Yoast SEO plugin. -->","yoast_head_json":{"title":"GEORGE CONDO, HUMANOIDS - Librairie 7L","robots":{"index":"index","follow":"follow","max-snippet":"max-snippet:-1","max-image-preview":"max-image-preview:large","max-video-preview":"max-video-preview:-1"},"canonical":"https:\/\/librairie7l.com\/en\/produit\/george-condo-humanoids\/","og_locale":"en_US","og_type":"article","og_title":"GEORGE CONDO, HUMANOIDS - Librairie 7L","og_description":"\u00abLes Humano\u00efdes sont mes \u00eatres imaginaires, ils peuvent endosser tous les r\u00f4les, ma\u00eetresses, fous et solitaires, puissants et faibles&#8230;\u00bbGeorge CondoGeorge Condo est connu pour ses hybridations d&#8217;influences artistiques empruntant aussi bien aux ma\u00eetres anciens qu&#8217;au cubisme ou au pop art. L&#8217;artiste am\u00e9ricain, inventeur de la notion de \u00abr\u00e9alisme artificiel\u00bb, m\u00eale les images, les styles et [&hellip;]","og_url":"https:\/\/librairie7l.com\/en\/produit\/george-condo-humanoids\/","og_site_name":"Librairie 7L","article_modified_time":"2026-04-16T16:51:56+00:00","og_image":[{"width":600,"height":693,"url":"https:\/\/librairie7l.com\/wp-content\/uploads\/2023\/04\/9782080414793_1_75.jpg","type":"image\/jpeg"}],"twitter_card":"summary_large_image","twitter_misc":{"Est. reading time":"1 minute"},"schema":{"@context":"https:\/\/schema.org","@graph":[{"@type":"WebPage","@id":"https:\/\/librairie7l.com\/en\/produit\/george-condo-humanoids\/","url":"https:\/\/librairie7l.com\/en\/produit\/george-condo-humanoids\/","name":"GEORGE CONDO, HUMANOIDS - Librairie 7L","isPartOf":{"@id":"https:\/\/librairie7l.com\/en\/#website"},"datePublished":"2023-05-09T15:22:46+00:00","dateModified":"2026-04-16T16:51:56+00:00","breadcrumb":{"@id":"https:\/\/librairie7l.com\/en\/produit\/george-condo-humanoids\/#breadcrumb"},"inLanguage":"en-US","potentialAction":[{"@type":"ReadAction","target":["https:\/\/librairie7l.com\/en\/produit\/george-condo-humanoids\/"]}]},{"@type":"BreadcrumbList","@id":"https:\/\/librairie7l.com\/en\/produit\/george-condo-humanoids\/#breadcrumb","itemListElement":[{"@type":"ListItem","position":1,"name":"Accueil","item":"https:\/\/librairie7l.com\/en\/"},{"@type":"ListItem","position":2,"name":"Shop","item":"https:\/\/librairie7l.com\/en\/shop\/"},{"@type":"ListItem","position":3,"name":"GEORGE CONDO, HUMANOIDS"}]},{"@type":"WebSite","@id":"https:\/\/librairie7l.com\/en\/#website","url":"https:\/\/librairie7l.com\/en\/","name":"Librairie 7L","description":"Librairie fond\u00e9e en 1999 par Karl Lagerfeld \u00e0 Paris","publisher":{"@id":"https:\/\/librairie7l.com\/en\/#organization"},"potentialAction":[{"@type":"SearchAction","target":{"@type":"EntryPoint","urlTemplate":"https:\/\/librairie7l.com\/en\/?s={search_term_string}"},"query-input":"required name=search_term_string"}],"inLanguage":"en-US"},{"@type":"Organization","@id":"https:\/\/librairie7l.com\/en\/#organization","name":"Librairie 7L","url":"https:\/\/librairie7l.com\/en\/","logo":{"@type":"ImageObject","inLanguage":"en-US","@id":"https:\/\/librairie7l.com\/en\/#\/schema\/logo\/image\/","url":"https:\/\/librairie7l.com\/wp-content\/uploads\/2022\/08\/logo-1.png","contentUrl":"https:\/\/librairie7l.com\/wp-content\/uploads\/2022\/08\/logo-1.png","width":227,"height":301,"caption":"Librairie 7L"},"image":{"@id":"https:\/\/librairie7l.com\/en\/#\/schema\/logo\/image\/"}}]}},"_links":{"self":[{"href":"https:\/\/librairie7l.com\/en\/wp-json\/wp\/v2\/product\/16843"}],"collection":[{"href":"https:\/\/librairie7l.com\/en\/wp-json\/wp\/v2\/product"}],"about":[{"href":"https:\/\/librairie7l.com\/en\/wp-json\/wp\/v2\/types\/product"}],"wp:featuredmedia":[{"embeddable":true,"href":"https:\/\/librairie7l.com\/en\/wp-json\/wp\/v2\/media\/16841"}],"wp:attachment":[{"href":"https:\/\/librairie7l.com\/en\/wp-json\/wp\/v2\/media?parent=16843"}],"wp:term":[{"taxonomy":"product_cat","embeddable":true,"href":"https:\/\/librairie7l.com\/en\/wp-json\/wp\/v2\/product_cat?post=16843"},{"taxonomy":"product_tag","embeddable":true,"href":"https:\/\/librairie7l.com\/en\/wp-json\/wp\/v2\/product_tag?post=16843"}],"curies":[{"name":"wp","href":"https:\/\/api.w.org\/{rel}","templated":true}]}}