{"id":16847,"date":"2023-05-09T17:22:50","date_gmt":"2023-05-09T15:22:50","guid":{"rendered":"https:\/\/librairie7l.com\/?post_type=product&#038;p=16847"},"modified":"2026-04-26T15:53:43","modified_gmt":"2026-04-26T13:53:43","slug":"hip-hop-360","status":"publish","type":"product","link":"https:\/\/librairie7l.com\/en\/produit\/hip-hop-360\/","title":{"rendered":"HIP-HOP 360"},"content":{"rendered":"<p>Exposition \u00ab Hip-hop 360 \u00bb \u00e0 la Philharmonie de Paris du 17 d\u00e9cembre 2021 au 24 juillet 2022 Contre-culture dans les ann\u00e9es 1980, le hip-hop est aujourd&#8217;hui une culture de masse, dont l&#8217;emprise est autant esth\u00e9tique que commerciale. Entre danse, beatbox, rap, mode, attitude et graffiti, ses expressions sont plurielles. Comment raconter l&#8217;\u00e9mergence d&#8217;un mouvement artistique si riche et vari\u00e9 ? Hip-hop 360 n&#8217;a rien d&#8217;un catalogue traditionnel : ce livre porte haut la voix des acteurs du hip-hop, pour retranscrire l&#8217;\u00e9nergie et l&#8217;ing\u00e9niosit\u00e9 d&#8217;un courant constamment \u00e0 l&#8217;\u00e9coute de nouvelles formes de cr\u00e9ation et de diffusion. Journalistes, beatmakers, rappeurs, danseurs, producteurs, photographes et musiciens retracent l&#8217;\u00e9mergence du hip-hop fran\u00e7ais et de son identit\u00e9, fa\u00e7onn\u00e9e \u00e0 partir du mod\u00e8le am\u00e9ricain en adaptant musique, flow et r\u00e9cits \u00e0 l&#8217;histoire sociale et culturelle de l&#8217;Hexagone. Pour rendre compte de cette culture de contrastes, une mise en pages audacieuse m\u00eale de nombreux textes (r\u00e9cits \u00e0 la premi\u00e8re personne, paroles de rappeurs embl\u00e9matiques, punchlines, recontextualisations historiques et culturelles&#8230;) et brasse une iconographie fascinante. Affiches, pochettes de disques, v\u00eatements vintage, photographies d&#8217;\u00e9poque et objets iconiques nous invitent \u00e0 plonger dans quatre d\u00e9cennies de musique comment\u00e9es par ceux qui ont fait du hip-hop un art total.<\/p>\n","protected":false},"excerpt":{"rendered":"<p>Exposition \u00ab Hip-hop 360 \u00bb \u00e0 la Philharmonie de Paris du 17 d\u00e9cembre 2021 au 24 juillet 2022 Contre-culture dans les ann\u00e9es 1980, le hip-hop est aujourd&#8217;hui une culture de masse, dont l&#8217;emprise est autant esth\u00e9tique que commerciale. Entre danse, beatbox, rap, mode, attitude et graffiti, ses expressions sont plurielles. Comment raconter l&#8217;\u00e9mergence d&#8217;un mouvement [&hellip;]<\/p>\n","protected":false},"featured_media":16845,"template":"","meta":[],"product_cat":[55,2948,2957,19],"product_tag":[],"acf":[],"yoast_head":"<!-- This site is optimized with the Yoast SEO plugin v20.11 - https:\/\/yoast.com\/wordpress\/plugins\/seo\/ -->\n<title>HIP-HOP 360 - Librairie 7L<\/title>\n<meta name=\"robots\" content=\"index, follow, max-snippet:-1, max-image-preview:large, max-video-preview:-1\" \/>\n<link rel=\"canonical\" href=\"https:\/\/librairie7l.com\/en\/produit\/hip-hop-360\/\" \/>\n<meta property=\"og:locale\" content=\"en_US\" \/>\n<meta property=\"og:type\" content=\"article\" \/>\n<meta property=\"og:title\" content=\"HIP-HOP 360 - Librairie 7L\" \/>\n<meta property=\"og:description\" content=\"Exposition \u00ab Hip-hop 360 \u00bb \u00e0 la Philharmonie de Paris du 17 d\u00e9cembre 2021 au 24 juillet 2022 Contre-culture dans les ann\u00e9es 1980, le hip-hop est aujourd&#8217;hui une culture de masse, dont l&#8217;emprise est autant esth\u00e9tique que commerciale. Entre danse, beatbox, rap, mode, attitude et graffiti, ses expressions sont plurielles. Comment raconter l&#8217;\u00e9mergence d&#8217;un mouvement [&hellip;]\" \/>\n<meta property=\"og:url\" content=\"https:\/\/librairie7l.com\/en\/produit\/hip-hop-360\/\" \/>\n<meta property=\"og:site_name\" content=\"Librairie 7L\" \/>\n<meta property=\"article:modified_time\" content=\"2026-04-26T13:53:43+00:00\" \/>\n<meta property=\"og:image\" content=\"https:\/\/librairie7l.com\/wp-content\/uploads\/2021\/12\/9782711878840_1_75.jpg\" \/>\n\t<meta property=\"og:image:width\" content=\"511\" \/>\n\t<meta property=\"og:image:height\" content=\"794\" \/>\n\t<meta property=\"og:image:type\" content=\"image\/jpeg\" \/>\n<meta name=\"twitter:card\" content=\"summary_large_image\" \/>\n<meta name=\"twitter:label1\" content=\"Est. reading time\" \/>\n\t<meta name=\"twitter:data1\" content=\"1 minute\" \/>\n<script type=\"application\/ld+json\" class=\"yoast-schema-graph\">{\"@context\":\"https:\/\/schema.org\",\"@graph\":[{\"@type\":\"WebPage\",\"@id\":\"https:\/\/librairie7l.com\/en\/produit\/hip-hop-360\/\",\"url\":\"https:\/\/librairie7l.com\/en\/produit\/hip-hop-360\/\",\"name\":\"HIP-HOP 360 - Librairie 7L\",\"isPartOf\":{\"@id\":\"https:\/\/librairie7l.com\/en\/#website\"},\"datePublished\":\"2023-05-09T15:22:50+00:00\",\"dateModified\":\"2026-04-26T13:53:43+00:00\",\"breadcrumb\":{\"@id\":\"https:\/\/librairie7l.com\/en\/produit\/hip-hop-360\/#breadcrumb\"},\"inLanguage\":\"en-US\",\"potentialAction\":[{\"@type\":\"ReadAction\",\"target\":[\"https:\/\/librairie7l.com\/en\/produit\/hip-hop-360\/\"]}]},{\"@type\":\"BreadcrumbList\",\"@id\":\"https:\/\/librairie7l.com\/en\/produit\/hip-hop-360\/#breadcrumb\",\"itemListElement\":[{\"@type\":\"ListItem\",\"position\":1,\"name\":\"Accueil\",\"item\":\"https:\/\/librairie7l.com\/en\/\"},{\"@type\":\"ListItem\",\"position\":2,\"name\":\"Shop\",\"item\":\"https:\/\/librairie7l.com\/en\/shop\/\"},{\"@type\":\"ListItem\",\"position\":3,\"name\":\"HIP-HOP 360\"}]},{\"@type\":\"WebSite\",\"@id\":\"https:\/\/librairie7l.com\/en\/#website\",\"url\":\"https:\/\/librairie7l.com\/en\/\",\"name\":\"Librairie 7L\",\"description\":\"Librairie fond\u00e9e en 1999 par Karl Lagerfeld \u00e0 Paris\",\"publisher\":{\"@id\":\"https:\/\/librairie7l.com\/en\/#organization\"},\"potentialAction\":[{\"@type\":\"SearchAction\",\"target\":{\"@type\":\"EntryPoint\",\"urlTemplate\":\"https:\/\/librairie7l.com\/en\/?s={search_term_string}\"},\"query-input\":\"required name=search_term_string\"}],\"inLanguage\":\"en-US\"},{\"@type\":\"Organization\",\"@id\":\"https:\/\/librairie7l.com\/en\/#organization\",\"name\":\"Librairie 7L\",\"url\":\"https:\/\/librairie7l.com\/en\/\",\"logo\":{\"@type\":\"ImageObject\",\"inLanguage\":\"en-US\",\"@id\":\"https:\/\/librairie7l.com\/en\/#\/schema\/logo\/image\/\",\"url\":\"https:\/\/librairie7l.com\/wp-content\/uploads\/2022\/08\/logo-1.png\",\"contentUrl\":\"https:\/\/librairie7l.com\/wp-content\/uploads\/2022\/08\/logo-1.png\",\"width\":227,\"height\":301,\"caption\":\"Librairie 7L\"},\"image\":{\"@id\":\"https:\/\/librairie7l.com\/en\/#\/schema\/logo\/image\/\"}}]}<\/script>\n<!-- \/ Yoast SEO plugin. -->","yoast_head_json":{"title":"HIP-HOP 360 - Librairie 7L","robots":{"index":"index","follow":"follow","max-snippet":"max-snippet:-1","max-image-preview":"max-image-preview:large","max-video-preview":"max-video-preview:-1"},"canonical":"https:\/\/librairie7l.com\/en\/produit\/hip-hop-360\/","og_locale":"en_US","og_type":"article","og_title":"HIP-HOP 360 - Librairie 7L","og_description":"Exposition \u00ab Hip-hop 360 \u00bb \u00e0 la Philharmonie de Paris du 17 d\u00e9cembre 2021 au 24 juillet 2022 Contre-culture dans les ann\u00e9es 1980, le hip-hop est aujourd&#8217;hui une culture de masse, dont l&#8217;emprise est autant esth\u00e9tique que commerciale. Entre danse, beatbox, rap, mode, attitude et graffiti, ses expressions sont plurielles. Comment raconter l&#8217;\u00e9mergence d&#8217;un mouvement [&hellip;]","og_url":"https:\/\/librairie7l.com\/en\/produit\/hip-hop-360\/","og_site_name":"Librairie 7L","article_modified_time":"2026-04-26T13:53:43+00:00","og_image":[{"width":511,"height":794,"url":"https:\/\/librairie7l.com\/wp-content\/uploads\/2021\/12\/9782711878840_1_75.jpg","type":"image\/jpeg"}],"twitter_card":"summary_large_image","twitter_misc":{"Est. reading time":"1 minute"},"schema":{"@context":"https:\/\/schema.org","@graph":[{"@type":"WebPage","@id":"https:\/\/librairie7l.com\/en\/produit\/hip-hop-360\/","url":"https:\/\/librairie7l.com\/en\/produit\/hip-hop-360\/","name":"HIP-HOP 360 - Librairie 7L","isPartOf":{"@id":"https:\/\/librairie7l.com\/en\/#website"},"datePublished":"2023-05-09T15:22:50+00:00","dateModified":"2026-04-26T13:53:43+00:00","breadcrumb":{"@id":"https:\/\/librairie7l.com\/en\/produit\/hip-hop-360\/#breadcrumb"},"inLanguage":"en-US","potentialAction":[{"@type":"ReadAction","target":["https:\/\/librairie7l.com\/en\/produit\/hip-hop-360\/"]}]},{"@type":"BreadcrumbList","@id":"https:\/\/librairie7l.com\/en\/produit\/hip-hop-360\/#breadcrumb","itemListElement":[{"@type":"ListItem","position":1,"name":"Accueil","item":"https:\/\/librairie7l.com\/en\/"},{"@type":"ListItem","position":2,"name":"Shop","item":"https:\/\/librairie7l.com\/en\/shop\/"},{"@type":"ListItem","position":3,"name":"HIP-HOP 360"}]},{"@type":"WebSite","@id":"https:\/\/librairie7l.com\/en\/#website","url":"https:\/\/librairie7l.com\/en\/","name":"Librairie 7L","description":"Librairie fond\u00e9e en 1999 par Karl Lagerfeld \u00e0 Paris","publisher":{"@id":"https:\/\/librairie7l.com\/en\/#organization"},"potentialAction":[{"@type":"SearchAction","target":{"@type":"EntryPoint","urlTemplate":"https:\/\/librairie7l.com\/en\/?s={search_term_string}"},"query-input":"required name=search_term_string"}],"inLanguage":"en-US"},{"@type":"Organization","@id":"https:\/\/librairie7l.com\/en\/#organization","name":"Librairie 7L","url":"https:\/\/librairie7l.com\/en\/","logo":{"@type":"ImageObject","inLanguage":"en-US","@id":"https:\/\/librairie7l.com\/en\/#\/schema\/logo\/image\/","url":"https:\/\/librairie7l.com\/wp-content\/uploads\/2022\/08\/logo-1.png","contentUrl":"https:\/\/librairie7l.com\/wp-content\/uploads\/2022\/08\/logo-1.png","width":227,"height":301,"caption":"Librairie 7L"},"image":{"@id":"https:\/\/librairie7l.com\/en\/#\/schema\/logo\/image\/"}}]}},"_links":{"self":[{"href":"https:\/\/librairie7l.com\/en\/wp-json\/wp\/v2\/product\/16847"}],"collection":[{"href":"https:\/\/librairie7l.com\/en\/wp-json\/wp\/v2\/product"}],"about":[{"href":"https:\/\/librairie7l.com\/en\/wp-json\/wp\/v2\/types\/product"}],"wp:featuredmedia":[{"embeddable":true,"href":"https:\/\/librairie7l.com\/en\/wp-json\/wp\/v2\/media\/16845"}],"wp:attachment":[{"href":"https:\/\/librairie7l.com\/en\/wp-json\/wp\/v2\/media?parent=16847"}],"wp:term":[{"taxonomy":"product_cat","embeddable":true,"href":"https:\/\/librairie7l.com\/en\/wp-json\/wp\/v2\/product_cat?post=16847"},{"taxonomy":"product_tag","embeddable":true,"href":"https:\/\/librairie7l.com\/en\/wp-json\/wp\/v2\/product_tag?post=16847"}],"curies":[{"name":"wp","href":"https:\/\/api.w.org\/{rel}","templated":true}]}}