{"id":16863,"date":"2023-05-09T17:23:02","date_gmt":"2023-05-09T15:23:02","guid":{"rendered":"https:\/\/librairie7l.com\/?post_type=product&#038;p=16863"},"modified":"2026-04-18T19:38:38","modified_gmt":"2026-04-18T17:38:38","slug":"iris-time-unlimited-1962-1975","status":"publish","type":"product","link":"https:\/\/librairie7l.com\/en\/produit\/iris-time-unlimited-1962-1975\/","title":{"rendered":"IRIS.TIME UNLIMITED (1962-1975)"},"content":{"rendered":"<p>Iris Clert : peu de noms de galeristes aimantent autant que celui-ci. Pour des g\u00e9n\u00e9rations d&#8217;amateurs d&#8217;art, elle demeure l&#8217;ic\u00f4ne flamboyante de l&#8217;effervescence artistique parisienne de l&#8217;apr\u00e8s-guerre. Active du milieu des ann\u00e9es 1950 au d\u00e9but des ann\u00e9es 1980, elle accueille dans ses galeries successives, Rive gauche puis Rive droite, des expositions mythiques tels Le Vide d&#8217;Yves Klein en 1958 et Le Plein d&#8217;Arman en 1960, ainsi que certains des artistes les plus importants du XXe si\u00e8cle comme Pol Bury, Gaston Chaissac, Bill Copley, Lucio Fontana, Leon Golub, Raymond Hains, Ad Reinhardt, Takis et Jean Tinguely.<br \/>\nSi cette liste d&#8217;artistes, non exhaustive, lui conf\u00e8re \u00e9videmment une place de choix dans l&#8217;histoire de l&#8217;art contemporain, Iris Clert fut aussi &#8211; et c&#8217;est l&#8217;un de ses grands apports &#8211; l&#8217;inventrice de formats d&#8217;exposition et de communication in\u00e9dits, comme en t\u00e9moigne sa revue iris.time unlimited. Con\u00e7u pour renouveler sa mani\u00e8re de communiquer alors qu&#8217;elle emm\u00e9nage Rive droite au d\u00e9but des ann\u00e9es 1960, Iris Clert publie pendant treize ans un feuillet de quatre pages, r\u00e9gi par une double ligne r\u00e9dactionnelle : d&#8217;un c\u00f4t\u00e9, annoncer et promouvoir les expositions de la galerie et, plus g\u00e9n\u00e9ralement, informer sur le monde de l&#8217;art contemporain et son actualit\u00e9 ; de l&#8217;autre, proposer un espace de cr\u00e9ation propice \u00e0 des interventions comiques, absurdes et pol\u00e9miques.<br \/>\nLe premier num\u00e9ro para\u00eet le 6 octobre 1962, le dernier num\u00e9ro en avril 1975. La long\u00e9vit\u00e9 de la revue est \u00e0 noter dans un milieu o\u00f9 les exp\u00e9riences de ce type sont g\u00e9n\u00e9ralement \u00e9ph\u00e9m\u00e8res. Chaque num\u00e9ro pr\u00e9sente des caract\u00e9ristiques communes, tant au niveau du contenu que de la maquette. Reprenant le principe des unes de France-Soir, celles d&#8217;iris.time unlimited pr\u00e9sentent le titre du journal encadr\u00e9 par deux oreilles, le portrait de la galeriste \u00e0 gauche et celui de l&#8217;artiste de l&#8217;exposition annonc\u00e9e \u00e0 droite, une tribune ou gros titre et une photographie d&#8217;oeuvre en grand format, sous un bandeau d&#8217;informations l\u00e9gales. Le tirage oscille entre 4 000 et 6 000 exemplaires tandis que la liste des abonn\u00e9s contient pr\u00e8s de 450 noms. La fr\u00e9quence de parution est variable, tributaire du rythme des expositions et des s\u00e9jours d&#8217;Iris Clert \u00e0 l&#8217;\u00e9tranger. La publication accueille des collaborateurs plus ou moins r\u00e9guliers, des rubriques plus ou moins r\u00e9currentes. Parmi celles-ci, des chroniques sur la vie artistique parisienne, des revues de presse, des jeux, des publicit\u00e9s, des pr\u00e9sentations de critiques, le \u00ab Point de vue d&#8217;Iris \u00bb, des billets d&#8217;humeur, les \u00ab Ragots de la galerie \u00bb, des petites annonces loufoques et, bien s\u00fbr, un horoscope r\u00e9alis\u00e9 par la voyante d&#8217;Iris Clert.<br \/>\n\u00ab Mon petit journal, commenc\u00e9 \u00e0 la blague, deviendra une oeuvre d&#8217;art en soi. C&#8217;est une symbiose de mystification et de d\u00e9mystification o\u00f9 l&#8217;humour a tous ses droits \u00bb, r\u00e9sume Iris Clert dans ses m\u00e9moires. Bien plus qu&#8217;une curiosit\u00e9 de bibliophiles, iris.time unlimited demeure aujourd&#8217;hui une r\u00e9f\u00e9rence pour de nombreux \u00e9diteurs et galeristes. Collectionn\u00e9 par les biblioth\u00e8ques universitaires am\u00e9ricaines et europ\u00e9ennes sp\u00e9cialis\u00e9es en histoire de l&#8217;art et les centres de documentation des mus\u00e9es du monde entier, iris.time unlimited incarne le style qu&#8217;Iris Clert a imprim\u00e9 dans le monde de l&#8217;art, m\u00e9lange de sociabilit\u00e9, d&#8217;humour, d&#8217;excentricit\u00e9 et de cr\u00e9ativit\u00e9. Gr\u00e2ce \u00e0 cette nouvelle impression en fac-simil\u00e9, au papier et format identiques \u00e0 l&#8217;original, cet ovni \u00e9ditorial est d\u00e9sormais \u00e0 la port\u00e9e de tous.<br \/>\nLa reproduction compl\u00e8te des 46 num\u00e9ros est accompagn\u00e9e d&#8217;un livret contenant un texte du critique et historien d&#8217;art Cl\u00e9ment Diri\u00e9, auteur de l&#8217;ouvrage remarqu\u00e9 Iris Clert. L&#8217;Astre ambigu de l&#8217;avant-garde (2021), de photographies ainsi que des biographies des contributeurs et d&#8217;un index des abonn\u00e9s. Sa publication c\u00e9l\u00e8bre au jour pr\u00e8s le soixanti\u00e8me anniversaire de la parution du premier num\u00e9ro d&#8217;iris.time unlimited.<\/p>\n","protected":false},"excerpt":{"rendered":"<p>Iris Clert : peu de noms de galeristes aimantent autant que celui-ci. Pour des g\u00e9n\u00e9rations d&#8217;amateurs d&#8217;art, elle demeure l&#8217;ic\u00f4ne flamboyante de l&#8217;effervescence artistique parisienne de l&#8217;apr\u00e8s-guerre. Active du milieu des ann\u00e9es 1950 au d\u00e9but des ann\u00e9es 1980, elle accueille dans ses galeries successives, Rive gauche puis Rive droite, des expositions mythiques tels Le Vide [&hellip;]<\/p>\n","protected":false},"featured_media":16861,"template":"","meta":[],"product_cat":[55,2948,47,2953],"product_tag":[],"acf":[],"yoast_head":"<!-- This site is optimized with the Yoast SEO plugin v20.11 - https:\/\/yoast.com\/wordpress\/plugins\/seo\/ -->\n<title>IRIS.TIME UNLIMITED (1962-1975) - Librairie 7L<\/title>\n<meta name=\"robots\" content=\"index, follow, max-snippet:-1, max-image-preview:large, max-video-preview:-1\" \/>\n<link rel=\"canonical\" href=\"https:\/\/librairie7l.com\/en\/produit\/iris-time-unlimited-1962-1975\/\" \/>\n<meta property=\"og:locale\" content=\"en_US\" \/>\n<meta property=\"og:type\" content=\"article\" \/>\n<meta property=\"og:title\" content=\"IRIS.TIME UNLIMITED (1962-1975) - Librairie 7L\" \/>\n<meta property=\"og:description\" content=\"Iris Clert : peu de noms de galeristes aimantent autant que celui-ci. Pour des g\u00e9n\u00e9rations d&#8217;amateurs d&#8217;art, elle demeure l&#8217;ic\u00f4ne flamboyante de l&#8217;effervescence artistique parisienne de l&#8217;apr\u00e8s-guerre. Active du milieu des ann\u00e9es 1950 au d\u00e9but des ann\u00e9es 1980, elle accueille dans ses galeries successives, Rive gauche puis Rive droite, des expositions mythiques tels Le Vide [&hellip;]\" \/>\n<meta property=\"og:url\" content=\"https:\/\/librairie7l.com\/en\/produit\/iris-time-unlimited-1962-1975\/\" \/>\n<meta property=\"og:site_name\" content=\"Librairie 7L\" \/>\n<meta property=\"article:modified_time\" content=\"2026-04-18T17:38:38+00:00\" \/>\n<meta property=\"og:image\" content=\"https:\/\/librairie7l.com\/wp-content\/uploads\/2023\/02\/9782377390632_1_75.jpg\" \/>\n\t<meta property=\"og:image:width\" content=\"400\" \/>\n\t<meta property=\"og:image:height\" content=\"558\" \/>\n\t<meta property=\"og:image:type\" content=\"image\/jpeg\" \/>\n<meta name=\"twitter:card\" content=\"summary_large_image\" \/>\n<meta name=\"twitter:label1\" content=\"Est. reading time\" \/>\n\t<meta name=\"twitter:data1\" content=\"3 minutes\" \/>\n<script type=\"application\/ld+json\" class=\"yoast-schema-graph\">{\"@context\":\"https:\/\/schema.org\",\"@graph\":[{\"@type\":\"WebPage\",\"@id\":\"https:\/\/librairie7l.com\/en\/produit\/iris-time-unlimited-1962-1975\/\",\"url\":\"https:\/\/librairie7l.com\/en\/produit\/iris-time-unlimited-1962-1975\/\",\"name\":\"IRIS.TIME UNLIMITED (1962-1975) - Librairie 7L\",\"isPartOf\":{\"@id\":\"https:\/\/librairie7l.com\/en\/#website\"},\"datePublished\":\"2023-05-09T15:23:02+00:00\",\"dateModified\":\"2026-04-18T17:38:38+00:00\",\"breadcrumb\":{\"@id\":\"https:\/\/librairie7l.com\/en\/produit\/iris-time-unlimited-1962-1975\/#breadcrumb\"},\"inLanguage\":\"en-US\",\"potentialAction\":[{\"@type\":\"ReadAction\",\"target\":[\"https:\/\/librairie7l.com\/en\/produit\/iris-time-unlimited-1962-1975\/\"]}]},{\"@type\":\"BreadcrumbList\",\"@id\":\"https:\/\/librairie7l.com\/en\/produit\/iris-time-unlimited-1962-1975\/#breadcrumb\",\"itemListElement\":[{\"@type\":\"ListItem\",\"position\":1,\"name\":\"Accueil\",\"item\":\"https:\/\/librairie7l.com\/en\/\"},{\"@type\":\"ListItem\",\"position\":2,\"name\":\"Shop\",\"item\":\"https:\/\/librairie7l.com\/en\/shop\/\"},{\"@type\":\"ListItem\",\"position\":3,\"name\":\"IRIS.TIME UNLIMITED (1962-1975)\"}]},{\"@type\":\"WebSite\",\"@id\":\"https:\/\/librairie7l.com\/en\/#website\",\"url\":\"https:\/\/librairie7l.com\/en\/\",\"name\":\"Librairie 7L\",\"description\":\"Librairie fond\u00e9e en 1999 par Karl Lagerfeld \u00e0 Paris\",\"publisher\":{\"@id\":\"https:\/\/librairie7l.com\/en\/#organization\"},\"potentialAction\":[{\"@type\":\"SearchAction\",\"target\":{\"@type\":\"EntryPoint\",\"urlTemplate\":\"https:\/\/librairie7l.com\/en\/?s={search_term_string}\"},\"query-input\":\"required name=search_term_string\"}],\"inLanguage\":\"en-US\"},{\"@type\":\"Organization\",\"@id\":\"https:\/\/librairie7l.com\/en\/#organization\",\"name\":\"Librairie 7L\",\"url\":\"https:\/\/librairie7l.com\/en\/\",\"logo\":{\"@type\":\"ImageObject\",\"inLanguage\":\"en-US\",\"@id\":\"https:\/\/librairie7l.com\/en\/#\/schema\/logo\/image\/\",\"url\":\"https:\/\/librairie7l.com\/wp-content\/uploads\/2022\/08\/logo-1.png\",\"contentUrl\":\"https:\/\/librairie7l.com\/wp-content\/uploads\/2022\/08\/logo-1.png\",\"width\":227,\"height\":301,\"caption\":\"Librairie 7L\"},\"image\":{\"@id\":\"https:\/\/librairie7l.com\/en\/#\/schema\/logo\/image\/\"}}]}<\/script>\n<!-- \/ Yoast SEO plugin. -->","yoast_head_json":{"title":"IRIS.TIME UNLIMITED (1962-1975) - Librairie 7L","robots":{"index":"index","follow":"follow","max-snippet":"max-snippet:-1","max-image-preview":"max-image-preview:large","max-video-preview":"max-video-preview:-1"},"canonical":"https:\/\/librairie7l.com\/en\/produit\/iris-time-unlimited-1962-1975\/","og_locale":"en_US","og_type":"article","og_title":"IRIS.TIME UNLIMITED (1962-1975) - Librairie 7L","og_description":"Iris Clert : peu de noms de galeristes aimantent autant que celui-ci. Pour des g\u00e9n\u00e9rations d&#8217;amateurs d&#8217;art, elle demeure l&#8217;ic\u00f4ne flamboyante de l&#8217;effervescence artistique parisienne de l&#8217;apr\u00e8s-guerre. Active du milieu des ann\u00e9es 1950 au d\u00e9but des ann\u00e9es 1980, elle accueille dans ses galeries successives, Rive gauche puis Rive droite, des expositions mythiques tels Le Vide [&hellip;]","og_url":"https:\/\/librairie7l.com\/en\/produit\/iris-time-unlimited-1962-1975\/","og_site_name":"Librairie 7L","article_modified_time":"2026-04-18T17:38:38+00:00","og_image":[{"width":400,"height":558,"url":"https:\/\/librairie7l.com\/wp-content\/uploads\/2023\/02\/9782377390632_1_75.jpg","type":"image\/jpeg"}],"twitter_card":"summary_large_image","twitter_misc":{"Est. reading time":"3 minutes"},"schema":{"@context":"https:\/\/schema.org","@graph":[{"@type":"WebPage","@id":"https:\/\/librairie7l.com\/en\/produit\/iris-time-unlimited-1962-1975\/","url":"https:\/\/librairie7l.com\/en\/produit\/iris-time-unlimited-1962-1975\/","name":"IRIS.TIME UNLIMITED (1962-1975) - Librairie 7L","isPartOf":{"@id":"https:\/\/librairie7l.com\/en\/#website"},"datePublished":"2023-05-09T15:23:02+00:00","dateModified":"2026-04-18T17:38:38+00:00","breadcrumb":{"@id":"https:\/\/librairie7l.com\/en\/produit\/iris-time-unlimited-1962-1975\/#breadcrumb"},"inLanguage":"en-US","potentialAction":[{"@type":"ReadAction","target":["https:\/\/librairie7l.com\/en\/produit\/iris-time-unlimited-1962-1975\/"]}]},{"@type":"BreadcrumbList","@id":"https:\/\/librairie7l.com\/en\/produit\/iris-time-unlimited-1962-1975\/#breadcrumb","itemListElement":[{"@type":"ListItem","position":1,"name":"Accueil","item":"https:\/\/librairie7l.com\/en\/"},{"@type":"ListItem","position":2,"name":"Shop","item":"https:\/\/librairie7l.com\/en\/shop\/"},{"@type":"ListItem","position":3,"name":"IRIS.TIME UNLIMITED (1962-1975)"}]},{"@type":"WebSite","@id":"https:\/\/librairie7l.com\/en\/#website","url":"https:\/\/librairie7l.com\/en\/","name":"Librairie 7L","description":"Librairie fond\u00e9e en 1999 par Karl Lagerfeld \u00e0 Paris","publisher":{"@id":"https:\/\/librairie7l.com\/en\/#organization"},"potentialAction":[{"@type":"SearchAction","target":{"@type":"EntryPoint","urlTemplate":"https:\/\/librairie7l.com\/en\/?s={search_term_string}"},"query-input":"required name=search_term_string"}],"inLanguage":"en-US"},{"@type":"Organization","@id":"https:\/\/librairie7l.com\/en\/#organization","name":"Librairie 7L","url":"https:\/\/librairie7l.com\/en\/","logo":{"@type":"ImageObject","inLanguage":"en-US","@id":"https:\/\/librairie7l.com\/en\/#\/schema\/logo\/image\/","url":"https:\/\/librairie7l.com\/wp-content\/uploads\/2022\/08\/logo-1.png","contentUrl":"https:\/\/librairie7l.com\/wp-content\/uploads\/2022\/08\/logo-1.png","width":227,"height":301,"caption":"Librairie 7L"},"image":{"@id":"https:\/\/librairie7l.com\/en\/#\/schema\/logo\/image\/"}}]}},"_links":{"self":[{"href":"https:\/\/librairie7l.com\/en\/wp-json\/wp\/v2\/product\/16863"}],"collection":[{"href":"https:\/\/librairie7l.com\/en\/wp-json\/wp\/v2\/product"}],"about":[{"href":"https:\/\/librairie7l.com\/en\/wp-json\/wp\/v2\/types\/product"}],"wp:featuredmedia":[{"embeddable":true,"href":"https:\/\/librairie7l.com\/en\/wp-json\/wp\/v2\/media\/16861"}],"wp:attachment":[{"href":"https:\/\/librairie7l.com\/en\/wp-json\/wp\/v2\/media?parent=16863"}],"wp:term":[{"taxonomy":"product_cat","embeddable":true,"href":"https:\/\/librairie7l.com\/en\/wp-json\/wp\/v2\/product_cat?post=16863"},{"taxonomy":"product_tag","embeddable":true,"href":"https:\/\/librairie7l.com\/en\/wp-json\/wp\/v2\/product_tag?post=16863"}],"curies":[{"name":"wp","href":"https:\/\/api.w.org\/{rel}","templated":true}]}}